{"id":2494,"date":"2016-03-09T05:41:44","date_gmt":"2016-03-09T02:41:44","guid":{"rendered":"https:\/\/demo2.chethemes.com\/electro\/?page_id=2494"},"modified":"2025-12-03T21:12:25","modified_gmt":"2025-12-03T18:12:25","slug":"ueber-uns","status":"publish","type":"page","link":"https:\/\/www.tabelamatik.com\/at\/ueber-uns\/","title":{"rendered":"\u00dcber uns"},"content":{"rendered":"\n<div class=\"wp-block-uagb-container uagb-block-d0538daf alignfull uagb-is-root-container\"><div class=\"uagb-container-inner-blocks-wrap\">\n<h1 class=\"wp-block-heading has-text-align-center\"><mark style=\"background-color:rgba(0, 0, 0, 0)\" class=\"has-inline-color has-ast-global-color-5-color\">\u00dcber uns<\/mark><\/h1>\n<\/div><\/div>\n\n\n\n<div class=\"wp-block-uagb-container uagb-block-615cd38f alignfull uagb-is-root-container\"><div class=\"uagb-container-inner-blocks-wrap\">\n<div class=\"wp-block-uagb-container uagb-block-ec9fc32f\">\n<div class=\"wp-block-uagb-info-box uagb-block-f2bac502 uagb-infobox__content-wrap  uagb-infobox-icon-above-title uagb-infobox-image-valign-top\"><div class=\"uagb-ifb-content\"><div class=\"uagb-ifb-title-wrap\"><h2 class=\"uagb-ifb-title\">Schilderhersteller in der T\u00fcrkei<\/h2><\/div><p class=\"uagb-ifb-desc\">Tabelamatik ist ein innovativer Schilderhersteller, der die Branche digitalisiert und seinen Kunden ein m\u00f6glichst breites Sortiment bietet \u2013 ohne Kompromisse bei Benutzerfreundlichkeit, Preis oder schneller Lieferung. Bestellungen werden direkt nach Hause oder ins B\u00fcro geliefert.<br><br>Unsere B\u00fcros und Produktionsst\u00e4tten befinden sich in Y\u0131ld\u0131r\u0131m, Bursa. Wir besch\u00e4ftigen \u00fcber 15 Mitarbeiter, die Ihre Bestellung schnellstm\u00f6glich bearbeiten und Ihre Fragen beantworten. Unsere Schilder werden in h\u00f6chster Qualit\u00e4t gefertigt und jedes einzelne wird vor dem Versand sorgf\u00e4ltig gepr\u00fcft.<\/p><\/div><\/div>\n<\/div>\n\n\n\n<div class=\"wp-block-uagb-container uagb-block-ff5ccedf\">\n<div class=\"wp-block-uagb-image uagb-block-bb9166f6 wp-block-uagb-image--layout-default wp-block-uagb-image--effect-static wp-block-uagb-image--align-none\"><figure class=\"wp-block-uagb-image__figure\"><img loading=\"lazy\" decoding=\"async\" srcset=\"https:\/\/www.tabelamatik.com\/wp-content\/uploads\/2025\/07\/display-urunleri-tabelamatik.webp ,https:\/\/www.tabelamatik.com\/wp-content\/uploads\/2025\/07\/display-urunleri-tabelamatik.webp 780w, https:\/\/www.tabelamatik.com\/wp-content\/uploads\/2025\/07\/display-urunleri-tabelamatik.webp 360w\" sizes=\"auto, (max-width: 480px) 150px\" src=\"https:\/\/www.tabelamatik.com\/wp-content\/uploads\/2025\/07\/display-urunleri-tabelamatik.webp\" alt=\"\" class=\"uag-image-14555\" width=\"700\" height=\"500\" title=\"display-urunleri-tabelamatik\" role=\"img\"\/><\/figure><\/div>\n<\/div>\n<\/div><\/div>\n\n\n\n<div class=\"wp-block-uagb-container uagb-block-3bf4d259 alignfull uagb-is-root-container\"><div class=\"uagb-container-inner-blocks-wrap\">\n<p class=\"has-text-align-center has-medium-font-size wp-block-paragraph\" style=\"padding-right:5rem;padding-left:5rem\"><mark style=\"background-color:rgba(0, 0, 0, 0)\" class=\"has-inline-color has-ast-global-color-5-color\">Wir setzen in all unseren Gesch\u00e4ftsabl\u00e4ufen auf Einfachheit. Kunde werden, eine Bestellung aufgeben und mit uns kommunizieren soll unkompliziert sein. Wir arbeiten kontinuierlich daran, einfache und benutzerfreundliche L\u00f6sungen zu entwickeln, die den Bed\u00fcrfnissen unserer Kunden entsprechen, und m\u00f6chten allt\u00e4gliche Aufgaben durch einfache und transparente Prozesse reibungslos und effizient gestalten.<\/mark><\/p>\n\n\n\n<div class=\"wp-block-uagb-buttons uagb-buttons__outer-wrap uagb-btn__default-btn uagb-btn-tablet__default-btn uagb-btn-mobile__default-btn uagb-block-5c65f783\"><div class=\"uagb-buttons__wrap uagb-buttons-layout-wrap \">\n<div class=\"wp-block-uagb-buttons-child uagb-buttons__outer-wrap uagb-block-41a0d702 wp-block-button\"><div class=\"uagb-button__wrapper\"><a class=\"uagb-buttons-repeater wp-block-button__link\" aria-label=\"\" href=\"https:\/\/www.tabelamatik.com\/shop\/\" rel=\"follow noopener\" target=\"_blank\" role=\"button\"><div class=\"uagb-button__link\">Jetzt einkaufen<\/div><span class=\"uagb-button__icon uagb-button__icon-position-after\"><svg xmlns=\"https:\/\/www.w3.org\/2000\/svg\" viewBox=\"0 0 448 512\" aria-hidden=\"true\" focussable=\"false\"><path d=\"M438.6 278.6l-160 160C272.4 444.9 264.2 448 256 448s-16.38-3.125-22.62-9.375c-12.5-12.5-12.5-32.75 0-45.25L338.8 288H32C14.33 288 .0016 273.7 .0016 256S14.33 224 32 224h306.8l-105.4-105.4c-12.5-12.5-12.5-32.75 0-45.25s32.75-12.5 45.25 0l160 160C451.1 245.9 451.1 266.1 438.6 278.6z\"><\/path><\/svg><\/span><\/a><\/div><\/div>\n<\/div><\/div>\n<\/div><\/div>\n\n\n\n<div class=\"wp-block-uagb-container uagb-block-d5493f02 alignfull uagb-is-root-container\"><div class=\"uagb-container-inner-blocks-wrap\"><div class=\"woocommerce columns-6\"><ul class=\"products columns-6\">\n<li class=\"product-category product first\">\n\t<a aria-label=\"Produktkategorie Alle Produkte besuchen\" href=\"https:\/\/www.tabelamatik.com\/at\/urun-kategori\/alle-produkte\/\"><img loading=\"lazy\" decoding=\"async\" src=\"https:\/\/www.tabelamatik.com\/at\/wp-content\/uploads\/sites\/5\/2025\/12\/Tebelmatik-online-store.jpeg\" alt=\"Alle Produkte\" width=\"300\" height=\"300\" \/>\t\t<h2 class=\"woocommerce-loop-category__title\">\n\t\t\tAlle Produkte<mark class=\"count\">186 Produkte<\/mark>\t\t<\/h2>\n\t\t<\/a><\/li>\n<li class=\"product-category product\">\n\t<a aria-label=\"Produktkategorie Aufkleber besuchen\" href=\"https:\/\/www.tabelamatik.com\/at\/urun-kategori\/aufkleber\/\"><img loading=\"lazy\" decoding=\"async\" src=\"https:\/\/www.tabelamatik.com\/at\/wp-content\/uploads\/sites\/5\/woocommerce-placeholder.webp\" alt=\"Aufkleber\" width=\"300\" height=\"300\" \/>\t\t<h2 class=\"woocommerce-loop-category__title\">\n\t\t\tAufkleber<mark class=\"count\">24 Produkte<\/mark>\t\t<\/h2>\n\t\t<\/a><\/li>\n<li class=\"product-category product\">\n\t<a aria-label=\"Produktkategorie Ausstellungsst\u00fccke besuchen\" href=\"https:\/\/www.tabelamatik.com\/at\/urun-kategori\/ausstellungsstuecke-2\/\"><img loading=\"lazy\" decoding=\"async\" src=\"https:\/\/www.tabelamatik.com\/at\/wp-content\/uploads\/sites\/5\/woocommerce-placeholder.webp\" alt=\"Ausstellungsst\u00fccke\" width=\"300\" height=\"300\" \/>\t\t<h2 class=\"woocommerce-loop-category__title\">\n\t\t\tAusstellungsst\u00fccke<mark class=\"count\">2 Produkte<\/mark>\t\t<\/h2>\n\t\t<\/a><\/li>\n<li class=\"product-category product\">\n\t<a aria-label=\"Produktkategorie Banner und Folien besuchen\" href=\"https:\/\/www.tabelamatik.com\/at\/urun-kategori\/banner-und-folien\/\"><img loading=\"lazy\" decoding=\"async\" src=\"https:\/\/www.tabelamatik.com\/at\/wp-content\/uploads\/sites\/5\/woocommerce-placeholder.webp\" alt=\"Banner und Folien\" width=\"300\" height=\"300\" \/>\t\t<h2 class=\"woocommerce-loop-category__title\">\n\t\t\tBanner und Folien<mark class=\"count\">13 Produkte<\/mark>\t\t<\/h2>\n\t\t<\/a><\/li>\n<li class=\"product-category product\">\n\t<a aria-label=\"Produktkategorie Bauwesen und Immobilien besuchen\" href=\"https:\/\/www.tabelamatik.com\/at\/urun-kategori\/bauwesen-und-immobilien\/\"><img loading=\"lazy\" decoding=\"async\" src=\"https:\/\/www.tabelamatik.com\/at\/wp-content\/uploads\/sites\/5\/woocommerce-placeholder.webp\" alt=\"Bauwesen und Immobilien\" width=\"300\" height=\"300\" \/>\t\t<h2 class=\"woocommerce-loop-category__title\">\n\t\t\tBauwesen und Immobilien<mark class=\"count\">2 Produkte<\/mark>\t\t<\/h2>\n\t\t<\/a><\/li>\n<li class=\"product-category product last\">\n\t<a aria-label=\"Produktkategorie Beleuchtete und unbeleuchtete Schilder besuchen\" href=\"https:\/\/www.tabelamatik.com\/at\/urun-kategori\/beleuchtete-und-unbeleuchtete-schilder\/\"><img loading=\"lazy\" decoding=\"async\" src=\"https:\/\/www.tabelamatik.com\/at\/wp-content\/uploads\/sites\/5\/woocommerce-placeholder.webp\" alt=\"Beleuchtete und unbeleuchtete Schilder\" width=\"300\" height=\"300\" \/>\t\t<h2 class=\"woocommerce-loop-category__title\">\n\t\t\tBeleuchtete und unbeleuchtete Schilder<mark class=\"count\">99 Produkte<\/mark>\t\t<\/h2>\n\t\t<\/a><\/li>\n<\/ul>\n<\/div>\n<\/div><\/div>\n","protected":false},"excerpt":{"rendered":"<p>\u00dcber uns Wir setzen in all unseren Gesch\u00e4ftsabl\u00e4ufen auf Einfachheit. Kunde werden, eine Bestellung aufgeben und mit uns kommunizieren soll [&hellip;]<\/p>\n","protected":false},"author":2,"featured_media":0,"parent":0,"menu_order":0,"comment_status":"closed","ping_status":"closed","template":"","meta":{"_crdt_document":"","_uag_custom_page_level_css":"","site-sidebar-layout":"default","site-content-layout":"","ast-site-content-layout":"default","site-content-style":"default","site-sidebar-style":"default","ast-global-header-display":"","ast-banner-title-visibility":"","ast-main-header-display":"","ast-hfb-above-header-display":"","ast-hfb-below-header-display":"","ast-hfb-mobile-header-display":"","site-post-title":"disabled","ast-breadcrumbs-content":"","ast-featured-img":"","footer-sml-layout":"","ast-disable-related-posts":"","theme-transparent-header-meta":"","adv-header-id-meta":"","stick-header-meta":"","header-above-stick-meta":"","header-main-stick-meta":"","header-below-stick-meta":"","astra-migrate-meta-layouts":"set","ast-page-background-enabled":"default","ast-page-background-meta":{"desktop":{"background-color":"var(--ast-global-color-4)","background-image":"","background-repeat":"repeat","background-position":"center center","background-size":"auto","background-attachment":"scroll","background-type":"","background-media":"","overlay-type":"","overlay-color":"","overlay-opacity":"","overlay-gradient":""},"tablet":{"background-color":"","background-image":"","background-repeat":"repeat","background-position":"center center","background-size":"auto","background-attachment":"scroll","background-type":"","background-media":"","overlay-type":"","overlay-color":"","overlay-opacity":"","overlay-gradient":""},"mobile":{"background-color":"","background-image":"","background-repeat":"repeat","background-position":"center center","background-size":"auto","background-attachment":"scroll","background-type":"","background-media":"","overlay-type":"","overlay-color":"","overlay-opacity":"","overlay-gradient":""}},"ast-content-background-meta":{"desktop":{"background-color":"var(--ast-global-color-5)","background-image":"","background-repeat":"repeat","background-position":"center center","background-size":"auto","background-attachment":"scroll","background-type":"","background-media":"","overlay-type":"","overlay-color":"","overlay-opacity":"","overlay-gradient":""},"tablet":{"background-color":"var(--ast-global-color-5)","background-image":"","background-repeat":"repeat","background-position":"center center","background-size":"auto","background-attachment":"scroll","background-type":"","background-media":"","overlay-type":"","overlay-color":"","overlay-opacity":"","overlay-gradient":""},"mobile":{"background-color":"var(--ast-global-color-5)","background-image":"","background-repeat":"repeat","background-position":"center center","background-size":"auto","background-attachment":"scroll","background-type":"","background-media":"","overlay-type":"","overlay-color":"","overlay-opacity":"","overlay-gradient":""}},"footnotes":""},"class_list":["post-2494","page","type-page","status-publish","hentry"],"uagb_featured_image_src":{"full":false,"thumbnail":false,"medium":false,"medium_large":false,"large":false,"1536x1536":false,"2048x2048":false,"woocommerce_thumbnail":false,"woocommerce_single":false,"woocommerce_gallery_thumbnail":false},"uagb_author_info":{"display_name":"Murat \u015eeimen","author_link":"https:\/\/www.tabelamatik.com\/at\/author\/muratseimen\/"},"uagb_comment_info":0,"uagb_excerpt":"\u00dcber uns Wir setzen in all unseren Gesch\u00e4ftsabl\u00e4ufen auf Einfachheit. Kunde werden, eine Bestellung aufgeben und mit uns kommunizieren soll [&hellip;]","_links":{"self":[{"href":"https:\/\/www.tabelamatik.com\/at\/wp-json\/wp\/v2\/pages\/2494","targetHints":{"allow":["GET"]}}],"collection":[{"href":"https:\/\/www.tabelamatik.com\/at\/wp-json\/wp\/v2\/pages"}],"about":[{"href":"https:\/\/www.tabelamatik.com\/at\/wp-json\/wp\/v2\/types\/page"}],"author":[{"embeddable":true,"href":"https:\/\/www.tabelamatik.com\/at\/wp-json\/wp\/v2\/users\/2"}],"replies":[{"embeddable":true,"href":"https:\/\/www.tabelamatik.com\/at\/wp-json\/wp\/v2\/comments?post=2494"}],"version-history":[{"count":0,"href":"https:\/\/www.tabelamatik.com\/at\/wp-json\/wp\/v2\/pages\/2494\/revisions"}],"wp:attachment":[{"href":"https:\/\/www.tabelamatik.com\/at\/wp-json\/wp\/v2\/media?parent=2494"}],"curies":[{"name":"wp","href":"https:\/\/api.w.org\/{rel}","templated":true}]}}