{"id":18147,"date":"2026-01-26T14:58:10","date_gmt":"2026-01-26T11:58:10","guid":{"rendered":"https:\/\/www.tabelamatik.com\/at\/?post_type=product&#038;p=18147"},"modified":"2026-01-26T14:58:29","modified_gmt":"2026-01-26T11:58:29","slug":"etikettendruck-klebstoff","status":"publish","type":"product","link":"https:\/\/www.tabelamatik.com\/at\/produkt\/etikettendruck-klebstoff\/","title":{"rendered":"Etikettendruck (Klebstoff)"},"content":{"rendered":"<ol>\n<li>Klebeetiketten, die Sie vielseitig einsetzen k\u00f6nnen, z. B. auf Gl\u00e4sern, Tassen, Verpackungen, Tellern usw.<\/li>\n<\/ol>\n","protected":false},"excerpt":{"rendered":"<p><strong>1000 St\u00fcck 5&#215;5 cm fl\u00fcssigkeitsbest\u00e4ndige Etiketten<\/strong><\/p>\n","protected":false},"featured_media":16578,"comment_status":"open","ping_status":"closed","template":"","meta":{"_crdt_document":"","_uag_custom_page_level_css":"","site-sidebar-layout":"default","site-content-layout":"","ast-site-content-layout":"default","site-content-style":"default","site-sidebar-style":"default","ast-global-header-display":"","ast-banner-title-visibility":"","ast-main-header-display":"","ast-hfb-above-header-display":"","ast-hfb-below-header-display":"","ast-hfb-mobile-header-display":"","site-post-title":"","ast-breadcrumbs-content":"","ast-featured-img":"","footer-sml-layout":"","ast-disable-related-posts":"","theme-transparent-header-meta":"","adv-header-id-meta":"","stick-header-meta":"","header-above-stick-meta":"","header-main-stick-meta":"","header-below-stick-meta":"","astra-migrate-meta-layouts":"default","ast-page-background-enabled":"default","ast-page-background-meta":{"desktop":{"background-color":"var(--ast-global-color-5)","background-image":"","background-repeat":"repeat","background-position":"center center","background-size":"auto","background-attachment":"scroll","background-type":"","background-media":"","overlay-type":"","overlay-color":"","overlay-opacity":"","overlay-gradient":""},"tablet":{"background-color":"","background-image":"","background-repeat":"repeat","background-position":"center center","background-size":"auto","background-attachment":"scroll","background-type":"","background-media":"","overlay-type":"","overlay-color":"","overlay-opacity":"","overlay-gradient":""},"mobile":{"background-color":"","background-image":"","background-repeat":"repeat","background-position":"center center","background-size":"auto","background-attachment":"scroll","background-type":"","background-media":"","overlay-type":"","overlay-color":"","overlay-opacity":"","overlay-gradient":""}},"ast-content-background-meta":{"desktop":{"background-color":"var(--ast-global-color-4)","background-image":"","background-repeat":"repeat","background-position":"center center","background-size":"auto","background-attachment":"scroll","background-type":"","background-media":"","overlay-type":"","overlay-color":"","overlay-opacity":"","overlay-gradient":""},"tablet":{"background-color":"var(--ast-global-color-4)","background-image":"","background-repeat":"repeat","background-position":"center center","background-size":"auto","background-attachment":"scroll","background-type":"","background-media":"","overlay-type":"","overlay-color":"","overlay-opacity":"","overlay-gradient":""},"mobile":{"background-color":"var(--ast-global-color-4)","background-image":"","background-repeat":"repeat","background-position":"center center","background-size":"auto","background-attachment":"scroll","background-type":"","background-media":"","overlay-type":"","overlay-color":"","overlay-opacity":"","overlay-gradient":""}}},"product_brand":[342],"product_cat":[1124,1310,1308,1398,1309],"product_tag":[1404,1403,1406,1408,1407,1405,1400,1402,1401,1399,1409],"class_list":{"0":"post-18147","1":"product","2":"type-product","3":"status-publish","4":"has-post-thumbnail","6":"product_brand-tabelamatik","7":"product_cat-alle-produkte","8":"product_cat-aufkleber","9":"product_cat-displayprodukte","10":"product_cat-schilder-und-folien","11":"product_cat-snapper-produkte-displayprodukte","12":"product_tag-aufkleber","13":"product_tag-aufkleber-selbst-gestalten","14":"product_tag-druck-von-klebeetiketten","15":"product_tag-druck-von-runden-aufklebern","16":"product_tag-druck-von-runden-etiketten","17":"product_tag-klebeetiketten","18":"product_tag-logo-etikettendruck","19":"product_tag-markenetiketten","20":"product_tag-markenetikettendruck","21":"product_tag-preise-fuer-etiketten-und-aufkleberdruck","22":"product_tag-runde-produktetiketten","23":"desktop-align-left","24":"tablet-align-left","25":"mobile-align-left","27":"first","28":"instock","29":"taxable","30":"shipping-taxable","31":"purchasable","32":"product-type-simple"},"uagb_featured_image_src":{"full":["https:\/\/www.tabelamatik.com\/at\/wp-content\/uploads\/sites\/5\/2025\/11\/sitikir_sticker.png",824,789,false],"thumbnail":["https:\/\/www.tabelamatik.com\/at\/wp-content\/uploads\/sites\/5\/2025\/11\/sitikir_sticker-150x150.png",150,150,true],"medium":["https:\/\/www.tabelamatik.com\/at\/wp-content\/uploads\/sites\/5\/2025\/11\/sitikir_sticker-300x287.png",300,287,true],"medium_large":["https:\/\/www.tabelamatik.com\/at\/wp-content\/uploads\/sites\/5\/2025\/11\/sitikir_sticker-768x735.png",768,735,true],"large":["https:\/\/www.tabelamatik.com\/at\/wp-content\/uploads\/sites\/5\/2025\/11\/sitikir_sticker.png",824,789,false],"1536x1536":["https:\/\/www.tabelamatik.com\/at\/wp-content\/uploads\/sites\/5\/2025\/11\/sitikir_sticker.png",824,789,false],"2048x2048":["https:\/\/www.tabelamatik.com\/at\/wp-content\/uploads\/sites\/5\/2025\/11\/sitikir_sticker.png",824,789,false],"woocommerce_thumbnail":["https:\/\/www.tabelamatik.com\/at\/wp-content\/uploads\/sites\/5\/2025\/11\/sitikir_sticker-300x300.png",300,300,true],"woocommerce_single":["https:\/\/www.tabelamatik.com\/at\/wp-content\/uploads\/sites\/5\/2025\/11\/sitikir_sticker-600x575.png",400,383,true],"woocommerce_gallery_thumbnail":["https:\/\/www.tabelamatik.com\/at\/wp-content\/uploads\/sites\/5\/2025\/11\/sitikir_sticker-100x100.png",100,100,true]},"uagb_author_info":{"display_name":"Murat \u015eeimen","author_link":"https:\/\/www.tabelamatik.com\/at\/author\/"},"uagb_comment_info":0,"uagb_excerpt":"1000 St\u00fcck 5x5 cm fl\u00fcssigkeitsbest\u00e4ndige Etiketten","_links":{"self":[{"href":"https:\/\/www.tabelamatik.com\/at\/wp-json\/wp\/v2\/product\/18147","targetHints":{"allow":["GET"]}}],"collection":[{"href":"https:\/\/www.tabelamatik.com\/at\/wp-json\/wp\/v2\/product"}],"about":[{"href":"https:\/\/www.tabelamatik.com\/at\/wp-json\/wp\/v2\/types\/product"}],"replies":[{"embeddable":true,"href":"https:\/\/www.tabelamatik.com\/at\/wp-json\/wp\/v2\/comments?post=18147"}],"wp:featuredmedia":[{"embeddable":true,"href":"https:\/\/www.tabelamatik.com\/at\/wp-json\/wp\/v2\/media\/16578"}],"wp:attachment":[{"href":"https:\/\/www.tabelamatik.com\/at\/wp-json\/wp\/v2\/media?parent=18147"}],"wp:term":[{"taxonomy":"product_brand","embeddable":true,"href":"https:\/\/www.tabelamatik.com\/at\/wp-json\/wp\/v2\/product_brand?post=18147"},{"taxonomy":"product_cat","embeddable":true,"href":"https:\/\/www.tabelamatik.com\/at\/wp-json\/wp\/v2\/product_cat?post=18147"},{"taxonomy":"product_tag","embeddable":true,"href":"https:\/\/www.tabelamatik.com\/at\/wp-json\/wp\/v2\/product_tag?post=18147"}],"curies":[{"name":"wp","href":"https:\/\/api.w.org\/{rel}","templated":true}]}}