{"id":18382,"date":"2026-01-26T15:00:52","date_gmt":"2026-01-26T12:00:52","guid":{"rendered":"https:\/\/www.tabelamatik.com\/at\/?post_type=product&#038;p=18382"},"modified":"2026-01-26T15:01:45","modified_gmt":"2026-01-26T12:01:45","slug":"antikes-gepraegtes-kupferschild-elegantes-und-stilvolles-design","status":"publish","type":"product","link":"https:\/\/www.tabelamatik.com\/at\/produkt\/antikes-gepraegtes-kupferschild-elegantes-und-stilvolles-design\/","title":{"rendered":"Antikes, gepr\u00e4gtes Kupferschild \u2013 elegantes und stilvolles Design"},"content":{"rendered":"<p>\u201eAntike Kupferschilder mit Pr\u00e4gung bieten eine \u00e4sthetische L\u00f6sung, die das Prestige von Unternehmen und Veranstaltungsorten steigert. Dank ihres besonderen Designs und ihrer robusten Konstruktion eignen sie sich f\u00fcr den Innen- und Au\u00dfenbereich und sind daher besonders langlebig. Die sorgf\u00e4ltig handgefertigten Schilder erhalten durch ihre gealterte Textur einen authentischen Look. Wenn Sie stilvolle, elegante und auff\u00e4llige Schilder suchen, sind unsere antiken Kupferschilder mit Pr\u00e4gung genau das Richtige f\u00fcr Sie! Kontaktieren Sie uns f\u00fcr weitere Informationen und Bestellungen.\u201c<\/p>\n<p>Antike Kupferschilder mit Pr\u00e4gung \u2013 Elegante und langlebige Designs<\/p>\n<p>Antike Kupferschilder mit Pr\u00e4gung sind eine \u00e4sthetisch ansprechende und langlebige Option, die in der modernen Gesch\u00e4ftswelt Aufmerksamkeit erregt. Diese speziell gestalteten Schilder eignen sich sowohl f\u00fcr den Innen- als auch f\u00fcr den Au\u00dfenbereich und sind die ideale Wahl, um das Prestige Ihres Unternehmens oder Veranstaltungsortes zu steigern. Jedes handgefertigte Schild ist ein Unikat.<\/p>\n<p>Warum antike Kupferschilder mit Pr\u00e4gung?<\/p>\n<p>Antike Kupferschilder mit Pr\u00e4gung vereinen die Eleganz von nat\u00fcrlichem Kupfer mit der edlen Anmutung einer gealterten Textur. Durch die Kombination von Vintage-Stil und moderner \u00c4sthetik bieten diese Designs die perfekte L\u00f6sung, um jedem Raum eine einzigartige Atmosph\u00e4re zu verleihen. Diese Schilder sind widerstandsf\u00e4hig gegen \u00e4u\u00dfere Einfl\u00fcsse und behalten ihre optische Integrit\u00e4t \u00fcber viele Jahre. Besonders im Au\u00dfenbereich verleiht die Oxidation des Kupfers, die zu einer nat\u00fcrlichen gr\u00fcnen F\u00e4rbung f\u00fchrt, dem Schild ein unverwechselbares Aussehen und l\u00e4sst es mit der Zeit authentischer wirken.<\/p>\n<p>Langlebige und robuste Designs<\/p>\n<p>Kupfer ist sowohl \u00e4sthetisch als auch aufgrund seiner Langlebigkeit ein sehr beliebtes Material. Antike, gepr\u00e4gte Kupferschilder zeichnen sich durch ihre Widerstandsf\u00e4higkeit gegen\u00fcber Witterungseinfl\u00fcssen aus. Sie sind \u00e4u\u00dferst widerstandsf\u00e4hig gegen Regen, Schnee und Wind. Dar\u00fcber hinaus ist Kupfer sehr widerstandsf\u00e4hig gegen Sch\u00e4den durch negative Einfl\u00fcsse wie Rost und Abrieb. Die nat\u00fcrliche Patina, die sich mit der Zeit entwickelt, verleiht dem Schild ein einzigartiges Aussehen.<\/p>\n<p>Individuelles Design und Handarbeit<\/p>\n<p>Jedes antike, gepr\u00e4gte Kupferschild wird sorgf\u00e4ltig von Hand gefertigt. Diese besonderen Designs unterscheiden sich deutlich von gew\u00f6hnlichen Schildern. Jedes Detail wird durch die pr\u00e4zise gearbeiteten Reliefs der Meister geformt. Die nat\u00fcrlichen Farbvariationen, die w\u00e4hrend des Alterungsprozesses des Kupfers entstehen, machen jedes Schild zu einem Unikat. Solche Schilder spiegeln die Originalit\u00e4t und Qualit\u00e4t Ihrer Marke oder Ihres Unternehmens wider und ziehen die Aufmerksamkeit der Besucher auf sich.<\/p>\n<p>\u00c4sthetik und Eleganz<\/p>\n<p>Kupferreliefschilder mit Antik-Finish verleihen jedem Raum eine \u00e4sthetisch ansprechende Optik. Durch die Kombination von modernem und klassischem Stil sind diese Schilder die perfekte Wahl f\u00fcr Restaurants, Caf\u00e9s, Gesch\u00e4fte, B\u00fcros, Hotels und viele andere Unternehmen. Die warmen und eleganten Kupfert\u00f6ne schaffen eine behagliche Atmosph\u00e4re, w\u00e4hrend die Reliefs die visuelle Wirkung des Schildes verst\u00e4rken. So erzielen Sie ein stilvolles und professionelles Erscheinungsbild f\u00fcr Ihr Unternehmen oder Ihre Einrichtung.<\/p>\n<p>F\u00fcr den Innen- und Au\u00dfenbereich geeignet<\/p>\n<p>Kupferreliefschilder mit Antik-Finish sind sowohl f\u00fcr den Innen- als auch f\u00fcr den Au\u00dfenbereich geeignet. Im Au\u00dfenbereich sind die Schilder so gefertigt, dass sie den Witterungseinfl\u00fcssen standhalten und \u00fcber viele Jahre hinweg ein beeindruckendes Aussehen bewahren. In Innenr\u00e4umen verleihen die nat\u00fcrliche Farbe und das gepr\u00e4gte Muster des Kupfers modernen B\u00fcros, Restaurants oder Hotels Eleganz. Dar\u00fcber hinaus k\u00f6nnen Schilder f\u00fcr den Innenbereich mit feinerer und detaillierterer Handwerkskunst gefertigt werden.<\/p>\n<p>Preise f\u00fcr Kupferreliefschilder mit Antik-Finish<\/p>\n<p>Die Preise f\u00fcr Kupferreliefschilder mit Antik-Finish variieren je nach verwendetem Material und Verarbeitungsqualit\u00e4t. Diese Schilderart gewinnt aufgrund ihrer Langlebigkeit und eleganten Optik in der Regel an Wert und amortisiert sich somit schnell. Da sie zudem \u00fcber viele Jahre hinweg nur minimalen Wartungsaufwand erfordern, sind sie eine sehr wirtschaftliche Wahl.<\/p>\n<p>Zusammenfassend l\u00e4sst sich sagen:<\/p>\n<p>Kupfergepr\u00e4gte Schilder mit Antik-Finish steigern das Prestige von Unternehmen und Veranstaltungsorten durch ihre Eleganz, Langlebigkeit und ihr einzigartiges Design. Jedes Schild wird sorgf\u00e4ltig von Hand gefertigt und gewinnt mit der Zeit durch die nat\u00fcrliche Patina an Sch\u00f6nheit. Diese Schilder sind widerstandsf\u00e4hig gegen Witterungseinfl\u00fcsse und verleihen Innenr\u00e4umen eine \u00e4sthetische Eleganz. Wenn Sie Ihrem Unternehmen ein stilvolles und elegantes Erscheinungsbild verleihen m\u00f6chten, ist ein Schild aus antikem Kupfergepr\u00e4gtem die perfekte Wahl.<\/p>\n","protected":false},"excerpt":{"rendered":"<p>Das Schild in Antik-Kupfer-Optik vereint den Charme von gealtertem Kupfer mit detailreichen Pr\u00e4gestrukturen in einem anspruchsvollen und eleganten Design. Diese elegante Schildvariante verleiht Unternehmen ein formelles und zugleich repr\u00e4sentatives Erscheinungsbild. Dank seiner zeitlosen Sch\u00f6nheit hinterl\u00e4sst das Schild in Antik-Kupfer-Optik garantiert einen bleibenden Eindruck.<\/p>\n","protected":false},"featured_media":17217,"comment_status":"closed","ping_status":"closed","template":"","meta":{"_crdt_document":"","_uag_custom_page_level_css":"","site-sidebar-layout":"default","site-content-layout":"","ast-site-content-layout":"default","site-content-style":"default","site-sidebar-style":"default","ast-global-header-display":"","ast-banner-title-visibility":"","ast-main-header-display":"","ast-hfb-above-header-display":"","ast-hfb-below-header-display":"","ast-hfb-mobile-header-display":"","site-post-title":"","ast-breadcrumbs-content":"","ast-featured-img":"","footer-sml-layout":"","ast-disable-related-posts":"","theme-transparent-header-meta":"","adv-header-id-meta":"","stick-header-meta":"","header-above-stick-meta":"","header-main-stick-meta":"","header-below-stick-meta":"","astra-migrate-meta-layouts":"default","ast-page-background-enabled":"default","ast-page-background-meta":{"desktop":{"background-color":"var(--ast-global-color-5)","background-image":"","background-repeat":"repeat","background-position":"center center","background-size":"auto","background-attachment":"scroll","background-type":"","background-media":"","overlay-type":"","overlay-color":"","overlay-opacity":"","overlay-gradient":""},"tablet":{"background-color":"","background-image":"","background-repeat":"repeat","background-position":"center center","background-size":"auto","background-attachment":"scroll","background-type":"","background-media":"","overlay-type":"","overlay-color":"","overlay-opacity":"","overlay-gradient":""},"mobile":{"background-color":"","background-image":"","background-repeat":"repeat","background-position":"center center","background-size":"auto","background-attachment":"scroll","background-type":"","background-media":"","overlay-type":"","overlay-color":"","overlay-opacity":"","overlay-gradient":""}},"ast-content-background-meta":{"desktop":{"background-color":"var(--ast-global-color-4)","background-image":"","background-repeat":"repeat","background-position":"center center","background-size":"auto","background-attachment":"scroll","background-type":"","background-media":"","overlay-type":"","overlay-color":"","overlay-opacity":"","overlay-gradient":""},"tablet":{"background-color":"var(--ast-global-color-4)","background-image":"","background-repeat":"repeat","background-position":"center center","background-size":"auto","background-attachment":"scroll","background-type":"","background-media":"","overlay-type":"","overlay-color":"","overlay-opacity":"","overlay-gradient":""},"mobile":{"background-color":"var(--ast-global-color-4)","background-image":"","background-repeat":"repeat","background-position":"center center","background-size":"auto","background-attachment":"scroll","background-type":"","background-media":"","overlay-type":"","overlay-color":"","overlay-opacity":"","overlay-gradient":""}}},"product_brand":[342],"product_cat":[1127],"product_tag":[1685,1205,1689,1337,1687,1241,1336,1686,1688,1253],"class_list":{"0":"post-18382","1":"product","2":"type-product","3":"status-publish","4":"has-post-thumbnail","6":"product_brand-tabelamatik","7":"product_cat-beleuchtete-und-unbeleuchtete-schilder","8":"product_tag-antikes-kupfer","9":"product_tag-aussenschild","10":"product_tag-authentisches-schild","11":"product_tag-firmenschild","12":"product_tag-handgefertigtes-schild","13":"product_tag-individuell-gestaltetes-schild","14":"product_tag-innenschild","15":"product_tag-kupferschild","16":"product_tag-praegeschild","17":"product_tag-vintage-schild","18":"desktop-align-left","19":"tablet-align-left","20":"mobile-align-left","22":"first","23":"instock","24":"taxable","25":"shipping-taxable","26":"purchasable","27":"product-type-variable"},"uagb_featured_image_src":{"full":["https:\/\/www.tabelamatik.com\/at\/wp-content\/uploads\/sites\/5\/2025\/11\/bronz-kabartma-tabela.webp",1080,1080,false],"thumbnail":["https:\/\/www.tabelamatik.com\/at\/wp-content\/uploads\/sites\/5\/2025\/11\/bronz-kabartma-tabela-150x150.webp",150,150,true],"medium":["https:\/\/www.tabelamatik.com\/at\/wp-content\/uploads\/sites\/5\/2025\/11\/bronz-kabartma-tabela-300x300.webp",300,300,true],"medium_large":["https:\/\/www.tabelamatik.com\/at\/wp-content\/uploads\/sites\/5\/2025\/11\/bronz-kabartma-tabela-768x768.webp",768,768,true],"large":["https:\/\/www.tabelamatik.com\/at\/wp-content\/uploads\/sites\/5\/2025\/11\/bronz-kabartma-tabela-1024x1024.webp",1024,1024,true],"1536x1536":["https:\/\/www.tabelamatik.com\/at\/wp-content\/uploads\/sites\/5\/2025\/11\/bronz-kabartma-tabela.webp",1080,1080,false],"2048x2048":["https:\/\/www.tabelamatik.com\/at\/wp-content\/uploads\/sites\/5\/2025\/11\/bronz-kabartma-tabela.webp",1080,1080,false],"woocommerce_thumbnail":["https:\/\/www.tabelamatik.com\/at\/wp-content\/uploads\/sites\/5\/2025\/11\/bronz-kabartma-tabela-300x300.webp",300,300,true],"woocommerce_single":["https:\/\/www.tabelamatik.com\/at\/wp-content\/uploads\/sites\/5\/2025\/11\/bronz-kabartma-tabela-600x600.webp",400,400,true],"woocommerce_gallery_thumbnail":["https:\/\/www.tabelamatik.com\/at\/wp-content\/uploads\/sites\/5\/2025\/11\/bronz-kabartma-tabela-100x100.webp",100,100,true]},"uagb_author_info":{"display_name":"Murat \u015eeimen","author_link":"https:\/\/www.tabelamatik.com\/at\/author\/"},"uagb_comment_info":0,"uagb_excerpt":"Das Schild in Antik-Kupfer-Optik vereint den Charme von gealtertem Kupfer mit detailreichen Pr\u00e4gestrukturen in einem anspruchsvollen und eleganten Design. Diese elegante Schildvariante verleiht Unternehmen ein formelles und zugleich repr\u00e4sentatives Erscheinungsbild. Dank seiner zeitlosen Sch\u00f6nheit hinterl\u00e4sst das Schild in Antik-Kupfer-Optik garantiert einen bleibenden Eindruck.","_links":{"self":[{"href":"https:\/\/www.tabelamatik.com\/at\/wp-json\/wp\/v2\/product\/18382","targetHints":{"allow":["GET"]}}],"collection":[{"href":"https:\/\/www.tabelamatik.com\/at\/wp-json\/wp\/v2\/product"}],"about":[{"href":"https:\/\/www.tabelamatik.com\/at\/wp-json\/wp\/v2\/types\/product"}],"replies":[{"embeddable":true,"href":"https:\/\/www.tabelamatik.com\/at\/wp-json\/wp\/v2\/comments?post=18382"}],"wp:featuredmedia":[{"embeddable":true,"href":"https:\/\/www.tabelamatik.com\/at\/wp-json\/wp\/v2\/media\/17217"}],"wp:attachment":[{"href":"https:\/\/www.tabelamatik.com\/at\/wp-json\/wp\/v2\/media?parent=18382"}],"wp:term":[{"taxonomy":"product_brand","embeddable":true,"href":"https:\/\/www.tabelamatik.com\/at\/wp-json\/wp\/v2\/product_brand?post=18382"},{"taxonomy":"product_cat","embeddable":true,"href":"https:\/\/www.tabelamatik.com\/at\/wp-json\/wp\/v2\/product_cat?post=18382"},{"taxonomy":"product_tag","embeddable":true,"href":"https:\/\/www.tabelamatik.com\/at\/wp-json\/wp\/v2\/product_tag?post=18382"}],"curies":[{"name":"wp","href":"https:\/\/api.w.org\/{rel}","templated":true}]}}