{"id":18493,"date":"2026-01-26T15:02:13","date_gmt":"2026-01-26T12:02:13","guid":{"rendered":"https:\/\/www.tabelamatik.com\/at\/?post_type=product&#038;p=18493"},"modified":"2026-01-26T15:02:26","modified_gmt":"2026-01-26T12:02:26","slug":"kioskschild-beleuchtetes-plexiglasschild","status":"publish","type":"product","link":"https:\/\/www.tabelamatik.com\/at\/produkt\/kioskschild-beleuchtetes-plexiglasschild\/","title":{"rendered":"Kioskschild (beleuchtetes Plexiglasschild)"},"content":{"rendered":"<div class=\"product-description-container\">\n<h2 class=\"product-main-title\">Leuchtschild \u201eKiosk\u201c \u2013 \u00c4sthetisches und langlebiges Design<\/h2>\n<p>Heben Sie sich mit einem einzigartigen Design ab, das den Charakter Ihres Unternehmens widerspiegelt! Das <strong>Leuchtschild \u201eKiosk<\/strong> bietet eine moderne und zugleich warme Optik. Es f\u00fcgt sich perfekt in Bereiche mit Holzb\u00f6den ein und zieht mit seiner starken Leuchtkraft alle Blicke auf sich. <\/p>\n<h3>Hauptmerkmale:<\/h3>\n<ul>\n<li>\u2728 <strong>Hohe Sichtbarkeit:<\/strong> Sorgt f\u00fcr optimale Helligkeit bei Tag und Nacht<\/li>\n<li> <strong>Energiesparende LED-Beleuchtung:<\/strong> Langlebig und energiesparend.<\/li>\n<li>\ufe0f <strong>Robustes Material:<\/strong> Geeignet f\u00fcr den Au\u00dfenbereich, wasser- und staubabweisend.<\/li>\n<li> <strong>Plug-and-Play-System:<\/strong> Einfache Installation.<\/li>\n<ul>\n<h3>Einsatzbereiche:<\/h3>\n<ul>\n<li>Kioske und Imbissst\u00e4nde<\/li>\n<li>Eing\u00e4nge von Caf\u00e9s und Restaurants<\/li>\n<li>Festival- und Veranstaltungsfl\u00e4chen<\/li>\n<li>Mobile Imbissst\u00e4nde<\/li>\n<\/ul>\n<p>Als <strong>Tabelamatik<\/strong> bieten wir auch personalisierte Designs in individuellen Gr\u00f6\u00dfen an. und Farboptionen f\u00fcr Ihre Marke. Sie k\u00f6nnen Ihr eigenes Logo oder Ihren Text hinzuf\u00fcgen, indem Sie uns vor der Bestellung kontaktieren.<\/p>\n<\/div>\n","protected":false},"excerpt":{"rendered":"<p>Dieses Leuchtschild mit der Aufschrift \u201eBuffet\u201c ist f\u00fcr h\u00f6lzerne Konzeptkioske, Imbissst\u00e4nde oder Caf\u00e9-Eing\u00e4nge konzipiert. Sein auff\u00e4lliger Neoneffekt zieht Kunden an und sorgt f\u00fcr gute Sichtbarkeit bei Tag und Nacht.<\/p>\n","protected":false},"featured_media":17439,"comment_status":"closed","ping_status":"closed","template":"","meta":{"_crdt_document":"","_uag_custom_page_level_css":"","site-sidebar-layout":"default","site-content-layout":"","ast-site-content-layout":"default","site-content-style":"default","site-sidebar-style":"default","ast-global-header-display":"","ast-banner-title-visibility":"","ast-main-header-display":"","ast-hfb-above-header-display":"","ast-hfb-below-header-display":"","ast-hfb-mobile-header-display":"","site-post-title":"","ast-breadcrumbs-content":"","ast-featured-img":"","footer-sml-layout":"","ast-disable-related-posts":"","theme-transparent-header-meta":"","adv-header-id-meta":"","stick-header-meta":"","header-above-stick-meta":"","header-main-stick-meta":"","header-below-stick-meta":"","astra-migrate-meta-layouts":"default","ast-page-background-enabled":"default","ast-page-background-meta":{"desktop":{"background-color":"var(--ast-global-color-5)","background-image":"","background-repeat":"repeat","background-position":"center center","background-size":"auto","background-attachment":"scroll","background-type":"","background-media":"","overlay-type":"","overlay-color":"","overlay-opacity":"","overlay-gradient":""},"tablet":{"background-color":"","background-image":"","background-repeat":"repeat","background-position":"center center","background-size":"auto","background-attachment":"scroll","background-type":"","background-media":"","overlay-type":"","overlay-color":"","overlay-opacity":"","overlay-gradient":""},"mobile":{"background-color":"","background-image":"","background-repeat":"repeat","background-position":"center center","background-size":"auto","background-attachment":"scroll","background-type":"","background-media":"","overlay-type":"","overlay-color":"","overlay-opacity":"","overlay-gradient":""}},"ast-content-background-meta":{"desktop":{"background-color":"var(--ast-global-color-4)","background-image":"","background-repeat":"repeat","background-position":"center center","background-size":"auto","background-attachment":"scroll","background-type":"","background-media":"","overlay-type":"","overlay-color":"","overlay-opacity":"","overlay-gradient":""},"tablet":{"background-color":"var(--ast-global-color-4)","background-image":"","background-repeat":"repeat","background-position":"center center","background-size":"auto","background-attachment":"scroll","background-type":"","background-media":"","overlay-type":"","overlay-color":"","overlay-opacity":"","overlay-gradient":""},"mobile":{"background-color":"var(--ast-global-color-4)","background-image":"","background-repeat":"repeat","background-position":"center center","background-size":"auto","background-attachment":"scroll","background-type":"","background-media":"","overlay-type":"","overlay-color":"","overlay-opacity":"","overlay-gradient":""}}},"product_brand":[342],"product_cat":[1124,1127,1619,1618],"product_tag":[1205,1207,1208,1203,1915,1211,1209],"class_list":{"0":"post-18493","1":"product","2":"type-product","3":"status-publish","4":"has-post-thumbnail","6":"product_brand-tabelamatik","7":"product_cat-alle-produkte","8":"product_cat-beleuchtete-und-unbeleuchtete-schilder","9":"product_cat-cafes-und-lebensmittelindustrie","10":"product_cat-gastronomie","11":"product_tag-aussenschild","12":"product_tag-beleuchtetes-schild","13":"product_tag-cafe-schild","14":"product_tag-kioskschild-aus-holz","15":"product_tag-led-leuchtreklame","16":"product_tag-leuchtreklame","17":"product_tag-neonschild","18":"desktop-align-left","19":"tablet-align-left","20":"mobile-align-left","22":"first","23":"instock","24":"taxable","25":"shipping-taxable","26":"purchasable","27":"product-type-simple"},"uagb_featured_image_src":{"full":["https:\/\/www.tabelamatik.com\/at\/wp-content\/uploads\/sites\/5\/2025\/11\/Bufe-tabelasi-.jpg",1080,1080,false],"thumbnail":["https:\/\/www.tabelamatik.com\/at\/wp-content\/uploads\/sites\/5\/2025\/11\/Bufe-tabelasi--150x150.jpg",150,150,true],"medium":["https:\/\/www.tabelamatik.com\/at\/wp-content\/uploads\/sites\/5\/2025\/11\/Bufe-tabelasi--300x300.jpg",300,300,true],"medium_large":["https:\/\/www.tabelamatik.com\/at\/wp-content\/uploads\/sites\/5\/2025\/11\/Bufe-tabelasi--768x768.jpg",768,768,true],"large":["https:\/\/www.tabelamatik.com\/at\/wp-content\/uploads\/sites\/5\/2025\/11\/Bufe-tabelasi--1024x1024.jpg",1024,1024,true],"1536x1536":["https:\/\/www.tabelamatik.com\/at\/wp-content\/uploads\/sites\/5\/2025\/11\/Bufe-tabelasi-.jpg",1080,1080,false],"2048x2048":["https:\/\/www.tabelamatik.com\/at\/wp-content\/uploads\/sites\/5\/2025\/11\/Bufe-tabelasi-.jpg",1080,1080,false],"woocommerce_thumbnail":["https:\/\/www.tabelamatik.com\/at\/wp-content\/uploads\/sites\/5\/2025\/11\/Bufe-tabelasi--300x300.jpg",300,300,true],"woocommerce_single":["https:\/\/www.tabelamatik.com\/at\/wp-content\/uploads\/sites\/5\/2025\/11\/Bufe-tabelasi--600x600.jpg",400,400,true],"woocommerce_gallery_thumbnail":["https:\/\/www.tabelamatik.com\/at\/wp-content\/uploads\/sites\/5\/2025\/11\/Bufe-tabelasi--100x100.jpg",100,100,true]},"uagb_author_info":{"display_name":"Murat \u015eeimen","author_link":"https:\/\/www.tabelamatik.com\/at\/author\/"},"uagb_comment_info":0,"uagb_excerpt":"Dieses Leuchtschild mit der Aufschrift \u201eBuffet\u201c ist f\u00fcr h\u00f6lzerne Konzeptkioske, Imbissst\u00e4nde oder Caf\u00e9-Eing\u00e4nge konzipiert. Sein auff\u00e4lliger Neoneffekt zieht Kunden an und sorgt f\u00fcr gute Sichtbarkeit bei Tag und Nacht.","_links":{"self":[{"href":"https:\/\/www.tabelamatik.com\/at\/wp-json\/wp\/v2\/product\/18493","targetHints":{"allow":["GET"]}}],"collection":[{"href":"https:\/\/www.tabelamatik.com\/at\/wp-json\/wp\/v2\/product"}],"about":[{"href":"https:\/\/www.tabelamatik.com\/at\/wp-json\/wp\/v2\/types\/product"}],"replies":[{"embeddable":true,"href":"https:\/\/www.tabelamatik.com\/at\/wp-json\/wp\/v2\/comments?post=18493"}],"wp:featuredmedia":[{"embeddable":true,"href":"https:\/\/www.tabelamatik.com\/at\/wp-json\/wp\/v2\/media\/17439"}],"wp:attachment":[{"href":"https:\/\/www.tabelamatik.com\/at\/wp-json\/wp\/v2\/media?parent=18493"}],"wp:term":[{"taxonomy":"product_brand","embeddable":true,"href":"https:\/\/www.tabelamatik.com\/at\/wp-json\/wp\/v2\/product_brand?post=18493"},{"taxonomy":"product_cat","embeddable":true,"href":"https:\/\/www.tabelamatik.com\/at\/wp-json\/wp\/v2\/product_cat?post=18493"},{"taxonomy":"product_tag","embeddable":true,"href":"https:\/\/www.tabelamatik.com\/at\/wp-json\/wp\/v2\/product_tag?post=18493"}],"curies":[{"name":"wp","href":"https:\/\/api.w.org\/{rel}","templated":true}]}}