{"id":18499,"date":"2026-01-26T15:02:15","date_gmt":"2026-01-26T12:02:15","guid":{"rendered":"https:\/\/www.tabelamatik.com\/at\/?post_type=product&#038;p=18499"},"modified":"2026-01-26T15:02:31","modified_gmt":"2026-01-26T12:02:31","slug":"ein-aus-wegweiser-aus-metall-in-a-form-kreidetafel-menuestaender","status":"publish","type":"product","link":"https:\/\/www.tabelamatik.com\/at\/produkt\/ein-aus-wegweiser-aus-metall-in-a-form-kreidetafel-menuestaender\/","title":{"rendered":"Ein-\/Aus-Wegweiser aus Metall in A-Form \u2013 Kreidetafel-Men\u00fcst\u00e4nder"},"content":{"rendered":"<p>Das Metall-A-Schild ist ein Standmodell mit einem festen \u201eOPEN\u201c-Schriftzug im oberen Bereich und einer austauschbaren Kreidetafel im unteren Bereich. Es enth\u00e4lt eine Speisekarte, sodass Sie die Zahlungsm\u00f6glichkeiten leicht erkennen k\u00f6nnen. Das Schild besteht aus robustem Metall und die Kreidetafel kann mit Kreide oder Fl\u00fcssigkreidestiften beschrieben und wieder abgewischt werden. Dank der Clip-Befestigung l\u00e4sst sich die Kreidetafel einfach abnehmen und wieder anbringen. Es eignet sich ideal als Eingangsschild f\u00fcr Caf\u00e9s, Restaurants, Gesch\u00e4fte und \u00e4hnliche Betriebe.<\/p>\n","protected":false},"excerpt":{"rendered":"<p>Vintage-Couchtisch aus Metall in A-Form. Ideal f\u00fcr Speisekarten, Werbematerialien und andere Werbemittel. Pr\u00e4sentieren Sie Kaffee, Latte, Tee, Chai, Bagels und Kuchen. So haben Sie Ihre Speisekarte immer im Blick.<\/p>\n","protected":false},"featured_media":17459,"comment_status":"closed","ping_status":"closed","template":"","meta":{"_crdt_document":"","_uag_custom_page_level_css":"","site-sidebar-layout":"default","site-content-layout":"","ast-site-content-layout":"default","site-content-style":"default","site-sidebar-style":"default","ast-global-header-display":"","ast-banner-title-visibility":"","ast-main-header-display":"","ast-hfb-above-header-display":"","ast-hfb-below-header-display":"","ast-hfb-mobile-header-display":"","site-post-title":"","ast-breadcrumbs-content":"","ast-featured-img":"","footer-sml-layout":"","ast-disable-related-posts":"","theme-transparent-header-meta":"","adv-header-id-meta":"","stick-header-meta":"","header-above-stick-meta":"","header-main-stick-meta":"","header-below-stick-meta":"","astra-migrate-meta-layouts":"default","ast-page-background-enabled":"default","ast-page-background-meta":{"desktop":{"background-color":"var(--ast-global-color-5)","background-image":"","background-repeat":"repeat","background-position":"center center","background-size":"auto","background-attachment":"scroll","background-type":"","background-media":"","overlay-type":"","overlay-color":"","overlay-opacity":"","overlay-gradient":""},"tablet":{"background-color":"","background-image":"","background-repeat":"repeat","background-position":"center center","background-size":"auto","background-attachment":"scroll","background-type":"","background-media":"","overlay-type":"","overlay-color":"","overlay-opacity":"","overlay-gradient":""},"mobile":{"background-color":"","background-image":"","background-repeat":"repeat","background-position":"center center","background-size":"auto","background-attachment":"scroll","background-type":"","background-media":"","overlay-type":"","overlay-color":"","overlay-opacity":"","overlay-gradient":""}},"ast-content-background-meta":{"desktop":{"background-color":"var(--ast-global-color-4)","background-image":"","background-repeat":"repeat","background-position":"center center","background-size":"auto","background-attachment":"scroll","background-type":"","background-media":"","overlay-type":"","overlay-color":"","overlay-opacity":"","overlay-gradient":""},"tablet":{"background-color":"var(--ast-global-color-4)","background-image":"","background-repeat":"repeat","background-position":"center center","background-size":"auto","background-attachment":"scroll","background-type":"","background-media":"","overlay-type":"","overlay-color":"","overlay-opacity":"","overlay-gradient":""},"mobile":{"background-color":"var(--ast-global-color-4)","background-image":"","background-repeat":"repeat","background-position":"center center","background-size":"auto","background-attachment":"scroll","background-type":"","background-media":"","overlay-type":"","overlay-color":"","overlay-opacity":"","overlay-gradient":""}}},"product_brand":[342],"product_cat":[1124,1127,1618,1970,1440],"product_tag":[1208,1615,1316,1971,1973,1972,1974,1338,1253],"class_list":{"0":"post-18499","1":"product","2":"type-product","3":"status-publish","4":"has-post-thumbnail","6":"product_brand-tabelamatik","7":"product_cat-alle-produkte","8":"product_cat-beleuchtete-und-unbeleuchtete-schilder","9":"product_cat-gastronomie","10":"product_cat-speisekartenschilder","11":"product_cat-verkehrsschilder","12":"product_tag-cafe-schild","13":"product_tag-gehwegschild","14":"product_tag-geoeffnet-geschlossen-schild","15":"product_tag-industrielle-menuetafel","16":"product_tag-kreidetafel","17":"product_tag-menueaufsteller-fuer-cafes","18":"product_tag-metall-a-staender","19":"product_tag-tuerschild","20":"product_tag-vintage-schild","21":"desktop-align-left","22":"tablet-align-left","23":"mobile-align-left","25":"first","26":"instock","27":"taxable","28":"shipping-taxable","29":"purchasable","30":"product-type-simple"},"uagb_featured_image_src":{"full":["https:\/\/www.tabelamatik.com\/at\/wp-content\/uploads\/sites\/5\/2025\/11\/Cafe-tabelasi-1-1.jpg",879,936,false],"thumbnail":["https:\/\/www.tabelamatik.com\/at\/wp-content\/uploads\/sites\/5\/2025\/11\/Cafe-tabelasi-1-1-150x150.jpg",150,150,true],"medium":["https:\/\/www.tabelamatik.com\/at\/wp-content\/uploads\/sites\/5\/2025\/11\/Cafe-tabelasi-1-1-282x300.jpg",282,300,true],"medium_large":["https:\/\/www.tabelamatik.com\/at\/wp-content\/uploads\/sites\/5\/2025\/11\/Cafe-tabelasi-1-1-768x818.jpg",768,818,true],"large":["https:\/\/www.tabelamatik.com\/at\/wp-content\/uploads\/sites\/5\/2025\/11\/Cafe-tabelasi-1-1.jpg",879,936,false],"1536x1536":["https:\/\/www.tabelamatik.com\/at\/wp-content\/uploads\/sites\/5\/2025\/11\/Cafe-tabelasi-1-1.jpg",879,936,false],"2048x2048":["https:\/\/www.tabelamatik.com\/at\/wp-content\/uploads\/sites\/5\/2025\/11\/Cafe-tabelasi-1-1.jpg",879,936,false],"woocommerce_thumbnail":["https:\/\/www.tabelamatik.com\/at\/wp-content\/uploads\/sites\/5\/2025\/11\/Cafe-tabelasi-1-1-300x300.jpg",300,300,true],"woocommerce_single":["https:\/\/www.tabelamatik.com\/at\/wp-content\/uploads\/sites\/5\/2025\/11\/Cafe-tabelasi-1-1-600x639.jpg",400,426,true],"woocommerce_gallery_thumbnail":["https:\/\/www.tabelamatik.com\/at\/wp-content\/uploads\/sites\/5\/2025\/11\/Cafe-tabelasi-1-1-100x100.jpg",100,100,true]},"uagb_author_info":{"display_name":"Murat \u015eeimen","author_link":"https:\/\/www.tabelamatik.com\/at\/author\/"},"uagb_comment_info":0,"uagb_excerpt":"Vintage-Couchtisch aus Metall in A-Form. Ideal f\u00fcr Speisekarten, Werbematerialien und andere Werbemittel. Pr\u00e4sentieren Sie Kaffee, Latte, Tee, Chai, Bagels und Kuchen. So haben Sie Ihre Speisekarte immer im Blick.","_links":{"self":[{"href":"https:\/\/www.tabelamatik.com\/at\/wp-json\/wp\/v2\/product\/18499","targetHints":{"allow":["GET"]}}],"collection":[{"href":"https:\/\/www.tabelamatik.com\/at\/wp-json\/wp\/v2\/product"}],"about":[{"href":"https:\/\/www.tabelamatik.com\/at\/wp-json\/wp\/v2\/types\/product"}],"replies":[{"embeddable":true,"href":"https:\/\/www.tabelamatik.com\/at\/wp-json\/wp\/v2\/comments?post=18499"}],"wp:featuredmedia":[{"embeddable":true,"href":"https:\/\/www.tabelamatik.com\/at\/wp-json\/wp\/v2\/media\/17459"}],"wp:attachment":[{"href":"https:\/\/www.tabelamatik.com\/at\/wp-json\/wp\/v2\/media?parent=18499"}],"wp:term":[{"taxonomy":"product_brand","embeddable":true,"href":"https:\/\/www.tabelamatik.com\/at\/wp-json\/wp\/v2\/product_brand?post=18499"},{"taxonomy":"product_cat","embeddable":true,"href":"https:\/\/www.tabelamatik.com\/at\/wp-json\/wp\/v2\/product_cat?post=18499"},{"taxonomy":"product_tag","embeddable":true,"href":"https:\/\/www.tabelamatik.com\/at\/wp-json\/wp\/v2\/product_tag?post=18499"}],"curies":[{"name":"wp","href":"https:\/\/api.w.org\/{rel}","templated":true}]}}