{"id":17988,"date":"2026-01-27T05:04:10","date_gmt":"2026-01-27T02:04:10","guid":{"rendered":"https:\/\/www.tabelamatik.com\/bg\/?post_type=product&#038;p=17988"},"modified":"2026-01-27T05:04:16","modified_gmt":"2026-01-27T02:04:16","slug":"%d0%bd%d0%b5%d0%be%d1%81%d0%b2%d0%b5%d1%82%d0%b5%d0%bd%d0%b0-%d0%b2%d0%b8%d1%81%d1%8f%d1%89%d0%b0-%d1%82%d0%b0%d0%b1%d0%b5%d0%bb%d0%b0-%d0%b4%d0%b2%d1%83%d1%81%d1%82%d1%80%d0%b0%d0%bd%d0%bd%d0%b0-70","status":"publish","type":"product","link":"https:\/\/www.tabelamatik.com\/bg\/\u043f\u0440\u043e\u0434\u0443\u043a\u0442\/%d0%bd%d0%b5%d0%be%d1%81%d0%b2%d0%b5%d1%82%d0%b5%d0%bd%d0%b0-%d0%b2%d0%b8%d1%81%d1%8f%d1%89%d0%b0-%d1%82%d0%b0%d0%b1%d0%b5%d0%bb%d0%b0-%d0%b4%d0%b2%d1%83%d1%81%d1%82%d1%80%d0%b0%d0%bd%d0%bd%d0%b0-70\/","title":{"rendered":"\u041d\u0435\u043e\u0441\u0432\u0435\u0442\u0435\u043d\u0430 \u0432\u0438\u0441\u044f\u0449\u0430 \u0442\u0430\u0431\u0435\u043b\u0430, \u0434\u0432\u0443\u0441\u0442\u0440\u0430\u043d\u043d\u0430, 70&#215;40 \u0441\u043c."},"content":{"rendered":"<div style=\"border: 1px solid #e5e7eb;border-radius: 10px;background: #fafafa;padding: 14px 16px;font-family: system-ui,-apple-system,Segoe UI,Roboto,Ubuntu,Cantarell,'Helvetica Neue',Arial,sans-serif;font-size: 14px;line-height: 1.6;color: #111827\" data-mce-style=\"border: 1px solid #e5e7eb; background: #fafafa; padding: 14px 16px; font-family: system-ui,-apple-system,Segoe UI,Roboto,Ubuntu,Cantarell,'Helvetica Neue',Arial,sans-serif; font-size: 14px; line-height: 1.6; color: #111827;\">\n<h3 style=\"margin: 0 0 8px;font-size: 18px\" data-mce-style=\"margin: 0 0 8px; font-size: 18px;\">\u041d\u0435\u043e\u0441\u0432\u0435\u0442\u0435\u043d\u0430 \u043b\u044e\u043b\u0435\u0435\u0449\u0430 \u0441\u0435 \u0442\u0430\u0431\u0435\u043b\u0430<\/h3>\n<p style=\"margin: 6px 0 0\" data-mce-style=\"margin: 6px 0 0;\">\u041f\u0440\u0430\u0432\u043e\u044a\u0433\u044a\u043b\u043d\u0430\u0442\u0430 \u043b\u044e\u043b\u0435\u0435\u0449\u0430 \u0441\u0435 \u0442\u0430\u0431\u0435\u043b\u0430 \u0435 \u0432\u043f\u0435\u0447\u0430\u0442\u043b\u044f\u0432\u0430\u0449 \u0440\u0435\u043a\u043b\u0430\u043c\u0435\u043d \u0438\u043d\u0441\u0442\u0440\u0443\u043c\u0435\u043d\u0442, \u043a\u043e\u0439\u0442\u043e \u043e\u0442\u0440\u0430\u0437\u044f\u0432\u0430 \u0432\u0438\u0437\u0443\u0430\u043b\u043d\u0430\u0442\u0430 \u0438\u0434\u0435\u043d\u0442\u0438\u0447\u043d\u043e\u0441\u0442 \u043d\u0430 \u0432\u0430\u0448\u0438\u044f \u0431\u0438\u0437\u043d\u0435\u0441.<br \/>\u0411\u043b\u0430\u0433\u043e\u0434\u0430\u0440\u0435\u043d\u0438\u0435 \u043d\u0430 \u043f\u043e\u0434\u0432\u0438\u0436\u043d\u0430\u0442\u0430 \u0441\u0438 \u0441\u0442\u0440\u0443\u043a\u0442\u0443\u0440\u0430, \u0442\u044f \u043e\u0441\u0438\u0433\u0443\u0440\u044f\u0432\u0430 \u043f\u0440\u0438\u0432\u043b\u0438\u0447\u0430\u0449 \u0432\u043d\u0438\u043c\u0430\u043d\u0438\u0435\u0442\u043e \u0432\u044a\u043d\u0448\u0435\u043d \u0432\u0438\u0434, \u043a\u0430\u0442\u043e \u0441\u0435 \u043b\u044e\u043b\u0435\u0435 \u0441 \u0435\u0444\u0435\u043a\u0442\u0430 \u043d\u0430 \u0432\u044f\u0442\u044a\u0440\u0430.<br \/>\u041f\u043e\u0434\u0445\u043e\u0434\u044f\u0449\u0430 \u0435 \u0437\u0430 \u0432\u044a\u043d\u0448\u043d\u0430 \u0440\u0435\u043a\u043b\u0430\u043c\u0430 \u0438 \u043c\u043e\u0436\u0435 \u0434\u0430 \u0441\u0435 \u0438\u0437\u043f\u043e\u043b\u0437\u0432\u0430 \u0432 \u0440\u0430\u0437\u043b\u0438\u0447\u043d\u0438 \u0441\u0435\u043a\u0442\u043e\u0440\u0438.<\/p>\n<p style=\"margin: 10px 0 0\" data-mce-style=\"margin: 10px 0 0;\">\u041e\u0431\u0438\u043a\u043d\u043e\u0432\u0435\u043d\u043e \u0441\u0435 \u043f\u0440\u043e\u0438\u0437\u0432\u0435\u0436\u0434\u0430 \u043e\u0442 \u0430\u043b\u0443\u043c\u0438\u043d\u0438\u0439, \u0441\u0442\u043e\u043c\u0430\u043d\u0430 \u0438\u043b\u0438 \u043f\u043b\u0430\u0441\u0442\u043c\u0430\u0441\u0430.<br \/>\u0421\u043f\u043e\u0440\u0435\u0434 \u043d\u0443\u0436\u0434\u0438\u0442\u0435 \u043d\u0430 \u0432\u0430\u0448\u0438\u044f \u0431\u0438\u0437\u043d\u0435\u0441, <strong>\u043b\u043e\u0433\u043e<\/strong>, <strong>\u0438\u043c\u0435<\/strong> \u0438 <strong>\u0441\u044a\u043e\u0431\u0449\u0435\u043d\u0438\u0435<\/strong> \u043f\u043e\u043b\u0435\u0442\u0430\u0442\u0430 \u0441\u0430 \u043f\u0435\u0440\u0441\u043e\u043d\u0430\u043b\u0438\u0437\u0438\u0440\u0443\u0435\u043c\u0438; <br \/>\u0440\u0430\u0437\u043c\u0435\u0440\u044a\u0442 \u0438 \u0446\u0432\u0435\u0442\u043e\u0432\u0435\u0442\u0435 \u043c\u043e\u0433\u0430\u0442 \u0434\u0430 \u0441\u0435 \u0440\u0435\u0433\u0443\u043b\u0438\u0440\u0430\u0442 \u0441\u043f\u043e\u0440\u0435\u0434 \u0432\u0430\u0448\u0438\u0442\u0435 \u043f\u0440\u0435\u0434\u043f\u043e\u0447\u0438\u0442\u0430\u043d\u0438\u044f.<\/p>\n<p style=\"margin: 10px 0 0\" data-mce-style=\"margin: 10px 0 0;\">\u0411\u043b\u0430\u0433\u043e\u0434\u0430\u0440\u0435\u043d\u0438\u0435 \u043d\u0430 \u043d\u0435\u043e\u0441\u0432\u0435\u0442\u0435\u043d\u0430\u0442\u0430 \u0441\u0438 \u0441\u0442\u0440\u0443\u043a\u0442\u0443\u0440\u0430, \u0442\u043e\u0439 \u043f\u0435\u0441\u0442\u0438 \u0435\u043d\u0435\u0440\u0433\u0438\u044f \u0438 \u0435 \u043f\u043e-\u0438\u043a\u043e\u043d\u043e\u043c\u0438\u0447\u0435\u043d \u0432 \u0441\u0440\u0430\u0432\u043d\u0435\u043d\u0438\u0435 \u0441\u044a\u0441 \u0441\u0432\u0435\u0442\u0435\u0449\u0438\u0442\u0435 \u0442\u0430\u0431\u0435\u043b\u0438.<br \/>\u0421 \u043f\u0440\u043e\u0441\u0442\u0430\u0442\u0430 \u0441\u0438 \u043a\u043e\u043d\u0441\u0442\u0440\u0443\u043a\u0446\u0438\u044f \u0435 \u043b\u0435\u0441\u0435\u043d \u0437\u0430 \u0441\u0433\u043b\u043e\u0431\u044f\u0432\u0430\u043d\u0435 \u0438 \u043f\u0440\u0430\u043a\u0442\u0438\u0447\u0435\u043d \u0437\u0430 \u043f\u043e\u0434\u0434\u0440\u044a\u0436\u043a\u0430.<br \/>\u041a\u043e\u0433\u0430\u0442\u043e \u0441\u0435 \u0434\u0432\u0438\u0436\u0438 \u0437\u0430\u0435\u0434\u043d\u043e \u0441 \u0432\u044f\u0442\u044a\u0440\u0430, \u043f\u0440\u0438\u0432\u043b\u0435\u043a\u0430\u0442\u0435\u043b\u043d\u043e\u0441\u0442\u0442\u0430 \u043c\u0443 \u0441\u0435 \u0443\u0432\u0435\u043b\u0438\u0447\u0430\u0432\u0430 \u0438 \u0442\u043e\u0432\u0430 \u0443\u0432\u0435\u043b\u0438\u0447\u0430\u0432\u0430 \u0432\u0438\u0434\u0438\u043c\u043e\u0441\u0442\u0442\u0430 \u043d\u0430 \u0432\u0430\u0448\u0438\u044f \u0431\u0438\u0437\u043d\u0435\u0441.<\/p>\n<p style=\"margin: 10px 0 0\" data-mce-style=\"margin: 10px 0 0;\">\u0412 \u0437\u0430\u043a\u043b\u044e\u0447\u0435\u043d\u0438\u0435, \u043f\u0440\u0430\u0432\u043e\u044a\u0433\u044a\u043b\u043d\u0430\u0442\u0430 \u043b\u044e\u043b\u0435\u0435\u0449\u0430 \u0441\u0435 \u0442\u0430\u0431\u0435\u043b\u0430; \u0421\u044a\u0441 \u0441\u0432\u043e\u044f\u0442\u0430 \u043f\u0435\u0440\u0441\u043e\u043d\u0430\u043b\u0438\u0437\u0438\u0440\u0443\u0435\u043c\u0430 \u0441\u0442\u0440\u0443\u043a\u0442\u0443\u0440\u0430, \u0434\u043e\u0441\u0442\u044a\u043f\u043d\u0430 \u0446\u0435\u043d\u0430 \u0438 \u043b\u0435\u0441\u0435\u043d \u043c\u043e\u043d\u0442\u0430\u0436, \u0442\u043e\u0439 \u0435 \u0438\u0434\u0435\u0430\u043b\u0435\u043d \u0438\u0437\u0431\u043e\u0440 \u0437\u0430 \u043c\u043d\u043e\u0433\u043e \u0431\u0438\u0437\u043d\u0435\u0441\u0438.<\/p>\n<div style=\"margin-top: 12px;padding: 10px;border: 1px dashed #d1d5db;border-radius: 8px;background: #fff\" data-mce-style=\"margin-top: 12px; padding: 10px; border: 1px dashed #d1d5db; border-radius: 8px; background: #fff;\"><strong style=\"margin-bottom: 6px\" data-mce-style=\"display: block; margin-bottom: 6px;\">\u041a\u0440\u044a\u0433\u043b\u0430 \u043b\u044e\u043b\u0435\u0435\u0449\u0430 \u0441\u0435 \u0442\u0430\u0431\u0435\u043b\u0430, \u043a\u043e\u044f\u0442\u043e \u043c\u043e\u0436\u0435 \u0434\u0430 \u0432\u0438 \u0437\u0430\u0438\u043d\u0442\u0435\u0440\u0435\u0441\u0443\u0432\u0430<\/strong><br \/><a style=\"color: #2563eb;text-decoration: underline\" href=\"https:\/\/tabelamatik.com\/urun\/yuvarlak-isiksiz-sallama-tabela\/\" target=\"_blank\" rel=\"noopener\" data-mce-href=\"https:\/\/tabelamatik.com\/urun\/yuvarlak-isiksiz-sallama-tabela\/\" data-mce-style=\"color: #2563eb; text-decoration: underline;\" data-mce-><br \/>https:\/\/tabelamatik.com\/urun\/yuvarlak-isiksiz-sallama-tabela\/<br \/><\/a><\/div>\n<\/div>\n","protected":false},"excerpt":{"rendered":"<div style=\"border: 1px solid #e5e7eb;border-radius: 10px;background: #fafafa;padding: 12px 14px;font-family: system-ui,-apple-system,Segoe UI,Roboto,Ubuntu,Cantarell,'Helvetica Neue',Arial,sans-serif;font-size: 14px;line-height: 1.55;color: #111827\" data-mce-style=\"border: 1px solid #e5e7eb; border-radius: 10px; background: #fafafa; padding: 12px 14px; font-family: system-ui,-apple-system,Segoe UI,Roboto,Ubuntu,Cantarell,'Helvetica Neue',Arial,sans-serif; font-size: 14px; line-height: 1.55; color: #111827;\">\n<p><strong style=\"font-size: 15px;margin: 0 0 6px\" data-mce-style=\"display: block; \u0440\u0430\u0437\u043c\u0435\u0440 \u043d\u0430 \u0448\u0440\u0438\u0444\u0442\u0430: 15px; margin: 0 0 6px;\">\u00dcr\u00fcn \u00d6zellikleri<\/strong><\/p>\n<ul style=\"margin: 6px 0 0 18px;padding: 0\" data-mce-style=\"margin: 6px 0 0 18px; padding: 0;\">\n<li>\u0420\u0435\u043a\u043b\u0430\u043c\u0430: \u043a\u043e\u043c\u043f\u043e\u0437\u0438\u0442\u0435\u043d \u043f\u0430\u043d\u0435\u043b 40\u00d770 cm<\/li>\n<li>Ta\u015f\u0131y\u0131c\u0131 ayak: 40\u00d740 cm \u043f\u0440\u043e\u0444\u0438\u043b<\/li>\n<li>\u0420\u0435\u043a\u043b\u0430\u043c\u0430: Dijital bask\u0131<\/li>\n<\/ul>\n<\/div>\n","protected":false},"featured_media":16569,"comment_status":"open","ping_status":"closed","template":"","meta":{"_crdt_document":"","_uag_custom_page_level_css":"","site-sidebar-layout":"default","site-content-layout":"","ast-site-content-layout":"default","site-content-style":"default","site-sidebar-style":"default","ast-global-header-display":"","ast-banner-title-visibility":"","ast-main-header-display":"","ast-hfb-above-header-display":"","ast-hfb-below-header-display":"","ast-hfb-mobile-header-display":"","site-post-title":"","ast-breadcrumbs-content":"","ast-featured-img":"","footer-sml-layout":"","ast-disable-related-posts":"","theme-transparent-header-meta":"","adv-header-id-meta":"","stick-header-meta":"","header-above-stick-meta":"","header-main-stick-meta":"","header-below-stick-meta":"","astra-migrate-meta-layouts":"default","ast-page-background-enabled":"default","ast-page-background-meta":{"desktop":{"background-color":"var(--ast-global-color-5)","background-image":"","background-repeat":"repeat","background-position":"center center","background-size":"auto","background-attachment":"scroll","background-type":"","background-media":"","overlay-type":"","overlay-color":"","overlay-opacity":"","overlay-gradient":""},"tablet":{"background-color":"","background-image":"","background-repeat":"repeat","background-position":"center center","background-size":"auto","background-attachment":"scroll","background-type":"","background-media":"","overlay-type":"","overlay-color":"","overlay-opacity":"","overlay-gradient":""},"mobile":{"background-color":"","background-image":"","background-repeat":"repeat","background-position":"center center","background-size":"auto","background-attachment":"scroll","background-type":"","background-media":"","overlay-type":"","overlay-color":"","overlay-opacity":"","overlay-gradient":""}},"ast-content-background-meta":{"desktop":{"background-color":"var(--ast-global-color-4)","background-image":"","background-repeat":"repeat","background-position":"center center","background-size":"auto","background-attachment":"scroll","background-type":"","background-media":"","overlay-type":"","overlay-color":"","overlay-opacity":"","overlay-gradient":""},"tablet":{"background-color":"var(--ast-global-color-4)","background-image":"","background-repeat":"repeat","background-position":"center center","background-size":"auto","background-attachment":"scroll","background-type":"","background-media":"","overlay-type":"","overlay-color":"","overlay-opacity":"","overlay-gradient":""},"mobile":{"background-color":"var(--ast-global-color-4)","background-image":"","background-repeat":"repeat","background-position":"center center","background-size":"auto","background-attachment":"scroll","background-type":"","background-media":"","overlay-type":"","overlay-color":"","overlay-opacity":"","overlay-gradient":""}}},"product_brand":[156],"product_cat":[1126,1550,1201,1549,1246,1551],"product_tag":[],"class_list":{"0":"post-17988","1":"product","2":"type-product","3":"status-publish","4":"has-post-thumbnail","6":"product_brand-tabelamatik","7":"product_cat-1126","8":"product_cat-1550","9":"product_cat-1201","10":"product_cat-1549","11":"product_cat-1246","12":"product_cat-1551","13":"desktop-align-left","14":"tablet-align-left","15":"mobile-align-left","17":"first","18":"instock","19":"taxable","20":"shipping-taxable","21":"purchasable","22":"product-type-simple"},"uagb_featured_image_src":{"full":["https:\/\/www.tabelamatik.com\/bg\/wp-content\/uploads\/sites\/9\/2025\/11\/1000055473.jpg",794,1059,false],"thumbnail":["https:\/\/www.tabelamatik.com\/bg\/wp-content\/uploads\/sites\/9\/2025\/11\/1000055473-150x150.jpg",150,150,true],"medium":["https:\/\/www.tabelamatik.com\/bg\/wp-content\/uploads\/sites\/9\/2025\/11\/1000055473-225x300.jpg",225,300,true],"medium_large":["https:\/\/www.tabelamatik.com\/bg\/wp-content\/uploads\/sites\/9\/2025\/11\/1000055473-768x1024.jpg",768,1024,true],"large":["https:\/\/www.tabelamatik.com\/bg\/wp-content\/uploads\/sites\/9\/2025\/11\/1000055473-768x1024.jpg",768,1024,true],"1536x1536":["https:\/\/www.tabelamatik.com\/bg\/wp-content\/uploads\/sites\/9\/2025\/11\/1000055473.jpg",794,1059,false],"2048x2048":["https:\/\/www.tabelamatik.com\/bg\/wp-content\/uploads\/sites\/9\/2025\/11\/1000055473.jpg",794,1059,false],"woocommerce_thumbnail":["https:\/\/www.tabelamatik.com\/bg\/wp-content\/uploads\/sites\/9\/2025\/11\/1000055473-300x300.jpg",300,300,true],"woocommerce_single":["https:\/\/www.tabelamatik.com\/bg\/wp-content\/uploads\/sites\/9\/2025\/11\/1000055473-600x800.jpg",400,533,true],"woocommerce_gallery_thumbnail":["https:\/\/www.tabelamatik.com\/bg\/wp-content\/uploads\/sites\/9\/2025\/11\/1000055473-100x100.jpg",100,100,true]},"uagb_author_info":{"display_name":"Murat \u015eeimen","author_link":"https:\/\/www.tabelamatik.com\/bg\/author\/"},"uagb_comment_info":0,"uagb_excerpt":"\u00dcr\u00fcn \u00d6zellikleri\u0420\u0435\u043a\u043b\u0430\u043c\u0430: \u043a\u043e\u043c\u043f\u043e\u0437\u0438\u0442\u0435\u043d \u043f\u0430\u043d\u0435\u043b 40\u00d770 cmTa\u015f\u0131y\u0131c\u0131 ayak: 40\u00d740 cm \u043f\u0440\u043e\u0444\u0438\u043b\u0420\u0435\u043a\u043b\u0430\u043c\u0430: Dijital bask\u0131","_links":{"self":[{"href":"https:\/\/www.tabelamatik.com\/bg\/wp-json\/wp\/v2\/product\/17988","targetHints":{"allow":["GET"]}}],"collection":[{"href":"https:\/\/www.tabelamatik.com\/bg\/wp-json\/wp\/v2\/product"}],"about":[{"href":"https:\/\/www.tabelamatik.com\/bg\/wp-json\/wp\/v2\/types\/product"}],"replies":[{"embeddable":true,"href":"https:\/\/www.tabelamatik.com\/bg\/wp-json\/wp\/v2\/comments?post=17988"}],"wp:featuredmedia":[{"embeddable":true,"href":"https:\/\/www.tabelamatik.com\/bg\/wp-json\/wp\/v2\/media\/16569"}],"wp:attachment":[{"href":"https:\/\/www.tabelamatik.com\/bg\/wp-json\/wp\/v2\/media?parent=17988"}],"wp:term":[{"taxonomy":"product_brand","embeddable":true,"href":"https:\/\/www.tabelamatik.com\/bg\/wp-json\/wp\/v2\/product_brand?post=17988"},{"taxonomy":"product_cat","embeddable":true,"href":"https:\/\/www.tabelamatik.com\/bg\/wp-json\/wp\/v2\/product_cat?post=17988"},{"taxonomy":"product_tag","embeddable":true,"href":"https:\/\/www.tabelamatik.com\/bg\/wp-json\/wp\/v2\/product_tag?post=17988"}],"curies":[{"name":"wp","href":"https:\/\/api.w.org\/{rel}","templated":true}]}}