{"id":17817,"date":"2026-01-26T08:21:22","date_gmt":"2026-01-26T05:21:22","guid":{"rendered":"https:\/\/www.tabelamatik.com\/de\/?post_type=product&#038;p=17817"},"modified":"2026-01-26T08:21:34","modified_gmt":"2026-01-26T05:21:34","slug":"schwalbenschwanzflagge","status":"publish","type":"product","link":"https:\/\/www.tabelamatik.com\/de\/produkt\/schwalbenschwanzflagge\/","title":{"rendered":"Schwalbenschwanzflagge"},"content":{"rendered":"<h2><span dir=\"auto\" style=\"vertical-align: inherit;\"><span dir=\"auto\" style=\"vertical-align: inherit;\">\u00dcber den Druck von Schwalbenschwanzflaggen<\/span><\/span><\/h2>\n<p><span dir=\"auto\" style=\"vertical-align: inherit;\"><span dir=\"auto\" style=\"vertical-align: inherit;\">Die Schwalbenschwanzflagge ist eine Flaggenart, die typischerweise von Unternehmen zu Werbe- und Promotionszwecken gedruckt wird. Auch als Schwalbenschwanz-Wimpel bekannt, verwenden Unternehmen Schwalbenschwanzflaggen mit ihrem Logo h\u00e4ufig in ihren Gesch\u00e4ftsr\u00e4umen oder bei Veranstaltungen wie Messen, Er\u00f6ffnungen und Seminaren.<\/span><\/span><\/p>\n<p><span dir=\"auto\" style=\"vertical-align: inherit;\"><span dir=\"auto\" style=\"vertical-align: inherit;\">Schwalbenschwanzflaggen k\u00f6nnen je nach Verwendungszweck in verschiedenen Gr\u00f6\u00dfen gedruckt werden. Sie verf\u00fcgen \u00fcber ein PVC-Rohr und eine Schnur an einem Ende, was f\u00fcr einen sicheren Halt sorgt. Sie werden \u00fcblicherweise auf wasserabweisendem Satin bedruckt. Dank dieser wasserabweisenden Eigenschaften eignen sich Schwalbenschwanzfahnen sowohl f\u00fcr den Innen- als auch f\u00fcr den Au\u00dfenbereich.<\/p>\n<p>Wenn Sie eine Schwalbenschwanzfahne bedrucken lassen m\u00f6chten, k\u00f6nnen Sie \u00fcber levhamatik.com, einen Online-Druckservice, ein Angebot anfordern, indem Sie Ihre gew\u00fcnschten Produktspezifikationen und die ben\u00f6tigte Menge angeben. Die Preise f\u00fcr Schwalbenschwanzfahnen variieren je nach Produktspezifikationen und Menge. Nach Erhalt Ihres Angebots k\u00f6nnen Sie Ihre Designdatei hochladen und Ihre Bestellung online auf levhamatik.com aufgeben. Mit dem 6-Monats-Zahlungsplan und dem kostenlosen Versand von Tabelamatik erhalten Sie Produkte h\u00f6chster Qualit\u00e4t direkt nach Hause geliefert.<\/span><\/span><\/p>\n<h3><span dir=\"auto\" style=\"vertical-align: inherit;\"><span dir=\"auto\" style=\"vertical-align: inherit;\">Was Sie vor der Bestellung einer Schwalbenschwanzflagge\/eines Wimpels beachten sollten<\/span><\/span><\/h3>\n<ul>\n<li><span dir=\"auto\" style=\"vertical-align: inherit;\"><span dir=\"auto\" style=\"vertical-align: inherit;\">Stellen Sie vor Ihrer Bestellung sicher, dass Sie die gew\u00fcnschten Produktmerkmale (Gr\u00f6\u00dfe, Menge) korrekt ausgew\u00e4hlt haben.<\/span><\/span><\/li>\n<li><span dir=\"auto\" style=\"vertical-align: inherit;\"><span dir=\"auto\" style=\"vertical-align: inherit;\">Achten Sie darauf, dass Ihr Schwalbenschwanzflaggen-Design, das gedruckt wird, Wir stellen Ihre Marke optimal dar und erstellen Ihr Design, inklusive Logo, in hoher Aufl\u00f6sung.<\/span><\/span><\/li>\n<\/ul>\n<p><span dir=\"auto\" style=\"vertical-align: inherit;\"><span dir=\"auto\" style=\"vertical-align: inherit;\">Hinweis: Lizenzpflichtige Designs, z. B. Produkte f\u00fcr Sportvereine, k\u00f6nnen nicht gedruckt werden.<\/span><\/span><\/p>\n","protected":false},"excerpt":{"rendered":"<p>\u00dcber den Druck von Schwalbenschwanzflaggen Die Schwalbenschwanzflagge ist eine Flaggenart, die typischerweise von Unternehmen zu Werbe- und Promotionszwecken gedruckt wird. [&hellip;]<\/p>\n","protected":false},"featured_media":92,"comment_status":"closed","ping_status":"closed","template":"","meta":{"_crdt_document":"","_uag_custom_page_level_css":"","site-sidebar-layout":"default","site-content-layout":"","ast-site-content-layout":"default","site-content-style":"default","site-sidebar-style":"default","ast-global-header-display":"","ast-banner-title-visibility":"","ast-main-header-display":"","ast-hfb-above-header-display":"","ast-hfb-below-header-display":"","ast-hfb-mobile-header-display":"","site-post-title":"","ast-breadcrumbs-content":"","ast-featured-img":"","footer-sml-layout":"","ast-disable-related-posts":"","theme-transparent-header-meta":"","adv-header-id-meta":"","stick-header-meta":"","header-above-stick-meta":"","header-main-stick-meta":"","header-below-stick-meta":"","astra-migrate-meta-layouts":"default","ast-page-background-enabled":"default","ast-page-background-meta":{"desktop":{"background-color":"var(--ast-global-color-5)","background-image":"","background-repeat":"repeat","background-position":"center center","background-size":"auto","background-attachment":"scroll","background-type":"","background-media":"","overlay-type":"","overlay-color":"","overlay-opacity":"","overlay-gradient":""},"tablet":{"background-color":"","background-image":"","background-repeat":"repeat","background-position":"center center","background-size":"auto","background-attachment":"scroll","background-type":"","background-media":"","overlay-type":"","overlay-color":"","overlay-opacity":"","overlay-gradient":""},"mobile":{"background-color":"","background-image":"","background-repeat":"repeat","background-position":"center center","background-size":"auto","background-attachment":"scroll","background-type":"","background-media":"","overlay-type":"","overlay-color":"","overlay-opacity":"","overlay-gradient":""}},"ast-content-background-meta":{"desktop":{"background-color":"var(--ast-global-color-4)","background-image":"","background-repeat":"repeat","background-position":"center center","background-size":"auto","background-attachment":"scroll","background-type":"","background-media":"","overlay-type":"","overlay-color":"","overlay-opacity":"","overlay-gradient":""},"tablet":{"background-color":"var(--ast-global-color-4)","background-image":"","background-repeat":"repeat","background-position":"center center","background-size":"auto","background-attachment":"scroll","background-type":"","background-media":"","overlay-type":"","overlay-color":"","overlay-opacity":"","overlay-gradient":""},"mobile":{"background-color":"var(--ast-global-color-4)","background-image":"","background-repeat":"repeat","background-position":"center center","background-size":"auto","background-attachment":"scroll","background-type":"","background-media":"","overlay-type":"","overlay-color":"","overlay-opacity":"","overlay-gradient":""}}},"product_brand":[230],"product_cat":[1317,1318],"product_tag":[1319,1320,1321],"class_list":{"0":"post-17817","1":"product","2":"type-product","3":"status-publish","4":"has-post-thumbnail","6":"product_brand-tabelamatik","7":"product_cat-produktanzeigen","8":"product_cat-snapper-produkte-produktanzeigen","9":"product_tag-flaggenarten","10":"product_tag-flaggendesign","11":"product_tag-schwalbenschwanzflagge","12":"desktop-align-center","13":"tablet-align-left","14":"mobile-align-left","16":"first","17":"instock","18":"taxable","19":"shipping-taxable","20":"purchasable","21":"product-type-simple"},"uagb_featured_image_src":{"full":["https:\/\/www.tabelamatik.com\/de\/wp-content\/uploads\/sites\/21\/2025\/11\/Kirlangic-Bayrak-Duz-800x600-1-1.png",800,800,false],"thumbnail":["https:\/\/www.tabelamatik.com\/de\/wp-content\/uploads\/sites\/21\/2025\/11\/Kirlangic-Bayrak-Duz-800x600-1-1-150x150.png",150,150,true],"medium":["https:\/\/www.tabelamatik.com\/de\/wp-content\/uploads\/sites\/21\/2025\/11\/Kirlangic-Bayrak-Duz-800x600-1-1-300x300.png",300,300,true],"medium_large":["https:\/\/www.tabelamatik.com\/de\/wp-content\/uploads\/sites\/21\/2025\/11\/Kirlangic-Bayrak-Duz-800x600-1-1-768x768.png",768,768,true],"large":["https:\/\/www.tabelamatik.com\/de\/wp-content\/uploads\/sites\/21\/2025\/11\/Kirlangic-Bayrak-Duz-800x600-1-1.png",800,800,false],"1536x1536":["https:\/\/www.tabelamatik.com\/de\/wp-content\/uploads\/sites\/21\/2025\/11\/Kirlangic-Bayrak-Duz-800x600-1-1.png",800,800,false],"2048x2048":["https:\/\/www.tabelamatik.com\/de\/wp-content\/uploads\/sites\/21\/2025\/11\/Kirlangic-Bayrak-Duz-800x600-1-1.png",800,800,false],"woocommerce_thumbnail":["https:\/\/www.tabelamatik.com\/de\/wp-content\/uploads\/sites\/21\/2025\/11\/Kirlangic-Bayrak-Duz-800x600-1-1-300x300.png",300,300,true],"woocommerce_single":["https:\/\/www.tabelamatik.com\/de\/wp-content\/uploads\/sites\/21\/2025\/11\/Kirlangic-Bayrak-Duz-800x600-1-1-600x600.png",400,400,true],"woocommerce_gallery_thumbnail":["https:\/\/www.tabelamatik.com\/de\/wp-content\/uploads\/sites\/21\/2025\/11\/Kirlangic-Bayrak-Duz-800x600-1-1-100x100.png",100,100,true]},"uagb_author_info":{"display_name":"Murat \u015eeimen","author_link":"https:\/\/www.tabelamatik.com\/de\/author\/"},"uagb_comment_info":0,"uagb_excerpt":"\u00dcber den Druck von Schwalbenschwanzflaggen Die Schwalbenschwanzflagge ist eine Flaggenart, die typischerweise von Unternehmen zu Werbe- und Promotionszwecken gedruckt wird. [&hellip;]","_links":{"self":[{"href":"https:\/\/www.tabelamatik.com\/de\/wp-json\/wp\/v2\/product\/17817","targetHints":{"allow":["GET"]}}],"collection":[{"href":"https:\/\/www.tabelamatik.com\/de\/wp-json\/wp\/v2\/product"}],"about":[{"href":"https:\/\/www.tabelamatik.com\/de\/wp-json\/wp\/v2\/types\/product"}],"replies":[{"embeddable":true,"href":"https:\/\/www.tabelamatik.com\/de\/wp-json\/wp\/v2\/comments?post=17817"}],"wp:featuredmedia":[{"embeddable":true,"href":"https:\/\/www.tabelamatik.com\/de\/wp-json\/wp\/v2\/media\/92"}],"wp:attachment":[{"href":"https:\/\/www.tabelamatik.com\/de\/wp-json\/wp\/v2\/media?parent=17817"}],"wp:term":[{"taxonomy":"product_brand","embeddable":true,"href":"https:\/\/www.tabelamatik.com\/de\/wp-json\/wp\/v2\/product_brand?post=17817"},{"taxonomy":"product_cat","embeddable":true,"href":"https:\/\/www.tabelamatik.com\/de\/wp-json\/wp\/v2\/product_cat?post=17817"},{"taxonomy":"product_tag","embeddable":true,"href":"https:\/\/www.tabelamatik.com\/de\/wp-json\/wp\/v2\/product_tag?post=17817"}],"curies":[{"name":"wp","href":"https:\/\/api.w.org\/{rel}","templated":true}]}}