{"id":18379,"date":"2026-01-26T10:11:20","date_gmt":"2026-01-26T07:11:20","guid":{"rendered":"https:\/\/www.tabelamatik.com\/es\/?post_type=product&#038;p=18379"},"modified":"2026-01-26T10:11:44","modified_gmt":"2026-01-26T07:11:44","slug":"placa-de-youtube-tamano-original-18-mm-hecha-a-medida","status":"publish","type":"product","link":"https:\/\/www.tabelamatik.com\/es\/producto\/placa-de-youtube-tamano-original-18-mm-hecha-a-medida\/","title":{"rendered":"Placa de YouTube, tama\u00f1o original 18 mm, hecha a medida."},"content":{"rendered":"<section class=\"product-description\">\n<h2>La forma m\u00e1s elegante de mostrar tu \u00e9xito en YouTube en tu muro<\/h2>\n<p>Miles de visualizaciones, horas de trabajo duro y contenido inolvidable&#8230; Para mostrar este esfuerzo como se merece,<\/p>\n<p>Descubre el <strong>Letrero Premium de YouTube de 18 mm<\/strong>. Disponible con opci\u00f3n de impresi\u00f3n personalizada,<\/p>\n<p>Este letrero a\u00f1ade valor a tu canal como un recuerdo decorativo y significativo. <\/p>\n<h3>\u2728 Caracter\u00edsticas del producto<\/h3>\n<ul>\n<li><strong>Grosor:<\/strong> 18 mm (construcci\u00f3n premium en tama\u00f1o completo)<\/li>\n<li><strong>Material:<\/strong> Superficie premium: material de alta calidad con aspecto met\u00e1lico<\/li>\n<li><strong>Personalizaci\u00f3n:<\/strong> Impresi\u00f3n del nombre del canal y fecha\/nota personalizada a petici\u00f3n<\/li>\n<li><strong>Empaque:<\/strong> Se entrega en una elegante y protectora caja de regalo<\/li>\n<li><strong>Montaje:<\/strong> Soportes de pared o opci\u00f3n de pantalla de escritorio<\/li>\n<\/ul>\n<h3>\u00bfPara qui\u00e9n es?<\/h3>\n<p>Si buscas un regalo para ti o para un amigo que ama crear contenido, es la opci\u00f3n perfecta para cumplea\u00f1os, celebraciones de \u00e9xito o hitos del canal (suscriptores, miles de visualizaciones, etc.).<\/p>\n<h3>Producci\u00f3n y Entrega<\/h3>\n<p>Cada letrero se prepara meticulosa e individualmente en nuestro taller. Tras la confirmaci\u00f3n del pedido, comienza el proceso de personalizaci\u00f3n; el plazo de producci\u00f3n suele ser de entre 2 y 5 d\u00edas laborables (puede variar seg\u00fan la carga de trabajo).<\/p>\n<p>El producto se entrega en una caja especial y un embalaje resistente.<\/p>\n<h3>\ufe0f Cuidado y Recomendaciones<\/h3>\n<ul>\n<li>Utilice un pa\u00f1o suave y seco para limpiar el letrero; evite productos abrasivos.<\/li>\n<li>Tenga cuidado de no exponerlo a la luz solar directa durante periodos prolongados.<\/li>\n<\/ul>\n<h3>Pedidos y Personalizaci\u00f3n<\/h3>\n<p>Para pedir el letrero o hablar sobre los detalles de personalizaci\u00f3n, puede enviarnos un mensaje directo o contactarnos por WhatsApp. Procederemos con la producci\u00f3n tras recibir la aprobaci\u00f3n de su dise\u00f1o. <\/p>\n<div class=\"product-cta\" style=\"margin-top: 16px;\"><strong>Si est\u00e1s listo, dise\u00f1emos tu letrero juntos: \u00a1env\u00edame un mensaje privado o por WhatsApp!<\/strong><\/div>\n<\/section>\n","protected":false},"excerpt":{"rendered":"<p>\u00a1Corona el \u00e9xito de tu canal! Este letrero especial de YouTube, hecho de material de alta calidad de 18 mm de grosor, es totalmente personalizado y te permite imprimir el nombre de tu canal. Es decorativo y un recuerdo significativo.<\/p>\n","protected":false},"featured_media":17053,"comment_status":"open","ping_status":"closed","template":"","meta":{"_crdt_document":"","_uag_custom_page_level_css":"","site-sidebar-layout":"default","site-content-layout":"","ast-site-content-layout":"default","site-content-style":"default","site-sidebar-style":"default","ast-global-header-display":"","ast-banner-title-visibility":"","ast-main-header-display":"","ast-hfb-above-header-display":"","ast-hfb-below-header-display":"","ast-hfb-mobile-header-display":"","site-post-title":"","ast-breadcrumbs-content":"","ast-featured-img":"","footer-sml-layout":"","ast-disable-related-posts":"","theme-transparent-header-meta":"","adv-header-id-meta":"","stick-header-meta":"","header-above-stick-meta":"","header-main-stick-meta":"","header-below-stick-meta":"","astra-migrate-meta-layouts":"default","ast-page-background-enabled":"default","ast-page-background-meta":{"desktop":{"background-color":"var(--ast-global-color-5)","background-image":"","background-repeat":"repeat","background-position":"center center","background-size":"auto","background-attachment":"scroll","background-type":"","background-media":"","overlay-type":"","overlay-color":"","overlay-opacity":"","overlay-gradient":""},"tablet":{"background-color":"","background-image":"","background-repeat":"repeat","background-position":"center center","background-size":"auto","background-attachment":"scroll","background-type":"","background-media":"","overlay-type":"","overlay-color":"","overlay-opacity":"","overlay-gradient":""},"mobile":{"background-color":"","background-image":"","background-repeat":"repeat","background-position":"center center","background-size":"auto","background-attachment":"scroll","background-type":"","background-media":"","overlay-type":"","overlay-color":"","overlay-opacity":"","overlay-gradient":""}},"ast-content-background-meta":{"desktop":{"background-color":"var(--ast-global-color-4)","background-image":"","background-repeat":"repeat","background-position":"center center","background-size":"auto","background-attachment":"scroll","background-type":"","background-media":"","overlay-type":"","overlay-color":"","overlay-opacity":"","overlay-gradient":""},"tablet":{"background-color":"var(--ast-global-color-4)","background-image":"","background-repeat":"repeat","background-position":"center center","background-size":"auto","background-attachment":"scroll","background-type":"","background-media":"","overlay-type":"","overlay-color":"","overlay-opacity":"","overlay-gradient":""},"mobile":{"background-color":"var(--ast-global-color-4)","background-image":"","background-repeat":"repeat","background-position":"center center","background-size":"auto","background-attachment":"scroll","background-type":"","background-media":"","overlay-type":"","overlay-color":"","overlay-opacity":"","overlay-gradient":""}}},"product_brand":[230],"product_cat":[2042,1124],"product_tag":[2033,2038,2039,2040,2034,2035,2036,2037,2032],"class_list":{"0":"post-18379","1":"product","2":"type-product","3":"status-publish","4":"has-post-thumbnail","6":"product_brand-tabelamatik","7":"product_cat-rotulos-luminosos-y-no-luminosos","8":"product_cat-todos-los-productos","9":"product_tag-placa-de-canal","10":"product_tag-placa-de-canal-de-youtube","11":"product_tag-placa-de-metal-de-youtube","12":"product_tag-placa-de-youtube","13":"product_tag-placa-personalizada-de-youtube","14":"product_tag-placa-premium-de-youtube","15":"product_tag-premio-de-youtube","16":"product_tag-regalo-de-youtube","17":"product_tag-regalo-para-creador-de-contenido","18":"product_shipping_class-ucretsiz-gonderim","19":"desktop-align-left","20":"tablet-align-left","21":"mobile-align-left","23":"first","24":"instock","25":"taxable","26":"shipping-taxable","27":"purchasable","28":"product-type-variable","29":"has-default-attributes"},"uagb_featured_image_src":{"full":["https:\/\/www.tabelamatik.com\/es\/wp-content\/uploads\/sites\/47\/2025\/11\/youtube-plaketi-kisiye-ozel-hediye-1.jpg",1080,1080,false],"thumbnail":["https:\/\/www.tabelamatik.com\/es\/wp-content\/uploads\/sites\/47\/2025\/11\/youtube-plaketi-kisiye-ozel-hediye-1-150x150.jpg",150,150,true],"medium":["https:\/\/www.tabelamatik.com\/es\/wp-content\/uploads\/sites\/47\/2025\/11\/youtube-plaketi-kisiye-ozel-hediye-1-300x300.jpg",300,300,true],"medium_large":["https:\/\/www.tabelamatik.com\/es\/wp-content\/uploads\/sites\/47\/2025\/11\/youtube-plaketi-kisiye-ozel-hediye-1-768x768.jpg",768,768,true],"large":["https:\/\/www.tabelamatik.com\/es\/wp-content\/uploads\/sites\/47\/2025\/11\/youtube-plaketi-kisiye-ozel-hediye-1-1024x1024.jpg",1024,1024,true],"1536x1536":["https:\/\/www.tabelamatik.com\/es\/wp-content\/uploads\/sites\/47\/2025\/11\/youtube-plaketi-kisiye-ozel-hediye-1.jpg",1080,1080,false],"2048x2048":["https:\/\/www.tabelamatik.com\/es\/wp-content\/uploads\/sites\/47\/2025\/11\/youtube-plaketi-kisiye-ozel-hediye-1.jpg",1080,1080,false],"woocommerce_thumbnail":["https:\/\/www.tabelamatik.com\/es\/wp-content\/uploads\/sites\/47\/2025\/11\/youtube-plaketi-kisiye-ozel-hediye-1-300x300.jpg",300,300,true],"woocommerce_single":["https:\/\/www.tabelamatik.com\/es\/wp-content\/uploads\/sites\/47\/2025\/11\/youtube-plaketi-kisiye-ozel-hediye-1-600x600.jpg",400,400,true],"woocommerce_gallery_thumbnail":["https:\/\/www.tabelamatik.com\/es\/wp-content\/uploads\/sites\/47\/2025\/11\/youtube-plaketi-kisiye-ozel-hediye-1-100x100.jpg",100,100,true]},"uagb_author_info":{"display_name":"Murat \u015eeimen","author_link":"https:\/\/www.tabelamatik.com\/es\/author\/"},"uagb_comment_info":0,"uagb_excerpt":"\u00a1Corona el \u00e9xito de tu canal! Este letrero especial de YouTube, hecho de material de alta calidad de 18 mm de grosor, es totalmente personalizado y te permite imprimir el nombre de tu canal. Es decorativo y un recuerdo significativo.","_links":{"self":[{"href":"https:\/\/www.tabelamatik.com\/es\/wp-json\/wp\/v2\/product\/18379","targetHints":{"allow":["GET"]}}],"collection":[{"href":"https:\/\/www.tabelamatik.com\/es\/wp-json\/wp\/v2\/product"}],"about":[{"href":"https:\/\/www.tabelamatik.com\/es\/wp-json\/wp\/v2\/types\/product"}],"replies":[{"embeddable":true,"href":"https:\/\/www.tabelamatik.com\/es\/wp-json\/wp\/v2\/comments?post=18379"}],"wp:featuredmedia":[{"embeddable":true,"href":"https:\/\/www.tabelamatik.com\/es\/wp-json\/wp\/v2\/media\/17053"}],"wp:attachment":[{"href":"https:\/\/www.tabelamatik.com\/es\/wp-json\/wp\/v2\/media?parent=18379"}],"wp:term":[{"taxonomy":"product_brand","embeddable":true,"href":"https:\/\/www.tabelamatik.com\/es\/wp-json\/wp\/v2\/product_brand?post=18379"},{"taxonomy":"product_cat","embeddable":true,"href":"https:\/\/www.tabelamatik.com\/es\/wp-json\/wp\/v2\/product_cat?post=18379"},{"taxonomy":"product_tag","embeddable":true,"href":"https:\/\/www.tabelamatik.com\/es\/wp-json\/wp\/v2\/product_tag?post=18379"}],"curies":[{"name":"wp","href":"https:\/\/api.w.org\/{rel}","templated":true}]}}