{"id":16852,"date":"2026-01-27T05:11:27","date_gmt":"2026-01-27T02:11:27","guid":{"rendered":"https:\/\/www.tabelamatik.com\/fi\/?post_type=product&#038;p=16852"},"modified":"2026-01-27T05:12:21","modified_gmt":"2026-01-27T02:12:21","slug":"keittolan-kyltti-valaistu","status":"publish","type":"product","link":"https:\/\/www.tabelamatik.com\/fi\/tuote\/keittolan-kyltti-valaistu\/","title":{"rendered":"Keittolan kyltti (valaistu)"},"content":{"rendered":"<div style=\"border: 2px dashed #ccc; padding: 16px; margin-top: 24px; background-color: #f9f9f9; border-radius: 8px; font-family: Arial, Helvetica, sans-serif; color: #333\" data-mce-style=\"border: 2px dashed #ccc; padding: 16px; margin-top: 24px; background-color: #f9f9f9; border-radius: 8px; font-family: Arial, Helvetica, sans-serif; color: #333;\">\n<h3 style=\"color: #333;margin-bottom: 8px\" data-mce-style=\"color: #333; margin-bottom: 8px;\">Valaistu keittokyltti pleksilasilla<\/h3>\n<p style=\"margin: 6px 0\" Suunniteltu luomaan huomiota her\u00e4tt\u00e4v\u00e4 ja ammattimainen ilme yrityksesi ulkopuolelle <strong>Valaistu keittolan mainos<\/strong> korostaa br\u00e4ndi\u00e4si sek\u00e4 kest\u00e4vyydell\u00e4\u00e4n ett\u00e4 ainutlaatuisella estetiikallaan.<\/p>\n<p style=\"margin: 6px 0\" data-mce-style=\"margin: 6px 0;\">Sivu- ja etupinnat on valmistettu <strong>pleksilasista<\/strong>; kiilt\u00e4v\u00e4n pinnan ansiosta se tarjoaa maksimaalisen n\u00e4kyvyyden p\u00e4iv\u00e4ll\u00e4 ja y\u00f6ll\u00e4. <strong>Foliopainatuksen<\/strong> avulla logosi, teksti &#8221;Keittolan mainos&#8221; tai tuoteaiheiset kuvat (keittokulho, lusikka, h\u00f6yryn yksityiskohdat jne.) n\u00e4kyv\u00e4t selv\u00e4sti.<\/p>\n<p style=\"margin: 6px 0\" data-mce-style=\"margin: 6px 0;\">Mallin sis\u00e4ll\u00e4 k\u00e4ytet\u00e4\u00e4n ulkok\u00e4ytt\u00f6\u00f6n sopivia LED-moduuleja. Se tarjoaa erinomaisen valotehon ja alhaisen energiankulutuksen.<\/p>\n<p> Runkorakenne kest\u00e4\u00e4 ulkoisia tekij\u00f6it\u00e4, kuten sadetta, aurinkoa ja p\u00f6ly\u00e4.<\/p>\n<hr style=\"border: none;border-top: 1px solid #e0e0e0;margin: 12px 0\" data-mce-style=\"border: none; border-top: 1px solid #e0e0e0;margin: 12px 0;\">\n<p><strong style=\"margin-bottom: 8px\" data-mce-style=\"display: block; margin-bottom: 8px;\">Saatavilla olevat kokovaihtoehdot<\/strong><\/p>\n<ul style=\"margin: 6px 0 12px 20px;padding: 0\" data-mce-style=\"margin: 6px 0 12px 20px; padding: 0;\">\n<li><strong>150\u00d765 cm \u2013 XL<\/strong> (P\u00e4\u00e4malli, t\u00e4ydellinen koko ulkok\u00e4ytt\u00f6\u00f6n)<\/li>\n<li><strong>120\u00d752 cm \u2013 L<\/strong> (Ihanteellinen ravintolan vakiojulkisivuille)<\/li>\n<li><strong>90 \u00d7 39 cm \u2013 M<\/strong> (Kompakti ratkaisu n\u00e4yteikkunoihin tai sis\u00e4tiloihin)<\/li>\n<li><strong>60 \u00d7 26 cm \u2013 S<\/strong> (Tiskitaso, kassakoneen takaosa tai minialueet)<\/li>\n<\/ul>\n<p><strong style=\"margin-bottom: 8px\" data-mce-style=\"display: block; margin-bottom: 8px;\">\u2699\ufe0f Tekniset tiedot<\/strong><\/p>\n<ul style=\"margin: 6px 0 12px 20px;padding: 0\" data-mce-style=\"margin: 6px 0 12px 20px; padding: 0;\">\n<li><strong>Materiaali:<\/strong> Pleksilasia etu- ja sivuosissa<\/li>\n<li><strong>Pinta:<\/strong> Foliopainatus (voidaan lis\u00e4t\u00e4 tuotemerkki tai logo)<\/li>\n<li><strong>Valaistusj\u00e4rjestelm\u00e4:<\/strong> Ulkok\u00e4ytt\u00f6\u00f6n sopiva LED moduulit<\/li>\n<li><strong>K\u00e4ytt\u00f6alue:<\/strong> Ulko- ja sis\u00e4k\u00e4ytt\u00f6\u00f6n (keittokeitti\u00f6t, ravintolat, buffetit, siirrett\u00e4v\u00e4t keittokojut jne.)<\/li>\n<\/ul>\n<p style=\"margin: 6px 0\" data-mce-style=\"margin: 6px 0;\"><strong>Kenelle se sopii?<\/strong> Tarjoaa hyv\u00e4\u00e4 n\u00e4kyvyytt\u00e4 keittokeitti\u00f6ille, keittoravintoloille, keittobaareille, talvikauden kojuille, pikaruokaravintoloille ja pienyrityksille. Se on l\u00e4mmin, kutsuva ja ammattimainen mainosratkaisu.<\/p>\n<div style=\"background: #fff;padding: 12px;border-radius: 6px;margin-top: 12px;border: 1px solid #eee\" data-mce-style=\"background: #fff; padding: 12px; border-radius: 6px; margin-top: 12px; border: 1px solid #eee;\">\n<h4 style=\"margin: 0 0 8px 0\" data-mce-style=\"margin: 0 0 8px 0;\">\u2728 Mukautettava tuote<\/h4>\n<p style=\"margin: 4px 0\" data-mce-style=\"margin: 4px 0;\">\u2714\ufe0f Tilausty\u00f6n\u00e4 tehty tuotanto voidaan tehd\u00e4 omalla <strong>logolla<\/strong>, <strong>fontilla<\/strong> tai <strong>br\u00e4ndiv\u00e4reill\u00e4<\/strong>. Halutessasi voimme luoda l\u00e4mpim\u00e4n tunnelman visuaalisilla elementeill\u00e4, kuten keittokulho- tai lusikkakuvakkeilla ja h\u00f6yrytehosteilla.<\/p>\n<p style=\"margin: 4px 0\" data-mce-style=\"margin: 4px 0;\"><strong>Ota yhteytt\u00e4 tukkutilauksia ja r\u00e4\u00e4t\u00e4l\u00f6ityj\u00e4 kokoja varten.<\/strong><\/p>\n","protected":false},"excerpt":{"rendered":"<p style=\"text-align: center\" data-mce-style=\"text-align: center;\">Tyylik\u00e4s ja kest\u00e4v\u00e4 ratkaisu keitto- ja ravintola-alan yrityksille LED-valaistuksella ja pleksilasilla, sopii ulkok\u00e4ytt\u00f6\u00f6n. Muokattavissa logolla, fontilla ja v\u00e4reill\u00e4 pyynn\u00f6st\u00e4.<\/p>\n","protected":false},"featured_media":16128,"comment_status":"open","ping_status":"closed","template":"","meta":{"_crdt_document":"","_uag_custom_page_level_css":"","site-sidebar-layout":"default","site-content-layout":"","ast-site-content-layout":"default","site-content-style":"default","site-sidebar-style":"default","ast-global-header-display":"","ast-banner-title-visibility":"","ast-main-header-display":"","ast-hfb-above-header-display":"","ast-hfb-below-header-display":"","ast-hfb-mobile-header-display":"","site-post-title":"","ast-breadcrumbs-content":"","ast-featured-img":"","footer-sml-layout":"","ast-disable-related-posts":"","theme-transparent-header-meta":"","adv-header-id-meta":"","stick-header-meta":"","header-above-stick-meta":"","header-main-stick-meta":"","header-below-stick-meta":"","astra-migrate-meta-layouts":"default","ast-page-background-enabled":"default","ast-page-background-meta":{"desktop":{"background-color":"var(--ast-global-color-5)","background-image":"","background-repeat":"repeat","background-position":"center center","background-size":"auto","background-attachment":"scroll","background-type":"","background-media":"","overlay-type":"","overlay-color":"","overlay-opacity":"","overlay-gradient":""},"tablet":{"background-color":"","background-image":"","background-repeat":"repeat","background-position":"center center","background-size":"auto","background-attachment":"scroll","background-type":"","background-media":"","overlay-type":"","overlay-color":"","overlay-opacity":"","overlay-gradient":""},"mobile":{"background-color":"","background-image":"","background-repeat":"repeat","background-position":"center center","background-size":"auto","background-attachment":"scroll","background-type":"","background-media":"","overlay-type":"","overlay-color":"","overlay-opacity":"","overlay-gradient":""}},"ast-content-background-meta":{"desktop":{"background-color":"var(--ast-global-color-4)","background-image":"","background-repeat":"repeat","background-position":"center center","background-size":"auto","background-attachment":"scroll","background-type":"","background-media":"","overlay-type":"","overlay-color":"","overlay-opacity":"","overlay-gradient":""},"tablet":{"background-color":"var(--ast-global-color-4)","background-image":"","background-repeat":"repeat","background-position":"center center","background-size":"auto","background-attachment":"scroll","background-type":"","background-media":"","overlay-type":"","overlay-color":"","overlay-opacity":"","overlay-gradient":""},"mobile":{"background-color":"var(--ast-global-color-4)","background-image":"","background-repeat":"repeat","background-position":"center center","background-size":"auto","background-attachment":"scroll","background-type":"","background-media":"","overlay-type":"","overlay-color":"","overlay-opacity":"","overlay-gradient":""}}},"product_brand":[156],"product_cat":[1102,1105],"product_tag":[1209,1252,1256,1191,1211,1215,1255,1214,1212,1182,1253,1184,1254],"class_list":{"0":"post-16852","1":"product","2":"type-product","3":"status-publish","4":"has-post-thumbnail","6":"product_brand-tabelamatik","7":"product_cat-kaikki-tuotteet","8":"product_cat-valaistut-ja-valaisemattomat-kyltit","9":"product_tag-grillikyltti","10":"product_tag-keittolan-kyltti","11":"product_tag-kylttiautomaatti","12":"product_tag-led-kyltit","13":"product_tag-led-kyltti","14":"product_tag-mainoskyltti","15":"product_tag-mittatilaustyona-tehty-kyltti","16":"product_tag-pleksilasikyltti","17":"product_tag-ravintolakyltti","18":"product_tag-ulkokyltti","19":"product_tag-valaistu-keittolan-kyltti","20":"product_tag-valaistu-kyltti","21":"product_tag-valaistu-lihapullakaupan-kyltti","22":"desktop-align-left","23":"tablet-align-left","24":"mobile-align-left","26":"first","27":"instock","28":"taxable","29":"shipping-taxable","30":"purchasable","31":"product-type-variable","32":"has-default-attributes"},"uagb_featured_image_src":{"full":["https:\/\/www.tabelamatik.com\/fi\/wp-content\/uploads\/sites\/18\/2025\/11\/Corbaci-tabelasi-.jpg",959,959,false],"thumbnail":["https:\/\/www.tabelamatik.com\/fi\/wp-content\/uploads\/sites\/18\/2025\/11\/Corbaci-tabelasi--150x150.jpg",150,150,true],"medium":["https:\/\/www.tabelamatik.com\/fi\/wp-content\/uploads\/sites\/18\/2025\/11\/Corbaci-tabelasi--300x300.jpg",300,300,true],"medium_large":["https:\/\/www.tabelamatik.com\/fi\/wp-content\/uploads\/sites\/18\/2025\/11\/Corbaci-tabelasi--768x768.jpg",768,768,true],"large":["https:\/\/www.tabelamatik.com\/fi\/wp-content\/uploads\/sites\/18\/2025\/11\/Corbaci-tabelasi-.jpg",959,959,false],"1536x1536":["https:\/\/www.tabelamatik.com\/fi\/wp-content\/uploads\/sites\/18\/2025\/11\/Corbaci-tabelasi-.jpg",959,959,false],"2048x2048":["https:\/\/www.tabelamatik.com\/fi\/wp-content\/uploads\/sites\/18\/2025\/11\/Corbaci-tabelasi-.jpg",959,959,false],"woocommerce_thumbnail":["https:\/\/www.tabelamatik.com\/fi\/wp-content\/uploads\/sites\/18\/2025\/11\/Corbaci-tabelasi--300x300.jpg",300,300,true],"woocommerce_single":["https:\/\/www.tabelamatik.com\/fi\/wp-content\/uploads\/sites\/18\/2025\/11\/Corbaci-tabelasi--600x600.jpg",400,400,true],"woocommerce_gallery_thumbnail":["https:\/\/www.tabelamatik.com\/fi\/wp-content\/uploads\/sites\/18\/2025\/11\/Corbaci-tabelasi--100x100.jpg",100,100,true]},"uagb_author_info":{"display_name":"Murat \u015eeimen","author_link":"https:\/\/www.tabelamatik.com\/fi\/author\/"},"uagb_comment_info":0,"uagb_excerpt":"Tyylik\u00e4s ja kest\u00e4v\u00e4 ratkaisu keitto- ja ravintola-alan yrityksille LED-valaistuksella ja pleksilasilla, sopii ulkok\u00e4ytt\u00f6\u00f6n. Muokattavissa logolla, fontilla ja v\u00e4reill\u00e4 pyynn\u00f6st\u00e4.","_links":{"self":[{"href":"https:\/\/www.tabelamatik.com\/fi\/wp-json\/wp\/v2\/product\/16852","targetHints":{"allow":["GET"]}}],"collection":[{"href":"https:\/\/www.tabelamatik.com\/fi\/wp-json\/wp\/v2\/product"}],"about":[{"href":"https:\/\/www.tabelamatik.com\/fi\/wp-json\/wp\/v2\/types\/product"}],"replies":[{"embeddable":true,"href":"https:\/\/www.tabelamatik.com\/fi\/wp-json\/wp\/v2\/comments?post=16852"}],"wp:featuredmedia":[{"embeddable":true,"href":"https:\/\/www.tabelamatik.com\/fi\/wp-json\/wp\/v2\/media\/16128"}],"wp:attachment":[{"href":"https:\/\/www.tabelamatik.com\/fi\/wp-json\/wp\/v2\/media?parent=16852"}],"wp:term":[{"taxonomy":"product_brand","embeddable":true,"href":"https:\/\/www.tabelamatik.com\/fi\/wp-json\/wp\/v2\/product_brand?post=16852"},{"taxonomy":"product_cat","embeddable":true,"href":"https:\/\/www.tabelamatik.com\/fi\/wp-json\/wp\/v2\/product_cat?post=16852"},{"taxonomy":"product_tag","embeddable":true,"href":"https:\/\/www.tabelamatik.com\/fi\/wp-json\/wp\/v2\/product_tag?post=16852"}],"curies":[{"name":"wp","href":"https:\/\/api.w.org\/{rel}","templated":true}]}}