{"id":16861,"date":"2026-01-27T05:11:29","date_gmt":"2026-01-27T02:11:29","guid":{"rendered":"https:\/\/www.tabelamatik.com\/fi\/?post_type=product&#038;p=16861"},"modified":"2026-01-27T05:11:42","modified_gmt":"2026-01-27T02:11:42","slug":"banneri-juliste-banneritulostus","status":"publish","type":"product","link":"https:\/\/www.tabelamatik.com\/fi\/tuote\/banneri-juliste-banneritulostus\/","title":{"rendered":"Banneri &#8211; Juliste &#8211; Banneritulostus"},"content":{"rendered":"<p>Myyt\u00e4v\u00e4n\u00e4, vuokrattavana, syntym\u00e4p\u00e4iv\u00e4-, kampanja- ja avioliittoehdotusbannerit halutuissa v\u00e4reiss\u00e4 ja kokoissa.<\/p>\n<p>Toimitus yhden p\u00e4iv\u00e4n kuluessa.<\/p>\n","protected":false},"excerpt":{"rendered":"<blockquote><p>Tarjoamme bannerien, julisteiden ja kylttien painatuspalveluita. Ammattitaitoinen tiimimme luo korkealaatuisia ja vaikuttavia malleja. Voimme painaa tarpeidesi mukaan eri kokoisina ja v\u00e4risin\u00e4. Bannerit, kyltit, julisteet, avioliittoehdotukset, avajaiskyltit, ty\u00f6paikkailmoituskyltit, mainosjulisteet.<\/p>\n<p>Tee tilauksesi, l\u00e4het\u00e4 tiedosto, teksti tai kuva nopeasti WhatsAppin kautta, ja tulosteesi toimitetaan kotiovellesi yhdell\u00e4 napsautuksella.<\/p><\/blockquote>\n","protected":false},"featured_media":69,"comment_status":"closed","ping_status":"closed","template":"","meta":{"_crdt_document":"","_uag_custom_page_level_css":"","site-sidebar-layout":"default","site-content-layout":"","ast-site-content-layout":"default","site-content-style":"default","site-sidebar-style":"default","ast-global-header-display":"","ast-banner-title-visibility":"","ast-main-header-display":"","ast-hfb-above-header-display":"","ast-hfb-below-header-display":"","ast-hfb-mobile-header-display":"","site-post-title":"","ast-breadcrumbs-content":"","ast-featured-img":"","footer-sml-layout":"","ast-disable-related-posts":"","theme-transparent-header-meta":"","adv-header-id-meta":"","stick-header-meta":"","header-above-stick-meta":"","header-main-stick-meta":"","header-below-stick-meta":"","astra-migrate-meta-layouts":"default","ast-page-background-enabled":"default","ast-page-background-meta":{"desktop":{"background-color":"var(--ast-global-color-5)","background-image":"","background-repeat":"repeat","background-position":"center center","background-size":"auto","background-attachment":"scroll","background-type":"","background-media":"","overlay-type":"","overlay-color":"","overlay-opacity":"","overlay-gradient":""},"tablet":{"background-color":"","background-image":"","background-repeat":"repeat","background-position":"center center","background-size":"auto","background-attachment":"scroll","background-type":"","background-media":"","overlay-type":"","overlay-color":"","overlay-opacity":"","overlay-gradient":""},"mobile":{"background-color":"","background-image":"","background-repeat":"repeat","background-position":"center center","background-size":"auto","background-attachment":"scroll","background-type":"","background-media":"","overlay-type":"","overlay-color":"","overlay-opacity":"","overlay-gradient":""}},"ast-content-background-meta":{"desktop":{"background-color":"var(--ast-global-color-4)","background-image":"","background-repeat":"repeat","background-position":"center center","background-size":"auto","background-attachment":"scroll","background-type":"","background-media":"","overlay-type":"","overlay-color":"","overlay-opacity":"","overlay-gradient":""},"tablet":{"background-color":"var(--ast-global-color-4)","background-image":"","background-repeat":"repeat","background-position":"center center","background-size":"auto","background-attachment":"scroll","background-type":"","background-media":"","overlay-type":"","overlay-color":"","overlay-opacity":"","overlay-gradient":""},"mobile":{"background-color":"var(--ast-global-color-4)","background-image":"","background-repeat":"repeat","background-position":"center center","background-size":"auto","background-attachment":"scroll","background-type":"","background-media":"","overlay-type":"","overlay-color":"","overlay-opacity":"","overlay-gradient":""}}},"product_brand":[156],"product_cat":[1107,1108,1102],"product_tag":[1301,1300,1299],"class_list":{"0":"post-16861","1":"product","2":"type-product","3":"status-publish","4":"has-post-thumbnail","6":"product_brand-tabelamatik","7":"product_cat-digitaalinen-painatus","8":"product_cat-julisteet","9":"product_cat-kaikki-tuotteet","10":"product_tag-avioliittoehdotusjuliste","11":"product_tag-banneritulostus","12":"product_tag-juliste","13":"desktop-align-left","14":"tablet-align-left","15":"mobile-align-left","17":"first","18":"instock","19":"taxable","20":"shipping-taxable","21":"purchasable","22":"product-type-simple"},"uagb_featured_image_src":{"full":["https:\/\/www.tabelamatik.com\/fi\/wp-content\/uploads\/sites\/18\/2025\/11\/12-Branda-800x600-1-1.png",800,600,false],"thumbnail":["https:\/\/www.tabelamatik.com\/fi\/wp-content\/uploads\/sites\/18\/2025\/11\/12-Branda-800x600-1-1-150x150.png",150,150,true],"medium":["https:\/\/www.tabelamatik.com\/fi\/wp-content\/uploads\/sites\/18\/2025\/11\/12-Branda-800x600-1-1-300x225.png",300,225,true],"medium_large":["https:\/\/www.tabelamatik.com\/fi\/wp-content\/uploads\/sites\/18\/2025\/11\/12-Branda-800x600-1-1-768x576.png",768,576,true],"large":["https:\/\/www.tabelamatik.com\/fi\/wp-content\/uploads\/sites\/18\/2025\/11\/12-Branda-800x600-1-1.png",800,600,false],"1536x1536":["https:\/\/www.tabelamatik.com\/fi\/wp-content\/uploads\/sites\/18\/2025\/11\/12-Branda-800x600-1-1.png",800,600,false],"2048x2048":["https:\/\/www.tabelamatik.com\/fi\/wp-content\/uploads\/sites\/18\/2025\/11\/12-Branda-800x600-1-1.png",800,600,false],"woocommerce_thumbnail":["https:\/\/www.tabelamatik.com\/fi\/wp-content\/uploads\/sites\/18\/2025\/11\/12-Branda-800x600-1-1-300x300.png",300,300,true],"woocommerce_single":["https:\/\/www.tabelamatik.com\/fi\/wp-content\/uploads\/sites\/18\/2025\/11\/12-Branda-800x600-1-1-600x450.png",400,300,true],"woocommerce_gallery_thumbnail":["https:\/\/www.tabelamatik.com\/fi\/wp-content\/uploads\/sites\/18\/2025\/11\/12-Branda-800x600-1-1-100x100.png",100,100,true]},"uagb_author_info":{"display_name":"Murat \u015eeimen","author_link":"https:\/\/www.tabelamatik.com\/fi\/author\/"},"uagb_comment_info":0,"uagb_excerpt":"Tarjoamme bannerien, julisteiden ja kylttien painatuspalveluita. Ammattitaitoinen tiimimme luo korkealaatuisia ja vaikuttavia malleja. Voimme painaa tarpeidesi mukaan eri kokoisina ja v\u00e4risin\u00e4. Bannerit, kyltit, julisteet, avioliittoehdotukset, avajaiskyltit, ty\u00f6paikkailmoituskyltit, mainosjulisteet. Tee tilauksesi, l\u00e4het\u00e4 tiedosto, teksti tai kuva nopeasti WhatsAppin kautta, ja tulosteesi toimitetaan kotiovellesi yhdell\u00e4 napsautuksella.","_links":{"self":[{"href":"https:\/\/www.tabelamatik.com\/fi\/wp-json\/wp\/v2\/product\/16861","targetHints":{"allow":["GET"]}}],"collection":[{"href":"https:\/\/www.tabelamatik.com\/fi\/wp-json\/wp\/v2\/product"}],"about":[{"href":"https:\/\/www.tabelamatik.com\/fi\/wp-json\/wp\/v2\/types\/product"}],"replies":[{"embeddable":true,"href":"https:\/\/www.tabelamatik.com\/fi\/wp-json\/wp\/v2\/comments?post=16861"}],"wp:featuredmedia":[{"embeddable":true,"href":"https:\/\/www.tabelamatik.com\/fi\/wp-json\/wp\/v2\/media\/69"}],"wp:attachment":[{"href":"https:\/\/www.tabelamatik.com\/fi\/wp-json\/wp\/v2\/media?parent=16861"}],"wp:term":[{"taxonomy":"product_brand","embeddable":true,"href":"https:\/\/www.tabelamatik.com\/fi\/wp-json\/wp\/v2\/product_brand?post=16861"},{"taxonomy":"product_cat","embeddable":true,"href":"https:\/\/www.tabelamatik.com\/fi\/wp-json\/wp\/v2\/product_cat?post=16861"},{"taxonomy":"product_tag","embeddable":true,"href":"https:\/\/www.tabelamatik.com\/fi\/wp-json\/wp\/v2\/product_tag?post=16861"}],"curies":[{"name":"wp","href":"https:\/\/api.w.org\/{rel}","templated":true}]}}