{"id":16983,"date":"2026-01-27T05:12:45","date_gmt":"2026-01-27T02:12:45","guid":{"rendered":"https:\/\/www.tabelamatik.com\/fi\/?post_type=product&#038;p=16983"},"modified":"2026-01-27T05:13:34","modified_gmt":"2026-01-27T02:13:34","slug":"valaisematon-kaksipuolinen-nelionmuotoinen-kyltti","status":"publish","type":"product","link":"https:\/\/www.tabelamatik.com\/fi\/tuote\/valaisematon-kaksipuolinen-nelionmuotoinen-kyltti\/","title":{"rendered":"Valaisematon kaksipuolinen neli\u00f6nmuotoinen kyltti"},"content":{"rendered":"<div>\n<h2>Valaisematon kaksipuolinen neli\u00f6nmuotoinen metallikyltti \u2013<\/h2>\n<p><strong>Valaisematon kaksipuolinen neli\u00f6nmuotoinen kyltti<\/strong> parantaa yrityksesi n\u00e4kyvyytt\u00e4 kest\u00e4v\u00e4ll\u00e4 metallirungollaan ja tyylikk\u00e4\u00e4ll\u00e4 muotoilullaan, joka sopii ulkok\u00e4ytt\u00f6\u00f6n.<br \/>\n<strong>S\u00e4hk\u00f6staattisesti maalatut galvanoidut sivut<\/strong> takaavat pitk\u00e4n k\u00e4ytt\u00f6i\u00e4n, ja sen kaksipuolinen muotoilu tekee siit\u00e4 helposti havaittavan eri suunnista.<\/p>\n<p>Ihanteellinen monille yrityksille, kuten kahviloille, ravintoloille, kaupoille, putiikeille, hotelleille ja toimistoille, t\u00e4m\u00e4 kyltti voidaan <em>t\u00e4ysin r\u00e4\u00e4t\u00e4l\u00f6id\u00e4<\/em> logollasi ja tekstill\u00e4si.<br \/>\nKest\u00e4v\u00e4n rakenteensa ansiosta se kest\u00e4\u00e4 tuulta, sadetta ja auringonvaloa.<\/p>\n<h3>Tekniset tiedot<\/h3>\n<ul>\n<li><strong>Mitat:<\/strong> (erillismitat saatavilla)<\/li>\n<li><strong>Materiaali:<\/strong> 4 mm komposiittilevy<\/li>\n<li><strong>Suunnittelu:<\/strong> Kaksipuolinen neli\u00f6nmuotoinen<\/li>\n<li><strong>Valaistus:<\/strong> Ei valaise<\/li>\n<li><strong>Kiinnitys:<\/strong> Sein\u00e4kiinnitys ruuvikiinnityksell\u00e4<\/li>\n<\/ul>\n<h3>K\u00e4ytt\u00f6alueet<\/h3>\n<ul>\n<li>Kahvila- ja ravintolakyltit<\/li>\n<li>Myym\u00e4l\u00f6iden ja putiikkien julkisivumainokset<\/li>\n<li>Hotellien ja majatalojen sis\u00e4\u00e4nk\u00e4yntikyltit<\/li>\n<li>Toimisto- ja suuntakyltit<\/li>\n<p> kyltit<\/li>\n<\/ul>\n<h3>Muokattavuus<\/h3>\n<p>V\u00e4ri, fontti, logo ja koko valmistetaan kokonaan toiveidesi mukaan. Digitaalinen suunnittelu l\u00e4hetet\u00e4\u00e4n hyv\u00e4ksytt\u00e4v\u00e4ksesi ennen tuotantoa. <\/p>\n<p><strong>Huomautus:<\/strong> Koska kyseess\u00e4 on mittatilausty\u00f6n\u00e4 valmistettu tuote, palautusehdot voivat vaihdella. <\/p>\n<\/div>\n","protected":false},"excerpt":{"rendered":"<p>Kest\u00e4v\u00e4, galvanoidusta ter\u00e4ksest\u00e4 valmistettu, ulkok\u00e4ytt\u00f6\u00f6n sopiva, valaisematon, kaksipuolinen neli\u00f6nmuotoinen metallinen kyltti. Ihanteellinen muotoilu kahviloiden, kauppojen, ravintoloiden ja putiikkien julkisivuihin.<\/p>\n","protected":false},"featured_media":458,"comment_status":"closed","ping_status":"closed","template":"","meta":{"_crdt_document":"","_uag_custom_page_level_css":"","site-sidebar-layout":"default","site-content-layout":"","ast-site-content-layout":"default","site-content-style":"default","site-sidebar-style":"default","ast-global-header-display":"","ast-banner-title-visibility":"","ast-main-header-display":"","ast-hfb-above-header-display":"","ast-hfb-below-header-display":"","ast-hfb-mobile-header-display":"","site-post-title":"","ast-breadcrumbs-content":"","ast-featured-img":"","footer-sml-layout":"","ast-disable-related-posts":"","theme-transparent-header-meta":"","adv-header-id-meta":"","stick-header-meta":"","header-above-stick-meta":"","header-main-stick-meta":"","header-below-stick-meta":"","astra-migrate-meta-layouts":"default","ast-page-background-enabled":"default","ast-page-background-meta":{"desktop":{"background-color":"var(--ast-global-color-5)","background-image":"","background-repeat":"repeat","background-position":"center center","background-size":"auto","background-attachment":"scroll","background-type":"","background-media":"","overlay-type":"","overlay-color":"","overlay-opacity":"","overlay-gradient":""},"tablet":{"background-color":"","background-image":"","background-repeat":"repeat","background-position":"center center","background-size":"auto","background-attachment":"scroll","background-type":"","background-media":"","overlay-type":"","overlay-color":"","overlay-opacity":"","overlay-gradient":""},"mobile":{"background-color":"","background-image":"","background-repeat":"repeat","background-position":"center center","background-size":"auto","background-attachment":"scroll","background-type":"","background-media":"","overlay-type":"","overlay-color":"","overlay-opacity":"","overlay-gradient":""}},"ast-content-background-meta":{"desktop":{"background-color":"var(--ast-global-color-4)","background-image":"","background-repeat":"repeat","background-position":"center center","background-size":"auto","background-attachment":"scroll","background-type":"","background-media":"","overlay-type":"","overlay-color":"","overlay-opacity":"","overlay-gradient":""},"tablet":{"background-color":"var(--ast-global-color-4)","background-image":"","background-repeat":"repeat","background-position":"center center","background-size":"auto","background-attachment":"scroll","background-type":"","background-media":"","overlay-type":"","overlay-color":"","overlay-opacity":"","overlay-gradient":""},"mobile":{"background-color":"var(--ast-global-color-4)","background-image":"","background-repeat":"repeat","background-position":"center center","background-size":"auto","background-attachment":"scroll","background-type":"","background-media":"","overlay-type":"","overlay-color":"","overlay-opacity":"","overlay-gradient":""}}},"product_brand":[156],"product_cat":[1102,1105],"product_tag":[1494,1496,1190,1491,1501,1500,1499,1490,1203,1492,1502,1495,1493,1198,1498,1497],"class_list":{"0":"post-16983","1":"product","2":"type-product","3":"status-publish","4":"has-post-thumbnail","6":"product_brand-tabelamatik","7":"product_cat-kaikki-tuotteet","8":"product_cat-valaistut-ja-valaisemattomat-kyltit","9":"product_tag-esteettiset-kyltit","10":"product_tag-galvanoidut-kyltit","11":"product_tag-kahvilakyltit","12":"product_tag-kaksipuoliset-kyltit","13":"product_tag-mainoskyltit","14":"product_tag-metallikyltit","15":"product_tag-nelionmuotoiset-kyltit","16":"product_tag-putiikkikyltit","17":"product_tag-ravintolakyltit","18":"product_tag-seinakyltit","19":"product_tag-suuntakyltit","20":"product_tag-takorautakyltit","21":"product_tag-taloudelliset-kyltit","22":"product_tag-ulkokyltit","23":"product_tag-valaisemattomat-kyltit","24":"product_tag-valaistut-ja-valaisemattomat-kyltit","25":"desktop-align-left","26":"tablet-align-left","27":"mobile-align-left","29":"first","30":"instock","31":"taxable","32":"shipping-taxable","33":"purchasable","34":"product-type-variable","35":"has-default-attributes"},"uagb_featured_image_src":{"full":["https:\/\/www.tabelamatik.com\/fi\/wp-content\/uploads\/sites\/18\/2025\/11\/1000010948.jpg",795,596,false],"thumbnail":["https:\/\/www.tabelamatik.com\/fi\/wp-content\/uploads\/sites\/18\/2025\/11\/1000010948-150x150.jpg",150,150,true],"medium":["https:\/\/www.tabelamatik.com\/fi\/wp-content\/uploads\/sites\/18\/2025\/11\/1000010948-300x225.jpg",300,225,true],"medium_large":["https:\/\/www.tabelamatik.com\/fi\/wp-content\/uploads\/sites\/18\/2025\/11\/1000010948-768x576.jpg",768,576,true],"large":["https:\/\/www.tabelamatik.com\/fi\/wp-content\/uploads\/sites\/18\/2025\/11\/1000010948.jpg",795,596,false],"1536x1536":["https:\/\/www.tabelamatik.com\/fi\/wp-content\/uploads\/sites\/18\/2025\/11\/1000010948.jpg",795,596,false],"2048x2048":["https:\/\/www.tabelamatik.com\/fi\/wp-content\/uploads\/sites\/18\/2025\/11\/1000010948.jpg",795,596,false],"woocommerce_thumbnail":["https:\/\/www.tabelamatik.com\/fi\/wp-content\/uploads\/sites\/18\/2025\/11\/1000010948-300x300.jpg",300,300,true],"woocommerce_single":["https:\/\/www.tabelamatik.com\/fi\/wp-content\/uploads\/sites\/18\/2025\/11\/1000010948-600x450.jpg",400,300,true],"woocommerce_gallery_thumbnail":["https:\/\/www.tabelamatik.com\/fi\/wp-content\/uploads\/sites\/18\/2025\/11\/1000010948-100x100.jpg",100,100,true]},"uagb_author_info":{"display_name":"Murat \u015eeimen","author_link":"https:\/\/www.tabelamatik.com\/fi\/author\/"},"uagb_comment_info":0,"uagb_excerpt":"Kest\u00e4v\u00e4, galvanoidusta ter\u00e4ksest\u00e4 valmistettu, ulkok\u00e4ytt\u00f6\u00f6n sopiva, valaisematon, kaksipuolinen neli\u00f6nmuotoinen metallinen kyltti. Ihanteellinen muotoilu kahviloiden, kauppojen, ravintoloiden ja putiikkien julkisivuihin.","_links":{"self":[{"href":"https:\/\/www.tabelamatik.com\/fi\/wp-json\/wp\/v2\/product\/16983","targetHints":{"allow":["GET"]}}],"collection":[{"href":"https:\/\/www.tabelamatik.com\/fi\/wp-json\/wp\/v2\/product"}],"about":[{"href":"https:\/\/www.tabelamatik.com\/fi\/wp-json\/wp\/v2\/types\/product"}],"replies":[{"embeddable":true,"href":"https:\/\/www.tabelamatik.com\/fi\/wp-json\/wp\/v2\/comments?post=16983"}],"wp:featuredmedia":[{"embeddable":true,"href":"https:\/\/www.tabelamatik.com\/fi\/wp-json\/wp\/v2\/media\/458"}],"wp:attachment":[{"href":"https:\/\/www.tabelamatik.com\/fi\/wp-json\/wp\/v2\/media?parent=16983"}],"wp:term":[{"taxonomy":"product_brand","embeddable":true,"href":"https:\/\/www.tabelamatik.com\/fi\/wp-json\/wp\/v2\/product_brand?post=16983"},{"taxonomy":"product_cat","embeddable":true,"href":"https:\/\/www.tabelamatik.com\/fi\/wp-json\/wp\/v2\/product_cat?post=16983"},{"taxonomy":"product_tag","embeddable":true,"href":"https:\/\/www.tabelamatik.com\/fi\/wp-json\/wp\/v2\/product_tag?post=16983"}],"curies":[{"name":"wp","href":"https:\/\/api.w.org\/{rel}","templated":true}]}}