{"id":17220,"date":"2026-01-27T05:15:10","date_gmt":"2026-01-27T02:15:10","guid":{"rendered":"https:\/\/www.tabelamatik.com\/fi\/?post_type=product&#038;p=17220"},"modified":"2026-01-27T05:15:22","modified_gmt":"2026-01-27T02:15:22","slug":"metallinen-a-muotoinen-paalle-pois-suuntakyltti-liitutaulumainen-ruokalistateline","status":"publish","type":"product","link":"https:\/\/www.tabelamatik.com\/fi\/tuote\/metallinen-a-muotoinen-paalle-pois-suuntakyltti-liitutaulumainen-ruokalistateline\/","title":{"rendered":"Metallinen A-muotoinen p\u00e4\u00e4lle\/pois-suuntakyltti &#8211; liitutaulumainen ruokalistateline"},"content":{"rendered":"<blockquote><p><span dir=\"auto\" style=\"vertical-align: inherit;\"><span dir=\"auto\" style=\"vertical-align: inherit;\">Metallinen A-kehyskyltti on jalustamalli, jonka yl\u00e4osassa on kiinte\u00e4 &#8217;AUKI&#8217;-teksti ja alaosassa vaihdettava liitutaulupinta. Siin\u00e4 on valikko, joten sinulla on hyv\u00e4 k\u00e4sitys siit\u00e4, miten maksat. Siin\u00e4 on kest\u00e4v\u00e4 metallirakenne ja liitutaulupintaan voi kirjoittaa ja pyyhki\u00e4 liidulla tai nestem\u00e4isill\u00e4 liitukynill\u00e4. Kiinnitett\u00e4v\u00e4n rakenteensa ansiosta liitutaulupaneeli on helppo irrottaa ja vaihtaa. Se sopii kahviloiden, ravintoloiden, kauppojen ja vastaavien yritysten ovivalintoihin.<\/span><\/span><\/p><\/blockquote>\n","protected":false},"excerpt":{"rendered":"<p><span dir=\"auto\" style=\"vertical-align: inherit;\"><span dir=\"auto\" style=\"vertical-align: inherit;\">Vintage-luokan metallinen A-muotoinen sohvap\u00f6yt\u00e4. Voidaan k\u00e4ytt\u00e4\u00e4 ruokalistoihin, kampanjakyltteihin ja muihin mainosmateriaaleihin. Sopii esimerkiksi kahvin, latten, teen, chain, bageleiden ja kakkujen esillepanoon. Paremman n\u00e4kym\u00e4n saat, kun n\u00e4et ruokalistan itse parhaalla mahdollisella tavalla.<\/span><\/span><\/p>\n","protected":false},"featured_media":16102,"comment_status":"closed","ping_status":"closed","template":"","meta":{"_crdt_document":"","_uag_custom_page_level_css":"","site-sidebar-layout":"default","site-content-layout":"","ast-site-content-layout":"default","site-content-style":"default","site-sidebar-style":"default","ast-global-header-display":"","ast-banner-title-visibility":"","ast-main-header-display":"","ast-hfb-above-header-display":"","ast-hfb-below-header-display":"","ast-hfb-mobile-header-display":"","site-post-title":"","ast-breadcrumbs-content":"","ast-featured-img":"","footer-sml-layout":"","ast-disable-related-posts":"","theme-transparent-header-meta":"","adv-header-id-meta":"","stick-header-meta":"","header-above-stick-meta":"","header-main-stick-meta":"","header-below-stick-meta":"","astra-migrate-meta-layouts":"default","ast-page-background-enabled":"default","ast-page-background-meta":{"desktop":{"background-color":"var(--ast-global-color-5)","background-image":"","background-repeat":"repeat","background-position":"center center","background-size":"auto","background-attachment":"scroll","background-type":"","background-media":"","overlay-type":"","overlay-color":"","overlay-opacity":"","overlay-gradient":""},"tablet":{"background-color":"","background-image":"","background-repeat":"repeat","background-position":"center center","background-size":"auto","background-attachment":"scroll","background-type":"","background-media":"","overlay-type":"","overlay-color":"","overlay-opacity":"","overlay-gradient":""},"mobile":{"background-color":"","background-image":"","background-repeat":"repeat","background-position":"center center","background-size":"auto","background-attachment":"scroll","background-type":"","background-media":"","overlay-type":"","overlay-color":"","overlay-opacity":"","overlay-gradient":""}},"ast-content-background-meta":{"desktop":{"background-color":"var(--ast-global-color-4)","background-image":"","background-repeat":"repeat","background-position":"center center","background-size":"auto","background-attachment":"scroll","background-type":"","background-media":"","overlay-type":"","overlay-color":"","overlay-opacity":"","overlay-gradient":""},"tablet":{"background-color":"var(--ast-global-color-4)","background-image":"","background-repeat":"repeat","background-position":"center center","background-size":"auto","background-attachment":"scroll","background-type":"","background-media":"","overlay-type":"","overlay-color":"","overlay-opacity":"","overlay-gradient":""},"mobile":{"background-color":"var(--ast-global-color-4)","background-image":"","background-repeat":"repeat","background-position":"center center","background-size":"auto","background-attachment":"scroll","background-type":"","background-media":"","overlay-type":"","overlay-color":"","overlay-opacity":"","overlay-gradient":""}}},"product_brand":[156],"product_cat":[1102,1966,1177,1965,1105],"product_tag":[1286,1589,1185,1968,1970,1971,1969,1967,1225],"class_list":{"0":"post-17220","1":"product","2":"type-product","3":"status-publish","4":"has-post-thumbnail","6":"product_brand-tabelamatik","7":"product_cat-kaikki-tuotteet","8":"product_cat-liikennemerkit-naytteilleasettajat","9":"product_cat-ravintola","10":"product_cat-ruokalistakyltit","11":"product_cat-valaistut-ja-valaisemattomat-kyltit","12":"product_tag-avoinna-suljettu-kyltti","13":"product_tag-jalkakaytavakyltti","14":"product_tag-kahvilakyltti","15":"product_tag-kahvilan-ruokalistateline","16":"product_tag-liitutaulukyltti","17":"product_tag-metallinen-a-teline","18":"product_tag-oven-ruokalistataulu","19":"product_tag-teollisuusruokalistataulu","20":"product_tag-vintage-kyltti","21":"desktop-align-left","22":"tablet-align-left","23":"mobile-align-left","25":"first","26":"instock","27":"taxable","28":"shipping-taxable","29":"purchasable","30":"product-type-simple"},"uagb_featured_image_src":{"full":["https:\/\/www.tabelamatik.com\/fi\/wp-content\/uploads\/sites\/18\/2025\/11\/Cafe-tabelasi-1-1.jpg",879,936,false],"thumbnail":["https:\/\/www.tabelamatik.com\/fi\/wp-content\/uploads\/sites\/18\/2025\/11\/Cafe-tabelasi-1-1-150x150.jpg",150,150,true],"medium":["https:\/\/www.tabelamatik.com\/fi\/wp-content\/uploads\/sites\/18\/2025\/11\/Cafe-tabelasi-1-1-282x300.jpg",282,300,true],"medium_large":["https:\/\/www.tabelamatik.com\/fi\/wp-content\/uploads\/sites\/18\/2025\/11\/Cafe-tabelasi-1-1-768x818.jpg",768,818,true],"large":["https:\/\/www.tabelamatik.com\/fi\/wp-content\/uploads\/sites\/18\/2025\/11\/Cafe-tabelasi-1-1.jpg",879,936,false],"1536x1536":["https:\/\/www.tabelamatik.com\/fi\/wp-content\/uploads\/sites\/18\/2025\/11\/Cafe-tabelasi-1-1.jpg",879,936,false],"2048x2048":["https:\/\/www.tabelamatik.com\/fi\/wp-content\/uploads\/sites\/18\/2025\/11\/Cafe-tabelasi-1-1.jpg",879,936,false],"woocommerce_thumbnail":["https:\/\/www.tabelamatik.com\/fi\/wp-content\/uploads\/sites\/18\/2025\/11\/Cafe-tabelasi-1-1-300x300.jpg",300,300,true],"woocommerce_single":["https:\/\/www.tabelamatik.com\/fi\/wp-content\/uploads\/sites\/18\/2025\/11\/Cafe-tabelasi-1-1-600x639.jpg",400,426,true],"woocommerce_gallery_thumbnail":["https:\/\/www.tabelamatik.com\/fi\/wp-content\/uploads\/sites\/18\/2025\/11\/Cafe-tabelasi-1-1-100x100.jpg",100,100,true]},"uagb_author_info":{"display_name":"Murat \u015eeimen","author_link":"https:\/\/www.tabelamatik.com\/fi\/author\/"},"uagb_comment_info":0,"uagb_excerpt":"Vintage-luokan metallinen A-muotoinen sohvap\u00f6yt\u00e4. Voidaan k\u00e4ytt\u00e4\u00e4 ruokalistoihin, kampanjakyltteihin ja muihin mainosmateriaaleihin. Sopii esimerkiksi kahvin, latten, teen, chain, bageleiden ja kakkujen esillepanoon. Paremman n\u00e4kym\u00e4n saat, kun n\u00e4et ruokalistan itse parhaalla mahdollisella tavalla.","_links":{"self":[{"href":"https:\/\/www.tabelamatik.com\/fi\/wp-json\/wp\/v2\/product\/17220","targetHints":{"allow":["GET"]}}],"collection":[{"href":"https:\/\/www.tabelamatik.com\/fi\/wp-json\/wp\/v2\/product"}],"about":[{"href":"https:\/\/www.tabelamatik.com\/fi\/wp-json\/wp\/v2\/types\/product"}],"replies":[{"embeddable":true,"href":"https:\/\/www.tabelamatik.com\/fi\/wp-json\/wp\/v2\/comments?post=17220"}],"wp:featuredmedia":[{"embeddable":true,"href":"https:\/\/www.tabelamatik.com\/fi\/wp-json\/wp\/v2\/media\/16102"}],"wp:attachment":[{"href":"https:\/\/www.tabelamatik.com\/fi\/wp-json\/wp\/v2\/media?parent=17220"}],"wp:term":[{"taxonomy":"product_brand","embeddable":true,"href":"https:\/\/www.tabelamatik.com\/fi\/wp-json\/wp\/v2\/product_brand?post=17220"},{"taxonomy":"product_cat","embeddable":true,"href":"https:\/\/www.tabelamatik.com\/fi\/wp-json\/wp\/v2\/product_cat?post=17220"},{"taxonomy":"product_tag","embeddable":true,"href":"https:\/\/www.tabelamatik.com\/fi\/wp-json\/wp\/v2\/product_tag?post=17220"}],"curies":[{"name":"wp","href":"https:\/\/api.w.org\/{rel}","templated":true}]}}