{"id":18140,"date":"2026-01-26T08:53:10","date_gmt":"2026-01-26T05:53:10","guid":{"rendered":"https:\/\/www.tabelamatik.com\/fr\/?post_type=product&#038;p=18140"},"modified":"2026-01-26T08:53:17","modified_gmt":"2026-01-26T05:53:17","slug":"boite-en-acrylique-sur-mesure-avec-couvercle-coulissant-2","status":"publish","type":"product","link":"https:\/\/www.tabelamatik.com\/fr\/produit\/boite-en-acrylique-sur-mesure-avec-couvercle-coulissant-2\/","title":{"rendered":"Bo\u00eete en acrylique sur mesure avec couvercle coulissant"},"content":{"rendered":"<ul>\n<li><strong>Quantit\u00e9 minimale de commande\u00a0:<\/strong> 100 pi\u00e8ces (peut varier selon la taille et la couleur du produit).<\/li>\n<li><strong>Mat\u00e9riaux\u00a0:<\/strong> Acrylique \/ Perspex \/ PMMA (thermoplastique transparent et durable).<\/li>\n<li><strong>Personnalisation\u00a0:<\/strong> Tous les mod\u00e8les, y compris la couleur, la forme et la taille, peuvent \u00eatre personnalis\u00e9s selon vos souhaits.<\/li>\n<li><strong>Conception gratuite\u00a0:<\/strong> La conception et les frais de moule sont offerts pour les commandes personnalis\u00e9es.<\/li>\n<li><strong>\u00c9chantillons\u00a0:<\/strong> Un \u00e9chantillon peut vous \u00eatre livr\u00e9 avant de passer commande.<\/li>\n<li><strong>D\u00e9lai d&rsquo;\u00e9chantillonnage\u00a0:<\/strong> 3 \u00e0 5 jours ouvrables.<\/li>\n<li><strong>D\u00e9lai de production\u00a0:<\/strong> 10 \u00e0 20 jours ouvrables (peut varier selon les d\u00e9tails de la commande).<\/li>\n<li><strong>Garantie qualit\u00e9 et prix comp\u00e9titifs\u00a0:<\/strong> Nous offrons une garantie de qualit\u00e9 \u00e0 100\u00a0% et des prix tr\u00e8s comp\u00e9titifs.<\/li>\n<\/ul>\n<p><strong>Remarque\u00a0:<\/strong> Notre gamme de produits ne se limite pas \u00e0 ceux pr\u00e9sent\u00e9s ici. Sur notre site web, vous trouverez des produits en acrylique de toutes tailles, couleurs et formes. N&rsquo;h\u00e9sitez pas \u00e0 nous contacter pour plus d&rsquo;informations ou pour toute demande particuli\u00e8re.<\/p>\n","protected":false},"excerpt":{"rendered":"<p>La bo\u00eete en acrylique avec couvercle est l&rsquo;un des produits en plexiglas les plus populaires gr\u00e2ce \u00e0 son design transparent et moderne. Le couvercle coulissant s&#8217;embo\u00eete facilement dans des rainures pr\u00e9vues \u00e0 cet effet et peut s&rsquo;ouvrir dans un sens ou dans l&rsquo;autre. Diff\u00e9rents mod\u00e8les et tailles sont disponibles pour r\u00e9pondre \u00e0 vos besoins.<\/p>\n","protected":false},"featured_media":16892,"comment_status":"open","ping_status":"closed","template":"","meta":{"_crdt_document":"","_uag_custom_page_level_css":"","site-sidebar-layout":"default","site-content-layout":"","ast-site-content-layout":"default","site-content-style":"default","site-sidebar-style":"default","ast-global-header-display":"","ast-banner-title-visibility":"","ast-main-header-display":"","ast-hfb-above-header-display":"","ast-hfb-below-header-display":"","ast-hfb-mobile-header-display":"","site-post-title":"","ast-breadcrumbs-content":"","ast-featured-img":"","footer-sml-layout":"","ast-disable-related-posts":"","theme-transparent-header-meta":"","adv-header-id-meta":"","stick-header-meta":"","header-above-stick-meta":"","header-main-stick-meta":"","header-below-stick-meta":"","astra-migrate-meta-layouts":"default","ast-page-background-enabled":"default","ast-page-background-meta":{"desktop":{"background-color":"var(--ast-global-color-5)","background-image":"","background-repeat":"repeat","background-position":"center center","background-size":"auto","background-attachment":"scroll","background-type":"","background-media":"","overlay-type":"","overlay-color":"","overlay-opacity":"","overlay-gradient":""},"tablet":{"background-color":"","background-image":"","background-repeat":"repeat","background-position":"center center","background-size":"auto","background-attachment":"scroll","background-type":"","background-media":"","overlay-type":"","overlay-color":"","overlay-opacity":"","overlay-gradient":""},"mobile":{"background-color":"","background-image":"","background-repeat":"repeat","background-position":"center center","background-size":"auto","background-attachment":"scroll","background-type":"","background-media":"","overlay-type":"","overlay-color":"","overlay-opacity":"","overlay-gradient":""}},"ast-content-background-meta":{"desktop":{"background-color":"var(--ast-global-color-4)","background-image":"","background-repeat":"repeat","background-position":"center center","background-size":"auto","background-attachment":"scroll","background-type":"","background-media":"","overlay-type":"","overlay-color":"","overlay-opacity":"","overlay-gradient":""},"tablet":{"background-color":"var(--ast-global-color-4)","background-image":"","background-repeat":"repeat","background-position":"center center","background-size":"auto","background-attachment":"scroll","background-type":"","background-media":"","overlay-type":"","overlay-color":"","overlay-opacity":"","overlay-gradient":""},"mobile":{"background-color":"var(--ast-global-color-4)","background-image":"","background-repeat":"repeat","background-position":"center center","background-size":"auto","background-attachment":"scroll","background-type":"","background-media":"","overlay-type":"","overlay-color":"","overlay-opacity":"","overlay-gradient":""}}},"product_brand":[230],"product_cat":[1179,1124],"product_tag":[],"class_list":{"0":"post-18140","1":"product","2":"type-product","3":"status-publish","4":"has-post-thumbnail","6":"product_brand-tabelamatik","7":"product_cat-produits-en-plexiglas","8":"product_cat-tous-les-produits","9":"desktop-align-left","10":"tablet-align-left","11":"mobile-align-left","13":"first","14":"instock","15":"taxable","16":"shipping-taxable","17":"purchasable","18":"product-type-simple"},"uagb_featured_image_src":{"full":["https:\/\/www.tabelamatik.com\/fr\/wp-content\/uploads\/sites\/19\/2025\/11\/Plexi-_kutular-.jpg",1080,1080,false],"thumbnail":["https:\/\/www.tabelamatik.com\/fr\/wp-content\/uploads\/sites\/19\/2025\/11\/Plexi-_kutular--150x150.jpg",150,150,true],"medium":["https:\/\/www.tabelamatik.com\/fr\/wp-content\/uploads\/sites\/19\/2025\/11\/Plexi-_kutular--300x300.jpg",300,300,true],"medium_large":["https:\/\/www.tabelamatik.com\/fr\/wp-content\/uploads\/sites\/19\/2025\/11\/Plexi-_kutular--768x768.jpg",768,768,true],"large":["https:\/\/www.tabelamatik.com\/fr\/wp-content\/uploads\/sites\/19\/2025\/11\/Plexi-_kutular--1024x1024.jpg",1024,1024,true],"1536x1536":["https:\/\/www.tabelamatik.com\/fr\/wp-content\/uploads\/sites\/19\/2025\/11\/Plexi-_kutular-.jpg",1080,1080,false],"2048x2048":["https:\/\/www.tabelamatik.com\/fr\/wp-content\/uploads\/sites\/19\/2025\/11\/Plexi-_kutular-.jpg",1080,1080,false],"woocommerce_thumbnail":["https:\/\/www.tabelamatik.com\/fr\/wp-content\/uploads\/sites\/19\/2025\/11\/Plexi-_kutular--300x300.jpg",300,300,true],"woocommerce_single":["https:\/\/www.tabelamatik.com\/fr\/wp-content\/uploads\/sites\/19\/2025\/11\/Plexi-_kutular--600x600.jpg",400,400,true],"woocommerce_gallery_thumbnail":["https:\/\/www.tabelamatik.com\/fr\/wp-content\/uploads\/sites\/19\/2025\/11\/Plexi-_kutular--100x100.jpg",100,100,true]},"uagb_author_info":{"display_name":"Murat \u015eeimen","author_link":"https:\/\/www.tabelamatik.com\/fr\/author\/"},"uagb_comment_info":0,"uagb_excerpt":"La bo\u00eete en acrylique avec couvercle est l'un des produits en plexiglas les plus populaires gr\u00e2ce \u00e0 son design transparent et moderne. Le couvercle coulissant s'embo\u00eete facilement dans des rainures pr\u00e9vues \u00e0 cet effet et peut s'ouvrir dans un sens ou dans l'autre. Diff\u00e9rents mod\u00e8les et tailles sont disponibles pour r\u00e9pondre \u00e0 vos besoins.","_links":{"self":[{"href":"https:\/\/www.tabelamatik.com\/fr\/wp-json\/wp\/v2\/product\/18140","targetHints":{"allow":["GET"]}}],"collection":[{"href":"https:\/\/www.tabelamatik.com\/fr\/wp-json\/wp\/v2\/product"}],"about":[{"href":"https:\/\/www.tabelamatik.com\/fr\/wp-json\/wp\/v2\/types\/product"}],"replies":[{"embeddable":true,"href":"https:\/\/www.tabelamatik.com\/fr\/wp-json\/wp\/v2\/comments?post=18140"}],"wp:featuredmedia":[{"embeddable":true,"href":"https:\/\/www.tabelamatik.com\/fr\/wp-json\/wp\/v2\/media\/16892"}],"wp:attachment":[{"href":"https:\/\/www.tabelamatik.com\/fr\/wp-json\/wp\/v2\/media?parent=18140"}],"wp:term":[{"taxonomy":"product_brand","embeddable":true,"href":"https:\/\/www.tabelamatik.com\/fr\/wp-json\/wp\/v2\/product_brand?post=18140"},{"taxonomy":"product_cat","embeddable":true,"href":"https:\/\/www.tabelamatik.com\/fr\/wp-json\/wp\/v2\/product_cat?post=18140"},{"taxonomy":"product_tag","embeddable":true,"href":"https:\/\/www.tabelamatik.com\/fr\/wp-json\/wp\/v2\/product_tag?post=18140"}],"curies":[{"name":"wp","href":"https:\/\/api.w.org\/{rel}","templated":true}]}}