{"id":17894,"date":"2026-01-26T16:29:50","date_gmt":"2026-01-26T13:29:50","guid":{"rendered":"https:\/\/www.tabelamatik.com\/hu\/?post_type=product&#038;p=17894"},"modified":"2026-01-26T16:29:59","modified_gmt":"2026-01-26T13:29:59","slug":"ajtoszam","status":"publish","type":"product","link":"https:\/\/www.tabelamatik.com\/hu\/termek\/ajtoszam\/","title":{"rendered":"Ajt\u00f3sz\u00e1m"},"content":{"rendered":"<div class=\"detailmodule_text\">\n<p class=\"detail-desc-decorate-title\" data-spm-anchor-id=\"a2g0o.detail.1000023.i0.49ce1d9bi2YwHr\">7,5 cm magas, \u00f6ntapad\u00f3s akril h\u00e1zsz\u00e1mt\u00e1bla<\/p>\n<\/div>\n<div class=\"detailmodule_text\">\n<p class=\"detail-desc-decorate-content\" data-spm-anchor-id=\"a2g0o.detail.1000023.i1.49ce1d9bi2YwHr\">Jellemz\u0151k:<\/p>\n<p>-Sz\u00edn: Fekete\/Ez\u00fcst\/Arany<br \/>-Anyag: Akril<br \/>-Magass\u00e1g: 7,5 cm. (Kb. 7,5 cm)<\/p>\n<\/div>\n<div style=\"font-family: Arial, sans-serif;text-align: center\" data-mce-style=\"font-family: Arial, sans-serif; text-align: center;\">\n<h2>Akril plexi lev\u00e9l megrendel\u0151lap<\/h2>\n<p>K\u00e9rj\u00fck, rendel\u00e9s\u00e9t a lak\u00e1ssz\u00e1m megad\u00e1s\u00e1val hozza l\u00e9tre.<\/p>\n<p><!-- Egyszer\u0171 \u0171rlap ind\u00edt\u00e1sa --><\/p>\n<p><!-- Lak\u00e1ssz\u00e1m kiv\u00e1laszt\u00e1sa --><br \/><label style=\"font-size: 18px\" for=\"apartmentNumber\" data-mce-style=\"font-size: 18px;\">Adja meg lak\u00e1ssz\u00e1m\u00e1t:<\/label><br \/><!-- K\u00fcl\u00f6nleges k\u00e9r\u00e9sek --><br \/><label style=\"font-size: 18px\" for=\"specialNotes\" data-mce-style=\"font-size: 18px;\">K\u00fcl\u00f6nleges k\u00e9r\u00e9sek (opcion\u00e1lis) csatlakoztatva):<\/label><br \/><textarea id=\"ozelNotlar\" style=\"padding: 10px; width: 80%;font-size: 16px\" name=\"ozelNotlar\" rows=\"4\" data-mce-style=\"padding: 10px; width: 80%; font-size: 16px;\"><\/textarea><\/p>\n<p><!-- Rendel\u00e9s gomb --><br \/><button style=\"background-color: #4caf50;color: white; padding: 10px 20px;font-size: 18px;border: none;cursor: pointer\" type=\"submit\" data-mce-style=\"background-color: #4caf50; color: white; padding: 10px 20px; font-size: 18px; border: none; cursor: pointer;\"><br \/>Rendel\u00e9s lead\u00e1sa<br \/><\/button><\/p>\n<\/div>\n","protected":false},"excerpt":{"rendered":"<div style=\"max-width: 400px; margin: auto; padding: 20px; font-family: Arial, sans-serif; background-color: #f9f9f9;border-radius: 10px\" data-mce-style=\"max-width: 400px; margin: auto; padding: 20px; font-family: Arial, sans-serif; background-color: #f9f9f9; border-radius: 10px; box-shadow: 0 4px 8px rgba(0,0,0,0.1);\">\n<h2 style=\"color: #333;text-align: center;font-size: 24px;margin-bottom: 20px\" data-mce-style=\"color: #333; text-align: center; font-size: 24px; margin-bottom: 20px;\">Akril Plexi Bet\u0171rend<\/h2>\n<p style=\"color:\" #555;text-align: center;margin-bottom: 20px\" data-mce-style=\"color: #555; text-align: center; margin-bottom: 20px;\">Rendel\u00e9s lead\u00e1s\u00e1hoz adja meg a lak\u00e1ssz\u00e1m\u00e1t \u00e9s a k\u00fcl\u00f6nleges k\u00e9r\u00e9seit.<\/p>\n<p><!-- Elegant Form Start --><\/p>\n<p><!-- Lak\u00e1ssz\u00e1m kiv\u00e1laszt\u00e1sa --><br \/><label for=\"apartmentNumber\" style=\"color: #555;font-size: 18px\" data-mce-style=\"color: #555; font-size: 18px;\">Az \u00d6n lak\u00e1ssz\u00e1ma:<\/label><\/p>\n<p><!-- K\u00fcl\u00f6nleges k\u00e9r\u00e9sek --><br \/><label for=\"specialNotes\" style=\"color: #555;font-size: 18px\" data-mce-style=\"color: #555; font-size: 18px;\">K\u00fcl\u00f6nleges k\u00e9r\u00e9sek (opcion\u00e1lis) Bound):<\/label><br \/><textarea id=\"ozelNotlar\" name=\"ozelNotlar\" rows=\"4\" style=\"padding: 10px; font-size: 16px; border: 1px solid #ccc; border-radius: 5px\" data-mce-style=\"padding: 10px; font-size: 16px; border: 1px solid #ccc; border-radius: 5px;\"><\/textarea><\/p>\n<p><!-- Rendel\u00e9s gomb --><br \/><button type=\"submit\" style=\"background-color: #4caf50;color: white; padding: 12px 20px;font-size: 18px;border: none;border-radius: 5px;cursor: pointer\" data-mce-style=\"background-color: #4caf50; color: white padding: 12px 20px; font-size: 18px; border:none; border-radius: 5px; cursor: pointer; transition: background-color 0,3 mp;\"><br \/>Rendel\u00e9s<br \/><\/button><\/p>\n<\/div>\n","protected":false},"featured_media":16553,"comment_status":"open","ping_status":"closed","template":"","meta":{"_crdt_document":"","_uag_custom_page_level_css":"","site-sidebar-layout":"default","site-content-layout":"","ast-site-content-layout":"default","site-content-style":"default","site-sidebar-style":"default","ast-global-header-display":"","ast-banner-title-visibility":"","ast-main-header-display":"","ast-hfb-above-header-display":"","ast-hfb-below-header-display":"","ast-hfb-mobile-header-display":"","site-post-title":"","ast-breadcrumbs-content":"","ast-featured-img":"","footer-sml-layout":"","ast-disable-related-posts":"","theme-transparent-header-meta":"","adv-header-id-meta":"","stick-header-meta":"","header-above-stick-meta":"","header-main-stick-meta":"","header-below-stick-meta":"","astra-migrate-meta-layouts":"default","ast-page-background-enabled":"default","ast-page-background-meta":{"desktop":{"background-color":"var(--ast-global-color-5)","background-image":"","background-repeat":"repeat","background-position":"center center","background-size":"auto","background-attachment":"scroll","background-type":"","background-media":"","overlay-type":"","overlay-color":"","overlay-opacity":"","overlay-gradient":""},"tablet":{"background-color":"","background-image":"","background-repeat":"repeat","background-position":"center center","background-size":"auto","background-attachment":"scroll","background-type":"","background-media":"","overlay-type":"","overlay-color":"","overlay-opacity":"","overlay-gradient":""},"mobile":{"background-color":"","background-image":"","background-repeat":"repeat","background-position":"center center","background-size":"auto","background-attachment":"scroll","background-type":"","background-media":"","overlay-type":"","overlay-color":"","overlay-opacity":"","overlay-gradient":""}},"ast-content-background-meta":{"desktop":{"background-color":"var(--ast-global-color-4)","background-image":"","background-repeat":"repeat","background-position":"center center","background-size":"auto","background-attachment":"scroll","background-type":"","background-media":"","overlay-type":"","overlay-color":"","overlay-opacity":"","overlay-gradient":""},"tablet":{"background-color":"var(--ast-global-color-4)","background-image":"","background-repeat":"repeat","background-position":"center center","background-size":"auto","background-attachment":"scroll","background-type":"","background-media":"","overlay-type":"","overlay-color":"","overlay-opacity":"","overlay-gradient":""},"mobile":{"background-color":"var(--ast-global-color-4)","background-image":"","background-repeat":"repeat","background-position":"center center","background-size":"auto","background-attachment":"scroll","background-type":"","background-media":"","overlay-type":"","overlay-color":"","overlay-opacity":"","overlay-gradient":""}}},"product_brand":[230],"product_cat":[1127,1124],"product_tag":[],"class_list":{"0":"post-17894","1":"product","2":"type-product","3":"status-publish","4":"has-post-thumbnail","6":"product_brand-tabelamatik","7":"product_cat-megvilagitott-es-nem-megvilagitott-jelzesek","8":"product_cat-minden-termek","9":"product_shipping_class-ucretsiz-gonderimler","10":"desktop-align-left","11":"tablet-align-left","12":"mobile-align-left","14":"first","15":"instock","16":"taxable","17":"shipping-taxable","18":"purchasable","19":"product-type-simple"},"uagb_featured_image_src":{"full":["https:\/\/www.tabelamatik.com\/hu\/wp-content\/uploads\/sites\/23\/2025\/11\/kapi-tabelalari.jpg",800,800,false],"thumbnail":["https:\/\/www.tabelamatik.com\/hu\/wp-content\/uploads\/sites\/23\/2025\/11\/kapi-tabelalari-150x150.jpg",150,150,true],"medium":["https:\/\/www.tabelamatik.com\/hu\/wp-content\/uploads\/sites\/23\/2025\/11\/kapi-tabelalari-300x300.jpg",300,300,true],"medium_large":["https:\/\/www.tabelamatik.com\/hu\/wp-content\/uploads\/sites\/23\/2025\/11\/kapi-tabelalari-768x768.jpg",768,768,true],"large":["https:\/\/www.tabelamatik.com\/hu\/wp-content\/uploads\/sites\/23\/2025\/11\/kapi-tabelalari.jpg",800,800,false],"1536x1536":["https:\/\/www.tabelamatik.com\/hu\/wp-content\/uploads\/sites\/23\/2025\/11\/kapi-tabelalari.jpg",800,800,false],"2048x2048":["https:\/\/www.tabelamatik.com\/hu\/wp-content\/uploads\/sites\/23\/2025\/11\/kapi-tabelalari.jpg",800,800,false],"woocommerce_thumbnail":["https:\/\/www.tabelamatik.com\/hu\/wp-content\/uploads\/sites\/23\/2025\/11\/kapi-tabelalari-300x300.jpg",300,300,true],"woocommerce_single":["https:\/\/www.tabelamatik.com\/hu\/wp-content\/uploads\/sites\/23\/2025\/11\/kapi-tabelalari-600x600.jpg",400,400,true],"woocommerce_gallery_thumbnail":["https:\/\/www.tabelamatik.com\/hu\/wp-content\/uploads\/sites\/23\/2025\/11\/kapi-tabelalari-100x100.jpg",100,100,true]},"uagb_author_info":{"display_name":"Murat \u015eeimen","author_link":"https:\/\/www.tabelamatik.com\/hu\/author\/"},"uagb_comment_info":0,"uagb_excerpt":"Akril Plexi Bet\u0171rend","_links":{"self":[{"href":"https:\/\/www.tabelamatik.com\/hu\/wp-json\/wp\/v2\/product\/17894","targetHints":{"allow":["GET"]}}],"collection":[{"href":"https:\/\/www.tabelamatik.com\/hu\/wp-json\/wp\/v2\/product"}],"about":[{"href":"https:\/\/www.tabelamatik.com\/hu\/wp-json\/wp\/v2\/types\/product"}],"replies":[{"embeddable":true,"href":"https:\/\/www.tabelamatik.com\/hu\/wp-json\/wp\/v2\/comments?post=17894"}],"wp:featuredmedia":[{"embeddable":true,"href":"https:\/\/www.tabelamatik.com\/hu\/wp-json\/wp\/v2\/media\/16553"}],"wp:attachment":[{"href":"https:\/\/www.tabelamatik.com\/hu\/wp-json\/wp\/v2\/media?parent=17894"}],"wp:term":[{"taxonomy":"product_brand","embeddable":true,"href":"https:\/\/www.tabelamatik.com\/hu\/wp-json\/wp\/v2\/product_brand?post=17894"},{"taxonomy":"product_cat","embeddable":true,"href":"https:\/\/www.tabelamatik.com\/hu\/wp-json\/wp\/v2\/product_cat?post=17894"},{"taxonomy":"product_tag","embeddable":true,"href":"https:\/\/www.tabelamatik.com\/hu\/wp-json\/wp\/v2\/product_tag?post=17894"}],"curies":[{"name":"wp","href":"https:\/\/api.w.org\/{rel}","templated":true}]}}