{"id":17901,"date":"2026-01-26T16:29:52","date_gmt":"2026-01-26T13:29:52","guid":{"rendered":"https:\/\/www.tabelamatik.com\/hu\/?post_type=product&#038;p=17901"},"modified":"2026-01-26T16:30:04","modified_gmt":"2026-01-26T13:30:04","slug":"megvilagitott-plexi-doboz-tabla","status":"publish","type":"product","link":"https:\/\/www.tabelamatik.com\/hu\/termek\/megvilagitott-plexi-doboz-tabla\/","title":{"rendered":"Megvil\u00e1g\u00edtott plexi doboz t\u00e1bla"},"content":{"rendered":"<ol>\n<li>\n<h3 style=\"text-align: left;\">M\u00c9RETEK<\/h3>\n<\/li>\n<li>25x25x25x25x50 cm<\/li>\n<li><\/li>\n<li>\n<h3>ANYAG<\/h3>\n<\/li>\n<li>Plexi\u00fcveg<\/li>\n<li><\/li>\n<li>VIL\u00c1G\u00cdT\u00c1S<\/h3>\n<\/li>\n<li>Modul LED<\/li>\n<li>K\u00fclt\u00e9ri haszn\u00e1latra alkalmas<\/li>\n<li><\/li>\n<li>Ez a f\u00fcgg\u0151legesen szerelhet\u0151 fali t\u00e1bla modern \u00e9s leny\u0171g\u00f6z\u0151 hirdet\u00e9si vagy inform\u00e1ci\u00f3s megold\u00e1st k\u00edn\u00e1l. Az ilyen t\u00edpus\u00fa t\u00e1bl\u00e1kat gyakran haszn\u00e1lj\u00e1k kiemelten v\u00e1llalkoz\u00e1sok vagy int\u00e9zm\u00e9nyek bej\u00e1rat\u00e1n\u00e1l, v\u00e1s\u00e1ri standokn\u00e1l, kirakatokban vagy belt\u00e9ren.\n<p>A megvil\u00e1g\u00edtott plexi egy akril vagy plexi\u00fcveg t\u00edpus, amely egy \u00e1tl\u00e1tsz\u00f3 m\u0171anyag. Magas f\u00e9ny\u00e1tereszt\u0151 k\u00e9pess\u00e9g\u00e9nek k\u00f6sz\u00f6nhet\u0151en ez az anyag maximaliz\u00e1lja a benne elhelyezett LED-l\u00e1mp\u00e1k hat\u00e1s\u00e1t. A t\u00e1bla h\u00e1tulj\u00e1n elhelyezett LED-es f\u00e9nyforr\u00e1sok homog\u00e9nen oszlanak el a plexi\u00fcveg panelen, biztos\u00edtva, hogy a vizu\u00e1lis megjelen\u00e9s \u00e9l\u00e9nk \u00e9s f\u00e9nyes legyen. A falra f\u00fcgg\u0151legesen szerelhet\u0151 t\u00e1bl\u00e1kat \u00e1ltal\u00e1ban v\u00e9kony \u00e9s eleg\u00e1ns profil\u00fa alum\u00ednium keretek tartj\u00e1k. Ezeket a kereteket haszn\u00e1lj\u00e1k a t\u00e1bla r\u00f6gz\u00edt\u00e9s\u00e9re \u00e9s a falra val\u00f3 egyszer\u0171 felszerel\u00e9s\u00e9re. K\u00fcl\u00f6nb\u00f6z\u0151 \u00e1ll\u00edthat\u00f3 funkci\u00f3kkal is rendelkezhetnek, hogy optimaliz\u00e1lj\u00e1k a t\u00e1bl\u00e1n l\u00e9v\u0151 LED-es f\u00e9nyforr\u00e1sok energiafogyaszt\u00e1s\u00e1t. A megvil\u00e1g\u00edtott plexi\u00fcveg t\u00e1bl\u00e1k k\u00fcl\u00f6nb\u00f6z\u0151 form\u00e1kban \u00e9s m\u00e9retekben tervezhet\u0151k, testreszabhat\u00f3k \u00e9s szem\u00e9lyre szabhat\u00f3k k\u00edv\u00e1nt grafik\u00e1val, sz\u00f6veggel vagy log\u00f3kkal. Ez a fajta t\u00e1bla figyelemre m\u00e9lt\u00f3, hogy nappali \u00e9s \u00e9jszakai haszn\u00e1latra egyar\u00e1nt alkalmas. A megvil\u00e1g\u00edtott t\u00e1bla \u00e9jszaka vonzza a k\u00f6zelben tart\u00f3zkod\u00f3k figyelm\u00e9t, m\u00edg nappal a plexipanelnek k\u00f6sz\u00f6nhet\u0151en tiszta kil\u00e1t\u00e1st biztos\u00edt. A megvil\u00e1g\u00edtott plexi\u00fcvegb\u0151l k\u00e9sz\u00fclt, f\u00fcgg\u0151legesen szerelt fali t\u00e1bla belt\u00e9ren \u00e9s k\u00fclt\u00e9ren egyar\u00e1nt haszn\u00e1lhat\u00f3. St\u00edlusos \u00e9s modern kialak\u00edt\u00e1s\u00e1val fokozza v\u00e1llalkoz\u00e1sa vagy int\u00e9zm\u00e9nye im\u00e1zs\u00e1t, mik\u00f6zben vizu\u00e1lisan leny\u0171g\u00f6z\u0151 m\u00f3don k\u00f6zvet\u00edti \u00fczenet\u00e9t.<\/p>\n<p>Ez a fajta t\u00e1bla \u00f6tv\u00f6zi a vizu\u00e1lis vonzer\u0151t \u00e9s a funkcionalit\u00e1st, \u00edgy er\u0151teljesen hozz\u00e1j\u00e1rul a k\u00fcl\u00f6nb\u00f6z\u0151 \u00e1gazatokban m\u0171k\u00f6d\u0151 v\u00e1llalkoz\u00e1sok marketingstrat\u00e9gi\u00e1ihoz. Rekl\u00e1moz\u00e1si, m\u00e1rkaismerts\u00e9gi vagy inform\u00e1ci\u00f3s c\u00e9lokra haszn\u00e1lva a megvil\u00e1g\u00edtott plexit\u00e1bla ide\u00e1lis v\u00e1laszt\u00e1s a figyelem felkelt\u00e9s\u00e9re \u00e9s az \u00fczenet egy\u00e9rtelm\u0171 k\u00f6zvet\u00edt\u00e9s\u00e9re a c\u00e9lk\u00f6z\u00f6ns\u00e9g sz\u00e1m\u00e1ra.<\/p>\n","protected":false},"excerpt":{"rendered":"<p>Tegye v\u00e1llalkoz\u00e1s\u00e1t vonz\u00f3bb\u00e1 \u00e9s kiemelked\u0151bb\u00e9 most! Megvil\u00e1g\u00edtott plexi dobozos t\u00e1bl\u00e1ink t\u00f6k\u00e9letes megold\u00e1st k\u00edn\u00e1lnak k\u00e1v\u00e9z\u00f3k, \u00e9ttermek \u00e9s hasonl\u00f3 v\u00e1llalkoz\u00e1sok sz\u00e1m\u00e1ra. Egyedi formatervez\u00e9s\u00fcnkkel \u00e9s kiv\u00e1l\u00f3 min\u0151s\u00e9g\u0171 anyagainkkal n\u00f6velheti v\u00e1llalkoz\u00e1sa l\u00e1that\u00f3s\u00e1g\u00e1t, \u00e9s leny\u0171g\u00f6zheti \u00fcgyfeleit. \u00c9jjel-nappal t\u00e1bl\u00e1ja f\u00e9nyesen \u00e9s vonz\u00f3an fog ragyogni, \u00edgy v\u00e1llalkoz\u00e1sa felt\u0171n\u0151 els\u0151 benyom\u00e1st kelt a c\u00e9lk\u00f6z\u00f6ns\u00e9gben. Emelje ki v\u00e1llalkoz\u00e1sa m\u00e1rkaidentit\u00e1s\u00e1t testreszabhat\u00f3 diz\u00e1jnlehet\u0151s\u00e9gekkel \u00e9s tart\u00f3s vil\u00e1g\u00edt\u00e1ssal. Megvil\u00e1g\u00edtott plexi dobozos t\u00e1bl\u00e1ink ismertt\u00e9 teszik v\u00e1llalkoz\u00e1sa nev\u00e9t az utc\u00e1kon. L\u00e9pjen kapcsolatba vel\u00fcnk m\u00e9g ma, \u00e9s szerezzen be egy olyan t\u00e1bl\u00e1t, amely kiemeli v\u00e1llalkoz\u00e1s\u00e1t!<\/p>\n","protected":false},"featured_media":16585,"comment_status":"closed","ping_status":"closed","template":"","meta":{"_crdt_document":"","_uag_custom_page_level_css":"","site-sidebar-layout":"default","site-content-layout":"","ast-site-content-layout":"default","site-content-style":"default","site-sidebar-style":"default","ast-global-header-display":"","ast-banner-title-visibility":"","ast-main-header-display":"","ast-hfb-above-header-display":"","ast-hfb-below-header-display":"","ast-hfb-mobile-header-display":"","site-post-title":"","ast-breadcrumbs-content":"","ast-featured-img":"","footer-sml-layout":"","ast-disable-related-posts":"","theme-transparent-header-meta":"","adv-header-id-meta":"","stick-header-meta":"","header-above-stick-meta":"","header-main-stick-meta":"","header-below-stick-meta":"","astra-migrate-meta-layouts":"default","ast-page-background-enabled":"default","ast-page-background-meta":{"desktop":{"background-color":"var(--ast-global-color-5)","background-image":"","background-repeat":"repeat","background-position":"center center","background-size":"auto","background-attachment":"scroll","background-type":"","background-media":"","overlay-type":"","overlay-color":"","overlay-opacity":"","overlay-gradient":""},"tablet":{"background-color":"","background-image":"","background-repeat":"repeat","background-position":"center center","background-size":"auto","background-attachment":"scroll","background-type":"","background-media":"","overlay-type":"","overlay-color":"","overlay-opacity":"","overlay-gradient":""},"mobile":{"background-color":"","background-image":"","background-repeat":"repeat","background-position":"center center","background-size":"auto","background-attachment":"scroll","background-type":"","background-media":"","overlay-type":"","overlay-color":"","overlay-opacity":"","overlay-gradient":""}},"ast-content-background-meta":{"desktop":{"background-color":"var(--ast-global-color-4)","background-image":"","background-repeat":"repeat","background-position":"center center","background-size":"auto","background-attachment":"scroll","background-type":"","background-media":"","overlay-type":"","overlay-color":"","overlay-opacity":"","overlay-gradient":""},"tablet":{"background-color":"var(--ast-global-color-4)","background-image":"","background-repeat":"repeat","background-position":"center center","background-size":"auto","background-attachment":"scroll","background-type":"","background-media":"","overlay-type":"","overlay-color":"","overlay-opacity":"","overlay-gradient":""},"mobile":{"background-color":"var(--ast-global-color-4)","background-image":"","background-repeat":"repeat","background-position":"center center","background-size":"auto","background-attachment":"scroll","background-type":"","background-media":"","overlay-type":"","overlay-color":"","overlay-opacity":"","overlay-gradient":""}}},"product_brand":[230],"product_cat":[1576,1127,1124,1600,1598],"product_tag":[1602,1586,1210,1601],"class_list":{"0":"post-17901","1":"product","2":"type-product","3":"status-publish","4":"has-post-thumbnail","6":"product_brand-tabelamatik","7":"product_cat-irodak-es-vallalati-vallalkozasok","8":"product_cat-megvilagitott-es-nem-megvilagitott-jelzesek","9":"product_cat-minden-termek","10":"product_cat-szallodai-promocios-tablak","11":"product_cat-uzleti-uzleten-kivuli-tablak-kiskereskedelem-es-arucikkek","12":"product_tag-doboz-alaku-fuggoleges-tabla","13":"product_tag-epiteszeti-tabla","14":"product_tag-kavezotabla","15":"product_tag-stilusos-megvilagitott-tabla","16":"product_shipping_class-ucretsiz-gonderimler","17":"desktop-align-left","18":"tablet-align-left","19":"mobile-align-left","21":"first","22":"instock","23":"taxable","24":"shipping-taxable","25":"purchasable","26":"product-type-simple"},"uagb_featured_image_src":{"full":["https:\/\/www.tabelamatik.com\/hu\/wp-content\/uploads\/sites\/23\/2025\/11\/1000092264.jpg",960,960,false],"thumbnail":["https:\/\/www.tabelamatik.com\/hu\/wp-content\/uploads\/sites\/23\/2025\/11\/1000092264-150x150.jpg",150,150,true],"medium":["https:\/\/www.tabelamatik.com\/hu\/wp-content\/uploads\/sites\/23\/2025\/11\/1000092264-300x300.jpg",300,300,true],"medium_large":["https:\/\/www.tabelamatik.com\/hu\/wp-content\/uploads\/sites\/23\/2025\/11\/1000092264-768x768.jpg",768,768,true],"large":["https:\/\/www.tabelamatik.com\/hu\/wp-content\/uploads\/sites\/23\/2025\/11\/1000092264.jpg",960,960,false],"1536x1536":["https:\/\/www.tabelamatik.com\/hu\/wp-content\/uploads\/sites\/23\/2025\/11\/1000092264.jpg",960,960,false],"2048x2048":["https:\/\/www.tabelamatik.com\/hu\/wp-content\/uploads\/sites\/23\/2025\/11\/1000092264.jpg",960,960,false],"woocommerce_thumbnail":["https:\/\/www.tabelamatik.com\/hu\/wp-content\/uploads\/sites\/23\/2025\/11\/1000092264-300x300.jpg",300,300,true],"woocommerce_single":["https:\/\/www.tabelamatik.com\/hu\/wp-content\/uploads\/sites\/23\/2025\/11\/1000092264-600x600.jpg",400,400,true],"woocommerce_gallery_thumbnail":["https:\/\/www.tabelamatik.com\/hu\/wp-content\/uploads\/sites\/23\/2025\/11\/1000092264-100x100.jpg",100,100,true]},"uagb_author_info":{"display_name":"Murat \u015eeimen","author_link":"https:\/\/www.tabelamatik.com\/hu\/author\/"},"uagb_comment_info":0,"uagb_excerpt":"Tegye v\u00e1llalkoz\u00e1s\u00e1t vonz\u00f3bb\u00e1 \u00e9s kiemelked\u0151bb\u00e9 most! Megvil\u00e1g\u00edtott plexi dobozos t\u00e1bl\u00e1ink t\u00f6k\u00e9letes megold\u00e1st k\u00edn\u00e1lnak k\u00e1v\u00e9z\u00f3k, \u00e9ttermek \u00e9s hasonl\u00f3 v\u00e1llalkoz\u00e1sok sz\u00e1m\u00e1ra. Egyedi formatervez\u00e9s\u00fcnkkel \u00e9s kiv\u00e1l\u00f3 min\u0151s\u00e9g\u0171 anyagainkkal n\u00f6velheti v\u00e1llalkoz\u00e1sa l\u00e1that\u00f3s\u00e1g\u00e1t, \u00e9s leny\u0171g\u00f6zheti \u00fcgyfeleit. \u00c9jjel-nappal t\u00e1bl\u00e1ja f\u00e9nyesen \u00e9s vonz\u00f3an fog ragyogni, \u00edgy v\u00e1llalkoz\u00e1sa felt\u0171n\u0151 els\u0151 benyom\u00e1st kelt a c\u00e9lk\u00f6z\u00f6ns\u00e9gben. Emelje ki v\u00e1llalkoz\u00e1sa m\u00e1rkaidentit\u00e1s\u00e1t testreszabhat\u00f3 diz\u00e1jnlehet\u0151s\u00e9gekkel \u00e9s tart\u00f3s vil\u00e1g\u00edt\u00e1ssal.&hellip;","_links":{"self":[{"href":"https:\/\/www.tabelamatik.com\/hu\/wp-json\/wp\/v2\/product\/17901","targetHints":{"allow":["GET"]}}],"collection":[{"href":"https:\/\/www.tabelamatik.com\/hu\/wp-json\/wp\/v2\/product"}],"about":[{"href":"https:\/\/www.tabelamatik.com\/hu\/wp-json\/wp\/v2\/types\/product"}],"replies":[{"embeddable":true,"href":"https:\/\/www.tabelamatik.com\/hu\/wp-json\/wp\/v2\/comments?post=17901"}],"wp:featuredmedia":[{"embeddable":true,"href":"https:\/\/www.tabelamatik.com\/hu\/wp-json\/wp\/v2\/media\/16585"}],"wp:attachment":[{"href":"https:\/\/www.tabelamatik.com\/hu\/wp-json\/wp\/v2\/media?parent=17901"}],"wp:term":[{"taxonomy":"product_brand","embeddable":true,"href":"https:\/\/www.tabelamatik.com\/hu\/wp-json\/wp\/v2\/product_brand?post=17901"},{"taxonomy":"product_cat","embeddable":true,"href":"https:\/\/www.tabelamatik.com\/hu\/wp-json\/wp\/v2\/product_cat?post=17901"},{"taxonomy":"product_tag","embeddable":true,"href":"https:\/\/www.tabelamatik.com\/hu\/wp-json\/wp\/v2\/product_tag?post=17901"}],"curies":[{"name":"wp","href":"https:\/\/api.w.org\/{rel}","templated":true}]}}