{"id":18047,"date":"2026-01-26T09:52:49","date_gmt":"2026-01-26T06:52:49","guid":{"rendered":"https:\/\/www.tabelamatik.com\/it\/?post_type=product&#038;p=18047"},"modified":"2026-01-26T09:52:55","modified_gmt":"2026-01-26T06:52:55","slug":"insegna-di-fast-food-insegna-di-ristorante-insegna-di-bar","status":"publish","type":"product","link":"https:\/\/www.tabelamatik.com\/it\/prodotto\/insegna-di-fast-food-insegna-di-ristorante-insegna-di-bar\/","title":{"rendered":"Insegna di fast food | Insegna di ristorante | Insegna di bar"},"content":{"rendered":"<h4 style=\"text-align: left;\"><strong>Insegna per fast food | Insegna per ristorante | Insegna per bar<\/strong><\/h4>\n<h6 style=\"text-align: left;\">Materiale: Insegna luminosa in plexiglas<\/h6>\n<p style=\"text-align: left;\">Plug and play diretto a 220 V.<\/p>\n<p style=\"text-align: left;\">Insegna per porta con vista<\/p>\n<p style=\"text-align: left;\"><a href=\"https:\/\/www.tabelamatik.com\/urun\/seffaf-pleksi-kapi-tabelasi\/?attribute_pa_ebat=59-4 x84-1-cm-a1-ebati&amp;srsltid=AfmBOopLuWUdHm4_zc2gPFLRnqf1q1Z6Z1F4_ZwrIxg3EFgMlhRiwswzv-4\"><\/p>\n<blockquote class=\"wp-embedded-content\" data-secret=\"u3mSKArVYW\"><p><a href=\"https:\/\/www.tabelamatik.com\/urun\/seffaf-pleksi-kapi-tabelasi\/\">\u015eeffaf Pleksi Kap\u0131 Tabelas\u0131<\/a><\/p><\/blockquote>\n<p><iframe loading=\"lazy\" class=\"wp-embedded-content\" sandbox=\"allow-scripts\" security=\"restricted\" style=\"position: absolute; visibility: hidden;\" title=\"&#8220;\u015eeffaf Pleksi Kap\u0131 Tabelas\u0131&#8221; &#8212; \" src=\"https:\/\/www.tabelamatik.com\/urun\/seffaf-pleksi-kapi-tabelasi\/embed\/#?secret=AteSMtZNeN#?secret=u3mSKArVYW\" data-secret=\"u3mSKArVYW\" width=\"500\" height=\"282\" frameborder=\"0\" marginwidth=\"0\" marginheight=\"0\" scrolling=\"no\"><\/iframe><\/p>\n<p><\/a><\/p>\n","protected":false},"excerpt":{"rendered":"<h5 style=\"text-align: left;\"><strong>Insegna per fast food | Insegna per ristorante | Insegna per bar<\/strong><\/h5>\n<p style=\"text-align: left;\">Materiale: Insegna luminosa in plexiglas<\/p>\n<p style=\"text-align: left;\">Plug and play diretto a 220 V.<\/p>\n<div class=\"video-container\"><iframe src=\"https:\/\/www.youtube.com\/embed\/rLCtKiGJspo?autoplay=1&amp;mute=1&amp;playlist=rLCtKiGJspo&amp;loop=1&amp;controls=0&amp;modestbranding=1&amp;rel=0&amp;showinfo=0\" frameborder=\"0\" allowfullscreen=\"allowfullscreen\"><\/iframe><\/div>\n","protected":false},"featured_media":16833,"comment_status":"closed","ping_status":"closed","template":"","meta":{"_crdt_document":"","_uag_custom_page_level_css":"","site-sidebar-layout":"default","site-content-layout":"","ast-site-content-layout":"default","site-content-style":"default","site-sidebar-style":"default","ast-global-header-display":"","ast-banner-title-visibility":"","ast-main-header-display":"","ast-hfb-above-header-display":"","ast-hfb-below-header-display":"","ast-hfb-mobile-header-display":"","site-post-title":"","ast-breadcrumbs-content":"","ast-featured-img":"","footer-sml-layout":"","ast-disable-related-posts":"","theme-transparent-header-meta":"","adv-header-id-meta":"","stick-header-meta":"","header-above-stick-meta":"","header-main-stick-meta":"","header-below-stick-meta":"","astra-migrate-meta-layouts":"default","ast-page-background-enabled":"default","ast-page-background-meta":{"desktop":{"background-color":"var(--ast-global-color-5)","background-image":"","background-repeat":"repeat","background-position":"center center","background-size":"auto","background-attachment":"scroll","background-type":"","background-media":"","overlay-type":"","overlay-color":"","overlay-opacity":"","overlay-gradient":""},"tablet":{"background-color":"","background-image":"","background-repeat":"repeat","background-position":"center center","background-size":"auto","background-attachment":"scroll","background-type":"","background-media":"","overlay-type":"","overlay-color":"","overlay-opacity":"","overlay-gradient":""},"mobile":{"background-color":"","background-image":"","background-repeat":"repeat","background-position":"center center","background-size":"auto","background-attachment":"scroll","background-type":"","background-media":"","overlay-type":"","overlay-color":"","overlay-opacity":"","overlay-gradient":""}},"ast-content-background-meta":{"desktop":{"background-color":"var(--ast-global-color-4)","background-image":"","background-repeat":"repeat","background-position":"center center","background-size":"auto","background-attachment":"scroll","background-type":"","background-media":"","overlay-type":"","overlay-color":"","overlay-opacity":"","overlay-gradient":""},"tablet":{"background-color":"var(--ast-global-color-4)","background-image":"","background-repeat":"repeat","background-position":"center center","background-size":"auto","background-attachment":"scroll","background-type":"","background-media":"","overlay-type":"","overlay-color":"","overlay-opacity":"","overlay-gradient":""},"mobile":{"background-color":"var(--ast-global-color-4)","background-image":"","background-repeat":"repeat","background-position":"center center","background-size":"auto","background-attachment":"scroll","background-type":"","background-media":"","overlay-type":"","overlay-color":"","overlay-opacity":"","overlay-gradient":""}}},"product_brand":[230],"product_cat":[1127,1124],"product_tag":[],"class_list":{"0":"post-18047","1":"product","2":"type-product","3":"status-publish","4":"has-post-thumbnail","6":"product_brand-tabelamatik","7":"product_cat-insegne-luminose-e-non-luminose","8":"product_cat-tutti-i-prodotti","9":"desktop-align-left","10":"tablet-align-left","11":"mobile-align-left","13":"first","14":"instock","15":"taxable","16":"shipping-taxable","17":"purchasable","18":"product-type-simple"},"uagb_featured_image_src":{"full":["https:\/\/www.tabelamatik.com\/it\/wp-content\/uploads\/sites\/27\/2025\/11\/Restoran-tabelasi-minimal.webp",1920,1920,false],"thumbnail":["https:\/\/www.tabelamatik.com\/it\/wp-content\/uploads\/sites\/27\/2025\/11\/Restoran-tabelasi-minimal-150x150.webp",150,150,true],"medium":["https:\/\/www.tabelamatik.com\/it\/wp-content\/uploads\/sites\/27\/2025\/11\/Restoran-tabelasi-minimal-300x300.webp",300,300,true],"medium_large":["https:\/\/www.tabelamatik.com\/it\/wp-content\/uploads\/sites\/27\/2025\/11\/Restoran-tabelasi-minimal-768x768.webp",768,768,true],"large":["https:\/\/www.tabelamatik.com\/it\/wp-content\/uploads\/sites\/27\/2025\/11\/Restoran-tabelasi-minimal-1024x1024.webp",1024,1024,true],"1536x1536":["https:\/\/www.tabelamatik.com\/it\/wp-content\/uploads\/sites\/27\/2025\/11\/Restoran-tabelasi-minimal-1536x1536.webp",1536,1536,true],"2048x2048":["https:\/\/www.tabelamatik.com\/it\/wp-content\/uploads\/sites\/27\/2025\/11\/Restoran-tabelasi-minimal.webp",1920,1920,false],"woocommerce_thumbnail":["https:\/\/www.tabelamatik.com\/it\/wp-content\/uploads\/sites\/27\/2025\/11\/Restoran-tabelasi-minimal-300x300.webp",300,300,true],"woocommerce_single":["https:\/\/www.tabelamatik.com\/it\/wp-content\/uploads\/sites\/27\/2025\/11\/Restoran-tabelasi-minimal-600x600.webp",400,400,true],"woocommerce_gallery_thumbnail":["https:\/\/www.tabelamatik.com\/it\/wp-content\/uploads\/sites\/27\/2025\/11\/Restoran-tabelasi-minimal-100x100.webp",100,100,true]},"uagb_author_info":{"display_name":"Murat \u015eeimen","author_link":"https:\/\/www.tabelamatik.com\/it\/author\/"},"uagb_comment_info":0,"uagb_excerpt":"Insegna per fast food | Insegna per ristorante | Insegna per bar Materiale: Insegna luminosa in plexiglas Plug and play diretto a 220 V.","_links":{"self":[{"href":"https:\/\/www.tabelamatik.com\/it\/wp-json\/wp\/v2\/product\/18047","targetHints":{"allow":["GET"]}}],"collection":[{"href":"https:\/\/www.tabelamatik.com\/it\/wp-json\/wp\/v2\/product"}],"about":[{"href":"https:\/\/www.tabelamatik.com\/it\/wp-json\/wp\/v2\/types\/product"}],"replies":[{"embeddable":true,"href":"https:\/\/www.tabelamatik.com\/it\/wp-json\/wp\/v2\/comments?post=18047"}],"wp:featuredmedia":[{"embeddable":true,"href":"https:\/\/www.tabelamatik.com\/it\/wp-json\/wp\/v2\/media\/16833"}],"wp:attachment":[{"href":"https:\/\/www.tabelamatik.com\/it\/wp-json\/wp\/v2\/media?parent=18047"}],"wp:term":[{"taxonomy":"product_brand","embeddable":true,"href":"https:\/\/www.tabelamatik.com\/it\/wp-json\/wp\/v2\/product_brand?post=18047"},{"taxonomy":"product_cat","embeddable":true,"href":"https:\/\/www.tabelamatik.com\/it\/wp-json\/wp\/v2\/product_cat?post=18047"},{"taxonomy":"product_tag","embeddable":true,"href":"https:\/\/www.tabelamatik.com\/it\/wp-json\/wp\/v2\/product_tag?post=18047"}],"curies":[{"name":"wp","href":"https:\/\/api.w.org\/{rel}","templated":true}]}}