{"id":18071,"date":"2026-01-26T09:52:53","date_gmt":"2026-01-26T06:52:53","guid":{"rendered":"https:\/\/www.tabelamatik.com\/it\/?post_type=product&#038;p=18071"},"modified":"2026-01-26T09:53:03","modified_gmt":"2026-01-26T06:53:03","slug":"scatola-per-donazioni-in-acrilico-con-serratura","status":"publish","type":"product","link":"https:\/\/www.tabelamatik.com\/it\/prodotto\/scatola-per-donazioni-in-acrilico-con-serratura\/","title":{"rendered":"Scatola per donazioni in acrilico con serratura"},"content":{"rendered":"<p><strong>La scatola per le donazioni in acrilico trasparente<\/strong> \u00e8 un prodotto elegante e resistente che pu\u00f2 essere utilizzato in sicurezza in eventi, campagne e organizzazioni interne. \u00c8 realizzata in plexiglass trasparente al 100%.<\/p>\n<ul>\n<li><strong>Materiale:<\/strong> Acrilico di alta qualit\u00e0 (PMMA)<\/li>\n<li><strong>Dimensioni:<\/strong> 20 x 20 x 20 cm (personalizzabili su richiesta)<\/li>\n<li><strong>Meccanismo di chiusura:<\/strong> Utilizzo sicuro con un sistema di chiusura situato sul coperchio superiore<\/li>\n<li><strong>Aree di utilizzo:<\/strong> Raccolta fondi, concorsi, cassetta dei suggerimenti, cassetta di beneficenza, sondaggi<\/li>\n<li><strong>Tempi di produzione:<\/strong> Campione 3-5 giorni lavorativi, ordine all&#8217;ingrosso 10-20 giorni lavorativi<\/li>\n<\/ul>\n<p>Questo prodotto pu\u00f2 essere personalizzato con la stampa del logo aziendale e diverse opzioni di colore\/dimensione. Per ulteriori informazioni o richieste di ordini speciali, contattateci.<\/p>\n","protected":false},"excerpt":{"rendered":"<p>Cassetta per donazioni in plexiglass trasparente con serratura. Ideale per istituzioni, eventi e campagne.<\/p>\n","protected":false},"featured_media":16958,"comment_status":"open","ping_status":"closed","template":"","meta":{"_crdt_document":"","_uag_custom_page_level_css":"","site-sidebar-layout":"default","site-content-layout":"","ast-site-content-layout":"default","site-content-style":"default","site-sidebar-style":"default","ast-global-header-display":"","ast-banner-title-visibility":"","ast-main-header-display":"","ast-hfb-above-header-display":"","ast-hfb-below-header-display":"","ast-hfb-mobile-header-display":"","site-post-title":"","ast-breadcrumbs-content":"","ast-featured-img":"","footer-sml-layout":"","ast-disable-related-posts":"","theme-transparent-header-meta":"","adv-header-id-meta":"","stick-header-meta":"","header-above-stick-meta":"","header-main-stick-meta":"","header-below-stick-meta":"","astra-migrate-meta-layouts":"default","ast-page-background-enabled":"default","ast-page-background-meta":{"desktop":{"background-color":"var(--ast-global-color-5)","background-image":"","background-repeat":"repeat","background-position":"center center","background-size":"auto","background-attachment":"scroll","background-type":"","background-media":"","overlay-type":"","overlay-color":"","overlay-opacity":"","overlay-gradient":""},"tablet":{"background-color":"","background-image":"","background-repeat":"repeat","background-position":"center center","background-size":"auto","background-attachment":"scroll","background-type":"","background-media":"","overlay-type":"","overlay-color":"","overlay-opacity":"","overlay-gradient":""},"mobile":{"background-color":"","background-image":"","background-repeat":"repeat","background-position":"center center","background-size":"auto","background-attachment":"scroll","background-type":"","background-media":"","overlay-type":"","overlay-color":"","overlay-opacity":"","overlay-gradient":""}},"ast-content-background-meta":{"desktop":{"background-color":"var(--ast-global-color-4)","background-image":"","background-repeat":"repeat","background-position":"center center","background-size":"auto","background-attachment":"scroll","background-type":"","background-media":"","overlay-type":"","overlay-color":"","overlay-opacity":"","overlay-gradient":""},"tablet":{"background-color":"var(--ast-global-color-4)","background-image":"","background-repeat":"repeat","background-position":"center center","background-size":"auto","background-attachment":"scroll","background-type":"","background-media":"","overlay-type":"","overlay-color":"","overlay-opacity":"","overlay-gradient":""},"mobile":{"background-color":"var(--ast-global-color-4)","background-image":"","background-repeat":"repeat","background-position":"center center","background-size":"auto","background-attachment":"scroll","background-type":"","background-media":"","overlay-type":"","overlay-color":"","overlay-opacity":"","overlay-gradient":""}}},"product_brand":[230],"product_cat":[1179,1180,1739,1124],"product_tag":[2052,2054,2053,2055,1743],"class_list":{"0":"post-18071","1":"product","2":"type-product","3":"status-publish","4":"has-post-thumbnail","6":"product_brand-tabelamatik","7":"product_cat-prodotti-in-plexiglass","8":"product_cat-scatole-di-plexiglass","9":"product_cat-scatole-per-donazioni","10":"product_cat-tutti-i-prodotti","11":"product_tag-cassetta-delle-donazioni","12":"product_tag-cassetta-delle-donazioni-chiudibile-a-chiave","13":"product_tag-cassetta-delle-donazioni-per-eventi","14":"product_tag-cassetta-di-beneficenza","15":"product_tag-cassetta-in-plexiglass-trasparente","16":"desktop-align-left","17":"tablet-align-left","18":"mobile-align-left","20":"first","21":"instock","22":"taxable","23":"shipping-taxable","24":"purchasable","25":"product-type-simple"},"uagb_featured_image_src":{"full":["https:\/\/www.tabelamatik.com\/it\/wp-content\/uploads\/sites\/27\/2025\/11\/seffaf_akrilik_bagis_kutusu.webp",1000,1000,false],"thumbnail":["https:\/\/www.tabelamatik.com\/it\/wp-content\/uploads\/sites\/27\/2025\/11\/seffaf_akrilik_bagis_kutusu-150x150.webp",150,150,true],"medium":["https:\/\/www.tabelamatik.com\/it\/wp-content\/uploads\/sites\/27\/2025\/11\/seffaf_akrilik_bagis_kutusu-300x300.webp",300,300,true],"medium_large":["https:\/\/www.tabelamatik.com\/it\/wp-content\/uploads\/sites\/27\/2025\/11\/seffaf_akrilik_bagis_kutusu-768x768.webp",768,768,true],"large":["https:\/\/www.tabelamatik.com\/it\/wp-content\/uploads\/sites\/27\/2025\/11\/seffaf_akrilik_bagis_kutusu.webp",1000,1000,false],"1536x1536":["https:\/\/www.tabelamatik.com\/it\/wp-content\/uploads\/sites\/27\/2025\/11\/seffaf_akrilik_bagis_kutusu.webp",1000,1000,false],"2048x2048":["https:\/\/www.tabelamatik.com\/it\/wp-content\/uploads\/sites\/27\/2025\/11\/seffaf_akrilik_bagis_kutusu.webp",1000,1000,false],"woocommerce_thumbnail":["https:\/\/www.tabelamatik.com\/it\/wp-content\/uploads\/sites\/27\/2025\/11\/seffaf_akrilik_bagis_kutusu-300x300.webp",300,300,true],"woocommerce_single":["https:\/\/www.tabelamatik.com\/it\/wp-content\/uploads\/sites\/27\/2025\/11\/seffaf_akrilik_bagis_kutusu-600x600.webp",400,400,true],"woocommerce_gallery_thumbnail":["https:\/\/www.tabelamatik.com\/it\/wp-content\/uploads\/sites\/27\/2025\/11\/seffaf_akrilik_bagis_kutusu-100x100.webp",100,100,true]},"uagb_author_info":{"display_name":"Murat \u015eeimen","author_link":"https:\/\/www.tabelamatik.com\/it\/author\/"},"uagb_comment_info":0,"uagb_excerpt":"Cassetta per donazioni in plexiglass trasparente con serratura. Ideale per istituzioni, eventi e campagne.","_links":{"self":[{"href":"https:\/\/www.tabelamatik.com\/it\/wp-json\/wp\/v2\/product\/18071","targetHints":{"allow":["GET"]}}],"collection":[{"href":"https:\/\/www.tabelamatik.com\/it\/wp-json\/wp\/v2\/product"}],"about":[{"href":"https:\/\/www.tabelamatik.com\/it\/wp-json\/wp\/v2\/types\/product"}],"replies":[{"embeddable":true,"href":"https:\/\/www.tabelamatik.com\/it\/wp-json\/wp\/v2\/comments?post=18071"}],"wp:featuredmedia":[{"embeddable":true,"href":"https:\/\/www.tabelamatik.com\/it\/wp-json\/wp\/v2\/media\/16958"}],"wp:attachment":[{"href":"https:\/\/www.tabelamatik.com\/it\/wp-json\/wp\/v2\/media?parent=18071"}],"wp:term":[{"taxonomy":"product_brand","embeddable":true,"href":"https:\/\/www.tabelamatik.com\/it\/wp-json\/wp\/v2\/product_brand?post=18071"},{"taxonomy":"product_cat","embeddable":true,"href":"https:\/\/www.tabelamatik.com\/it\/wp-json\/wp\/v2\/product_cat?post=18071"},{"taxonomy":"product_tag","embeddable":true,"href":"https:\/\/www.tabelamatik.com\/it\/wp-json\/wp\/v2\/product_tag?post=18071"}],"curies":[{"name":"wp","href":"https:\/\/api.w.org\/{rel}","templated":true}]}}