{"id":17912,"date":"2026-01-26T15:31:42","date_gmt":"2026-01-26T12:31:42","guid":{"rendered":"https:\/\/www.tabelamatik.com\/pl\/?post_type=product&#038;p=17912"},"modified":"2026-01-26T15:32:32","modified_gmt":"2026-01-26T12:32:32","slug":"podswietlany-szyld-smoothie-trwaly-zewnetrzny-szyld-kawiarniany-z-pleksiglasu-i-podswietlany-diodami-led","status":"publish","type":"product","link":"https:\/\/www.tabelamatik.com\/pl\/produkt\/podswietlany-szyld-smoothie-trwaly-zewnetrzny-szyld-kawiarniany-z-pleksiglasu-i-podswietlany-diodami-led\/","title":{"rendered":"Pod\u015bwietlany szyld \u201eSmoothie\u201d \u2013 trwa\u0142y zewn\u0119trzny szyld kawiarniany z pleksiglasu i pod\u015bwietlany diodami LED"},"content":{"rendered":"<div style=\"border: 2px dashed #ccc; padding: 16px; margin-top: 24px; background-color: #f9f9f9; border-radius: 8px; font-family: Arial, Helvetica, sans-serif; color: #333\" data-mce-style=\"border: 2px dashed #ccc; padding: 16px; margin-top: 24px; background-color: #f9f9f9; border-radius: 8px; font-family: Arial, Helvetica, sans-serif; color: #333;\">\n<blockquote>\n<h3 style=\"color: #333;margin-bottom: 8px\" data-mce-style=\"color: #333; margin-bottom: 8px;\">Pod\u015bwietlany szyld z napisem Smoothie, trwa\u0142a konstrukcja z pleksi<\/h3>\n<\/blockquote>\n<p style=\"margin: Designed Aby stworzy\u0107 przyci\u0105gaj\u0105cy wzrok i pe\u0142en energii wygl\u0105d zewn\u0119trzny Twojej firmy, <strong>Pod\u015bwietlany szyld Smoothie<\/strong> zosta\u0142 stworzony specjalnie dla marek, kt\u00f3re chc\u0105 odzwierciedla\u0107 \u015bwie\u017c\u0105, dynamiczn\u0105 i nowoczesn\u0105 koncepcj\u0119.<\/p>\n<p style=\"margin: 6px 0\" data-mce-style=\"margin: 6px 0;\">Powierzchnie boczne i przednie wykonane s\u0105 z <strong>pleksiglasu<\/strong>; dzi\u0119ki b\u0142yszcz\u0105cej powierzchni zapewniaj\u0105 maksymaln\u0105 widoczno\u015b\u0107 w dzie\u0144 i w nocy. Dzi\u0119ki <strong>nadrukowi foliowemu<\/strong> wyra\u017anie widoczne jest Twoje logo, s\u0142owo \u201eSmoothie\u201d lub obrazy o tematyce owocowej (truskawka, ananas, zielony li\u015b\u0107, efekt mieszania itp.).<\/p>\n<p style=\"margin: 6px 0\" data-mce-style=\"margin: 6px 0;\">Wewn\u0105trz szyldu zastosowano modu\u0142y LED nadaj\u0105ce si\u0119 do stosowania na zewn\u0105trz. Zapewnia on wysok\u0105 wydajno\u015b\u0107 \u015bwietln\u0105 przy niskim zu\u017cyciu energii.<\/p>\n<p> Konstrukcja jest odporna na czynniki zewn\u0119trzne, takie jak deszcz, s\u0142o\u0144ce i kurz.<\/p>\n<hr style=\"border: none;border-top: 1px solid #e0e0e0;margin: 12px 0\" data-mce-style=\"border: none; border-top: 1px solid #e0e0e0; margin: 12px 0;\">\n<p><strong style=\"margin-bottom: 8px\" data-mce-style=\"display: block; margin-bottom: 8px;\">Dost\u0119pne opcje rozmiaru<\/strong><\/p>\n<ul style=\"margin: 6px 0 12px 20px;padding: 0\" data-mce-style=\"margin: 6px 0 12px 20px; wy\u015bci\u00f3\u0142ka: 0;\">\n<li><strong>150\u00d765 cm \u2013 XL<\/strong> (g\u0142\u00f3wny model, idealny rozmiar na zewn\u0105trz)<\/li>\n<li><strong>120\u00d752 cm \u2013 L<\/strong> (idealny do bar\u00f3w ze smoothie lub fasad kawiarni)<\/li>\n<li><strong>90\u00d739 cm \u2013 M<\/strong> (kompaktowe rozwi\u0105zanie do wn\u0119trz lub obszar\u00f3w wystawowych)<\/li>\n<li><strong>60\u00d726 cm \u2013 S<\/strong> (do blat\u00f3w lub ma\u0142ych wn\u0119trz)<\/li>\n<\/ul>\n<p><strong style=\"margin-bottom: 8px\" data-mce-style=\"display: block; margin-bottom: 8px;\">\u2699\ufe0f Specyfikacja techniczna<\/strong><\/p>\n<ul style=\"margin: 6px 0 12px 20px;wy\u015bci\u00f3\u0142ka: 0\" data-mce-style=\"margin: 6px 0 12px 20px; Wy\u015bci\u00f3\u0142ka: 0;\">\n<li><strong>Materia\u0142:<\/strong> Pleksiglas z przodu i z boku<\/li>\n<li><strong>Powierzchnia:<\/strong> Nadruk foliowy (mo\u017cna nanie\u015b\u0107 nazw\u0119 marki lub logo)<\/li>\n<li><strong>System o\u015bwietlenia:<\/strong> Modu\u0142y LED nadaj\u0105ce si\u0119 do u\u017cytku na zewn\u0105trz<\/li>\n<li><strong>Zakres zastosowania:<\/strong> Na zewn\u0105trz i wewn\u0105trz (bar smoothie, sklep z sokami, kawiarnia, punkty detoksykacyjne itp.)<\/li>\n<\/ul>\n<p style=\"margin: 6px 0\" data-mce-style=\"margin: 6px 0;\"><strong>Dla kogo jest odpowiedni?<\/strong> To energetyczne i zach\u0119caj\u0105ce rozwi\u0105zanie promocyjne dla bar\u00f3w smoothie, stoisk z sokami, kawiarni, bar\u00f3w sokowych i firm o tematyce zdrowia i dobrego samopoczucia.<\/p>\n<div style=\"background: #fff;padding: 12px;border-radius: 6px;margin-top: 12px;border: 1px solid #eee\" data-mce-style=\"t\u0142o: #fff; wype\u0142nienie: 12px; promie\u0144 obramowania: 6px; margines g\u00f3rny: 12px; border: 1px solid #eee;\">\n<h4 style=\"margin: 0 0 8px 0\" data-mce-style=\"margin: 0 0 8px 0;\">\u2728 Produkt na zam\u00f3wienie<\/h4>\n<p style=\"margin: 4px 0\" data-mce-style=\"margin: 4px 0;\">\u2714\ufe0f Produkcja na zam\u00f3wienie mo\u017ce by\u0107 realizowana z wykorzystaniem Twojego <strong>logo<\/strong>, <strong>czcionki<\/strong> lub <strong>kolor\u00f3w marki<\/strong>. Na \u017cyczenie mo\u017cemy stworzy\u0107 orze\u017awiaj\u0105c\u0105 atmosfer\u0119 za pomoc\u0105 element\u00f3w wizualnych, takich jak owoce, blender lub efekty przej\u015bcia cieczy.<\/p>\n<p style=\"margin: 4px 0\" data-mce-style=\"margin: 4px 0;\"><strong>Skontaktuj si\u0119 z nami w sprawie zam\u00f3wie\u0144 hurtowych<\/strong> i <strong>niestandardowych rozmiar\u00f3w<\/strong>.<\/p>\n<\/div>\n<\/div>\n","protected":false},"excerpt":{"rendered":"<p>Zaprojektowany specjalnie dla firm, kt\u00f3rym zale\u017cy na energicznym i orze\u017awiaj\u0105cym wygl\u0105dzie, pod\u015bwietlany szyld Smoothie Sign wyr\u00f3\u017cnia si\u0119 trwa\u0142ym materia\u0142em z pleksiglasu i mocnym o\u015bwietleniem LED.<br \/>To idealne rozwi\u0105zanie promocyjne dla kawiarni, bar\u00f3w smoothie i sklep\u00f3w z sokami.<br \/>B\u0119dziesz widoczny o ka\u017cdej porze dnia i nocy!<\/p>\n","protected":false},"featured_media":17292,"comment_status":"open","ping_status":"closed","template":"","meta":{"_crdt_document":"","_uag_custom_page_level_css":"","site-sidebar-layout":"default","site-content-layout":"","ast-site-content-layout":"default","site-content-style":"default","site-sidebar-style":"default","ast-global-header-display":"","ast-banner-title-visibility":"","ast-main-header-display":"","ast-hfb-above-header-display":"","ast-hfb-below-header-display":"","ast-hfb-mobile-header-display":"","site-post-title":"","ast-breadcrumbs-content":"","ast-featured-img":"","footer-sml-layout":"","ast-disable-related-posts":"","theme-transparent-header-meta":"","adv-header-id-meta":"","stick-header-meta":"","header-above-stick-meta":"","header-main-stick-meta":"","header-below-stick-meta":"","astra-migrate-meta-layouts":"default","ast-page-background-enabled":"default","ast-page-background-meta":{"desktop":{"background-color":"var(--ast-global-color-5)","background-image":"","background-repeat":"repeat","background-position":"center center","background-size":"auto","background-attachment":"scroll","background-type":"","background-media":"","overlay-type":"","overlay-color":"","overlay-opacity":"","overlay-gradient":""},"tablet":{"background-color":"","background-image":"","background-repeat":"repeat","background-position":"center center","background-size":"auto","background-attachment":"scroll","background-type":"","background-media":"","overlay-type":"","overlay-color":"","overlay-opacity":"","overlay-gradient":""},"mobile":{"background-color":"","background-image":"","background-repeat":"repeat","background-position":"center center","background-size":"auto","background-attachment":"scroll","background-type":"","background-media":"","overlay-type":"","overlay-color":"","overlay-opacity":"","overlay-gradient":""}},"ast-content-background-meta":{"desktop":{"background-color":"var(--ast-global-color-4)","background-image":"","background-repeat":"repeat","background-position":"center center","background-size":"auto","background-attachment":"scroll","background-type":"","background-media":"","overlay-type":"","overlay-color":"","overlay-opacity":"","overlay-gradient":""},"tablet":{"background-color":"var(--ast-global-color-4)","background-image":"","background-repeat":"repeat","background-position":"center center","background-size":"auto","background-attachment":"scroll","background-type":"","background-media":"","overlay-type":"","overlay-color":"","overlay-opacity":"","overlay-gradient":""},"mobile":{"background-color":"var(--ast-global-color-4)","background-image":"","background-repeat":"repeat","background-position":"center center","background-size":"auto","background-attachment":"scroll","background-type":"","background-media":"","overlay-type":"","overlay-color":"","overlay-opacity":"","overlay-gradient":""}}},"product_brand":[230],"product_cat":[1124,1127],"product_tag":[1297,1301,1303,1296,1302,1299,1211,1298,1300],"class_list":{"0":"post-17912","1":"product","2":"type-product","3":"status-publish","4":"has-post-thumbnail","6":"product_brand-tabelamatik","7":"product_cat-wszystkie-produkty","8":"product_cat-znaki-podswietlane-i-niepodswietlane","9":"product_tag-podswietlany-znak-na-smoothie","10":"product_tag-podswietlany-znak-z-pleksi","11":"product_tag-szyld-na-smoothie","12":"product_tag-zewnetrzny-znak-led","13":"product_tag-znak-baru-z-smoothie","14":"product_tag-znak-baru-z-sokami","15":"product_tag-znak-kawiarni","16":"product_tag-znak-led-na-smoothie","17":"product_tag-znak-z-niestandardowym-projektem","18":"desktop-align-left","19":"tablet-align-left","20":"mobile-align-left","22":"first","23":"instock","24":"taxable","25":"shipping-taxable","26":"purchasable","27":"product-type-variable","28":"has-default-attributes"},"uagb_featured_image_src":{"full":["https:\/\/www.tabelamatik.com\/pl\/wp-content\/uploads\/sites\/39\/2025\/11\/Smoothie-tabelasi-.jpg",967,963,false],"thumbnail":["https:\/\/www.tabelamatik.com\/pl\/wp-content\/uploads\/sites\/39\/2025\/11\/Smoothie-tabelasi--150x150.jpg",150,150,true],"medium":["https:\/\/www.tabelamatik.com\/pl\/wp-content\/uploads\/sites\/39\/2025\/11\/Smoothie-tabelasi--300x300.jpg",300,300,true],"medium_large":["https:\/\/www.tabelamatik.com\/pl\/wp-content\/uploads\/sites\/39\/2025\/11\/Smoothie-tabelasi--768x765.jpg",768,765,true],"large":["https:\/\/www.tabelamatik.com\/pl\/wp-content\/uploads\/sites\/39\/2025\/11\/Smoothie-tabelasi-.jpg",967,963,false],"1536x1536":["https:\/\/www.tabelamatik.com\/pl\/wp-content\/uploads\/sites\/39\/2025\/11\/Smoothie-tabelasi-.jpg",967,963,false],"2048x2048":["https:\/\/www.tabelamatik.com\/pl\/wp-content\/uploads\/sites\/39\/2025\/11\/Smoothie-tabelasi-.jpg",967,963,false],"woocommerce_thumbnail":["https:\/\/www.tabelamatik.com\/pl\/wp-content\/uploads\/sites\/39\/2025\/11\/Smoothie-tabelasi--300x300.jpg",300,300,true],"woocommerce_single":["https:\/\/www.tabelamatik.com\/pl\/wp-content\/uploads\/sites\/39\/2025\/11\/Smoothie-tabelasi--600x598.jpg",400,399,true],"woocommerce_gallery_thumbnail":["https:\/\/www.tabelamatik.com\/pl\/wp-content\/uploads\/sites\/39\/2025\/11\/Smoothie-tabelasi--100x100.jpg",100,100,true]},"uagb_author_info":{"display_name":"Murat \u015eeimen","author_link":"https:\/\/www.tabelamatik.com\/pl\/author\/"},"uagb_comment_info":0,"uagb_excerpt":"Zaprojektowany specjalnie dla firm, kt\u00f3rym zale\u017cy na energicznym i orze\u017awiaj\u0105cym wygl\u0105dzie, pod\u015bwietlany szyld Smoothie Sign wyr\u00f3\u017cnia si\u0119 trwa\u0142ym materia\u0142em z pleksiglasu i mocnym o\u015bwietleniem LED.To idealne rozwi\u0105zanie promocyjne dla kawiarni, bar\u00f3w smoothie i sklep\u00f3w z sokami.B\u0119dziesz widoczny o ka\u017cdej porze dnia i nocy!","_links":{"self":[{"href":"https:\/\/www.tabelamatik.com\/pl\/wp-json\/wp\/v2\/product\/17912","targetHints":{"allow":["GET"]}}],"collection":[{"href":"https:\/\/www.tabelamatik.com\/pl\/wp-json\/wp\/v2\/product"}],"about":[{"href":"https:\/\/www.tabelamatik.com\/pl\/wp-json\/wp\/v2\/types\/product"}],"replies":[{"embeddable":true,"href":"https:\/\/www.tabelamatik.com\/pl\/wp-json\/wp\/v2\/comments?post=17912"}],"wp:featuredmedia":[{"embeddable":true,"href":"https:\/\/www.tabelamatik.com\/pl\/wp-json\/wp\/v2\/media\/17292"}],"wp:attachment":[{"href":"https:\/\/www.tabelamatik.com\/pl\/wp-json\/wp\/v2\/media?parent=17912"}],"wp:term":[{"taxonomy":"product_brand","embeddable":true,"href":"https:\/\/www.tabelamatik.com\/pl\/wp-json\/wp\/v2\/product_brand?post=17912"},{"taxonomy":"product_cat","embeddable":true,"href":"https:\/\/www.tabelamatik.com\/pl\/wp-json\/wp\/v2\/product_cat?post=17912"},{"taxonomy":"product_tag","embeddable":true,"href":"https:\/\/www.tabelamatik.com\/pl\/wp-json\/wp\/v2\/product_tag?post=17912"}],"curies":[{"name":"wp","href":"https:\/\/api.w.org\/{rel}","templated":true}]}}