{"id":17913,"date":"2026-01-26T15:31:42","date_gmt":"2026-01-26T12:31:42","guid":{"rendered":"https:\/\/www.tabelamatik.com\/pl\/?post_type=product&#038;p=17913"},"modified":"2026-01-26T15:32:32","modified_gmt":"2026-01-26T12:32:32","slug":"podswietlany-znak-sniadaniowy","status":"publish","type":"product","link":"https:\/\/www.tabelamatik.com\/pl\/produkt\/podswietlany-znak-sniadaniowy\/","title":{"rendered":"Pod\u015bwietlany znak \u015bniadaniowy"},"content":{"rendered":"<div style=\"border: 2px dashed #ccc; padding: 16px; margin-top: 24px; background-color: #f9f9f9; border-radius: 8px; font-family: Arial, Helvetica, sans-serif; color: #333\" data-mce-style=\"border: 2px dashed #ccc; padding: 16px; margin-top: 24px; background-color: #f9f9f9; border-radius: 8px; font-family: Arial, Helvetica, sans-serif; color: #333;\">\n<ul>\n<li style=\"color: #333333\" data-mce-style=\"color: #333333;\">Pod\u015bwietlany znak \u015bniadaniowy \u2013 trwa\u0142a konstrukcja z pleksiglasu do u\u017cytku zewn\u0119trznego 6px 0&#8243; data-mce-style=&#8221;margin: 6px Zaprojektowany, aby stworzy\u0107 ciep\u0142y, zach\u0119caj\u0105cy i energetyczny wygl\u0105d na <strong>Pod\u015bwietlany szyld \u015bniadaniowy<\/strong>, zaprojektowany specjalnie dla restauracji, kawiarni i sal \u015bniadaniowych, kt\u00f3re chc\u0105 podkre\u015bli\u0107 rado\u015b\u0107 i smak poranka.<\/p>\n<p style=\"margin: 6px 0\" data-mce-style=\"margin: 6px 0;\">Powierzchnie boczne i przednie wykonane s\u0105 z <strong>pleksiglasu<\/strong>; dzi\u0119ki b\u0142yszcz\u0105cej powierzchni zapewniaj\u0105 maksymaln\u0105 widoczno\u015b\u0107 zar\u00f3wno w dzie\u0144, jak i w nocy. Dzi\u0119ki <strong>nadrukowi foliowemu<\/strong> wyra\u017anie eksponowane jest logo, teksty takie jak \u201e\u015aniadanie\u201d, \u201e\u015aniadanie z dodatkami\u201d, \u201eMenemen\u201d, \u201eCzas na herbat\u0119\u201d lub obrazy tematyczne, takie jak jajka, fili\u017canki, oliwki i ser.<\/p>\n<p style=\"margin: 6px 0\" data-mce-style=\"margin: 6px 0;\">Wewn\u0105trz szyldu zastosowano modu\u0142y LED przeznaczone do stosowania na zewn\u0105trz. Zapewnia wysok\u0105 wydajno\u015b\u0107 \u015bwietln\u0105 przy niskim zu\u017cyciu energii.<\/p>\n<p> Konstrukcja korpusu jest odporna na czynniki zewn\u0119trzne, takie jak deszcz, s\u0142o\u0144ce i kurz.<\/p>\n<hr style=\"border: none;border-top: 1px solid #e0e0e0;margin: 12px 0\" data-mce-style=\"border: none; border-top: 1px solid #e0e0e0; margin: 12px 0;\">\n<p><strong style=\"margin-bottom: 8px\" data-mce-style=\"display: block; margin-bottom: 8px;\">Dost\u0119pne opcje rozmiar\u00f3w<\/strong><\/p>\n<ul style=\"margin: 6px 0 12px 20px;padding: 0\" data-mce-style=\"margin: 6px 0 12px 20px; padding: 0;\">\n<li><strong>150\u00d765 cm \u2013 XL<\/strong> (model g\u0142\u00f3wny, idealny rozmiar dla zewn\u0119trzne)<\/li>\n<li><strong>120\u00d752 cm \u2013 L (Idealne do sal \u015bniadaniowych lub fasad kawiarni)<\/li>\n<li><strong>90\u00d739 cm \u2013 M (Kompaktowe rozwi\u0105zanie do wn\u0119trz lub obszar\u00f3w wystawowych)<\/li>\n<li><strong>60\u00d726 cm \u2013 S (Do blat\u00f3w lub ma\u0142ych obszar\u00f3w wewn\u0119trznych)<\/li>\n<\/ul>\n<p><strong style=\"margin-bottom: 8px\" data-mce-style=\"display: block; margin-bottom: 8px;\">\u2699\ufe0f Specyfikacja techniczna<\/strong><\/p>\n<ul style=\"margin: 6px 0 12px 20px;padding: 0\" data-mce-style=\"margin: 6px 0 12px 20px; padding: 0;\">\n<li><strong>Materia\u0142:<\/strong> Pleksi prz\u00f3d i bok<\/li>\n<li><strong>Powierzchnia:<\/strong> Nadruk foliowy (mo\u017cna umie\u015bci\u0107 nazw\u0119 marki lub logo)<\/li>\n<li><strong>Nadruk foliowy (mo\u017cna umie\u015bci\u0107 nazw\u0119 marki lub logo &#8230;strong>Nadruk foliowy (mo\u017cna umie\u015bci\u0107 nazw\u0119 marki lub logo)<\/li>\n<\/ul>\n<p><strong>Nadruk foliowy (mo\u017cna umie\u015bci\u0107 nazw\u0119 marki lub logo)<\/strong><\/strong><\/strong><\/strong><\/strong zastosowane)<\/li>\n<li><strong>System o\u015bwietlenia:<\/strong> Modu\u0142y LED nadaj\u0105ce si\u0119 do stosowania na zewn\u0105trz<\/li>\n<li><strong>Obszar zastosowania:<\/strong> Na zewn\u0105trz i wewn\u0105trz (sala \u015bniadaniowa, restauracja, kawiarnia, bufet hotelowy itp.)<\/li>\n<\/ul>\n<p style=\"margin: 6px 0\" data-mce-style=\"margin: 6px 0;\"><strong>Dla kogo jest odpowiednie?<\/strong> To ciep\u0142e i apetyczne rozwi\u0105zanie promocyjne do sal \u015bniadaniowych, kawiarni, hoteli, lokali serwuj\u0105cych brunch i restauracji.<\/p>\n<div style=\"background: #fff;padding: 12px;border-radius: 6px;margin-top: 12px;border: 1px solid #eee\" data-mce-style=\"background: #fff; padding: 12px; border-radius: 6px; margin-top: 12px; border: 1px solid #eee;\">\n<h4 style=\"margin: 0 0 8px 0\" data-mce-style=\"margin: 0 0 8px 0;\">\u2728 Produkt na zam\u00f3wienie<\/h4>\n<p style=\"margin: 4px 0\" data-mce-style=\"margin: 4px 0;\">\u2714\ufe0f Produkcja na zam\u00f3wienie mo\u017ce obejmowa\u0107 Twoje w\u0142asne <strong>logo<\/strong>, <strong>czcionk\u0119<\/strong> lub <strong>kolory marki<\/strong>. Na \u017cyczenie stworzymy ciep\u0142\u0105 i przyjazn\u0105 atmosfer\u0119 za pomoc\u0105 element\u00f3w wizualnych, takich jak fili\u017canki do herbaty, jajka, bajgle i talerze ser\u00f3w.<\/p>\n<p style=\"margin: 4px 0\" data-mce-style=\"margin: 4px 0;\"><strong>Skontaktuj si\u0119 z nami w sprawie zam\u00f3wie\u0144 hurtowych i <strong>niestandardowych rozmiar\u00f3w<\/strong>.<\/p>\n<\/div>\n<\/div>\n","protected":false},"excerpt":{"rendered":"<p>Ten pod\u015bwietlany diodami LED, wykonany z pleksiglasu znak \u015bniadaniowy nadaje si\u0119 do u\u017cytku na zewn\u0105trz i stanowi ciep\u0142e i przyci\u0105gaj\u0105ce wzrok rozwi\u0105zanie promocyjne do sal \u015bniadaniowych, kawiarni i restauracji.<\/p>\n","protected":false},"featured_media":17293,"comment_status":"open","ping_status":"closed","template":"","meta":{"_crdt_document":"","_uag_custom_page_level_css":"","site-sidebar-layout":"default","site-content-layout":"","ast-site-content-layout":"default","site-content-style":"default","site-sidebar-style":"default","ast-global-header-display":"","ast-banner-title-visibility":"","ast-main-header-display":"","ast-hfb-above-header-display":"","ast-hfb-below-header-display":"","ast-hfb-mobile-header-display":"","site-post-title":"","ast-breadcrumbs-content":"","ast-featured-img":"","footer-sml-layout":"","ast-disable-related-posts":"","theme-transparent-header-meta":"","adv-header-id-meta":"","stick-header-meta":"","header-above-stick-meta":"","header-main-stick-meta":"","header-below-stick-meta":"","astra-migrate-meta-layouts":"default","ast-page-background-enabled":"default","ast-page-background-meta":{"desktop":{"background-color":"var(--ast-global-color-5)","background-image":"","background-repeat":"repeat","background-position":"center center","background-size":"auto","background-attachment":"scroll","background-type":"","background-media":"","overlay-type":"","overlay-color":"","overlay-opacity":"","overlay-gradient":""},"tablet":{"background-color":"","background-image":"","background-repeat":"repeat","background-position":"center center","background-size":"auto","background-attachment":"scroll","background-type":"","background-media":"","overlay-type":"","overlay-color":"","overlay-opacity":"","overlay-gradient":""},"mobile":{"background-color":"","background-image":"","background-repeat":"repeat","background-position":"center center","background-size":"auto","background-attachment":"scroll","background-type":"","background-media":"","overlay-type":"","overlay-color":"","overlay-opacity":"","overlay-gradient":""}},"ast-content-background-meta":{"desktop":{"background-color":"var(--ast-global-color-4)","background-image":"","background-repeat":"repeat","background-position":"center center","background-size":"auto","background-attachment":"scroll","background-type":"","background-media":"","overlay-type":"","overlay-color":"","overlay-opacity":"","overlay-gradient":""},"tablet":{"background-color":"var(--ast-global-color-4)","background-image":"","background-repeat":"repeat","background-position":"center center","background-size":"auto","background-attachment":"scroll","background-type":"","background-media":"","overlay-type":"","overlay-color":"","overlay-opacity":"","overlay-gradient":""},"mobile":{"background-color":"var(--ast-global-color-4)","background-image":"","background-repeat":"repeat","background-position":"center center","background-size":"auto","background-attachment":"scroll","background-type":"","background-media":"","overlay-type":"","overlay-color":"","overlay-opacity":"","overlay-gradient":""}}},"product_brand":[230],"product_cat":[1124,1127],"product_tag":[1213,1287,1304,1305,1211,1289,1291,1308,1306,1307],"class_list":{"0":"post-17913","1":"product","2":"type-product","3":"status-publish","4":"has-post-thumbnail","6":"product_brand-tabelamatik","7":"product_cat-wszystkie-produkty","8":"product_cat-znaki-podswietlane-i-niepodswietlane","9":"product_tag-oznakowanie-zewnetrzne","10":"product_tag-podswietlany-znak","11":"product_tag-podswietlany-znak-kawiarni","12":"product_tag-podswietlany-znak-sniadaniowy","13":"product_tag-znak-kawiarni","14":"product_tag-znak-led","15":"product_tag-znak-restauracji","16":"product_tag-znak-sniadania-w-formie-bufetu","17":"product_tag-znak-sniadaniowy","18":"product_tag-znak-z-pleksiglasu","19":"desktop-align-left","20":"tablet-align-left","21":"mobile-align-left","23":"first","24":"instock","25":"taxable","26":"shipping-taxable","27":"purchasable","28":"product-type-variable","29":"has-default-attributes"},"uagb_featured_image_src":{"full":["https:\/\/www.tabelamatik.com\/pl\/wp-content\/uploads\/sites\/39\/2025\/11\/Kahvalti_tabelasi-1.jpg",955,955,false],"thumbnail":["https:\/\/www.tabelamatik.com\/pl\/wp-content\/uploads\/sites\/39\/2025\/11\/Kahvalti_tabelasi-1-150x150.jpg",150,150,true],"medium":["https:\/\/www.tabelamatik.com\/pl\/wp-content\/uploads\/sites\/39\/2025\/11\/Kahvalti_tabelasi-1-300x300.jpg",300,300,true],"medium_large":["https:\/\/www.tabelamatik.com\/pl\/wp-content\/uploads\/sites\/39\/2025\/11\/Kahvalti_tabelasi-1-768x768.jpg",768,768,true],"large":["https:\/\/www.tabelamatik.com\/pl\/wp-content\/uploads\/sites\/39\/2025\/11\/Kahvalti_tabelasi-1.jpg",955,955,false],"1536x1536":["https:\/\/www.tabelamatik.com\/pl\/wp-content\/uploads\/sites\/39\/2025\/11\/Kahvalti_tabelasi-1.jpg",955,955,false],"2048x2048":["https:\/\/www.tabelamatik.com\/pl\/wp-content\/uploads\/sites\/39\/2025\/11\/Kahvalti_tabelasi-1.jpg",955,955,false],"woocommerce_thumbnail":["https:\/\/www.tabelamatik.com\/pl\/wp-content\/uploads\/sites\/39\/2025\/11\/Kahvalti_tabelasi-1-300x300.jpg",300,300,true],"woocommerce_single":["https:\/\/www.tabelamatik.com\/pl\/wp-content\/uploads\/sites\/39\/2025\/11\/Kahvalti_tabelasi-1-600x600.jpg",400,400,true],"woocommerce_gallery_thumbnail":["https:\/\/www.tabelamatik.com\/pl\/wp-content\/uploads\/sites\/39\/2025\/11\/Kahvalti_tabelasi-1-100x100.jpg",100,100,true]},"uagb_author_info":{"display_name":"Murat \u015eeimen","author_link":"https:\/\/www.tabelamatik.com\/pl\/author\/"},"uagb_comment_info":0,"uagb_excerpt":"Ten pod\u015bwietlany diodami LED, wykonany z pleksiglasu znak \u015bniadaniowy nadaje si\u0119 do u\u017cytku na zewn\u0105trz i stanowi ciep\u0142e i przyci\u0105gaj\u0105ce wzrok rozwi\u0105zanie promocyjne do sal \u015bniadaniowych, kawiarni i restauracji.","_links":{"self":[{"href":"https:\/\/www.tabelamatik.com\/pl\/wp-json\/wp\/v2\/product\/17913","targetHints":{"allow":["GET"]}}],"collection":[{"href":"https:\/\/www.tabelamatik.com\/pl\/wp-json\/wp\/v2\/product"}],"about":[{"href":"https:\/\/www.tabelamatik.com\/pl\/wp-json\/wp\/v2\/types\/product"}],"replies":[{"embeddable":true,"href":"https:\/\/www.tabelamatik.com\/pl\/wp-json\/wp\/v2\/comments?post=17913"}],"wp:featuredmedia":[{"embeddable":true,"href":"https:\/\/www.tabelamatik.com\/pl\/wp-json\/wp\/v2\/media\/17293"}],"wp:attachment":[{"href":"https:\/\/www.tabelamatik.com\/pl\/wp-json\/wp\/v2\/media?parent=17913"}],"wp:term":[{"taxonomy":"product_brand","embeddable":true,"href":"https:\/\/www.tabelamatik.com\/pl\/wp-json\/wp\/v2\/product_brand?post=17913"},{"taxonomy":"product_cat","embeddable":true,"href":"https:\/\/www.tabelamatik.com\/pl\/wp-json\/wp\/v2\/product_cat?post=17913"},{"taxonomy":"product_tag","embeddable":true,"href":"https:\/\/www.tabelamatik.com\/pl\/wp-json\/wp\/v2\/product_tag?post=17913"}],"curies":[{"name":"wp","href":"https:\/\/api.w.org\/{rel}","templated":true}]}}