{"id":17919,"date":"2026-01-26T15:31:44","date_gmt":"2026-01-26T12:31:44","guid":{"rendered":"https:\/\/www.tabelamatik.com\/pl\/?post_type=product&#038;p=17919"},"modified":"2026-01-26T15:31:55","modified_gmt":"2026-01-26T12:31:55","slug":"drukowanie-banerow-obrotowych","status":"publish","type":"product","link":"https:\/\/www.tabelamatik.com\/pl\/produkt\/drukowanie-banerow-obrotowych\/","title":{"rendered":"Drukowanie baner\u00f3w obrotowych"},"content":{"rendered":"<p>Wisz\u0105ce karty (lub szyldy) to przyci\u0105gaj\u0105cy wzrok gad\u017cet reklamowy zaprojektowany specjalnie dla hoteli, szpitali, firm, sklep\u00f3w i na eventy. To praktyczne rozwi\u0105zanie, \u0142atwe do zawieszenia na klamkach, to skuteczny spos\u00f3b na szybkie przekazanie informacji. Produkt oferuje profesjonalny wygl\u0105d dzi\u0119ki personalizowanym opcjom projektowania i wysokiej jako\u015bci technologii druku. <\/p>\n<p>G\u0142\u00f3wne cechy:<\/p>\n<p>\u2714\ufe0f Dost\u0119pne gramatury papieru powlekanego lub kraft: 350\u2013400 g<\/p>\n<p>\u2714\ufe0f Laminowanie matowe\/b\u0142yszcz\u0105ce<\/p>\n<p>\u2714\ufe0f Mo\u017cliwo\u015b\u0107 druku dwustronnego<\/p>\n<p>\u2714\ufe0f Gotowe doci\u0119cie do klamek lub ci\u0119cie na wymiar<\/p>\n<p>\u2714\ufe0f W pe\u0142ni spersonalizowany projekt z logo firmy, komunikatem, kampani\u0105 reklamow\u0105 i tekstami ostrzegawczymi<\/p>\n<p>Zastosowanie:<\/p>\n<p>Hotele \u2013 \u201eNie przeszkadza\u0107\u201d, \u201ePok\u00f3j posprz\u0105tany\u201d<\/p>\n<p>Supermarkety \u2013 kampanie i og\u0142oszenia<\/p>\n<p>Szpitale \u2013 w celach informacyjnych<\/p>\n<p>Biura \u2013 ostrze\u017cenia dotycz\u0105ce spotka\u0144 lub miejsc prywatnych<\/p>\n<p>Imprezy \u2013 promocje w organizacjach<\/p>\n<p>Sklepy \u2013 kampanie, og\u0142oszenia o zni\u017ckach<\/p>\n<p>Dlaczego druk rotacyjny szyld\u00f3w? <\/p>\n<p>\u2714\ufe0f Bezpo\u015brednio przyci\u0105ga uwag\u0119 klient\u00f3w<\/p>\n<p>\u2714\ufe0f Nadaje marce profesjonalny wygl\u0105d<\/p>\n<p>\u2714\ufe0f Jest to jedna z ekonomicznych metod promocji<\/p>\n<p>\u2714\ufe0f Zapewnia szybk\u0105 i skuteczn\u0105 komunikacj\u0119<\/p>\n","protected":false},"excerpt":{"rendered":"<p><strong style=\"font-size: 14px; color: #111827; font-family: system-ui, -apple-system, 'Segoe UI', Roboto, Ubuntu, Cantarell, 'Helvetica Neue', Arial, sans-serif;\">Drukowanie wieszak\u00f3w na drzwi \/ stojak\u00f3w<\/strong><\/p>\n<p><span style=\"font-size: 14px; color: #111827; font-family: system-ui, -apple-system, 'Segoe UI', Roboto, Ubuntu, Cantarell, 'Helvetica Neue', Arial, sans-serif;\"><\/p>\n<p>To profesjonalny produkt promocyjny, kt\u00f3ry mo\u017cna \u0142atwo zawiesi\u0107 na klamkach, umo\u017cliwiaj\u0105c firmom szybkie i skuteczne przekazywanie wiadomo\u015bci i og\u0142osze\u0144. Zosta\u0142 zaprojektowany specjalnie dla hoteli, szpitali, sklep\u00f3w, biur i obiekt\u00f3w eventowych. Oferuje w pe\u0142ni spersonalizowane opcje drukowania i ci\u0119cia.<br \/>\n<\/span><\/p>\n<div style=\"font-family: system-ui,-apple-system,Segoe UI,Roboto,Ubuntu,Cantarell,'Helvetica Neue',Arial,sans-serif; font-size: 14px; line-height: 1.6; color: #111827;\">\n<ul>\n<li>Opcje tektury powlekanej lub kraft o gramaturze 350\u2013400 gr<\/li>\n<li>Pow\u0142oka celofanowa matowa lub b\u0142yszcz\u0105ca<\/li>\n<li>Druk dwustronny i mo\u017cliwo\u015b\u0107 wycinania niestandardowych kszta\u0142t\u00f3w<\/li>\n<li>Logo, tekst ostrzegawczy, przekaz kampanii i opcje kolorystyczne<\/li>\n<li>Idealne zastosowanie w hotelach, szpitalach, sklepach i organizacjach<\/li>\n<\/ul>\n<p><!-- Dodano wideo --><\/p>\n<div class=\"video-container\"><iframe src=\"https:\/\/www.youtube.com\/embed\/7XGi-5ABR0U?autoplay=1&amp;mute=1&amp;playlist=7XGi-5ABR0U&amp;loop=1&amp;controls=0&amp;modestbranding=1&amp;rel=0\" allowfullscreen=\"allowfullscreen\"><\/iframe><\/div>\n<\/div>\n<p>&nbsp;<\/p>\n","protected":false},"featured_media":98,"comment_status":"open","ping_status":"closed","template":"","meta":{"_crdt_document":"","_uag_custom_page_level_css":"","site-sidebar-layout":"default","site-content-layout":"","ast-site-content-layout":"default","site-content-style":"default","site-sidebar-style":"default","ast-global-header-display":"","ast-banner-title-visibility":"","ast-main-header-display":"","ast-hfb-above-header-display":"","ast-hfb-below-header-display":"","ast-hfb-mobile-header-display":"","site-post-title":"","ast-breadcrumbs-content":"","ast-featured-img":"","footer-sml-layout":"","ast-disable-related-posts":"","theme-transparent-header-meta":"","adv-header-id-meta":"","stick-header-meta":"","header-above-stick-meta":"","header-main-stick-meta":"","header-below-stick-meta":"","astra-migrate-meta-layouts":"default","ast-page-background-enabled":"default","ast-page-background-meta":{"desktop":{"background-color":"var(--ast-global-color-5)","background-image":"","background-repeat":"repeat","background-position":"center center","background-size":"auto","background-attachment":"scroll","background-type":"","background-media":"","overlay-type":"","overlay-color":"","overlay-opacity":"","overlay-gradient":""},"tablet":{"background-color":"","background-image":"","background-repeat":"repeat","background-position":"center center","background-size":"auto","background-attachment":"scroll","background-type":"","background-media":"","overlay-type":"","overlay-color":"","overlay-opacity":"","overlay-gradient":""},"mobile":{"background-color":"","background-image":"","background-repeat":"repeat","background-position":"center center","background-size":"auto","background-attachment":"scroll","background-type":"","background-media":"","overlay-type":"","overlay-color":"","overlay-opacity":"","overlay-gradient":""}},"ast-content-background-meta":{"desktop":{"background-color":"var(--ast-global-color-4)","background-image":"","background-repeat":"repeat","background-position":"center center","background-size":"auto","background-attachment":"scroll","background-type":"","background-media":"","overlay-type":"","overlay-color":"","overlay-opacity":"","overlay-gradient":""},"tablet":{"background-color":"var(--ast-global-color-4)","background-image":"","background-repeat":"repeat","background-position":"center center","background-size":"auto","background-attachment":"scroll","background-type":"","background-media":"","overlay-type":"","overlay-color":"","overlay-opacity":"","overlay-gradient":""},"mobile":{"background-color":"var(--ast-global-color-4)","background-image":"","background-repeat":"repeat","background-position":"center center","background-size":"auto","background-attachment":"scroll","background-type":"","background-media":"","overlay-type":"","overlay-color":"","overlay-opacity":"","overlay-gradient":""}}},"product_brand":[230],"product_cat":[1320,1319,1124],"product_tag":[1337,1338,1336],"class_list":{"0":"post-17919","1":"product","2":"type-product","3":"status-publish","4":"has-post-thumbnail","6":"product_brand-tabelamatik","7":"product_cat-banery-i-folie","8":"product_cat-naklejki","9":"product_cat-wszystkie-produkty","10":"product_tag-obrotowy-nadruk-szyldow","11":"product_tag-obrotowy-szyld","12":"product_tag-obrotowy-szyld-sznurkowy","13":"product_shipping_class-ucretsiz-gonderimler","14":"desktop-align-left","15":"tablet-align-left","16":"mobile-align-left","18":"first","19":"instock","20":"taxable","21":"shipping-taxable","22":"purchasable","23":"product-type-simple"},"uagb_featured_image_src":{"full":["https:\/\/www.tabelamatik.com\/pl\/wp-content\/uploads\/sites\/39\/2025\/11\/10-Donkart-800x600-1-1.png",800,600,false],"thumbnail":["https:\/\/www.tabelamatik.com\/pl\/wp-content\/uploads\/sites\/39\/2025\/11\/10-Donkart-800x600-1-1-150x150.png",150,150,true],"medium":["https:\/\/www.tabelamatik.com\/pl\/wp-content\/uploads\/sites\/39\/2025\/11\/10-Donkart-800x600-1-1-300x225.png",300,225,true],"medium_large":["https:\/\/www.tabelamatik.com\/pl\/wp-content\/uploads\/sites\/39\/2025\/11\/10-Donkart-800x600-1-1-768x576.png",768,576,true],"large":["https:\/\/www.tabelamatik.com\/pl\/wp-content\/uploads\/sites\/39\/2025\/11\/10-Donkart-800x600-1-1.png",800,600,false],"1536x1536":["https:\/\/www.tabelamatik.com\/pl\/wp-content\/uploads\/sites\/39\/2025\/11\/10-Donkart-800x600-1-1.png",800,600,false],"2048x2048":["https:\/\/www.tabelamatik.com\/pl\/wp-content\/uploads\/sites\/39\/2025\/11\/10-Donkart-800x600-1-1.png",800,600,false],"woocommerce_thumbnail":["https:\/\/www.tabelamatik.com\/pl\/wp-content\/uploads\/sites\/39\/2025\/11\/10-Donkart-800x600-1-1-300x300.png",300,300,true],"woocommerce_single":["https:\/\/www.tabelamatik.com\/pl\/wp-content\/uploads\/sites\/39\/2025\/11\/10-Donkart-800x600-1-1-600x450.png",400,300,true],"woocommerce_gallery_thumbnail":["https:\/\/www.tabelamatik.com\/pl\/wp-content\/uploads\/sites\/39\/2025\/11\/10-Donkart-800x600-1-1-100x100.png",100,100,true]},"uagb_author_info":{"display_name":"Murat \u015eeimen","author_link":"https:\/\/www.tabelamatik.com\/pl\/author\/"},"uagb_comment_info":0,"uagb_excerpt":"Drukowanie wieszak\u00f3w na drzwi \/ stojak\u00f3w To profesjonalny produkt promocyjny, kt\u00f3ry mo\u017cna \u0142atwo zawiesi\u0107 na klamkach, umo\u017cliwiaj\u0105c firmom szybkie i skuteczne przekazywanie wiadomo\u015bci i og\u0142osze\u0144. Zosta\u0142 zaprojektowany specjalnie dla hoteli, szpitali, sklep\u00f3w, biur i obiekt\u00f3w eventowych. Oferuje w pe\u0142ni spersonalizowane opcje drukowania i ci\u0119cia. Opcje tektury powlekanej lub kraft o gramaturze 350\u2013400 gr Pow\u0142oka celofanowa&hellip;","_links":{"self":[{"href":"https:\/\/www.tabelamatik.com\/pl\/wp-json\/wp\/v2\/product\/17919","targetHints":{"allow":["GET"]}}],"collection":[{"href":"https:\/\/www.tabelamatik.com\/pl\/wp-json\/wp\/v2\/product"}],"about":[{"href":"https:\/\/www.tabelamatik.com\/pl\/wp-json\/wp\/v2\/types\/product"}],"replies":[{"embeddable":true,"href":"https:\/\/www.tabelamatik.com\/pl\/wp-json\/wp\/v2\/comments?post=17919"}],"wp:featuredmedia":[{"embeddable":true,"href":"https:\/\/www.tabelamatik.com\/pl\/wp-json\/wp\/v2\/media\/98"}],"wp:attachment":[{"href":"https:\/\/www.tabelamatik.com\/pl\/wp-json\/wp\/v2\/media?parent=17919"}],"wp:term":[{"taxonomy":"product_brand","embeddable":true,"href":"https:\/\/www.tabelamatik.com\/pl\/wp-json\/wp\/v2\/product_brand?post=17919"},{"taxonomy":"product_cat","embeddable":true,"href":"https:\/\/www.tabelamatik.com\/pl\/wp-json\/wp\/v2\/product_cat?post=17919"},{"taxonomy":"product_tag","embeddable":true,"href":"https:\/\/www.tabelamatik.com\/pl\/wp-json\/wp\/v2\/product_tag?post=17919"}],"curies":[{"name":"wp","href":"https:\/\/api.w.org\/{rel}","templated":true}]}}