{"id":17920,"date":"2026-01-26T15:31:44","date_gmt":"2026-01-26T12:31:44","guid":{"rendered":"https:\/\/www.tabelamatik.com\/pl\/?post_type=product&#038;p=17920"},"modified":"2026-01-26T15:31:55","modified_gmt":"2026-01-26T12:31:55","slug":"baner-plakat-drukowanie-banerow","status":"publish","type":"product","link":"https:\/\/www.tabelamatik.com\/pl\/produkt\/baner-plakat-drukowanie-banerow\/","title":{"rendered":"Baner &#8211; Plakat &#8211; Drukowanie baner\u00f3w"},"content":{"rendered":"<p>Na sprzeda\u017c, do wynaj\u0119cia, na urodziny, na kampanie reklamowe, na o\u015bwiadczyny, w wybranych kolorach i rozmiarach.<\/p>\n<p>Wysy\u0142ka w ci\u0105gu jednego dnia.<\/p>\n","protected":false},"excerpt":{"rendered":"<blockquote><p>Oferujemy us\u0142ugi druku baner\u00f3w, plakat\u00f3w i szyld\u00f3w. Nasz profesjonalny zesp\u00f3\u0142 tworzy wysokiej jako\u015bci i imponuj\u0105ce projekty. Mo\u017cemy drukowa\u0107 w rozmiarach i kolorach dopasowanych do Twoich potrzeb. Banery, szyldy, plakaty, tablice z zar\u0119czynami, tablice z napisem \u201eOtwarcie\u201d, tablice z og\u0142oszeniami o prac\u0119, plakaty reklamowe.<\/p>\n<p>Z\u0142\u00f3\u017c zam\u00f3wienie, szybko wy\u015blij plik, tekst lub obraz przez WhatsApp, a wydruk zostanie dostarczony pod Twoje drzwi jednym klikni\u0119ciem.<\/p><\/blockquote>\n","protected":false},"featured_media":99,"comment_status":"closed","ping_status":"closed","template":"","meta":{"_crdt_document":"","_uag_custom_page_level_css":"","site-sidebar-layout":"default","site-content-layout":"","ast-site-content-layout":"default","site-content-style":"default","site-sidebar-style":"default","ast-global-header-display":"","ast-banner-title-visibility":"","ast-main-header-display":"","ast-hfb-above-header-display":"","ast-hfb-below-header-display":"","ast-hfb-mobile-header-display":"","site-post-title":"","ast-breadcrumbs-content":"","ast-featured-img":"","footer-sml-layout":"","ast-disable-related-posts":"","theme-transparent-header-meta":"","adv-header-id-meta":"","stick-header-meta":"","header-above-stick-meta":"","header-main-stick-meta":"","header-below-stick-meta":"","astra-migrate-meta-layouts":"default","ast-page-background-enabled":"default","ast-page-background-meta":{"desktop":{"background-color":"var(--ast-global-color-5)","background-image":"","background-repeat":"repeat","background-position":"center center","background-size":"auto","background-attachment":"scroll","background-type":"","background-media":"","overlay-type":"","overlay-color":"","overlay-opacity":"","overlay-gradient":""},"tablet":{"background-color":"","background-image":"","background-repeat":"repeat","background-position":"center center","background-size":"auto","background-attachment":"scroll","background-type":"","background-media":"","overlay-type":"","overlay-color":"","overlay-opacity":"","overlay-gradient":""},"mobile":{"background-color":"","background-image":"","background-repeat":"repeat","background-position":"center center","background-size":"auto","background-attachment":"scroll","background-type":"","background-media":"","overlay-type":"","overlay-color":"","overlay-opacity":"","overlay-gradient":""}},"ast-content-background-meta":{"desktop":{"background-color":"var(--ast-global-color-4)","background-image":"","background-repeat":"repeat","background-position":"center center","background-size":"auto","background-attachment":"scroll","background-type":"","background-media":"","overlay-type":"","overlay-color":"","overlay-opacity":"","overlay-gradient":""},"tablet":{"background-color":"var(--ast-global-color-4)","background-image":"","background-repeat":"repeat","background-position":"center center","background-size":"auto","background-attachment":"scroll","background-type":"","background-media":"","overlay-type":"","overlay-color":"","overlay-opacity":"","overlay-gradient":""},"mobile":{"background-color":"var(--ast-global-color-4)","background-image":"","background-repeat":"repeat","background-position":"center center","background-size":"auto","background-attachment":"scroll","background-type":"","background-media":"","overlay-type":"","overlay-color":"","overlay-opacity":"","overlay-gradient":""}}},"product_brand":[230],"product_cat":[1129,1130,1124],"product_tag":[1340,1339,1341],"class_list":{"0":"post-17920","1":"product","2":"type-product","3":"status-publish","4":"has-post-thumbnail","6":"product_brand-tabelamatik","7":"product_cat-druk-cyfrowy","8":"product_cat-plakaty","9":"product_cat-wszystkie-produkty","10":"product_tag-druk-banerow","11":"product_tag-plakat","12":"product_tag-plakat-z-zareczynami","13":"desktop-align-left","14":"tablet-align-left","15":"mobile-align-left","17":"first","18":"instock","19":"taxable","20":"shipping-taxable","21":"purchasable","22":"product-type-simple"},"uagb_featured_image_src":{"full":["https:\/\/www.tabelamatik.com\/pl\/wp-content\/uploads\/sites\/39\/2025\/11\/12-Branda-800x600-1-1.png",800,600,false],"thumbnail":["https:\/\/www.tabelamatik.com\/pl\/wp-content\/uploads\/sites\/39\/2025\/11\/12-Branda-800x600-1-1-150x150.png",150,150,true],"medium":["https:\/\/www.tabelamatik.com\/pl\/wp-content\/uploads\/sites\/39\/2025\/11\/12-Branda-800x600-1-1-300x225.png",300,225,true],"medium_large":["https:\/\/www.tabelamatik.com\/pl\/wp-content\/uploads\/sites\/39\/2025\/11\/12-Branda-800x600-1-1-768x576.png",768,576,true],"large":["https:\/\/www.tabelamatik.com\/pl\/wp-content\/uploads\/sites\/39\/2025\/11\/12-Branda-800x600-1-1.png",800,600,false],"1536x1536":["https:\/\/www.tabelamatik.com\/pl\/wp-content\/uploads\/sites\/39\/2025\/11\/12-Branda-800x600-1-1.png",800,600,false],"2048x2048":["https:\/\/www.tabelamatik.com\/pl\/wp-content\/uploads\/sites\/39\/2025\/11\/12-Branda-800x600-1-1.png",800,600,false],"woocommerce_thumbnail":["https:\/\/www.tabelamatik.com\/pl\/wp-content\/uploads\/sites\/39\/2025\/11\/12-Branda-800x600-1-1-300x300.png",300,300,true],"woocommerce_single":["https:\/\/www.tabelamatik.com\/pl\/wp-content\/uploads\/sites\/39\/2025\/11\/12-Branda-800x600-1-1-600x450.png",400,300,true],"woocommerce_gallery_thumbnail":["https:\/\/www.tabelamatik.com\/pl\/wp-content\/uploads\/sites\/39\/2025\/11\/12-Branda-800x600-1-1-100x100.png",100,100,true]},"uagb_author_info":{"display_name":"Murat \u015eeimen","author_link":"https:\/\/www.tabelamatik.com\/pl\/author\/"},"uagb_comment_info":0,"uagb_excerpt":"Oferujemy us\u0142ugi druku baner\u00f3w, plakat\u00f3w i szyld\u00f3w. Nasz profesjonalny zesp\u00f3\u0142 tworzy wysokiej jako\u015bci i imponuj\u0105ce projekty. Mo\u017cemy drukowa\u0107 w rozmiarach i kolorach dopasowanych do Twoich potrzeb. Banery, szyldy, plakaty, tablice z zar\u0119czynami, tablice z napisem \u201eOtwarcie\u201d, tablice z og\u0142oszeniami o prac\u0119, plakaty reklamowe. Z\u0142\u00f3\u017c zam\u00f3wienie, szybko wy\u015blij plik, tekst lub obraz przez WhatsApp, a wydruk&hellip;","_links":{"self":[{"href":"https:\/\/www.tabelamatik.com\/pl\/wp-json\/wp\/v2\/product\/17920","targetHints":{"allow":["GET"]}}],"collection":[{"href":"https:\/\/www.tabelamatik.com\/pl\/wp-json\/wp\/v2\/product"}],"about":[{"href":"https:\/\/www.tabelamatik.com\/pl\/wp-json\/wp\/v2\/types\/product"}],"replies":[{"embeddable":true,"href":"https:\/\/www.tabelamatik.com\/pl\/wp-json\/wp\/v2\/comments?post=17920"}],"wp:featuredmedia":[{"embeddable":true,"href":"https:\/\/www.tabelamatik.com\/pl\/wp-json\/wp\/v2\/media\/99"}],"wp:attachment":[{"href":"https:\/\/www.tabelamatik.com\/pl\/wp-json\/wp\/v2\/media?parent=17920"}],"wp:term":[{"taxonomy":"product_brand","embeddable":true,"href":"https:\/\/www.tabelamatik.com\/pl\/wp-json\/wp\/v2\/product_brand?post=17920"},{"taxonomy":"product_cat","embeddable":true,"href":"https:\/\/www.tabelamatik.com\/pl\/wp-json\/wp\/v2\/product_cat?post=17920"},{"taxonomy":"product_tag","embeddable":true,"href":"https:\/\/www.tabelamatik.com\/pl\/wp-json\/wp\/v2\/product_tag?post=17920"}],"curies":[{"name":"wp","href":"https:\/\/api.w.org\/{rel}","templated":true}]}}