{"id":17921,"date":"2026-01-26T15:31:44","date_gmt":"2026-01-26T12:31:44","guid":{"rendered":"https:\/\/www.tabelamatik.com\/pl\/?post_type=product&#038;p=17921"},"modified":"2026-01-26T15:32:48","modified_gmt":"2026-01-26T12:32:48","slug":"przezroczysty-znak-na-drzwi-z-pleksiglasu","status":"publish","type":"product","link":"https:\/\/www.tabelamatik.com\/pl\/produkt\/przezroczysty-znak-na-drzwi-z-pleksiglasu\/","title":{"rendered":"Przezroczysty znak na drzwi z pleksiglasu"},"content":{"rendered":"<div>\n<h2><span dir=\"auto\" style=\"vertical-align: inherit;\"><span dir=\"auto\" style=\"vertical-align: inherit;\">Przezroczysty szyld na drzwi z pleksiglasu<\/span><\/span><\/h2>\n<p><strong><span dir=\"auto\" style=\"vertical-align: inherit;\"><span dir=\"auto\" style=\"vertical-align: inherit;\">Przezroczyste szyldy na drzwi z pleksiglasu<\/span><\/span><\/strong><span dir=\"auto\" style=\"vertical-align: inherit;\"><span dir=\"auto\" style=\"vertical-align: inherit;\"> s\u0105 wykonane z wysokiej jako\u015bci pleksiglasu i s\u0142u\u017c\u0105 do wy\u015bwietlania informacji, wskaz\u00f3wek dojazdu lub logo marki na drzwiach lub \u015bcianach. Ich trwa\u0142a konstrukcja i nowoczesny wygl\u0105d sprawiaj\u0105, \u017ce s\u0105 popularnym wyborem w firmach, biurach i budynkach u\u017cyteczno\u015bci publicznej.<\/span><\/span><\/p>\n<p><span dir=\"auto\" style=\"vertical-align: inherit;\"><span dir=\"auto\" style=\"vertical-align: inherit;\">Te znaki wyr\u00f3\u017cniaj\u0105 si\u0119 <\/span><\/span><strong><span dir=\"auto\" style=\"vertical-align: inherit;\"><span dir=\"auto\" style=\"vertical-align: inherit;\">\u0142atw\u0105 do czyszczenia powierzchni\u0105 i <\/span><\/span><\/strong><em><span dir=\"auto\" style=\"vertical-align: inherit;\"><span dir=\"auto\" style=\"vertical-align: inherit;\">opcjami personalizacji<\/span><\/span><\/em><span dir=\"auto\" style=\"vertical-align: inherit;\"><span dir=\"auto\" style=\"vertical-align: inherit;\">, takimi jak tekst, grafika i logo Drukowanie <\/span><span dir=\"auto\" style=\"vertical-align: inherit;\">. Ich przezroczysta struktura przepuszcza \u015bwiat\u0142o, zapewniaj\u0105c wyra\u017an\u0105 widoczno\u015b\u0107 nawet w miejscach o ograniczonym o\u015bwietleniu. S\u0105 one r\u00f3wnie\u017c <\/span><\/span><strong><span dir=\"auto\" style=\"vertical-align: inherit;\"><span dir=\"auto\" style=\"vertical-align: inherit;\">odporne na blakni\u0119cie, zarysowania i uderzenia<\/span><\/span><\/strong><span dir=\"auto\" style=\"vertical-align: inherit;\"><span dir=\"auto\" style=\"vertical-align: inherit;\"> .<\/span><\/span><\/p>\n<h3><span dir=\"auto\" style=\"vertical-align: inherit;\"><span dir=\"auto\" style=\"vertical-align: inherit;\">Wyr\u00f3\u017cnione funkcje<\/span><\/span><\/h3>\n<ul>\n<li><span dir=\"auto\" style=\"vertical-align: inherit;\"><span dir=\"auto\" style=\"vertical-align: inherit;\">Materia\u0142: Przezroczysty pleksi<\/span><\/span><\/li>\n<li><span dir=\"auto\" style=\"vertical-align: inherit;\"><span dir=\"auto\" style=\"vertical-align: inherit;\">Personalizacja: Logo, tekst, nadruk graficzny<\/span><\/span><\/li>\n<li><span dir=\"auto\" style=\"vertical-align: inherit;\"><span dir=\"auto\" style=\"vertical-align: inherit;\">Trwa\u0142o\u015b\u0107: Odporno\u015b\u0107 na zarysowania, blakni\u0119cie i uderzenia<\/span><\/span><\/li>\n<li><span dir=\"auto\" style=\"vertical-align: inherit;\"><span dir=\"auto\" style=\"vertical-align: inherit;\">Zastosowanie: Oznakowanie drzwi i \u015bcian wewn\u0119trznych<\/span><\/span><\/li>\n<li><span dir=\"auto\" style=\"vertical-align: inherit;\"><span dir=\"auto\" style=\"vertical-align: inherit;\">Konserwacja: Powierzchnia \u0142atwa w czyszczeniu<\/span><\/span><\/li>\n<\/ul>\n<h3><span dir=\"auto\" style=\"vertical-align: inherit;\"><span dir=\"auto\" style=\"vertical-align: inherit;\">Obszary zastosowania<\/span><\/span><\/h3>\n<ul>\n<li><span dir=\"auto\" style=\"vertical-align: inherit;\"><span dir=\"auto\" style=\"vertical-align: inherit;\">Tabliczki na drzwi do biur<\/span><\/span><\/li>\n<li><span dir=\"auto\" style=\"vertical-align: inherit;\"><span dir=\"auto\" style=\"vertical-align: inherit;\">Tabliczki wej\u015bciowe do firm<\/span><\/span><\/li>\n<li><span dir=\"auto\" style=\"vertical-align: inherit;\"><span dir=\"auto\" style=\"vertical-align: inherit;\">Znaki kierunkowe w budynkach u\u017cyteczno\u015bci publicznej<\/span><\/span><\/li>\n<li><span dir=\"auto\" style=\"vertical-align: inherit;\"><span dir=\"auto\" style=\"vertical-align: inherit;\">Hotele, szpitale i plac\u00f3wki edukacyjne<\/span><\/span><\/li>\n<\/ul>\n<p><strong><span dir=\"auto\" style=\"vertical-align: inherit;\"><span dir=\"auto\" style=\"vertical-align: inherit;\">Uwaga:<\/span><\/span><\/strong><span dir=\"auto\" style=\"vertical-align: inherit;\"><span dir=\"auto\" style=\"vertical-align: inherit;\"> Dost\u0119pna jest produkcja niestandardowa. Produkcja rozpoczyna si\u0119 po zatwierdzeniu projektu.\u015eeffaf pleksi kap\u0131 tabelalar\u0131, y\u00fcksek kaliteli pleksiglastan \u00fcretilir ve kap\u0131larda veya duvarlarda bilgi, y\u00f6nlendirme ya da marka logolar\u0131n\u0131 sergilemek i\u00e7in kullan\u0131l\u0131r. Dayan\u0131kl\u0131 yap\u0131s\u0131 ve modern g\u00f6r\u00fcn\u00fcm\u00fc sayesinde i\u015fletmeler, ofisler ve kamu binalar\u0131nda yayg\u0131n olarak tercih edilmektedir.<\/p>\n<p>Bu tabelalar, kolay temizlenebilir y\u00fczeyi ve yaz\u0131, grafik veya logo bask\u0131s\u0131 gibi \u00f6zelle\u015ftirme se\u00e7enekleri ile \u00f6ne \u00e7\u0131kar. \u015eeffaf yap\u0131s\u0131 sayesinde \u0131\u015f\u0131\u011f\u0131 ge\u00e7irir ve d\u00fc\u015f\u00fck \u0131\u015f\u0131kl\u0131 alanlarda bile net g\u00f6r\u00fcn\u00fcrl\u00fck sa\u011flar. Ayr\u0131ca solmaya, \u00e7izilmeye ve darbeye kar\u015f\u0131 dayan\u0131kl\u0131d\u0131r.<\/p>\n<p>\u00d6ne \u00c7\u0131kan \u00d6zellikler<\/p>\n<p>Malzeme: \u015eeffaf pleksiglas<\/p>\n<p>\u00d6zelle\u015ftirme: Logo, yaz\u0131, grafik bask\u0131s\u0131<\/p>\n<p>Dayan\u0131kl\u0131l\u0131k: \u00c7izilmez, solmaz, darbeye dayan\u0131kl\u0131<\/p>\n<p>Kullan\u0131m Alan\u0131: \u0130\u00e7 mek\u00e2n kap\u0131 ve duvar tabelalar\u0131<\/p>\n<p>Bak\u0131m: Kolay temizlenebilir y\u00fczey<\/p>\n<p>Kullan\u0131m Alanlar\u0131<\/p>\n<p>Ofis cap\u0131 tabelaryczne<\/p>\n<p>\u0130\u015fletme giri\u015f tabelalar\u0131<\/p>\n<p>Kamu binalar\u0131nda y\u00f6nlendirme tabelalar\u0131<\/p>\n<p>Otelerze, hasstaneler ve e\u011fitim kurumlar\u0131<\/span><\/span><br \/>\nN<\/p>\n<\/div>\n","protected":false},"excerpt":{"rendered":"<ol>\n<li>Ten transparentny szyld na drzwi z pleksiglasu mo\u017cna spersonalizowa\u0107, umieszczaj\u0105c na nim logo lub tekst. Jest trwa\u0142y, odporny na zarysowania i idealny do biur, firm i budynk\u00f3w u\u017cyteczno\u015bci publicznej.<\/li>\n<\/ol>\n","protected":false},"featured_media":106,"comment_status":"closed","ping_status":"closed","template":"","meta":{"_crdt_document":"","_uag_custom_page_level_css":"","site-sidebar-layout":"default","site-content-layout":"","ast-site-content-layout":"default","site-content-style":"default","site-sidebar-style":"default","ast-global-header-display":"","ast-banner-title-visibility":"","ast-main-header-display":"","ast-hfb-above-header-display":"","ast-hfb-below-header-display":"","ast-hfb-mobile-header-display":"","site-post-title":"","ast-breadcrumbs-content":"","ast-featured-img":"","footer-sml-layout":"","ast-disable-related-posts":"","theme-transparent-header-meta":"","adv-header-id-meta":"","stick-header-meta":"","header-above-stick-meta":"","header-main-stick-meta":"","header-below-stick-meta":"","astra-migrate-meta-layouts":"default","ast-page-background-enabled":"default","ast-page-background-meta":{"desktop":{"background-color":"var(--ast-global-color-5)","background-image":"","background-repeat":"repeat","background-position":"center center","background-size":"auto","background-attachment":"scroll","background-type":"","background-media":"","overlay-type":"","overlay-color":"","overlay-opacity":"","overlay-gradient":""},"tablet":{"background-color":"","background-image":"","background-repeat":"repeat","background-position":"center center","background-size":"auto","background-attachment":"scroll","background-type":"","background-media":"","overlay-type":"","overlay-color":"","overlay-opacity":"","overlay-gradient":""},"mobile":{"background-color":"","background-image":"","background-repeat":"repeat","background-position":"center center","background-size":"auto","background-attachment":"scroll","background-type":"","background-media":"","overlay-type":"","overlay-color":"","overlay-opacity":"","overlay-gradient":""}},"ast-content-background-meta":{"desktop":{"background-color":"var(--ast-global-color-4)","background-image":"","background-repeat":"repeat","background-position":"center center","background-size":"auto","background-attachment":"scroll","background-type":"","background-media":"","overlay-type":"","overlay-color":"","overlay-opacity":"","overlay-gradient":""},"tablet":{"background-color":"var(--ast-global-color-4)","background-image":"","background-repeat":"repeat","background-position":"center center","background-size":"auto","background-attachment":"scroll","background-type":"","background-media":"","overlay-type":"","overlay-color":"","overlay-opacity":"","overlay-gradient":""},"mobile":{"background-color":"var(--ast-global-color-4)","background-image":"","background-repeat":"repeat","background-position":"center center","background-size":"auto","background-attachment":"scroll","background-type":"","background-media":"","overlay-type":"","overlay-color":"","overlay-opacity":"","overlay-gradient":""}}},"product_brand":[230],"product_cat":[1342,1343,1124],"product_tag":[1346,1348,1347,1350,1351,1344,1345,1349,1352,1353,1354],"class_list":{"0":"post-17921","1":"product","2":"type-product","3":"status-publish","4":"has-post-thumbnail","6":"product_brand-tabelamatik","7":"product_cat-podswietlane-i-niepodswietlane-szyldy","8":"product_cat-szyldy-na-drzwi-biurowe","9":"product_cat-wszystkie-produkty","10":"product_tag-tabliczka-firmowa","11":"product_tag-tabliczka-kierunkowa-do-drzwi","12":"product_tag-tabliczka-na-drzwi","13":"product_tag-tabliczka-na-drzwi-biurowe","14":"product_tag-tabliczka-na-drzwi-z-pleksiglasu","15":"product_tag-tabliczka-scienna","16":"product_tag-tabliczka-wewnetrzna","17":"product_tag-tabliczka-z-logo-z-pleksiglasu","18":"product_tag-tabliczka-z-pleksiglasu","19":"product_tag-transparentna-tabliczka-na-drzwi-z-pleksiglasu","20":"product_tag-transparentny-znak","21":"product_shipping_class-ucretsiz-gonderimler","22":"desktop-align-left","23":"tablet-align-left","24":"mobile-align-left","26":"first","27":"instock","28":"taxable","29":"shipping-taxable","30":"purchasable","31":"product-type-variable","32":"has-default-attributes"},"uagb_featured_image_src":{"full":["https:\/\/www.tabelamatik.com\/pl\/wp-content\/uploads\/sites\/39\/2025\/11\/14-Seffaf-Plexi-Kapi-Tabelasi-800x600-1-1.png",800,600,false],"thumbnail":["https:\/\/www.tabelamatik.com\/pl\/wp-content\/uploads\/sites\/39\/2025\/11\/14-Seffaf-Plexi-Kapi-Tabelasi-800x600-1-1-150x150.png",150,150,true],"medium":["https:\/\/www.tabelamatik.com\/pl\/wp-content\/uploads\/sites\/39\/2025\/11\/14-Seffaf-Plexi-Kapi-Tabelasi-800x600-1-1-300x225.png",300,225,true],"medium_large":["https:\/\/www.tabelamatik.com\/pl\/wp-content\/uploads\/sites\/39\/2025\/11\/14-Seffaf-Plexi-Kapi-Tabelasi-800x600-1-1-768x576.png",768,576,true],"large":["https:\/\/www.tabelamatik.com\/pl\/wp-content\/uploads\/sites\/39\/2025\/11\/14-Seffaf-Plexi-Kapi-Tabelasi-800x600-1-1.png",800,600,false],"1536x1536":["https:\/\/www.tabelamatik.com\/pl\/wp-content\/uploads\/sites\/39\/2025\/11\/14-Seffaf-Plexi-Kapi-Tabelasi-800x600-1-1.png",800,600,false],"2048x2048":["https:\/\/www.tabelamatik.com\/pl\/wp-content\/uploads\/sites\/39\/2025\/11\/14-Seffaf-Plexi-Kapi-Tabelasi-800x600-1-1.png",800,600,false],"woocommerce_thumbnail":["https:\/\/www.tabelamatik.com\/pl\/wp-content\/uploads\/sites\/39\/2025\/11\/14-Seffaf-Plexi-Kapi-Tabelasi-800x600-1-1-300x300.png",300,300,true],"woocommerce_single":["https:\/\/www.tabelamatik.com\/pl\/wp-content\/uploads\/sites\/39\/2025\/11\/14-Seffaf-Plexi-Kapi-Tabelasi-800x600-1-1-600x450.png",400,300,true],"woocommerce_gallery_thumbnail":["https:\/\/www.tabelamatik.com\/pl\/wp-content\/uploads\/sites\/39\/2025\/11\/14-Seffaf-Plexi-Kapi-Tabelasi-800x600-1-1-100x100.png",100,100,true]},"uagb_author_info":{"display_name":"Murat \u015eeimen","author_link":"https:\/\/www.tabelamatik.com\/pl\/author\/"},"uagb_comment_info":0,"uagb_excerpt":"Ten transparentny szyld na drzwi z pleksiglasu mo\u017cna spersonalizowa\u0107, umieszczaj\u0105c na nim logo lub tekst. Jest trwa\u0142y, odporny na zarysowania i idealny do biur, firm i budynk\u00f3w u\u017cyteczno\u015bci publicznej.","_links":{"self":[{"href":"https:\/\/www.tabelamatik.com\/pl\/wp-json\/wp\/v2\/product\/17921","targetHints":{"allow":["GET"]}}],"collection":[{"href":"https:\/\/www.tabelamatik.com\/pl\/wp-json\/wp\/v2\/product"}],"about":[{"href":"https:\/\/www.tabelamatik.com\/pl\/wp-json\/wp\/v2\/types\/product"}],"replies":[{"embeddable":true,"href":"https:\/\/www.tabelamatik.com\/pl\/wp-json\/wp\/v2\/comments?post=17921"}],"wp:featuredmedia":[{"embeddable":true,"href":"https:\/\/www.tabelamatik.com\/pl\/wp-json\/wp\/v2\/media\/106"}],"wp:attachment":[{"href":"https:\/\/www.tabelamatik.com\/pl\/wp-json\/wp\/v2\/media?parent=17921"}],"wp:term":[{"taxonomy":"product_brand","embeddable":true,"href":"https:\/\/www.tabelamatik.com\/pl\/wp-json\/wp\/v2\/product_brand?post=17921"},{"taxonomy":"product_cat","embeddable":true,"href":"https:\/\/www.tabelamatik.com\/pl\/wp-json\/wp\/v2\/product_cat?post=17921"},{"taxonomy":"product_tag","embeddable":true,"href":"https:\/\/www.tabelamatik.com\/pl\/wp-json\/wp\/v2\/product_tag?post=17921"}],"curies":[{"name":"wp","href":"https:\/\/api.w.org\/{rel}","templated":true}]}}