{"id":17946,"date":"2026-01-26T15:32:04","date_gmt":"2026-01-26T12:32:04","guid":{"rendered":"https:\/\/www.tabelamatik.com\/pl\/?post_type=product&#038;p=17946"},"modified":"2026-01-26T15:32:14","modified_gmt":"2026-01-26T12:32:14","slug":"folia-samoprzylepna-wzorzysta-des05","status":"publish","type":"product","link":"https:\/\/www.tabelamatik.com\/pl\/produkt\/folia-samoprzylepna-wzorzysta-des05\/","title":{"rendered":"Folia samoprzylepna wzorzysta DES05"},"content":{"rendered":"<div class=\"electro-description clearfix\">\n<ul class=\"detail-desc-list two-columns\">\n<li>Szeroko\u015b\u0107: 50 cm<\/li>\n<li>D\u0142ugo\u015b\u0107: 105 cm<\/li>\n<li>Nie zawiera substancji rakotw\u00f3rczych<\/li>\n<li>Odporny na dzia\u0142anie wody i wilgoci<\/li>\n<li>Nie wydziela zapachu<\/li>\n<li>Praktyczny w u\u017cyciu, d\u0142ugotrwa\u0142y<\/li>\n<li>\u0141atwy w aplikacji poprzez zwil\u017cenie<\/li>\n<li>U\u017cyj plastikowej szpatu\u0142ki, aby upewni\u0107 si\u0119, \u017ce nie pozostan\u0105 \u017cadne p\u0119cherzyki powietrza<\/li>\n<li>Obszar zastosowania: Drewniane meble, marmurowe blaty kuchenne, p\u0142ytki ceramiczne i<\/li>\n<li>Na bardzo czyste, otynkowane i zagruntowane \u015bciany<\/li>\n<p> u\u017cywany.<\/li>\n<\/ul>\n<\/div>\n","protected":false},"excerpt":{"rendered":"<div class=\"woocommerce-product-details__short-description\">\n<p>Folia samoprzylepna z marmurkowym wzorem. \u0141atwa w aplikacji i \u0142atwa do usuni\u0119cia w razie potrzeby. Bardzo mocno przylega do ka\u017cdej p\u0142askiej powierzchni.<\/p>\n<\/div>\n","protected":false},"featured_media":16364,"comment_status":"closed","ping_status":"closed","template":"","meta":{"_crdt_document":"","_uag_custom_page_level_css":"","site-sidebar-layout":"default","site-content-layout":"","ast-site-content-layout":"default","site-content-style":"default","site-sidebar-style":"default","ast-global-header-display":"","ast-banner-title-visibility":"","ast-main-header-display":"","ast-hfb-above-header-display":"","ast-hfb-below-header-display":"","ast-hfb-mobile-header-display":"","site-post-title":"","ast-breadcrumbs-content":"","ast-featured-img":"","footer-sml-layout":"","ast-disable-related-posts":"","theme-transparent-header-meta":"","adv-header-id-meta":"","stick-header-meta":"","header-above-stick-meta":"","header-main-stick-meta":"","header-below-stick-meta":"","astra-migrate-meta-layouts":"default","ast-page-background-enabled":"default","ast-page-background-meta":{"desktop":{"background-color":"var(--ast-global-color-5)","background-image":"","background-repeat":"repeat","background-position":"center center","background-size":"auto","background-attachment":"scroll","background-type":"","background-media":"","overlay-type":"","overlay-color":"","overlay-opacity":"","overlay-gradient":""},"tablet":{"background-color":"","background-image":"","background-repeat":"repeat","background-position":"center center","background-size":"auto","background-attachment":"scroll","background-type":"","background-media":"","overlay-type":"","overlay-color":"","overlay-opacity":"","overlay-gradient":""},"mobile":{"background-color":"","background-image":"","background-repeat":"repeat","background-position":"center center","background-size":"auto","background-attachment":"scroll","background-type":"","background-media":"","overlay-type":"","overlay-color":"","overlay-opacity":"","overlay-gradient":""}},"ast-content-background-meta":{"desktop":{"background-color":"var(--ast-global-color-4)","background-image":"","background-repeat":"repeat","background-position":"center center","background-size":"auto","background-attachment":"scroll","background-type":"","background-media":"","overlay-type":"","overlay-color":"","overlay-opacity":"","overlay-gradient":""},"tablet":{"background-color":"var(--ast-global-color-4)","background-image":"","background-repeat":"repeat","background-position":"center center","background-size":"auto","background-attachment":"scroll","background-type":"","background-media":"","overlay-type":"","overlay-color":"","overlay-opacity":"","overlay-gradient":""},"mobile":{"background-color":"var(--ast-global-color-4)","background-image":"","background-repeat":"repeat","background-position":"center center","background-size":"auto","background-attachment":"scroll","background-type":"","background-media":"","overlay-type":"","overlay-color":"","overlay-opacity":"","overlay-gradient":""}}},"product_brand":[230],"product_cat":[1477,1319,1124,1125],"product_tag":[],"class_list":{"0":"post-17946","1":"product","2":"type-product","3":"status-publish","4":"has-post-thumbnail","6":"product_brand-tabelamatik","7":"product_cat-folie-wzorzyste-tablice-wystawowe-i-folie","8":"product_cat-naklejki","9":"product_cat-wszystkie-produkty","10":"product_cat-produkty-wystawowe","11":"desktop-align-left","12":"tablet-align-left","13":"mobile-align-left","15":"first","16":"instock","17":"taxable","18":"shipping-taxable","19":"purchasable","20":"product-type-simple"},"uagb_featured_image_src":{"full":["https:\/\/www.tabelamatik.com\/pl\/wp-content\/uploads\/sites\/39\/2025\/11\/07-4-e1663313543291.jpg",536,802,false],"thumbnail":["https:\/\/www.tabelamatik.com\/pl\/wp-content\/uploads\/sites\/39\/2025\/11\/07-4-e1663313543291-150x150.jpg",150,150,true],"medium":["https:\/\/www.tabelamatik.com\/pl\/wp-content\/uploads\/sites\/39\/2025\/11\/07-4-e1663313543291-200x300.jpg",200,300,true],"medium_large":["https:\/\/www.tabelamatik.com\/pl\/wp-content\/uploads\/sites\/39\/2025\/11\/07-4-e1663313543291.jpg",536,802,false],"large":["https:\/\/www.tabelamatik.com\/pl\/wp-content\/uploads\/sites\/39\/2025\/11\/07-4-e1663313543291.jpg",536,802,false],"1536x1536":["https:\/\/www.tabelamatik.com\/pl\/wp-content\/uploads\/sites\/39\/2025\/11\/07-4-e1663313543291.jpg",536,802,false],"2048x2048":["https:\/\/www.tabelamatik.com\/pl\/wp-content\/uploads\/sites\/39\/2025\/11\/07-4-e1663313543291.jpg",536,802,false],"woocommerce_thumbnail":["https:\/\/www.tabelamatik.com\/pl\/wp-content\/uploads\/sites\/39\/2025\/11\/07-4-e1663313543291-300x300.jpg",300,300,true],"woocommerce_single":["https:\/\/www.tabelamatik.com\/pl\/wp-content\/uploads\/sites\/39\/2025\/11\/07-4-e1663313543291.jpg",400,599,false],"woocommerce_gallery_thumbnail":["https:\/\/www.tabelamatik.com\/pl\/wp-content\/uploads\/sites\/39\/2025\/11\/07-4-e1663313543291-100x100.jpg",100,100,true]},"uagb_author_info":{"display_name":"Murat \u015eeimen","author_link":"https:\/\/www.tabelamatik.com\/pl\/author\/"},"uagb_comment_info":0,"uagb_excerpt":"Folia samoprzylepna z marmurkowym wzorem. \u0141atwa w aplikacji i \u0142atwa do usuni\u0119cia w razie potrzeby. Bardzo mocno przylega do ka\u017cdej p\u0142askiej powierzchni.","_links":{"self":[{"href":"https:\/\/www.tabelamatik.com\/pl\/wp-json\/wp\/v2\/product\/17946","targetHints":{"allow":["GET"]}}],"collection":[{"href":"https:\/\/www.tabelamatik.com\/pl\/wp-json\/wp\/v2\/product"}],"about":[{"href":"https:\/\/www.tabelamatik.com\/pl\/wp-json\/wp\/v2\/types\/product"}],"replies":[{"embeddable":true,"href":"https:\/\/www.tabelamatik.com\/pl\/wp-json\/wp\/v2\/comments?post=17946"}],"wp:featuredmedia":[{"embeddable":true,"href":"https:\/\/www.tabelamatik.com\/pl\/wp-json\/wp\/v2\/media\/16364"}],"wp:attachment":[{"href":"https:\/\/www.tabelamatik.com\/pl\/wp-json\/wp\/v2\/media?parent=17946"}],"wp:term":[{"taxonomy":"product_brand","embeddable":true,"href":"https:\/\/www.tabelamatik.com\/pl\/wp-json\/wp\/v2\/product_brand?post=17946"},{"taxonomy":"product_cat","embeddable":true,"href":"https:\/\/www.tabelamatik.com\/pl\/wp-json\/wp\/v2\/product_cat?post=17946"},{"taxonomy":"product_tag","embeddable":true,"href":"https:\/\/www.tabelamatik.com\/pl\/wp-json\/wp\/v2\/product_tag?post=17946"}],"curies":[{"name":"wp","href":"https:\/\/api.w.org\/{rel}","templated":true}]}}