{"id":10185,"date":"2024-06-28T04:59:19","date_gmt":"2024-06-28T01:59:19","guid":{"rendered":"https:\/\/www.tabelamatik.com\/?page_id=10185"},"modified":"2025-12-13T13:30:07","modified_gmt":"2025-12-13T10:30:07","slug":"politica-de-confidentialitate","status":"publish","type":"page","link":"https:\/\/www.tabelamatik.com\/ro\/politica-de-confidentialitate\/","title":{"rendered":"Politica de confiden\u021bialitate"},"content":{"rendered":"<p class=\"ds-markdown-paragraph\"><strong>Introducere<\/strong><br \/>\nNe angaj\u0103m s\u0103 protej\u0103m confiden\u021bialitatea dumneavoastr\u0103. Aceast\u0103 Politic\u0103 de Confiden\u021bialitate explic\u0103 modul \u00een care colect\u0103m, folosim, divulg\u0103m \u0219i protej\u0103m informa\u021biile dumneavoastr\u0103 atunci c\u00e2nd vizita\u021bi site-ul nostru web\u00a0<a href=\"https:\/\/tabelamatik.com\/ro\" target=\"_blank\" rel=\"noopener noreferrer\">tabelamatik.com\/ro<\/a>\u00a0\u0219i folosi\u021bi serviciile noastre. V\u0103 rug\u0103m s\u0103 citi\u021bi cu aten\u021bie aceast\u0103 politic\u0103 de confiden\u021bialitate. Dac\u0103 nu sunte\u021bi de acord cu termenii acestei politici de confiden\u021bialitate, v\u0103 rug\u0103m s\u0103 nu accesa\u021bi site-ul.<\/p>\n<p class=\"ds-markdown-paragraph\"><strong>Informa\u021biile pe care le colect\u0103m<\/strong><\/p>\n<ul>\n<li>\n<p class=\"ds-markdown-paragraph\"><strong>Date cu caracter personal:<\/strong>\u00a0Putem colecta informa\u021bii cu caracter personal care v\u0103 identific\u0103, cum ar fi numele, adresa de livrare, adresa de e-mail \u0219i num\u0103rul de telefon, atunci c\u00e2nd ni le furniza\u021bi \u00een mod voluntar.<\/p>\n<\/li>\n<li>\n<p class=\"ds-markdown-paragraph\"><strong>Date de plat\u0103:<\/strong>\u00a0\u00cen cazul \u00een care efectua\u021bi o achizi\u021bie, putem colecta datele necesare proces\u0103rii pl\u0103\u021bii, cum ar fi num\u0103rul instrumentului de plat\u0103 (de ex., num\u0103rul cardului de credit) \u0219i codul de securitate asociat acestuia.<\/p>\n<\/li>\n<li>\n<p class=\"ds-markdown-paragraph\"><strong>Date de utilizare:<\/strong>\u00a0De fiecare dat\u0103 c\u00e2nd vizita\u021bi site-ul nostru web sau accesa\u021bi site-ul printr-un dispozitiv mobil sau prin intermediul acestuia, putem colecta informa\u021biile pe care browserul dumneavoastr\u0103 le trimite.<\/p>\n<\/li>\n<li>\n<p class=\"ds-markdown-paragraph\"><strong>Tehnologii de urm\u0103rire:<\/strong>\u00a0Folosim module cookie \u0219i tehnologii de urm\u0103rire similare pentru a urm\u0103ri activitatea pe site-ul nostru web \u0219i pentru a stoca anumite informa\u021bii.<\/p>\n<\/li>\n<\/ul>\n<p class=\"ds-markdown-paragraph\"><strong>Utilizarea informa\u021biilor dumneavoastr\u0103<\/strong><br \/>\nFolosim informa\u021biile colectate \u00een urm\u0103toarele scopuri:<\/p>\n<ol start=\"1\">\n<li>\n<p class=\"ds-markdown-paragraph\"><strong>Furnizarea serviciilor:<\/strong>\u00a0Pentru a procesa tranzac\u021biile dumneavoastr\u0103 \u0219i pentru a v\u0103 livra produsele comandate.<\/p>\n<\/li>\n<li>\n<p class=\"ds-markdown-paragraph\"><strong>Comunicarea:<\/strong>\u00a0Pentru a r\u0103spunde la comentariile sau \u00eentreb\u0103rile dumneavoastr\u0103, pentru a oferi asisten\u021b\u0103 pentru clien\u021bi \u0219i pentru a v\u0103 trimite actualiz\u0103ri legate de comanda dumneavoastr\u0103.<\/p>\n<\/li>\n<li>\n<p class=\"ds-markdown-paragraph\"><strong>\u00cembun\u0103t\u0103\u021birea serviciilor:<\/strong>\u00a0Pentru a \u00een\u021belege modul \u00een care utilizatorii interac\u021bioneaz\u0103 cu site-ul nostru \u0219i pentru a \u00eembun\u0103t\u0103\u021bi serviciile noastre.<\/p>\n<\/li>\n<li>\n<p class=\"ds-markdown-paragraph\"><strong>Marketing:<\/strong>\u00a0Pentru a v\u0103 informa despre promo\u021bii, produse sau servicii noi care v-ar putea interesa.<\/p>\n<\/li>\n<\/ol>\n<p class=\"ds-markdown-paragraph\"><strong>Partajarea informa\u021biilor dumneavoastr\u0103<\/strong><br \/>\nPutem partaja informa\u021biile dumneavoastr\u0103 cu:<\/p>\n<ul>\n<li>\n<p class=\"ds-markdown-paragraph\"><strong>Furnizori de servicii:<\/strong>\u00a0Ter\u021be p\u0103r\u021bi, v\u00e2nz\u0103tori, contractori sau agen\u021bi care deservesc pentru noi sau \u00een numele nostru \u0219i care au nevoie de acces la astfel de informa\u021bii pentru a efectua aceast\u0103 munc\u0103.<\/p>\n<\/li>\n<li>\n<p class=\"ds-markdown-paragraph\"><strong>Obliga\u021bii legale:<\/strong>\u00a0Atunci c\u00e2nd este cerut de lege sau ca r\u0103spuns la o cerere valabil\u0103 a unei autorit\u0103\u021bi publice (de exemplu, o instan\u021b\u0103 sau o agen\u021bie guvernamental\u0103).<\/p>\n<\/li>\n<\/ul>\n<p class=\"ds-markdown-paragraph\"><strong>Securitatea informa\u021biilor dumneavoastr\u0103<\/strong><br \/>\nFolosim m\u0103suri de securitate administrative, tehnice \u0219i fizice pentru a contribui la protejarea informa\u021biilor dumneavoastr\u0103 cu caracter personal. De\u0219i am \u00eentreprins pa\u0219i rezonabili pentru a asigura securitatea informa\u021biilor personale pe care ni le furniza\u021bi, v\u0103 rug\u0103m s\u0103 re\u021bine\u021bi c\u0103, \u00een ciuda eforturilor noastre, nicio m\u0103sur\u0103 de securitate nu este perfect\u0103 sau de ne\u00eenvins \u0219i c\u0103 nici o metod\u0103 de transmitere a datelor nu poate fi garantat\u0103 \u00eempotriva oric\u0103rei interven\u021bii sau a altor tipuri de utilizare gre\u0219it\u0103.<\/p>\n<p class=\"ds-markdown-paragraph\"><strong>Drepturile dumneavoastr\u0103 privind confiden\u021bialitatea<\/strong><br \/>\n\u00cen func\u021bie de loca\u021bia dumneavoastr\u0103, a\u021bi putea avea anumite drepturi \u00een leg\u0103tur\u0103 cu informa\u021biile dumneavoastr\u0103 personale, inclusiv dreptul de a accesa, corecta sau \u0219terge datele cu caracter personal pe care le p\u0103str\u0103m despre dumneavoastr\u0103. Pentru a exercita aceste drepturi, v\u0103 rug\u0103m s\u0103 ne contacta\u021bi la adresa de e-mail:\u00a0<a href=\"mailto:info@tabelamatik.com\"><strong>info@tabelamatik.com<\/strong><\/a>.<\/p>\n<p class=\"ds-markdown-paragraph\"><strong>Modific\u0103ri ale acestei Politici de Confiden\u021bialitate<\/strong><br \/>\nPutem actualiza din c\u00e2nd \u00een c\u00e2nd Politica noastr\u0103 de Confiden\u021bialitate. V\u0103 vom notifica despre orice modificare prin postarea noii Politici de Confiden\u021bialitate pe aceast\u0103 pagin\u0103. Vi se recomand\u0103 s\u0103 revizui\u021bi aceast\u0103 Politic\u0103 periodic.<\/p>\n<hr \/>\n<p class=\"ds-markdown-paragraph\"><strong>Abona\u021bi-v\u0103 la Newsletter-ul nostru<\/strong><br \/>\nPrimi\u021bi toate cele mai noi informa\u021bii despre cele mai bune semne pentru locuin\u021b\u0103, birou, bannere \u0219i drum.<\/p>\n<p class=\"ds-markdown-paragraph\"><strong>Introducere<\/strong><br \/>\nNe angaj\u0103m s\u0103 protej\u0103m confiden\u021bialitatea dumneavoastr\u0103. Aceast\u0103 Politic\u0103 de Confiden\u021bialitate explic\u0103 modul \u00een care colect\u0103m, folosim, divulg\u0103m \u0219i protej\u0103m informa\u021biile dumneavoastr\u0103 atunci c\u00e2nd vizita\u021bi site-ul nostru web\u00a0<a href=\"https:\/\/tabelamatik.com\/ro\" target=\"_blank\" rel=\"noopener noreferrer\">tabelamatik.com\/ro\/<\/a>\u00a0\u0219i folosi\u021bi serviciile noastre. V\u0103 rug\u0103m s\u0103 citi\u021bi cu aten\u021bie aceast\u0103 politic\u0103 de confiden\u021bialitate. Dac\u0103 nu sunte\u021bi de acord cu termenii acestei politici de confiden\u021bialitate, v\u0103 rug\u0103m s\u0103 nu accesa\u021bi site-ul.<\/p>\n<p class=\"ds-markdown-paragraph\"><strong>Informa\u021biile pe care le colect\u0103m<\/strong><\/p>\n<ul>\n<li>\n<p class=\"ds-markdown-paragraph\"><strong>Date cu caracter personal:<\/strong>\u00a0Putem colecta informa\u021bii cu caracter personal care v\u0103 identific\u0103, cum ar fi numele, adresa de livrare, adresa de e-mail \u0219i num\u0103rul de telefon, atunci c\u00e2nd ni le furniza\u021bi \u00een mod voluntar.<\/p>\n<\/li>\n<li>\n<p class=\"ds-markdown-paragraph\"><strong>Date de plat\u0103:<\/strong>\u00a0\u00cen cazul \u00een care efectua\u021bi o achizi\u021bie, putem colecta datele necesare proces\u0103rii pl\u0103\u021bii, cum ar fi num\u0103rul instrumentului de plat\u0103 (de ex., num\u0103rul cardului de credit) \u0219i codul de securitate asociat acestuia.<\/p>\n<\/li>\n<li>\n<p class=\"ds-markdown-paragraph\"><strong>Date de utilizare:<\/strong>\u00a0De fiecare dat\u0103 c\u00e2nd vizita\u021bi site-ul nostru web sau accesa\u021bi site-ul printr-un dispozitiv mobil sau prin intermediul acestuia, putem colecta informa\u021biile pe care browserul dumneavoastr\u0103 le trimite.<\/p>\n<\/li>\n<li>\n<p class=\"ds-markdown-paragraph\"><strong>Tehnologii de urm\u0103rire:<\/strong>\u00a0Folosim module cookie \u0219i tehnologii de urm\u0103rire similare pentru a urm\u0103ri activitatea pe site-ul nostru web \u0219i pentru a stoca anumite informa\u021bii.<\/p>\n<\/li>\n<\/ul>\n<p class=\"ds-markdown-paragraph\"><strong>Utilizarea informa\u021biilor dumneavoastr\u0103<\/strong><br \/>\nFolosim informa\u021biile colectate \u00een urm\u0103toarele scopuri:<\/p>\n<ol start=\"1\">\n<li>\n<p class=\"ds-markdown-paragraph\"><strong>Furnizarea serviciilor:<\/strong>\u00a0Pentru a procesa tranzac\u021biile dumneavoastr\u0103 \u0219i pentru a v\u0103 livra produsele comandate.<\/p>\n<\/li>\n<li>\n<p class=\"ds-markdown-paragraph\"><strong>Comunicarea:<\/strong>\u00a0Pentru a r\u0103spunde la comentariile sau \u00eentreb\u0103rile dumneavoastr\u0103, pentru a oferi asisten\u021b\u0103 pentru clien\u021bi \u0219i pentru a v\u0103 trimite actualiz\u0103ri legate de comanda dumneavoastr\u0103.<\/p>\n<\/li>\n<li>\n<p class=\"ds-markdown-paragraph\"><strong>\u00cembun\u0103t\u0103\u021birea serviciilor:<\/strong>\u00a0Pentru a \u00een\u021belege modul \u00een care utilizatorii interac\u021bioneaz\u0103 cu site-ul nostru \u0219i pentru a \u00eembun\u0103t\u0103\u021bi serviciile noastre.<\/p>\n<\/li>\n<li>\n<p class=\"ds-markdown-paragraph\"><strong>Marketing:<\/strong>\u00a0Pentru a v\u0103 informa despre promo\u021bii, produse sau servicii noi care v-ar putea interesa.<\/p>\n<\/li>\n<\/ol>\n<p class=\"ds-markdown-paragraph\"><strong>Partajarea informa\u021biilor dumneavoastr\u0103<\/strong><br \/>\nPutem partaja informa\u021biile dumneavoastr\u0103 cu:<\/p>\n<ul>\n<li>\n<p class=\"ds-markdown-paragraph\"><strong>Furnizori de servicii:<\/strong>\u00a0Ter\u021be p\u0103r\u021bi, v\u00e2nz\u0103tori, contractori sau agen\u021bi care deservesc pentru noi sau \u00een numele nostru \u0219i care au nevoie de acces la astfel de informa\u021bii pentru a efectua aceast\u0103 munc\u0103.<\/p>\n<\/li>\n<li>\n<p class=\"ds-markdown-paragraph\"><strong>Obliga\u021bii legale:<\/strong>\u00a0Atunci c\u00e2nd este cerut de lege sau ca r\u0103spuns la o cerere valabil\u0103 a unei autorit\u0103\u021bi publice (de exemplu, o instan\u021b\u0103 sau o agen\u021bie guvernamental\u0103).<\/p>\n<\/li>\n<\/ul>\n<p class=\"ds-markdown-paragraph\"><strong>Securitatea informa\u021biilor dumneavoastr\u0103<\/strong><br \/>\nFolosim m\u0103suri de securitate administrative, tehnice \u0219i fizice pentru a contribui la protejarea informa\u021biilor dumneavoastr\u0103 cu caracter personal. De\u0219i am \u00eentreprins pa\u0219i rezonabili pentru a asigura securitatea informa\u021biilor personale pe care ni le furniza\u021bi, v\u0103 rug\u0103m s\u0103 re\u021bine\u021bi c\u0103, \u00een ciuda eforturilor noastre, nicio m\u0103sur\u0103 de securitate nu este perfect\u0103 sau de ne\u00eenvins \u0219i c\u0103 nici o metod\u0103 de transmitere a datelor nu poate fi garantat\u0103 \u00eempotriva oric\u0103rei interven\u021bii sau a altor tipuri de utilizare gre\u0219it\u0103.<\/p>\n<p class=\"ds-markdown-paragraph\"><strong>Drepturile dumneavoastr\u0103 privind confiden\u021bialitatea<\/strong><br \/>\n\u00cen func\u021bie de loca\u021bia dumneavoastr\u0103, a\u021bi putea avea anumite drepturi \u00een leg\u0103tur\u0103 cu informa\u021biile dumneavoastr\u0103 personale, inclusiv dreptul de a accesa, corecta sau \u0219terge datele cu caracter personal pe care le p\u0103str\u0103m despre dumneavoastr\u0103. Pentru a exercita aceste drepturi, v\u0103 rug\u0103m s\u0103 ne contacta\u021bi la adresa de e-mail:\u00a0<a href=\"mailto:info@tabelamatik.com\"><strong>info@tabelamatik.com<\/strong><\/a>.<\/p>\n<p class=\"ds-markdown-paragraph\"><strong>Modific\u0103ri ale acestei Politici de Confiden\u021bialitate<\/strong><br \/>\nPutem actualiza din c\u00e2nd \u00een c\u00e2nd Politica noastr\u0103 de Confiden\u021bialitate. V\u0103 vom notifica despre orice modificare prin postarea noii Politici de Confiden\u021bialitate pe aceast\u0103 pagin\u0103. Vi se recomand\u0103 s\u0103 revizui\u021bi aceast\u0103 Politic\u0103 periodic.<\/p>\n<hr \/>\n<p class=\"ds-markdown-paragraph\"><strong>Abona\u021bi-v\u0103 la Newsletter-ul nostru<\/strong><br \/>\nPrimi\u021bi toate cele mai noi informa\u021bii despre cele mai bune semne pentru locuin\u021b\u0103, birou, bannere \u0219i drum.<\/p>\n<p><input maxlength=\"80\" name=\"your-email\" size=\"40\" type=\"email\" value=\"\" placeholder=\"Enter Your E-mail Address...\" aria-required=\"true\" aria-invalid=\"false\" \/><br \/>\n<input type=\"submit\" value=\"SUBSCRIBE\" \/><\/p>\n<p><!-- header --><!-- porto-sicon-box --><\/p>\n<p style=\"display: none !important;\" data-prefix=\"_wpcf7_ak_\"><label>\u0394<textarea cols=\"45\" maxlength=\"100\" name=\"_wpcf7_ak_hp_textarea\" rows=\"8\"><\/textarea><\/label><input id=\"ak_js_1\" name=\"_wpcf7_ak_js\" type=\"hidden\" value=\"144\" \/><\/p>\n","protected":false},"excerpt":{"rendered":"<p>Introducere Ne angaj\u0103m s\u0103 protej\u0103m confiden\u021bialitatea dumneavoastr\u0103. Aceast\u0103 Politic\u0103 de Confiden\u021bialitate explic\u0103 modul \u00een care colect\u0103m, folosim, divulg\u0103m \u0219i protej\u0103m [&hellip;]<\/p>\n","protected":false},"author":2,"featured_media":0,"parent":0,"menu_order":0,"comment_status":"closed","ping_status":"closed","template":"","meta":{"_crdt_document":"","_uag_custom_page_level_css":"","site-sidebar-layout":"default","site-content-layout":"","ast-site-content-layout":"default","site-content-style":"default","site-sidebar-style":"default","ast-global-header-display":"","ast-banner-title-visibility":"","ast-main-header-display":"","ast-hfb-above-header-display":"","ast-hfb-below-header-display":"","ast-hfb-mobile-header-display":"","site-post-title":"","ast-breadcrumbs-content":"","ast-featured-img":"","footer-sml-layout":"","ast-disable-related-posts":"","theme-transparent-header-meta":"","adv-header-id-meta":"","stick-header-meta":"","header-above-stick-meta":"","header-main-stick-meta":"","header-below-stick-meta":"","astra-migrate-meta-layouts":"set","ast-page-background-enabled":"default","ast-page-background-meta":{"desktop":{"background-color":"var(--ast-global-color-4)","background-image":"","background-repeat":"repeat","background-position":"center center","background-size":"auto","background-attachment":"scroll","background-type":"","background-media":"","overlay-type":"","overlay-color":"","overlay-opacity":"","overlay-gradient":""},"tablet":{"background-color":"","background-image":"","background-repeat":"repeat","background-position":"center center","background-size":"auto","background-attachment":"scroll","background-type":"","background-media":"","overlay-type":"","overlay-color":"","overlay-opacity":"","overlay-gradient":""},"mobile":{"background-color":"","background-image":"","background-repeat":"repeat","background-position":"center center","background-size":"auto","background-attachment":"scroll","background-type":"","background-media":"","overlay-type":"","overlay-color":"","overlay-opacity":"","overlay-gradient":""}},"ast-content-background-meta":{"desktop":{"background-color":"var(--ast-global-color-5)","background-image":"","background-repeat":"repeat","background-position":"center center","background-size":"auto","background-attachment":"scroll","background-type":"","background-media":"","overlay-type":"","overlay-color":"","overlay-opacity":"","overlay-gradient":""},"tablet":{"background-color":"var(--ast-global-color-5)","background-image":"","background-repeat":"repeat","background-position":"center center","background-size":"auto","background-attachment":"scroll","background-type":"","background-media":"","overlay-type":"","overlay-color":"","overlay-opacity":"","overlay-gradient":""},"mobile":{"background-color":"var(--ast-global-color-5)","background-image":"","background-repeat":"repeat","background-position":"center center","background-size":"auto","background-attachment":"scroll","background-type":"","background-media":"","overlay-type":"","overlay-color":"","overlay-opacity":"","overlay-gradient":""}},"footnotes":""},"class_list":["post-10185","page","type-page","status-publish","hentry"],"uagb_featured_image_src":{"full":false,"thumbnail":false,"medium":false,"medium_large":false,"large":false,"1536x1536":false,"2048x2048":false,"woocommerce_thumbnail":false,"woocommerce_single":false,"woocommerce_gallery_thumbnail":false},"uagb_author_info":{"display_name":"Murat \u015eeimen","author_link":"https:\/\/www.tabelamatik.com\/ro\/author\/muratseimen\/"},"uagb_comment_info":0,"uagb_excerpt":"Introducere Ne angaj\u0103m s\u0103 protej\u0103m confiden\u021bialitatea dumneavoastr\u0103. Aceast\u0103 Politic\u0103 de Confiden\u021bialitate explic\u0103 modul \u00een care colect\u0103m, folosim, divulg\u0103m \u0219i protej\u0103m [&hellip;]","_links":{"self":[{"href":"https:\/\/www.tabelamatik.com\/ro\/wp-json\/wp\/v2\/pages\/10185","targetHints":{"allow":["GET"]}}],"collection":[{"href":"https:\/\/www.tabelamatik.com\/ro\/wp-json\/wp\/v2\/pages"}],"about":[{"href":"https:\/\/www.tabelamatik.com\/ro\/wp-json\/wp\/v2\/types\/page"}],"author":[{"embeddable":true,"href":"https:\/\/www.tabelamatik.com\/ro\/wp-json\/wp\/v2\/users\/2"}],"replies":[{"embeddable":true,"href":"https:\/\/www.tabelamatik.com\/ro\/wp-json\/wp\/v2\/comments?post=10185"}],"version-history":[{"count":0,"href":"https:\/\/www.tabelamatik.com\/ro\/wp-json\/wp\/v2\/pages\/10185\/revisions"}],"wp:attachment":[{"href":"https:\/\/www.tabelamatik.com\/ro\/wp-json\/wp\/v2\/media?parent=10185"}],"curies":[{"name":"wp","href":"https:\/\/api.w.org\/{rel}","templated":true}]}}