{"id":10666,"date":"2024-07-01T03:55:57","date_gmt":"2024-07-01T00:55:57","guid":{"rendered":"https:\/\/www.tabelamatik.com\/?page_id=10666"},"modified":"2025-12-13T13:32:24","modified_gmt":"2025-12-13T10:32:24","slug":"livrare-si-expediere","status":"publish","type":"page","link":"https:\/\/www.tabelamatik.com\/ro\/livrare-si-expediere\/","title":{"rendered":"Livrare \u0219i expediere"},"content":{"rendered":"<p class=\"ds-markdown-paragraph\">Ca site-ul\u00a0<a href=\"https:\/\/tabelamatik.com\/ro\" target=\"_blank\" rel=\"noopener noreferrer\">Tabelamatik.com\/ro<\/a>,\u00a0ne angaj\u0103m s\u0103 oferim clien\u021bilor no\u0219tri o experien\u021b\u0103 de cump\u0103r\u0103turi rapid\u0103 \u0219i sigur\u0103. Indiferent dac\u0103 a\u021bi plasat deja o comand\u0103 sau dori\u021bi s\u0103 procura\u021bi produsul pentru nevoi urgente, lucr\u0103m pentru a v\u0103 asigura c\u0103 primi\u021bi coletul cu cele mai rapide \u0219i mai avantajoase pre\u021buri.<\/p>\n<p class=\"ds-markdown-paragraph\"><strong>Servicii de curierat:<\/strong>\u00a0C\u00e2nd comenzile dvs. sunt predate curierului, v\u0103 vom trimite un e-mail de notificare a expedierii care include metoda de expediere, data estimat\u0103 a sosirii \u0219i (dac\u0103 este cazul) num\u0103rul de tracking. De asemenea, pute\u021bi urm\u0103ri expedi\u021bia din istoricul comenzilor din contul dvs. Taxele de expediere pot varia \u00een func\u021bie de dimensiunea produsului care urmeaz\u0103 s\u0103 fie expediat \u0219i de adresa de livrare.<\/p>\n<ul>\n<li>\n<p class=\"ds-markdown-paragraph\"><strong>Comenzi peste 1.500 TL (f\u0103r\u0103 TVA):<\/strong>\u00a0Se ofer\u0103 posibilitatea de transport gratuit.<\/p>\n<\/li>\n<li>\n<p class=\"ds-markdown-paragraph\"><strong>Comenzi sub 1.500 TL (f\u0103r\u0103 TVA):<\/strong>\u00a0Taxa de transport este de 100 TL + TVA.<\/p>\n<\/li>\n<\/ul>\n<p class=\"ds-markdown-paragraph\"><strong>Servicii de asamblare:<\/strong>\u00a0Cu echipele noastre de produc\u021bie \u0219i asamblare din Ankara, Istanbul \u0219i Viena, oferim servicii directe de asamblare \u00een aceste ora\u0219e. Pentru alte ora\u0219e, oferim solu\u021bii prin colabor\u0103ri de produc\u021bie \u0219i asamblare planificate.<\/p>\n<p class=\"ds-markdown-paragraph\"><strong>Curierat expres:<\/strong>\u00a0Pentru livr\u0103rile \u00een interiorul Turciei, livrarea este de obicei estimat\u0103 \u00een 2-3 zile lucr\u0103toare. Cu toate acestea, pot ap\u0103rea \u00eent\u00e2rzii din cauza unor factori precum condi\u021biile meteorologice sau aglomera\u021bia \u00een sistemul de curierat.<\/p>\n<p class=\"ds-markdown-paragraph\"><strong>Comenzi interna\u021bionale:<\/strong>\u00a0Expediem intensiv \u00een regiunea Europei prin DHL Express. De asemenea, avem op\u021biuni de transport aerian \u0219i rutier pentru afi\u0219e de dimensiuni mari. Oferim \u0219i servicii de produc\u021bie \u0219i asamblare \u00een regiunea Viena, Austria.<\/p>\n<p class=\"ds-markdown-paragraph\">Pentru mai multe informa\u021bii, ne pute\u021bi contacta pe\u00a0<a href=\"https:\/\/tabelamatik.com\/ro\" target=\"_blank\" rel=\"noopener noreferrer\">Tabelamatik.com\/ro<\/a>\u00a0sau la num\u0103rul nostru de suport WhatsApp: <a href=\"tel: 0850 308 00 16\">0850 308 00 16<\/a>. Suntem aici pentru a v\u0103 oferi cel mai bun serviciu.<\/p>\n","protected":false},"excerpt":{"rendered":"<p>Ca site-ul\u00a0Tabelamatik.com\/ro,\u00a0ne angaj\u0103m s\u0103 oferim clien\u021bilor no\u0219tri o experien\u021b\u0103 de cump\u0103r\u0103turi rapid\u0103 \u0219i sigur\u0103. Indiferent dac\u0103 a\u021bi plasat deja o [&hellip;]<\/p>\n","protected":false},"author":2,"featured_media":0,"parent":0,"menu_order":0,"comment_status":"closed","ping_status":"closed","template":"","meta":{"_crdt_document":"","_uag_custom_page_level_css":"","site-sidebar-layout":"default","site-content-layout":"","ast-site-content-layout":"default","site-content-style":"default","site-sidebar-style":"default","ast-global-header-display":"","ast-banner-title-visibility":"","ast-main-header-display":"","ast-hfb-above-header-display":"","ast-hfb-below-header-display":"","ast-hfb-mobile-header-display":"","site-post-title":"","ast-breadcrumbs-content":"","ast-featured-img":"","footer-sml-layout":"","ast-disable-related-posts":"","theme-transparent-header-meta":"","adv-header-id-meta":"","stick-header-meta":"","header-above-stick-meta":"","header-main-stick-meta":"","header-below-stick-meta":"","astra-migrate-meta-layouts":"default","ast-page-background-enabled":"default","ast-page-background-meta":{"desktop":{"background-color":"var(--ast-global-color-5)","background-image":"","background-repeat":"repeat","background-position":"center center","background-size":"auto","background-attachment":"scroll","background-type":"","background-media":"","overlay-type":"","overlay-color":"","overlay-opacity":"","overlay-gradient":""},"tablet":{"background-color":"","background-image":"","background-repeat":"repeat","background-position":"center center","background-size":"auto","background-attachment":"scroll","background-type":"","background-media":"","overlay-type":"","overlay-color":"","overlay-opacity":"","overlay-gradient":""},"mobile":{"background-color":"","background-image":"","background-repeat":"repeat","background-position":"center center","background-size":"auto","background-attachment":"scroll","background-type":"","background-media":"","overlay-type":"","overlay-color":"","overlay-opacity":"","overlay-gradient":""}},"ast-content-background-meta":{"desktop":{"background-color":"var(--ast-global-color-4)","background-image":"","background-repeat":"repeat","background-position":"center center","background-size":"auto","background-attachment":"scroll","background-type":"","background-media":"","overlay-type":"","overlay-color":"","overlay-opacity":"","overlay-gradient":""},"tablet":{"background-color":"var(--ast-global-color-4)","background-image":"","background-repeat":"repeat","background-position":"center center","background-size":"auto","background-attachment":"scroll","background-type":"","background-media":"","overlay-type":"","overlay-color":"","overlay-opacity":"","overlay-gradient":""},"mobile":{"background-color":"var(--ast-global-color-4)","background-image":"","background-repeat":"repeat","background-position":"center center","background-size":"auto","background-attachment":"scroll","background-type":"","background-media":"","overlay-type":"","overlay-color":"","overlay-opacity":"","overlay-gradient":""}},"footnotes":""},"class_list":["post-10666","page","type-page","status-publish","hentry"],"uagb_featured_image_src":{"full":false,"thumbnail":false,"medium":false,"medium_large":false,"large":false,"1536x1536":false,"2048x2048":false,"woocommerce_thumbnail":false,"woocommerce_single":false,"woocommerce_gallery_thumbnail":false},"uagb_author_info":{"display_name":"Murat \u015eeimen","author_link":"https:\/\/www.tabelamatik.com\/ro\/author\/muratseimen\/"},"uagb_comment_info":0,"uagb_excerpt":"Ca site-ul\u00a0Tabelamatik.com\/ro,\u00a0ne angaj\u0103m s\u0103 oferim clien\u021bilor no\u0219tri o experien\u021b\u0103 de cump\u0103r\u0103turi rapid\u0103 \u0219i sigur\u0103. Indiferent dac\u0103 a\u021bi plasat deja o [&hellip;]","_links":{"self":[{"href":"https:\/\/www.tabelamatik.com\/ro\/wp-json\/wp\/v2\/pages\/10666","targetHints":{"allow":["GET"]}}],"collection":[{"href":"https:\/\/www.tabelamatik.com\/ro\/wp-json\/wp\/v2\/pages"}],"about":[{"href":"https:\/\/www.tabelamatik.com\/ro\/wp-json\/wp\/v2\/types\/page"}],"author":[{"embeddable":true,"href":"https:\/\/www.tabelamatik.com\/ro\/wp-json\/wp\/v2\/users\/2"}],"replies":[{"embeddable":true,"href":"https:\/\/www.tabelamatik.com\/ro\/wp-json\/wp\/v2\/comments?post=10666"}],"version-history":[{"count":0,"href":"https:\/\/www.tabelamatik.com\/ro\/wp-json\/wp\/v2\/pages\/10666\/revisions"}],"wp:attachment":[{"href":"https:\/\/www.tabelamatik.com\/ro\/wp-json\/wp\/v2\/media?parent=10666"}],"curies":[{"name":"wp","href":"https:\/\/api.w.org\/{rel}","templated":true}]}}