{"id":14792,"date":"2025-07-08T15:25:46","date_gmt":"2025-07-08T12:25:46","guid":{"rendered":"https:\/\/www.tabelamatik.com\/?page_id=14792"},"modified":"2025-12-13T13:33:49","modified_gmt":"2025-12-13T10:33:49","slug":"formular-de-oferta-speciala-pentru-companii-si-vrac","status":"publish","type":"page","link":"https:\/\/www.tabelamatik.com\/ro\/formular-de-oferta-speciala-pentru-companii-si-vrac\/","title":{"rendered":"Formular de ofert\u0103 special\u0103 pentru companii \u0219i vrac"},"content":{"rendered":"\n<style>\n  .kurumsal-teklif-kutusu {\n    max-width: 800px;\n    margin: 30px auto;\n    padding: 30px;\n    background: linear-gradient(135deg, #f9f9f9, #ffffff);\n    box-shadow: 0 4px 20px rgba(0,0,0,0.08);\n    border-radius: 12px;\n    font-family: 'Segoe UI', sans-serif;\n    color: #333;\n  }\n  .kurumsal-teklif-kutusu h2 {\n    font-size: 28px;\n    margin-bottom: 10px;\n    color: #004d40;\n    text-align: center;\n  }\n  .kurumsal-teklif-kutusu p {\n    text-align: center;\n    font-size: 16px;\n    margin-bottom: 30px;\n    color: #555;\n  }\n  .teklif-btn {\n    display: inline-block;\n    background: #ffffff;\n    color: #007bff;\n    padding: 14px 28px;\n    font-size: 16px;\n    border: 2px solid #007bff;\n    border-radius: 8px;\n    text-decoration: none;\n    transition: all 0.3s ease;\n    margin: 10px;\n    font-weight: 600;\n  }\n  .teklif-btn i {\n    color: #007bff;\n    margin-right: 8px;\n  }\n  .teklif-btn:hover {\n    background: #007bff;\n    color: #fff;\n  }\n  .teklif-btn:hover i {\n    color: #fff;\n  }\n  .teklif-center {\n    text-align: center;\n    margin-bottom: 25px;\n  }\n  .teklif-icons {\n    display: flex;\n    justify-content: space-around;\n    margin: 25px 0;\n    flex-wrap: wrap;\n  }\n  .teklif-icons div {\n    text-align: center;\n    width: 150px;\n    margin: 10px;\n  }\n  .teklif-icons i {\n    font-size: 36px;\n    color: #00796b;\n    margin-bottom: 10px;\n  }\n<\/style>\n\n<div class=\"kurumsal-teklif-kutusu\">\n  <h2>Cerere de propunere corporativ\u0103<\/h2>\n  <p>Contacta\u021bi-ne pentru semnalistic\u0103 corporativ\u0103, sisteme de direc\u021bionare sau comenzi de produse \u00een vrac. V\u0103 vom oferi o ofert\u0103 de pre\u021b personalizat\u0103.<\/p>\n\n  <div class=\"teklif-center\">\n    <a href=\"https:\/\/wa.me\/908503080016?text=Merhaba%2C+kurumsal+bir+firma+olarak+tabela+ve+\u00fcr\u00fcnleriniz+ile+ilgili+teklif+almak+istiyoruz.\" target=\"_blank\" class=\"teklif-btn\" rel=\"noopener\">\n      <i class=\"fab fa-whatsapp\"><\/i> \u0218i li s-a \u00eencredin\u021bat sarcina lui Al\n    <\/a>\n    <a href=\"mailto:bilgi@tabelamatik.com?subject=Kurumsal Teklif Talebi&amp;body=Merhaba%2C%20firma%20olarak%20\u00fcr\u00fcnlerinizle%20ilgileniyoruz.%20Detaylar\u0131%20g\u00f6r\u00fc\u015fmek%20isteriz.\" class=\"teklif-btn\">\n      <i class=\"fas fa-envelope\"><\/i> Solicitare prin e-mail\n    <\/a>\n  <\/div>\n\n  <div class=\"teklif-icons\">\n    <div>\n      <i class=\"fas fa-briefcase\"><\/i>\n      <p>Semnalistic\u0103 corporativ\u0103<\/p>\n    <\/div>\n    <div>\n      <i class=\"fas fa-layer-group\"><\/i>\n      <p>Toplu Sipari\u015f<\/p>\n    <\/div>\n    <div>\n      <i class=\"fas fa-paper-plane\"><\/i>\n      <p>Comunicare rapid\u0103<\/p>\n    <\/div>\n  <\/div>\n<\/div>\n\n<!-- FontAwesome ikonlar i\u00e7in -->\n<link rel=\"stylesheet\" href=\"https:\/\/cdnjs.cloudflare.com\/ajax\/libs\/font-awesome\/5.15.4\/css\/all.min.css\">\n","protected":false},"excerpt":{"rendered":"<p>Cerere de propunere corporativ\u0103 Contacta\u021bi-ne pentru semnalistic\u0103 corporativ\u0103, sisteme de direc\u021bionare sau comenzi de produse \u00een vrac. V\u0103 vom oferi [&hellip;]<\/p>\n","protected":false},"author":2,"featured_media":0,"parent":0,"menu_order":0,"comment_status":"closed","ping_status":"closed","template":"","meta":{"_crdt_document":"","_uag_custom_page_level_css":"","site-sidebar-layout":"default","site-content-layout":"","ast-site-content-layout":"default","site-content-style":"default","site-sidebar-style":"default","ast-global-header-display":"","ast-banner-title-visibility":"","ast-main-header-display":"","ast-hfb-above-header-display":"","ast-hfb-below-header-display":"","ast-hfb-mobile-header-display":"","site-post-title":"","ast-breadcrumbs-content":"","ast-featured-img":"","footer-sml-layout":"","ast-disable-related-posts":"","theme-transparent-header-meta":"","adv-header-id-meta":"","stick-header-meta":"","header-above-stick-meta":"","header-main-stick-meta":"","header-below-stick-meta":"","astra-migrate-meta-layouts":"set","ast-page-background-enabled":"default","ast-page-background-meta":{"desktop":{"background-color":"var(--ast-global-color-4)","background-image":"","background-repeat":"repeat","background-position":"center center","background-size":"auto","background-attachment":"scroll","background-type":"","background-media":"","overlay-type":"","overlay-color":"","overlay-opacity":"","overlay-gradient":""},"tablet":{"background-color":"","background-image":"","background-repeat":"repeat","background-position":"center center","background-size":"auto","background-attachment":"scroll","background-type":"","background-media":"","overlay-type":"","overlay-color":"","overlay-opacity":"","overlay-gradient":""},"mobile":{"background-color":"","background-image":"","background-repeat":"repeat","background-position":"center center","background-size":"auto","background-attachment":"scroll","background-type":"","background-media":"","overlay-type":"","overlay-color":"","overlay-opacity":"","overlay-gradient":""}},"ast-content-background-meta":{"desktop":{"background-color":"var(--ast-global-color-5)","background-image":"","background-repeat":"repeat","background-position":"center center","background-size":"auto","background-attachment":"scroll","background-type":"","background-media":"","overlay-type":"","overlay-color":"","overlay-opacity":"","overlay-gradient":""},"tablet":{"background-color":"var(--ast-global-color-5)","background-image":"","background-repeat":"repeat","background-position":"center center","background-size":"auto","background-attachment":"scroll","background-type":"","background-media":"","overlay-type":"","overlay-color":"","overlay-opacity":"","overlay-gradient":""},"mobile":{"background-color":"var(--ast-global-color-5)","background-image":"","background-repeat":"repeat","background-position":"center center","background-size":"auto","background-attachment":"scroll","background-type":"","background-media":"","overlay-type":"","overlay-color":"","overlay-opacity":"","overlay-gradient":""}},"footnotes":""},"class_list":["post-14792","page","type-page","status-publish","hentry"],"uagb_featured_image_src":{"full":false,"thumbnail":false,"medium":false,"medium_large":false,"large":false,"1536x1536":false,"2048x2048":false,"woocommerce_thumbnail":false,"woocommerce_single":false,"woocommerce_gallery_thumbnail":false},"uagb_author_info":{"display_name":"Murat \u015eeimen","author_link":"https:\/\/www.tabelamatik.com\/ro\/author\/muratseimen\/"},"uagb_comment_info":0,"uagb_excerpt":"Cerere de propunere corporativ\u0103 Contacta\u021bi-ne pentru semnalistic\u0103 corporativ\u0103, sisteme de direc\u021bionare sau comenzi de produse \u00een vrac. V\u0103 vom oferi [&hellip;]","_links":{"self":[{"href":"https:\/\/www.tabelamatik.com\/ro\/wp-json\/wp\/v2\/pages\/14792","targetHints":{"allow":["GET"]}}],"collection":[{"href":"https:\/\/www.tabelamatik.com\/ro\/wp-json\/wp\/v2\/pages"}],"about":[{"href":"https:\/\/www.tabelamatik.com\/ro\/wp-json\/wp\/v2\/types\/page"}],"author":[{"embeddable":true,"href":"https:\/\/www.tabelamatik.com\/ro\/wp-json\/wp\/v2\/users\/2"}],"replies":[{"embeddable":true,"href":"https:\/\/www.tabelamatik.com\/ro\/wp-json\/wp\/v2\/comments?post=14792"}],"version-history":[{"count":0,"href":"https:\/\/www.tabelamatik.com\/ro\/wp-json\/wp\/v2\/pages\/14792\/revisions"}],"wp:attachment":[{"href":"https:\/\/www.tabelamatik.com\/ro\/wp-json\/wp\/v2\/media?parent=14792"}],"curies":[{"name":"wp","href":"https:\/\/api.w.org\/{rel}","templated":true}]}}