{"id":17937,"date":"2026-01-27T05:10:06","date_gmt":"2026-01-27T02:10:06","guid":{"rendered":"https:\/\/www.tabelamatik.com\/se\/?post_type=product&#038;p=17937"},"modified":"2026-01-27T05:11:03","modified_gmt":"2026-01-27T02:11:03","slug":"upplyst-smoothie-skylt-hallbar-utomhusskylt-i-plexiglas-och-led-belyst-cafe","status":"publish","type":"product","link":"https:\/\/www.tabelamatik.com\/se\/produkt\/upplyst-smoothie-skylt-hallbar-utomhusskylt-i-plexiglas-och-led-belyst-cafe\/","title":{"rendered":"Upplyst smoothie-skylt \u2013 H\u00e5llbar utomhusskylt i plexiglas och LED-belyst caf\u00e9"},"content":{"rendered":"<div style=\"border: 2px dashed #ccc; padding: 16px; margin-top: 24px; background-color: #f9f9f9; border-radius: 8px; font-family: Arial, Helvetica, sans-serif; color: #333\" data-mce-style=\"border: 2px dashed #ccc; padding: 16px; margin-top: 24px; background-color: #f9f9f9; border-radius: 8px; font-family: Arial, Helvetica, sans-serif; color: #333;\">\n<blockquote>\n<h3 style=\"color: #333;margin-bottom: 8px\" data-mce-style=\"color: #333; margin-bottom: 8px;\">Upplyst smoothieskylt med h\u00e5llbar plexiglasdesign<\/h3>\n<\/blockquote>\n<p style=\"margin: Utformad f\u00f6r att skapa ett i\u00f6gonfallande och energiskt utseende p\u00e5 F\u00f6r din verksamhets exteri\u00f6r \u00e4r den **upplysta smoothie-skylten** speciellt framtagen f\u00f6r varum\u00e4rken som vill \u00e5terspegla ett fr\u00e4scht, dynamiskt och modernt koncept.<\/p>\n<p style=\"margin: 6px 0\" data-mce-style=\"margin: 6px 0;\">Sidorna och framsidorna \u00e4r gjorda av **plexiglas**-material; tack vare den glansiga ytan ger den maximal synlighet dag och natt. Med **folietrycket** appliceras din logotyp, ordet &#8221;Smoothie&#8221; eller fruktmotiv (jordgubb, ananas, gr\u00f6nt blad, blandningseffekt etc.) tydligt.<\/p>\n<p style=\"margin: 6px 0\" data-mce-style=\"margin: 6px 0;\">LED-moduler som \u00e4r l\u00e4mpliga f\u00f6r utomhusbruk anv\u00e4nds inuti skylten. Den erbjuder h\u00f6g ljusprestanda med l\u00e5g energif\u00f6rbrukning.<\/p>\n<p> Kroppsstrukturen \u00e4r motst\u00e5ndskraftig mot yttre faktorer som regn, sol och damm.<\/p>\n<hr style=\"border: none;border-top: 1px solid #e0e0e0;margin: 12px 0\" data-mce-style=\"border: none; border-top: 1px solid #e0e0e0; margin: 12px 0;\">\n<p><strong style=\"margin-bottom: 8px\" data-mce-style=\"display: block; margin-bottom: 8px;\">Tillg\u00e4ngliga storleksalternativ<\/strong><\/p>\n<ul style=\"margin: 6px 0 12px 20px;padding: 0\" data-mce-style=\"margin: 6px 0 12px 20px;\" vaddering: 0;\">\n<li><strong>150\u00d765 cm \u2013 XL<\/strong> (Huvudmodell, perfekt storlek f\u00f6r utomhusbruk)<\/li>\n<li><strong>120\u00d752 cm \u2013 L<\/strong> (Perfekt f\u00f6r smoothiebarer eller caf\u00e9fasader)<\/li>\n<li><strong>90\u00d739 cm \u2013 M<\/strong> (Kompakt l\u00f6sning f\u00f6r inomhusbruk eller displayytor)<\/li>\n<li><strong>60\u00d726 cm \u2013 S<\/strong> (F\u00f6r b\u00e4nkskivor eller mini-inomhusbruk)<\/li>\n<\/ul>\n<p><strong style=\"margin-bottom: 8px\" data-mce-style=\"display: block; margin-bottom: 8px;\">\u2699\ufe0f Tekniska specifikationer<\/strong><\/p>\n<ul style=\"margin: 6px 0 12px 20px;padding: 0\" data-mce-style=\"margin: 6px 0 12px 20px; vaddering: 0;\">\n<li><strong>Material:<\/strong> Plexiglas fram och sida<\/li>\n<li><strong>Yta:<\/strong> Folietryck (varum\u00e4rke eller logotyp kan appliceras)<\/li>\n<li><strong>Belysningssystem:<\/strong> LED-moduler l\u00e4mpliga f\u00f6r utomhusbruk<\/li>\n<li><strong>Anv\u00e4ndningsomr\u00e5de:<\/strong> Utomhus och inomhus (smoothiebar, juicebar, caf\u00e9, detox-st\u00e4llen etc.)<\/li>\n<\/ul>\n<p style=\"margin: 6px 0\" data-mce-style=\"margin: 6px 0;\"><strong>Vem passar den f\u00f6r?<\/strong> Det \u00e4r en energisk och inbjudande marknadsf\u00f6ringsl\u00f6sning f\u00f6r smoothiebarer, juicest\u00e5nd, kaf\u00e9er, juicebarer och f\u00f6retag med h\u00e4lso- och wellnesstema.<\/p>\n<div style=\"background: #fff;padding: 12px;border-radius: 6px;margin-top: 12px;border: 1px solid #eee\" data-mce-style=\"background: #fff; padding: 12px; border-radius: 6px; margin-top: 12px; border: 1px solid #eee;\">\n<h4 style=\"margin: 0 0 8px 0\" data-mce-style=\"margin: 0 0 8px 0;\">\u2728 Anpassningsbar produkt<\/h4>\n<p style=\"margin: 4px 0\" data-mce-style=\"margin: 4px 0;\">\u2714\ufe0f Specialproduktion kan g\u00f6ras med din egen <strong>logotyp<\/strong>, <strong>typsnitt<\/strong> eller <strong>m\u00e4rkesf\u00e4rger<\/strong>. Om du \u00f6nskar kan vi skapa en uppfriskande atmosf\u00e4r med visuella element som frukt, mixer eller flytande \u00f6verg\u00e5ngseffekter.<\/p>\n<p style=\"margin: 4px 0\" data-mce-style=\"margin: 4px 0;\"><strong>Kontakta oss f\u00f6r grossistbest\u00e4llningar<\/strong> och <strong>anpassade storlekar<\/strong>.<\/p>\n<\/div>\n<\/div>\n","protected":false},"excerpt":{"rendered":"<p>Den upplysta smoothieskylten \u00e4r speciellt utformad f\u00f6r f\u00f6retag som vill ha ett energiskt och uppfriskande utseende och utm\u00e4rker sig med sitt slitstarka plexiglasmaterial och kraftfulla LED-belysning.<br \/>Det \u00e4r en perfekt marknadsf\u00f6ringsl\u00f6sning f\u00f6r kaf\u00e9er, smoothiebarer och juicebarer.<br \/>Du kommer att synas dag som natt!<\/p>\n","protected":false},"featured_media":17321,"comment_status":"open","ping_status":"closed","template":"","meta":{"_crdt_document":"","_uag_custom_page_level_css":"","site-sidebar-layout":"default","site-content-layout":"","ast-site-content-layout":"default","site-content-style":"default","site-sidebar-style":"default","ast-global-header-display":"","ast-banner-title-visibility":"","ast-main-header-display":"","ast-hfb-above-header-display":"","ast-hfb-below-header-display":"","ast-hfb-mobile-header-display":"","site-post-title":"","ast-breadcrumbs-content":"","ast-featured-img":"","footer-sml-layout":"","ast-disable-related-posts":"","theme-transparent-header-meta":"","adv-header-id-meta":"","stick-header-meta":"","header-above-stick-meta":"","header-main-stick-meta":"","header-below-stick-meta":"","astra-migrate-meta-layouts":"default","ast-page-background-enabled":"default","ast-page-background-meta":{"desktop":{"background-color":"var(--ast-global-color-5)","background-image":"","background-repeat":"repeat","background-position":"center center","background-size":"auto","background-attachment":"scroll","background-type":"","background-media":"","overlay-type":"","overlay-color":"","overlay-opacity":"","overlay-gradient":""},"tablet":{"background-color":"","background-image":"","background-repeat":"repeat","background-position":"center center","background-size":"auto","background-attachment":"scroll","background-type":"","background-media":"","overlay-type":"","overlay-color":"","overlay-opacity":"","overlay-gradient":""},"mobile":{"background-color":"","background-image":"","background-repeat":"repeat","background-position":"center center","background-size":"auto","background-attachment":"scroll","background-type":"","background-media":"","overlay-type":"","overlay-color":"","overlay-opacity":"","overlay-gradient":""}},"ast-content-background-meta":{"desktop":{"background-color":"var(--ast-global-color-4)","background-image":"","background-repeat":"repeat","background-position":"center center","background-size":"auto","background-attachment":"scroll","background-type":"","background-media":"","overlay-type":"","overlay-color":"","overlay-opacity":"","overlay-gradient":""},"tablet":{"background-color":"var(--ast-global-color-4)","background-image":"","background-repeat":"repeat","background-position":"center center","background-size":"auto","background-attachment":"scroll","background-type":"","background-media":"","overlay-type":"","overlay-color":"","overlay-opacity":"","overlay-gradient":""},"mobile":{"background-color":"var(--ast-global-color-4)","background-image":"","background-repeat":"repeat","background-position":"center center","background-size":"auto","background-attachment":"scroll","background-type":"","background-media":"","overlay-type":"","overlay-color":"","overlay-opacity":"","overlay-gradient":""}}},"product_brand":[230],"product_cat":[1124,2015],"product_tag":[1209,1292,1291,1295,1294,1244,1293,1290,1289],"class_list":{"0":"post-17937","1":"product","2":"type-product","3":"status-publish","4":"has-post-thumbnail","6":"product_brand-tabelamatik","7":"product_cat-alla-produkter","8":"product_cat-upplysta-och-oupplysta-skyltar-2","9":"product_tag-cafeskylt","10":"product_tag-juicebarskylt","11":"product_tag-led-smoothie-skylt","12":"product_tag-smoothie-skylt","13":"product_tag-smoothiebarskylt","14":"product_tag-specialdesignad-skylt","15":"product_tag-upplyst-plexiglasskylt","16":"product_tag-upplyst-smoothie-skylt","17":"product_tag-utomhus-led-skylt","18":"desktop-align-left","19":"tablet-align-left","20":"mobile-align-left","22":"first","23":"instock","24":"taxable","25":"shipping-taxable","26":"purchasable","27":"product-type-variable","28":"has-default-attributes"},"uagb_featured_image_src":{"full":["https:\/\/www.tabelamatik.com\/se\/wp-content\/uploads\/sites\/48\/2025\/11\/Smoothie-tabelasi-.jpg",967,963,false],"thumbnail":["https:\/\/www.tabelamatik.com\/se\/wp-content\/uploads\/sites\/48\/2025\/11\/Smoothie-tabelasi--150x150.jpg",150,150,true],"medium":["https:\/\/www.tabelamatik.com\/se\/wp-content\/uploads\/sites\/48\/2025\/11\/Smoothie-tabelasi--300x300.jpg",300,300,true],"medium_large":["https:\/\/www.tabelamatik.com\/se\/wp-content\/uploads\/sites\/48\/2025\/11\/Smoothie-tabelasi--768x765.jpg",768,765,true],"large":["https:\/\/www.tabelamatik.com\/se\/wp-content\/uploads\/sites\/48\/2025\/11\/Smoothie-tabelasi-.jpg",967,963,false],"1536x1536":["https:\/\/www.tabelamatik.com\/se\/wp-content\/uploads\/sites\/48\/2025\/11\/Smoothie-tabelasi-.jpg",967,963,false],"2048x2048":["https:\/\/www.tabelamatik.com\/se\/wp-content\/uploads\/sites\/48\/2025\/11\/Smoothie-tabelasi-.jpg",967,963,false],"woocommerce_thumbnail":["https:\/\/www.tabelamatik.com\/se\/wp-content\/uploads\/sites\/48\/2025\/11\/Smoothie-tabelasi--300x300.jpg",300,300,true],"woocommerce_single":["https:\/\/www.tabelamatik.com\/se\/wp-content\/uploads\/sites\/48\/2025\/11\/Smoothie-tabelasi--600x598.jpg",400,399,true],"woocommerce_gallery_thumbnail":["https:\/\/www.tabelamatik.com\/se\/wp-content\/uploads\/sites\/48\/2025\/11\/Smoothie-tabelasi--100x100.jpg",100,100,true]},"uagb_author_info":{"display_name":"Murat \u015eeimen","author_link":"https:\/\/www.tabelamatik.com\/se\/author\/"},"uagb_comment_info":0,"uagb_excerpt":"Den upplysta smoothieskylten \u00e4r speciellt utformad f\u00f6r f\u00f6retag som vill ha ett energiskt och uppfriskande utseende och utm\u00e4rker sig med sitt slitstarka plexiglasmaterial och kraftfulla LED-belysning.Det \u00e4r en perfekt marknadsf\u00f6ringsl\u00f6sning f\u00f6r kaf\u00e9er, smoothiebarer och juicebarer.Du kommer att synas dag som natt!","_links":{"self":[{"href":"https:\/\/www.tabelamatik.com\/se\/wp-json\/wp\/v2\/product\/17937","targetHints":{"allow":["GET"]}}],"collection":[{"href":"https:\/\/www.tabelamatik.com\/se\/wp-json\/wp\/v2\/product"}],"about":[{"href":"https:\/\/www.tabelamatik.com\/se\/wp-json\/wp\/v2\/types\/product"}],"replies":[{"embeddable":true,"href":"https:\/\/www.tabelamatik.com\/se\/wp-json\/wp\/v2\/comments?post=17937"}],"wp:featuredmedia":[{"embeddable":true,"href":"https:\/\/www.tabelamatik.com\/se\/wp-json\/wp\/v2\/media\/17321"}],"wp:attachment":[{"href":"https:\/\/www.tabelamatik.com\/se\/wp-json\/wp\/v2\/media?parent=17937"}],"wp:term":[{"taxonomy":"product_brand","embeddable":true,"href":"https:\/\/www.tabelamatik.com\/se\/wp-json\/wp\/v2\/product_brand?post=17937"},{"taxonomy":"product_cat","embeddable":true,"href":"https:\/\/www.tabelamatik.com\/se\/wp-json\/wp\/v2\/product_cat?post=17937"},{"taxonomy":"product_tag","embeddable":true,"href":"https:\/\/www.tabelamatik.com\/se\/wp-json\/wp\/v2\/product_tag?post=17937"}],"curies":[{"name":"wp","href":"https:\/\/api.w.org\/{rel}","templated":true}]}}