{"id":17946,"date":"2026-01-27T05:10:08","date_gmt":"2026-01-27T02:10:08","guid":{"rendered":"https:\/\/www.tabelamatik.com\/se\/?post_type=product&#038;p=17946"},"modified":"2026-01-27T05:11:22","modified_gmt":"2026-01-27T02:11:22","slug":"transparent-plexiglas-dorrskylt","status":"publish","type":"product","link":"https:\/\/www.tabelamatik.com\/se\/produkt\/transparent-plexiglas-dorrskylt\/","title":{"rendered":"Transparent plexiglas d\u00f6rrskylt"},"content":{"rendered":"<div>\n<h2><span dir=\"auto\" style=\"vertical-align: inherit;\"><span dir=\"auto\" style=\"vertical-align: inherit;\">Transparent plexiglasd\u00f6rrskylt<\/span><\/span><\/h2>\n<p><strong><span dir=\"auto\" style=\"vertical-align: inherit;\"><span dir=\"auto\" style=\"vertical-align: inherit;\">Genomskinliga plexiglasd\u00f6rrskyltar<\/span><\/span><\/strong><span dir=\"auto\" style=\"vertical-align: inherit;\"><span dir=\"auto\" style=\"vertical-align: inherit;\"> \u00e4r tillverkade av h\u00f6gkvalitativ plexiglas och anv\u00e4nds f\u00f6r att visa information, v\u00e4gbeskrivningar eller varum\u00e4rkeslogotyper p\u00e5 d\u00f6rrar eller v\u00e4ggar. Deras h\u00e5llbara konstruktion och moderna utseende g\u00f6r dem till ett popul\u00e4rt val i f\u00f6retag, kontor och offentliga byggnader.<\/span><\/span><\/p>\n<p><span dir=\"auto\" style=\"vertical-align: inherit;\"><span dir=\"auto\" style=\"vertical-align: inherit;\">Dessa skyltar utm\u00e4rker sig med sin <\/span><\/span><strong><span dir=\"auto\" style=\"vertical-align: inherit;\"><span dir=\"auto\" style=\"vertical-align: inherit;\">l\u00e4ttst\u00e4dade yta och <\/span><\/span><\/strong><em><span dir=\"auto\" style=\"vertical-align: inherit;\"><span dir=\"auto\" style=\"vertical-align: inherit;\">anpassningsalternativ<\/span><\/span><\/em><span dir=\"auto\" style=\"vertical-align: inherit;\"><span dir=\"auto\" style=\"vertical-align: inherit;\"> s\u00e5som text, grafik och logotyptryck <\/span><span dir=\"auto\" style=\"vertical-align: inherit;\">. Deras transparenta struktur sl\u00e4pper igenom ljus, vilket s\u00e4kerst\u00e4ller tydlig sikt \u00e4ven i omr\u00e5den med begr\u00e4nsad belysning. De \u00e4r ocks\u00e5 <\/span><\/span><strong><span dir=\"auto\" style=\"vertical-align: inherit;\"><span dir=\"auto\" style=\"vertical-align: inherit;\">bleknings-, rep- och slagt\u00e5liga<\/span><\/span><\/strong><span dir=\"auto\" style=\"vertical-align: inherit;\"><span dir=\"auto\" style=\"vertical-align: inherit;\">.<\/span><\/span><\/p>\n<h3><span dir=\"auto\" style=\"vertical-align: inherit;\"><span dir=\"auto\" style=\"vertical-align: inherit;\">Utvalda funktioner<\/span><\/span><\/h3>\n<ul>\n<li><span dir=\"auto\" style=\"vertical-align: inherit;\"><span dir=\"auto\" style=\"vertical-align: inherit;\">Material: Transparent plexiglas<\/span><\/span><\/li>\n<li><span dir=\"auto\" style=\"vertical-align: inherit;\"><span dir=\"auto\" style=\"vertical-align: inherit;\">Anpassning: Logotyp, text, grafiktryck<\/span><\/span><\/li>\n<li><span dir=\"auto\" style=\"vertical-align: inherit;\"><span dir=\"auto\" style=\"vertical-align: inherit;\">H\u00e5llbarhet: Rept\u00e5lig, blekningss\u00e4ker, slagt\u00e5lig<\/span><\/span><\/li>\n<li><span dir=\"auto\" style=\"vertical-align: inherit;\"><span dir=\"auto\" style=\"vertical-align: inherit;\">Anv\u00e4ndning: Inomhusskyltar p\u00e5 d\u00f6rrar och v\u00e4ggar<\/span><\/span><\/li>\n<li><span dir=\"auto\" style=\"vertical-align: inherit;\"><span dir=\"auto\" style=\"vertical-align: inherit;\">Underh\u00e5ll: L\u00e4tt att reng\u00f6ra ytan<\/span><\/span><\/li>\n<\/ul>\n<h3><span dir=\"auto\" style=\"vertical-align: inherit;\"><span dir=\"auto\" style=\"vertical-align: inherit;\">Anv\u00e4ndningsomr\u00e5den<\/span><\/span><\/h3>\n<ul>\n<li><span dir=\"auto\" style=\"vertical-align: inherit;\"><span dir=\"auto\" style=\"vertical-align: inherit;\">Skyltar f\u00f6r kontorsd\u00f6rrar<\/span><\/span><\/li>\n<li><span dir=\"auto\" style=\"vertical-align: inherit;\"><span dir=\"auto\" style=\"vertical-align: inherit;\">Skyltar f\u00f6r f\u00f6retagsentr\u00e9er<\/span><\/span><\/li>\n<li><span dir=\"auto\" style=\"vertical-align: inherit;\"><span dir=\"auto\" style=\"vertical-align: inherit;\">V\u00e4gskyltar i offentliga byggnader<\/span><\/span><\/li>\n<li><span dir=\"auto\" style=\"vertical-align: inherit;\"><span dir=\"auto\" style=\"vertical-align: inherit;\">Hotell, sjukhus och utbildningsinstitutioner institutioner<\/span><\/span><\/li>\n<\/ul>\n<p><strong><span dir=\"auto\" style=\"vertical-align: inherit;\"><span dir=\"auto\" style=\"vertical-align: inherit;\">Obs!<\/span><\/span><\/strong><span dir=\"auto\" style=\"vertical-align: inherit;\"><span dir=\"auto\" style=\"vertical-align: inherit;\"> Anpassad produktion \u00e4r tillg\u00e4nglig. Produktionen b\u00f6rjar efter godk\u00e4nnande av konstruktionen. Dayan\u0131kl\u0131 yap\u0131s\u0131 ve modern g\u00f6r\u00fcn\u00fcm\u00fc sayesinde i\u015fletmeler, ofisler ve kamu binalar\u0131nda yayg\u0131n olarak tercih edilmektedir.<\/p>\n<p>Bu tabellar, kolay temizlenebilir y\u00fczeyi ve yaz\u0131, grafik veya logo bask\u0131s\u0131 gibi \u00f6zelle\u015ftirme se\u00e7enekleri ile \u00f6ne \u00e7\u0131kar. \u015eeffaf yap\u0131s\u0131 sayesinde \u0131\u015f\u0131\u011f\u0131 ge\u00e7irir ve d\u00fc\u015f\u00fck \u0131\u015f\u0131kl\u0131 alanlarda bile net g\u00f6r\u00fcn\u00fcrl\u00fck sa\u011flar. Ayr\u0131ca solmaya, \u00e7izilmeye ve darbeye kar\u015f\u0131 dayan\u0131kl\u0131d\u0131r.<\/p>\n<p>\u00d6ne \u00c7\u0131kan \u00d6zellikler<\/p>\n<p>Malzeme: \u015eeffaf pleksiglas<\/p>\n<p>\u00d6zelle\u015ftirme: Logotyp, yaz\u0131, grafik bask\u0131s\u0131<\/p>\n<p>Dayan\u0131kl\u0131l\u0131k: \u00c7izilmez, solmaz, darbeye dayan\u0131kl\u0131<\/p>\n<p>Kullan\u0131m Alan\u0131: \u0130\u00e7 mek\u00e2n kap\u0131 ve duvar tabelalar\u0131<\/p>\n<p>Bak\u0131m: Kolay temizlenebilir y\u00fczey<\/p>\n<p>Kullan\u0131m Alanlar\u0131<\/p>\n<p>Ofis kap\u0131 tabellar\u0131<\/p>\n<p>\u0130\u015fletme giri\u015f tabellar\u0131<\/p>\n<p>Kamu binalar\u0131nda y\u00f6nlendirme tabelalar\u0131<\/p>\n<p>Oteller, hastaneler ve e\u011fitim kurumlar\u0131<\/span><\/span><\/p>\n<\/div>\n","protected":false},"excerpt":{"rendered":"<ol>\n<li>Denna transparenta plexiglasd\u00f6rrskylt kan anpassas med en logotyp eller text. Den \u00e4r h\u00e5llbar, rept\u00e5lig och idealisk f\u00f6r kontor, f\u00f6retag och offentliga byggnader.<\/li>\n<\/ol>\n","protected":false},"featured_media":107,"comment_status":"closed","ping_status":"closed","template":"","meta":{"_crdt_document":"","_uag_custom_page_level_css":"","site-sidebar-layout":"default","site-content-layout":"","ast-site-content-layout":"default","site-content-style":"default","site-sidebar-style":"default","ast-global-header-display":"","ast-banner-title-visibility":"","ast-main-header-display":"","ast-hfb-above-header-display":"","ast-hfb-below-header-display":"","ast-hfb-mobile-header-display":"","site-post-title":"","ast-breadcrumbs-content":"","ast-featured-img":"","footer-sml-layout":"","ast-disable-related-posts":"","theme-transparent-header-meta":"","adv-header-id-meta":"","stick-header-meta":"","header-above-stick-meta":"","header-main-stick-meta":"","header-below-stick-meta":"","astra-migrate-meta-layouts":"default","ast-page-background-enabled":"default","ast-page-background-meta":{"desktop":{"background-color":"var(--ast-global-color-5)","background-image":"","background-repeat":"repeat","background-position":"center center","background-size":"auto","background-attachment":"scroll","background-type":"","background-media":"","overlay-type":"","overlay-color":"","overlay-opacity":"","overlay-gradient":""},"tablet":{"background-color":"","background-image":"","background-repeat":"repeat","background-position":"center center","background-size":"auto","background-attachment":"scroll","background-type":"","background-media":"","overlay-type":"","overlay-color":"","overlay-opacity":"","overlay-gradient":""},"mobile":{"background-color":"","background-image":"","background-repeat":"repeat","background-position":"center center","background-size":"auto","background-attachment":"scroll","background-type":"","background-media":"","overlay-type":"","overlay-color":"","overlay-opacity":"","overlay-gradient":""}},"ast-content-background-meta":{"desktop":{"background-color":"var(--ast-global-color-4)","background-image":"","background-repeat":"repeat","background-position":"center center","background-size":"auto","background-attachment":"scroll","background-type":"","background-media":"","overlay-type":"","overlay-color":"","overlay-opacity":"","overlay-gradient":""},"tablet":{"background-color":"var(--ast-global-color-4)","background-image":"","background-repeat":"repeat","background-position":"center center","background-size":"auto","background-attachment":"scroll","background-type":"","background-media":"","overlay-type":"","overlay-color":"","overlay-opacity":"","overlay-gradient":""},"mobile":{"background-color":"var(--ast-global-color-4)","background-image":"","background-repeat":"repeat","background-position":"center center","background-size":"auto","background-attachment":"scroll","background-type":"","background-media":"","overlay-type":"","overlay-color":"","overlay-opacity":"","overlay-gradient":""}}},"product_brand":[230],"product_cat":[1124,1127,1126],"product_tag":[1337,1336,1335,1334,1339,1338,1340,1218,1341,1342,1333],"class_list":{"0":"post-17946","1":"product","2":"type-product","3":"status-publish","4":"has-post-thumbnail","6":"product_brand-tabelamatik","7":"product_cat-alla-produkter","8":"product_cat-upplysta-och-oupplysta-skyltar","9":"product_cat-kontorskopieringsbord","10":"product_tag-dorrriktningsskylt","11":"product_tag-dorrskylt","12":"product_tag-foretagsskylt","13":"product_tag-inomhusskylt","14":"product_tag-kontorsdorrskylt","15":"product_tag-logotyp-plexiglasskylt","16":"product_tag-plexiglasdorrskylt","17":"product_tag-plexiglasskylt","18":"product_tag-transparent-plexiglasdorrskylt","19":"product_tag-transparent-skylt","20":"product_tag-vaggskylt","21":"product_shipping_class-ucretsiz-gonderimler","22":"desktop-align-left","23":"tablet-align-left","24":"mobile-align-left","26":"first","27":"instock","28":"taxable","29":"shipping-taxable","30":"purchasable","31":"product-type-variable","32":"has-default-attributes"},"uagb_featured_image_src":{"full":["https:\/\/www.tabelamatik.com\/se\/wp-content\/uploads\/sites\/48\/2025\/11\/14-Seffaf-Plexi-Kapi-Tabelasi-800x600-1-1.png",800,600,false],"thumbnail":["https:\/\/www.tabelamatik.com\/se\/wp-content\/uploads\/sites\/48\/2025\/11\/14-Seffaf-Plexi-Kapi-Tabelasi-800x600-1-1-150x150.png",150,150,true],"medium":["https:\/\/www.tabelamatik.com\/se\/wp-content\/uploads\/sites\/48\/2025\/11\/14-Seffaf-Plexi-Kapi-Tabelasi-800x600-1-1-300x225.png",300,225,true],"medium_large":["https:\/\/www.tabelamatik.com\/se\/wp-content\/uploads\/sites\/48\/2025\/11\/14-Seffaf-Plexi-Kapi-Tabelasi-800x600-1-1-768x576.png",768,576,true],"large":["https:\/\/www.tabelamatik.com\/se\/wp-content\/uploads\/sites\/48\/2025\/11\/14-Seffaf-Plexi-Kapi-Tabelasi-800x600-1-1.png",800,600,false],"1536x1536":["https:\/\/www.tabelamatik.com\/se\/wp-content\/uploads\/sites\/48\/2025\/11\/14-Seffaf-Plexi-Kapi-Tabelasi-800x600-1-1.png",800,600,false],"2048x2048":["https:\/\/www.tabelamatik.com\/se\/wp-content\/uploads\/sites\/48\/2025\/11\/14-Seffaf-Plexi-Kapi-Tabelasi-800x600-1-1.png",800,600,false],"woocommerce_thumbnail":["https:\/\/www.tabelamatik.com\/se\/wp-content\/uploads\/sites\/48\/2025\/11\/14-Seffaf-Plexi-Kapi-Tabelasi-800x600-1-1-300x300.png",300,300,true],"woocommerce_single":["https:\/\/www.tabelamatik.com\/se\/wp-content\/uploads\/sites\/48\/2025\/11\/14-Seffaf-Plexi-Kapi-Tabelasi-800x600-1-1-600x450.png",400,300,true],"woocommerce_gallery_thumbnail":["https:\/\/www.tabelamatik.com\/se\/wp-content\/uploads\/sites\/48\/2025\/11\/14-Seffaf-Plexi-Kapi-Tabelasi-800x600-1-1-100x100.png",100,100,true]},"uagb_author_info":{"display_name":"Murat \u015eeimen","author_link":"https:\/\/www.tabelamatik.com\/se\/author\/"},"uagb_comment_info":0,"uagb_excerpt":"Denna transparenta plexiglasd\u00f6rrskylt kan anpassas med en logotyp eller text. Den \u00e4r h\u00e5llbar, rept\u00e5lig och idealisk f\u00f6r kontor, f\u00f6retag och offentliga byggnader.","_links":{"self":[{"href":"https:\/\/www.tabelamatik.com\/se\/wp-json\/wp\/v2\/product\/17946","targetHints":{"allow":["GET"]}}],"collection":[{"href":"https:\/\/www.tabelamatik.com\/se\/wp-json\/wp\/v2\/product"}],"about":[{"href":"https:\/\/www.tabelamatik.com\/se\/wp-json\/wp\/v2\/types\/product"}],"replies":[{"embeddable":true,"href":"https:\/\/www.tabelamatik.com\/se\/wp-json\/wp\/v2\/comments?post=17946"}],"wp:featuredmedia":[{"embeddable":true,"href":"https:\/\/www.tabelamatik.com\/se\/wp-json\/wp\/v2\/media\/107"}],"wp:attachment":[{"href":"https:\/\/www.tabelamatik.com\/se\/wp-json\/wp\/v2\/media?parent=17946"}],"wp:term":[{"taxonomy":"product_brand","embeddable":true,"href":"https:\/\/www.tabelamatik.com\/se\/wp-json\/wp\/v2\/product_brand?post=17946"},{"taxonomy":"product_cat","embeddable":true,"href":"https:\/\/www.tabelamatik.com\/se\/wp-json\/wp\/v2\/product_cat?post=17946"},{"taxonomy":"product_tag","embeddable":true,"href":"https:\/\/www.tabelamatik.com\/se\/wp-json\/wp\/v2\/product_tag?post=17946"}],"curies":[{"name":"wp","href":"https:\/\/api.w.org\/{rel}","templated":true}]}}