{"id":17951,"date":"2026-01-27T05:10:09","date_gmt":"2026-01-27T02:10:09","guid":{"rendered":"https:\/\/www.tabelamatik.com\/se\/?post_type=product&#038;p=17951"},"modified":"2026-01-27T05:11:23","modified_gmt":"2026-01-27T02:11:23","slug":"spindelstall","status":"publish","type":"product","link":"https:\/\/www.tabelamatik.com\/se\/produkt\/spindelstall\/","title":{"rendered":"Spindelst\u00e4ll"},"content":{"rendered":"<blockquote>\n<p style=\"text-align: center;\">Kolla in bordet f\u00f6r stativet <a href=\"https:\/\/tabelamatik.com\/urun\/tanitim-standi-fasulye-stand\/\" target=\"_blank\" rel=\"noopener\">https:\/\/tabelamatik.com\/urun\/tanitim-standi-fasulye-stand\/<\/a><\/p>\n<\/blockquote>\n<p style=\"text-align: center;\">Klicka ocks\u00e5 h\u00e4r f\u00f6r att bl\u00e4ddra bland v\u00e5ra h\u00f6gkvalitativa produkter.<\/a><\/p>\n<p style=\"text-align: center;\">F\u00f6r din monteringsf\u00f6rfr\u00e5gan inom Bursas stadsgr\u00e4nser, klicka h\u00e4r.<\/a><\/p>\n<p> <\/a><\/p>\n<p style=\"text-align: center;\"><strong>Panelm\u00e5tt.<\/strong><\/p>\n<p><img decoding=\"async\" class=\"wp-image-6898 aligncenter\" src=\"https:\/\/tabelamatik.com\/wp-content\/uploads\/2021\/11\/5TdUmO9HAtJe-ProductID-e6295b77-8bb6-11eb-91be-005056ae4804-306060c46-300x113.jpg\" alt=\"\" bredd=\"544\" h\u00f6jd=\"205\" \/><\/p>\n","protected":false},"excerpt":{"rendered":"<p>Spindelst\u00e4ll \u00e4r b\u00e4rbara och modul\u00e4ra produkter som skapas genom att montera styva plastdelar med aluminiumprofiler. Deras mekanismer liknar spindeln\u00e4t. De \u00e4r mycket enkla att transportera tack vare sina hjulf\u00f6rsedda fodral. Spindelst\u00e4ll \u00e4r inte eng\u00e5ngsprodukter. F\u00f6retag kan enkelt anv\u00e4nda samma spindelst\u00e4ll f\u00f6r flera evenemang. De \u00e4r ofta f\u00f6redragna reklamverktyg av turismf\u00f6retag, flygbolag, butiker, reklambyr\u00e5er, karri\u00e4rwebbplatser och utbildningsinstitutioner. Alla dessa organisationer anv\u00e4nder vanligtvis k\u00f6pcentra, m\u00e4ssor eller kongresshallar f\u00f6r att marknadsf\u00f6ra sig sj\u00e4lva. <\/p>\n<div class=\"video-container\">\n<p> <iframe \n\n src=\"https:\/\/www.youtube.com\/embed\/gQaQ6DO_S6s?autoplay=1&#038;mute=1&#038;playlist=gQaQ6DO_S6s&#038;loop=1&#038;controls=0&#038;modestbranding=1&#038;rel=0&#038;showinfo=0\"\n\nframeborder=\"0\"\n\n allow=\"autoplay; encrypted-media\"\n\nallowfullscreen\n\n><\/iframe><\/p>\n<\/div>\n","protected":false},"featured_media":16316,"comment_status":"closed","ping_status":"closed","template":"","meta":{"_crdt_document":"","_uag_custom_page_level_css":"","site-sidebar-layout":"default","site-content-layout":"","ast-site-content-layout":"default","site-content-style":"default","site-sidebar-style":"default","ast-global-header-display":"","ast-banner-title-visibility":"","ast-main-header-display":"","ast-hfb-above-header-display":"","ast-hfb-below-header-display":"","ast-hfb-mobile-header-display":"","site-post-title":"","ast-breadcrumbs-content":"","ast-featured-img":"","footer-sml-layout":"","ast-disable-related-posts":"","theme-transparent-header-meta":"","adv-header-id-meta":"","stick-header-meta":"","header-above-stick-meta":"","header-main-stick-meta":"","header-below-stick-meta":"","astra-migrate-meta-layouts":"default","ast-page-background-enabled":"default","ast-page-background-meta":{"desktop":{"background-color":"var(--ast-global-color-5)","background-image":"","background-repeat":"repeat","background-position":"center center","background-size":"auto","background-attachment":"scroll","background-type":"","background-media":"","overlay-type":"","overlay-color":"","overlay-opacity":"","overlay-gradient":""},"tablet":{"background-color":"","background-image":"","background-repeat":"repeat","background-position":"center center","background-size":"auto","background-attachment":"scroll","background-type":"","background-media":"","overlay-type":"","overlay-color":"","overlay-opacity":"","overlay-gradient":""},"mobile":{"background-color":"","background-image":"","background-repeat":"repeat","background-position":"center center","background-size":"auto","background-attachment":"scroll","background-type":"","background-media":"","overlay-type":"","overlay-color":"","overlay-opacity":"","overlay-gradient":""}},"ast-content-background-meta":{"desktop":{"background-color":"var(--ast-global-color-4)","background-image":"","background-repeat":"repeat","background-position":"center center","background-size":"auto","background-attachment":"scroll","background-type":"","background-media":"","overlay-type":"","overlay-color":"","overlay-opacity":"","overlay-gradient":""},"tablet":{"background-color":"var(--ast-global-color-4)","background-image":"","background-repeat":"repeat","background-position":"center center","background-size":"auto","background-attachment":"scroll","background-type":"","background-media":"","overlay-type":"","overlay-color":"","overlay-opacity":"","overlay-gradient":""},"mobile":{"background-color":"var(--ast-global-color-4)","background-image":"","background-repeat":"repeat","background-position":"center center","background-size":"auto","background-attachment":"scroll","background-type":"","background-media":"","overlay-type":"","overlay-color":"","overlay-opacity":"","overlay-gradient":""}}},"product_brand":[230],"product_cat":[1124,1125,1309],"product_tag":[1375,1397,1369,1398,1370,1377,1378,1391,1382,1380,1393,1383,1387,1384,1385,1386,1388,1389,1390,1392,1379,1381,1394,1374,1395,1396,1371,1373,1376,1372],"class_list":{"0":"post-17951","1":"product","2":"type-product","3":"status-publish","4":"has-post-thumbnail","6":"product_brand-tabelamatik","7":"product_cat-alla-produkter","8":"product_cat-displayprodukter","9":"product_cat-snapperprodukter","10":"product_tag-barbar-monter","11":"product_tag-designmonter","12":"product_tag-evenemangsmonter","13":"product_tag-kreativ-monter","14":"product_tag-massmonter","15":"product_tag-monter","16":"product_tag-monterdekoration","17":"product_tag-monterdesign","18":"product_tag-monterforberedelse","19":"product_tag-monterideer","20":"product_tag-monterimplementering","21":"product_tag-monterkoncept","22":"product_tag-montermarknadsforing","23":"product_tag-montermaterial","24":"product_tag-montermodeller","25":"product_tag-monterorganisation","26":"product_tag-monterplanering","27":"product_tag-monterprojekt","28":"product_tag-monterreklam","29":"product_tag-montertrender","30":"product_tag-monterutrustning","31":"product_tag-monterutveckling","32":"product_tag-reklammonter","33":"product_tag-spindelmonter","34":"product_tag-spindelmontermodeller","35":"product_tag-spindelmonterpriser","36":"product_tag-utstallningsmonter","37":"product_tag-varumarkesmonter","38":"product_tag-visningsmonter","39":"product_tag-visuell-marknadsforing","40":"desktop-align-left","41":"tablet-align-left","42":"mobile-align-left","44":"first","45":"instock","46":"taxable","47":"shipping-taxable","48":"purchasable","49":"product-type-variable","50":"has-default-attributes"},"uagb_featured_image_src":{"full":["https:\/\/www.tabelamatik.com\/se\/wp-content\/uploads\/sites\/48\/2025\/11\/MASALI-ORUMCEK-STAND.jpg",533,400,false],"thumbnail":["https:\/\/www.tabelamatik.com\/se\/wp-content\/uploads\/sites\/48\/2025\/11\/MASALI-ORUMCEK-STAND-150x150.jpg",150,150,true],"medium":["https:\/\/www.tabelamatik.com\/se\/wp-content\/uploads\/sites\/48\/2025\/11\/MASALI-ORUMCEK-STAND-300x225.jpg",300,225,true],"medium_large":["https:\/\/www.tabelamatik.com\/se\/wp-content\/uploads\/sites\/48\/2025\/11\/MASALI-ORUMCEK-STAND.jpg",533,400,false],"large":["https:\/\/www.tabelamatik.com\/se\/wp-content\/uploads\/sites\/48\/2025\/11\/MASALI-ORUMCEK-STAND.jpg",533,400,false],"1536x1536":["https:\/\/www.tabelamatik.com\/se\/wp-content\/uploads\/sites\/48\/2025\/11\/MASALI-ORUMCEK-STAND.jpg",533,400,false],"2048x2048":["https:\/\/www.tabelamatik.com\/se\/wp-content\/uploads\/sites\/48\/2025\/11\/MASALI-ORUMCEK-STAND.jpg",533,400,false],"woocommerce_thumbnail":["https:\/\/www.tabelamatik.com\/se\/wp-content\/uploads\/sites\/48\/2025\/11\/MASALI-ORUMCEK-STAND-300x300.jpg",300,300,true],"woocommerce_single":["https:\/\/www.tabelamatik.com\/se\/wp-content\/uploads\/sites\/48\/2025\/11\/MASALI-ORUMCEK-STAND.jpg",400,300,false],"woocommerce_gallery_thumbnail":["https:\/\/www.tabelamatik.com\/se\/wp-content\/uploads\/sites\/48\/2025\/11\/MASALI-ORUMCEK-STAND-100x100.jpg",100,100,true]},"uagb_author_info":{"display_name":"Murat \u015eeimen","author_link":"https:\/\/www.tabelamatik.com\/se\/author\/"},"uagb_comment_info":0,"uagb_excerpt":"Spindelst\u00e4ll \u00e4r b\u00e4rbara och modul\u00e4ra produkter som skapas genom att montera styva plastdelar med aluminiumprofiler. Deras mekanismer liknar spindeln\u00e4t. De \u00e4r mycket enkla att transportera tack vare sina hjulf\u00f6rsedda fodral. Spindelst\u00e4ll \u00e4r inte eng\u00e5ngsprodukter. F\u00f6retag kan enkelt anv\u00e4nda samma spindelst\u00e4ll f\u00f6r flera evenemang. De \u00e4r ofta f\u00f6redragna reklamverktyg av turismf\u00f6retag, flygbolag, butiker, reklambyr\u00e5er, karri\u00e4rwebbplatser och&hellip;","_links":{"self":[{"href":"https:\/\/www.tabelamatik.com\/se\/wp-json\/wp\/v2\/product\/17951","targetHints":{"allow":["GET"]}}],"collection":[{"href":"https:\/\/www.tabelamatik.com\/se\/wp-json\/wp\/v2\/product"}],"about":[{"href":"https:\/\/www.tabelamatik.com\/se\/wp-json\/wp\/v2\/types\/product"}],"replies":[{"embeddable":true,"href":"https:\/\/www.tabelamatik.com\/se\/wp-json\/wp\/v2\/comments?post=17951"}],"wp:featuredmedia":[{"embeddable":true,"href":"https:\/\/www.tabelamatik.com\/se\/wp-json\/wp\/v2\/media\/16316"}],"wp:attachment":[{"href":"https:\/\/www.tabelamatik.com\/se\/wp-json\/wp\/v2\/media?parent=17951"}],"wp:term":[{"taxonomy":"product_brand","embeddable":true,"href":"https:\/\/www.tabelamatik.com\/se\/wp-json\/wp\/v2\/product_brand?post=17951"},{"taxonomy":"product_cat","embeddable":true,"href":"https:\/\/www.tabelamatik.com\/se\/wp-json\/wp\/v2\/product_cat?post=17951"},{"taxonomy":"product_tag","embeddable":true,"href":"https:\/\/www.tabelamatik.com\/se\/wp-json\/wp\/v2\/product_tag?post=17951"}],"curies":[{"name":"wp","href":"https:\/\/api.w.org\/{rel}","templated":true}]}}