{"id":17958,"date":"2026-01-27T05:10:11","date_gmt":"2026-01-27T02:10:11","guid":{"rendered":"https:\/\/www.tabelamatik.com\/se\/?post_type=product&#038;p=17958"},"modified":"2026-01-27T05:10:40","modified_gmt":"2026-01-27T02:10:40","slug":"kvadratisk-provsmakningsstallning","status":"publish","type":"product","link":"https:\/\/www.tabelamatik.com\/se\/produkt\/kvadratisk-provsmakningsstallning\/","title":{"rendered":"Kvadratisk provsmakningsst\u00e4llning"},"content":{"rendered":"<blockquote><p>Pris f\u00f6r fyrkantigt presentationsst\u00e4ll (provsmakningsst\u00e4ll) inklusive tryck<\/p><\/blockquote>\n<p>B\u00e4rbart fyrkantigt provsmakningsst\u00e4ll, l\u00e4tt att anv\u00e4nda, ekonomiskt, h\u00e5llbart, din b\u00e4sta hj\u00e4lpare vid presentationer, m\u00f6ten och m\u00e4ssor.<\/p>\n<p><strong>Eftersom mitthyllan \u00e4r fixerad med r\u00f6r<\/strong><\/p>\n<p><strong>Kan den anv\u00e4ndas utan hylla om s\u00e5 \u00f6nskas.<\/strong><\/p>\n<p>Den kan anv\u00e4ndas utan mitthylla<\/p>\n<p>eftersom mitthyllan \u00e4r installerad p\u00e5 r\u00f6ren.<\/p>\n<p><strong>Aluminiumvinkelf\u00e4sten limmade och nitade till b\u00e5da \u00e4ndar av kroppen<\/strong><\/p>\n<p><strong>garanterad h\u00e5llbarhet under alla typer av belastningar.<\/strong><\/p>\n<p><strong>Garanterad h\u00e5llbarhet under alla typer av belastningar.<\/strong><\/p>\n<p>Vinkelf\u00e4stena \u00e4r limmade och nitade till<\/p>\n<p>b\u00e5da sidor av huvudkroppen s\u00e5 att den \u00e4r<\/p>\n<p>robust och v\u00e4lbalanserad under alla typer av belastningar.<\/strong> <\/p>\n<p>L\u00e4tt att transportera till \u00f6nskad plats med b\u00e4rmekanismen v\u00e4ska.<\/strong><\/p>\n<p>Monteringen tar 2,5 minuter.<\/strong><\/p>\n<p>Den har en b\u00e4rv\u00e4ska f\u00f6r extra r\u00f6rlighet.<br \/>\nMonteringstiden \u00e4r cirka 2,5 minuter.<\/p>\n<p>Avtagbara hjul \u00e4r installerade.<\/strong><\/p>\n","protected":false},"excerpt":{"rendered":"<p>Fyrkantig provsmakningsst\u00e4llning<\/p>\n<p>tB\u00e4rbar fyrkantig provsmakningsst\u00e4llning, enkel att anv\u00e4nda, ekonomisk, h\u00e5llbar, din b\u00e4sta assistent vid kampanjer, m\u00f6ten och m\u00e4ssor.<br \/>\ntDu kan kolla in Spider Stand<\/p>\n<p>t<a href=\"https:\/\/tabelamatik.com\/urun\/orumcek-stand\/\">https:\/\/tabelamatik.com\/urun\/orumcek-stand\/<\/a><\/p>\n","protected":false},"featured_media":16362,"comment_status":"closed","ping_status":"closed","template":"","meta":{"_crdt_document":"","_uag_custom_page_level_css":"","site-sidebar-layout":"default","site-content-layout":"","ast-site-content-layout":"default","site-content-style":"default","site-sidebar-style":"default","ast-global-header-display":"","ast-banner-title-visibility":"","ast-main-header-display":"","ast-hfb-above-header-display":"","ast-hfb-below-header-display":"","ast-hfb-mobile-header-display":"","site-post-title":"","ast-breadcrumbs-content":"","ast-featured-img":"","footer-sml-layout":"","ast-disable-related-posts":"","theme-transparent-header-meta":"","adv-header-id-meta":"","stick-header-meta":"","header-above-stick-meta":"","header-main-stick-meta":"","header-below-stick-meta":"","astra-migrate-meta-layouts":"default","ast-page-background-enabled":"default","ast-page-background-meta":{"desktop":{"background-color":"var(--ast-global-color-5)","background-image":"","background-repeat":"repeat","background-position":"center center","background-size":"auto","background-attachment":"scroll","background-type":"","background-media":"","overlay-type":"","overlay-color":"","overlay-opacity":"","overlay-gradient":""},"tablet":{"background-color":"","background-image":"","background-repeat":"repeat","background-position":"center center","background-size":"auto","background-attachment":"scroll","background-type":"","background-media":"","overlay-type":"","overlay-color":"","overlay-opacity":"","overlay-gradient":""},"mobile":{"background-color":"","background-image":"","background-repeat":"repeat","background-position":"center center","background-size":"auto","background-attachment":"scroll","background-type":"","background-media":"","overlay-type":"","overlay-color":"","overlay-opacity":"","overlay-gradient":""}},"ast-content-background-meta":{"desktop":{"background-color":"var(--ast-global-color-4)","background-image":"","background-repeat":"repeat","background-position":"center center","background-size":"auto","background-attachment":"scroll","background-type":"","background-media":"","overlay-type":"","overlay-color":"","overlay-opacity":"","overlay-gradient":""},"tablet":{"background-color":"var(--ast-global-color-4)","background-image":"","background-repeat":"repeat","background-position":"center center","background-size":"auto","background-attachment":"scroll","background-type":"","background-media":"","overlay-type":"","overlay-color":"","overlay-opacity":"","overlay-gradient":""},"mobile":{"background-color":"var(--ast-global-color-4)","background-image":"","background-repeat":"repeat","background-position":"center center","background-size":"auto","background-attachment":"scroll","background-type":"","background-media":"","overlay-type":"","overlay-color":"","overlay-opacity":"","overlay-gradient":""}}},"product_brand":[230],"product_cat":[1124,1125,1309],"product_tag":[1459,1460,1461],"class_list":{"0":"post-17958","1":"product","2":"type-product","3":"status-publish","4":"has-post-thumbnail","6":"product_brand-tabelamatik","7":"product_cat-alla-produkter","8":"product_cat-displayprodukter","9":"product_cat-snapperprodukter","10":"product_tag-fyrkantig-provsmakningsstallning","11":"product_tag-provsmakningsstallning","12":"product_tag-reklamstallning","13":"desktop-align-left","14":"tablet-align-left","15":"mobile-align-left","17":"first","18":"instock","19":"taxable","20":"shipping-taxable","21":"purchasable","22":"product-type-simple"},"uagb_featured_image_src":{"full":["https:\/\/www.tabelamatik.com\/se\/wp-content\/uploads\/sites\/48\/2025\/11\/kare_tadim_standi.jpg",855,1067,false],"thumbnail":["https:\/\/www.tabelamatik.com\/se\/wp-content\/uploads\/sites\/48\/2025\/11\/kare_tadim_standi-150x150.jpg",150,150,true],"medium":["https:\/\/www.tabelamatik.com\/se\/wp-content\/uploads\/sites\/48\/2025\/11\/kare_tadim_standi-240x300.jpg",240,300,true],"medium_large":["https:\/\/www.tabelamatik.com\/se\/wp-content\/uploads\/sites\/48\/2025\/11\/kare_tadim_standi-768x958.jpg",768,958,true],"large":["https:\/\/www.tabelamatik.com\/se\/wp-content\/uploads\/sites\/48\/2025\/11\/kare_tadim_standi-821x1024.jpg",821,1024,true],"1536x1536":["https:\/\/www.tabelamatik.com\/se\/wp-content\/uploads\/sites\/48\/2025\/11\/kare_tadim_standi.jpg",855,1067,false],"2048x2048":["https:\/\/www.tabelamatik.com\/se\/wp-content\/uploads\/sites\/48\/2025\/11\/kare_tadim_standi.jpg",855,1067,false],"woocommerce_thumbnail":["https:\/\/www.tabelamatik.com\/se\/wp-content\/uploads\/sites\/48\/2025\/11\/kare_tadim_standi-300x300.jpg",300,300,true],"woocommerce_single":["https:\/\/www.tabelamatik.com\/se\/wp-content\/uploads\/sites\/48\/2025\/11\/kare_tadim_standi-600x749.jpg",400,499,true],"woocommerce_gallery_thumbnail":["https:\/\/www.tabelamatik.com\/se\/wp-content\/uploads\/sites\/48\/2025\/11\/kare_tadim_standi-100x100.jpg",100,100,true]},"uagb_author_info":{"display_name":"Murat \u015eeimen","author_link":"https:\/\/www.tabelamatik.com\/se\/author\/"},"uagb_comment_info":0,"uagb_excerpt":"Fyrkantig provsmakningsst\u00e4llning tB\u00e4rbar fyrkantig provsmakningsst\u00e4llning, enkel att anv\u00e4nda, ekonomisk, h\u00e5llbar, din b\u00e4sta assistent vid kampanjer, m\u00f6ten och m\u00e4ssor. tDu kan kolla in Spider Stand thttps:\/\/tabelamatik.com\/urun\/orumcek-stand\/","_links":{"self":[{"href":"https:\/\/www.tabelamatik.com\/se\/wp-json\/wp\/v2\/product\/17958","targetHints":{"allow":["GET"]}}],"collection":[{"href":"https:\/\/www.tabelamatik.com\/se\/wp-json\/wp\/v2\/product"}],"about":[{"href":"https:\/\/www.tabelamatik.com\/se\/wp-json\/wp\/v2\/types\/product"}],"replies":[{"embeddable":true,"href":"https:\/\/www.tabelamatik.com\/se\/wp-json\/wp\/v2\/comments?post=17958"}],"wp:featuredmedia":[{"embeddable":true,"href":"https:\/\/www.tabelamatik.com\/se\/wp-json\/wp\/v2\/media\/16362"}],"wp:attachment":[{"href":"https:\/\/www.tabelamatik.com\/se\/wp-json\/wp\/v2\/media?parent=17958"}],"wp:term":[{"taxonomy":"product_brand","embeddable":true,"href":"https:\/\/www.tabelamatik.com\/se\/wp-json\/wp\/v2\/product_brand?post=17958"},{"taxonomy":"product_cat","embeddable":true,"href":"https:\/\/www.tabelamatik.com\/se\/wp-json\/wp\/v2\/product_cat?post=17958"},{"taxonomy":"product_tag","embeddable":true,"href":"https:\/\/www.tabelamatik.com\/se\/wp-json\/wp\/v2\/product_tag?post=17958"}],"curies":[{"name":"wp","href":"https:\/\/api.w.org\/{rel}","templated":true}]}}