{"id":18052,"date":"2026-01-27T05:11:26","date_gmt":"2026-01-27T02:11:26","guid":{"rendered":"https:\/\/www.tabelamatik.com\/se\/?post_type=product&#038;p=18052"},"modified":"2026-01-27T05:11:34","modified_gmt":"2026-01-27T02:11:34","slug":"dorrskylt-toalett-for-man-och-kvinnor","status":"publish","type":"product","link":"https:\/\/www.tabelamatik.com\/se\/produkt\/dorrskylt-toalett-for-man-och-kvinnor\/","title":{"rendered":"D\u00f6rrskylt &#8221;Toalett f\u00f6r m\u00e4n och kvinnor&#8221;"},"content":{"rendered":"<p><span data-spm-anchor-id=\"a2g0o.detail.1000023.i0.7d6c5ef6ckbESY\">Toalettd\u00f6rrskylt i akryl\/WC<\/span><span data-spm-anchor-id=\"a2g0o.detail.1000023.i1.7d6c5ef6ckbESY\"><\/p>\n<p>Funktioner:<\/p>\n<p>H\u00f6g kvalitet<\/p>\n<p>Skylten \u00e4r perfekt f\u00f6r att hj\u00e4lpa alla dina anst\u00e4llda, g\u00e4ster och kunder att hitta r\u00e4tt plats. Enkel installation<\/span><span data-spm-anchor-id=\"a2g0o.detail.1000023.i1.7d6c5ef6ckbESY\">H\u00f6g kvalitet och h\u00e5llbar<\/p>\n<p>Med importerat starkt lim p\u00e5 baksidan, starkt och h\u00e5llbart!<br \/>\nMaterial: Akryl<br \/>\nStorlek: 24x12cm<br \/>\nStilklassificering: Herrtoalett, Damtoalett<\/p>\n","protected":false},"excerpt":{"rendered":"<p>Toalettd\u00f6rrskylt i akryl\/WC Funktioner: H\u00f6g kvalitet Skylten \u00e4r perfekt f\u00f6r att hj\u00e4lpa alla dina anst\u00e4llda, g\u00e4ster och kunder att hitta [&hellip;]<\/p>\n","protected":false},"featured_media":16440,"comment_status":"closed","ping_status":"closed","template":"","meta":{"_crdt_document":"","_uag_custom_page_level_css":"","site-sidebar-layout":"default","site-content-layout":"","ast-site-content-layout":"default","site-content-style":"default","site-sidebar-style":"default","ast-global-header-display":"","ast-banner-title-visibility":"","ast-main-header-display":"","ast-hfb-above-header-display":"","ast-hfb-below-header-display":"","ast-hfb-mobile-header-display":"","site-post-title":"","ast-breadcrumbs-content":"","ast-featured-img":"","footer-sml-layout":"","ast-disable-related-posts":"","theme-transparent-header-meta":"","adv-header-id-meta":"","stick-header-meta":"","header-above-stick-meta":"","header-main-stick-meta":"","header-below-stick-meta":"","astra-migrate-meta-layouts":"default","ast-page-background-enabled":"default","ast-page-background-meta":{"desktop":{"background-color":"var(--ast-global-color-5)","background-image":"","background-repeat":"repeat","background-position":"center center","background-size":"auto","background-attachment":"scroll","background-type":"","background-media":"","overlay-type":"","overlay-color":"","overlay-opacity":"","overlay-gradient":""},"tablet":{"background-color":"","background-image":"","background-repeat":"repeat","background-position":"center center","background-size":"auto","background-attachment":"scroll","background-type":"","background-media":"","overlay-type":"","overlay-color":"","overlay-opacity":"","overlay-gradient":""},"mobile":{"background-color":"","background-image":"","background-repeat":"repeat","background-position":"center center","background-size":"auto","background-attachment":"scroll","background-type":"","background-media":"","overlay-type":"","overlay-color":"","overlay-opacity":"","overlay-gradient":""}},"ast-content-background-meta":{"desktop":{"background-color":"var(--ast-global-color-4)","background-image":"","background-repeat":"repeat","background-position":"center center","background-size":"auto","background-attachment":"scroll","background-type":"","background-media":"","overlay-type":"","overlay-color":"","overlay-opacity":"","overlay-gradient":""},"tablet":{"background-color":"var(--ast-global-color-4)","background-image":"","background-repeat":"repeat","background-position":"center center","background-size":"auto","background-attachment":"scroll","background-type":"","background-media":"","overlay-type":"","overlay-color":"","overlay-opacity":"","overlay-gradient":""},"mobile":{"background-color":"var(--ast-global-color-4)","background-image":"","background-repeat":"repeat","background-position":"center center","background-size":"auto","background-attachment":"scroll","background-type":"","background-media":"","overlay-type":"","overlay-color":"","overlay-opacity":"","overlay-gradient":""}}},"product_brand":[230],"product_cat":[1124,1126],"product_tag":[1483,1484,1485,1486],"class_list":{"0":"post-18052","1":"product","2":"type-product","3":"status-publish","4":"has-post-thumbnail","6":"product_brand-tabelamatik","7":"product_cat-alla-produkter","8":"product_cat-kontorskopieringsbord","9":"product_tag-herr-och-damskylt","10":"product_tag-toalettskylt","11":"product_tag-toalettsymbol","12":"product_tag-toaletttextskylt","13":"desktop-align-left","14":"tablet-align-left","15":"mobile-align-left","17":"first","18":"instock","19":"taxable","20":"shipping-taxable","21":"purchasable","22":"product-type-simple"},"uagb_featured_image_src":{"full":["https:\/\/www.tabelamatik.com\/se\/wp-content\/uploads\/sites\/48\/2025\/11\/bay-bayan-wc-banyo-tabelasi.jpeg",800,800,false],"thumbnail":["https:\/\/www.tabelamatik.com\/se\/wp-content\/uploads\/sites\/48\/2025\/11\/bay-bayan-wc-banyo-tabelasi-150x150.jpeg",150,150,true],"medium":["https:\/\/www.tabelamatik.com\/se\/wp-content\/uploads\/sites\/48\/2025\/11\/bay-bayan-wc-banyo-tabelasi-300x300.jpeg",300,300,true],"medium_large":["https:\/\/www.tabelamatik.com\/se\/wp-content\/uploads\/sites\/48\/2025\/11\/bay-bayan-wc-banyo-tabelasi-768x768.jpeg",768,768,true],"large":["https:\/\/www.tabelamatik.com\/se\/wp-content\/uploads\/sites\/48\/2025\/11\/bay-bayan-wc-banyo-tabelasi.jpeg",800,800,false],"1536x1536":["https:\/\/www.tabelamatik.com\/se\/wp-content\/uploads\/sites\/48\/2025\/11\/bay-bayan-wc-banyo-tabelasi.jpeg",800,800,false],"2048x2048":["https:\/\/www.tabelamatik.com\/se\/wp-content\/uploads\/sites\/48\/2025\/11\/bay-bayan-wc-banyo-tabelasi.jpeg",800,800,false],"woocommerce_thumbnail":["https:\/\/www.tabelamatik.com\/se\/wp-content\/uploads\/sites\/48\/2025\/11\/bay-bayan-wc-banyo-tabelasi-300x300.jpeg",300,300,true],"woocommerce_single":["https:\/\/www.tabelamatik.com\/se\/wp-content\/uploads\/sites\/48\/2025\/11\/bay-bayan-wc-banyo-tabelasi-600x600.jpeg",400,400,true],"woocommerce_gallery_thumbnail":["https:\/\/www.tabelamatik.com\/se\/wp-content\/uploads\/sites\/48\/2025\/11\/bay-bayan-wc-banyo-tabelasi-100x100.jpeg",100,100,true]},"uagb_author_info":{"display_name":"Murat \u015eeimen","author_link":"https:\/\/www.tabelamatik.com\/se\/author\/"},"uagb_comment_info":0,"uagb_excerpt":"Toalettd\u00f6rrskylt i akryl\/WC Funktioner: H\u00f6g kvalitet Skylten \u00e4r perfekt f\u00f6r att hj\u00e4lpa alla dina anst\u00e4llda, g\u00e4ster och kunder att hitta [&hellip;]","_links":{"self":[{"href":"https:\/\/www.tabelamatik.com\/se\/wp-json\/wp\/v2\/product\/18052","targetHints":{"allow":["GET"]}}],"collection":[{"href":"https:\/\/www.tabelamatik.com\/se\/wp-json\/wp\/v2\/product"}],"about":[{"href":"https:\/\/www.tabelamatik.com\/se\/wp-json\/wp\/v2\/types\/product"}],"replies":[{"embeddable":true,"href":"https:\/\/www.tabelamatik.com\/se\/wp-json\/wp\/v2\/comments?post=18052"}],"wp:featuredmedia":[{"embeddable":true,"href":"https:\/\/www.tabelamatik.com\/se\/wp-json\/wp\/v2\/media\/16440"}],"wp:attachment":[{"href":"https:\/\/www.tabelamatik.com\/se\/wp-json\/wp\/v2\/media?parent=18052"}],"wp:term":[{"taxonomy":"product_brand","embeddable":true,"href":"https:\/\/www.tabelamatik.com\/se\/wp-json\/wp\/v2\/product_brand?post=18052"},{"taxonomy":"product_cat","embeddable":true,"href":"https:\/\/www.tabelamatik.com\/se\/wp-json\/wp\/v2\/product_cat?post=18052"},{"taxonomy":"product_tag","embeddable":true,"href":"https:\/\/www.tabelamatik.com\/se\/wp-json\/wp\/v2\/product_tag?post=18052"}],"curies":[{"name":"wp","href":"https:\/\/api.w.org\/{rel}","templated":true}]}}