{"id":18098,"date":"2026-01-27T05:11:53","date_gmt":"2026-01-27T02:11:53","guid":{"rendered":"https:\/\/www.tabelamatik.com\/se\/?post_type=product&#038;p=18098"},"modified":"2026-01-27T05:12:04","modified_gmt":"2026-01-27T02:12:04","slug":"belyst-plexiglaslada-med-skylt","status":"publish","type":"product","link":"https:\/\/www.tabelamatik.com\/se\/produkt\/belyst-plexiglaslada-med-skylt\/","title":{"rendered":"Belyst plexiglasl\u00e5da med skylt"},"content":{"rendered":"<ol>\n<li>\n<h3 style=\"text-align: left;\">M\u00c5TT<\/h3>\n<\/li>\n<li>25x25x25x25x50 cm<\/li>\n<li><\/li>\n<li>\n<h3>MATERIAL<\/h3>\n<\/li>\n<li>Plexiglas<\/li>\n<li><\/li>\n<li>BELYSNING<\/h3>\n<\/li>\n<li>LED-modul<\/li>\n<li>L\u00e4mplig f\u00f6r utomhusbruk<\/li>\n<li><\/li>\n<li>Denna vertikalt monterbara v\u00e4ggskylt \u00e4r tillverkad av belyst plexiglas och erbjuder en modern och imponerande reklam- eller informationsl\u00f6sning. Denna typ av skylt anv\u00e4nds ofta framtr\u00e4dande vid entr\u00e9er till f\u00f6retag eller institutioner, m\u00e4ssmontrar, skyltf\u00f6nster eller inomhus.\n<p>Belyst plexiglas \u00e4r en typ av akryl eller plexiglas, vilket \u00e4r en transparent plast. Tack vare sin h\u00f6ga ljusgenomsl\u00e4pplighet maximerar detta material effekten av LED-lamporna som placeras inuti. LED-ljusk\u00e4llor placerade p\u00e5 baksidan av skylten sprids homogent \u00f6ver plexiglaspanelen, vilket s\u00e4kerst\u00e4ller att det visuella framst\u00e5r som levande och ljust. Skyltdesigner som kan monteras vertikalt p\u00e5 v\u00e4ggen st\u00f6ds vanligtvis av aluminiumramar med en tunn och elegant profil. Dessa ramar anv\u00e4nds f\u00f6r att s\u00e4kra skylten och enkelt montera den p\u00e5 v\u00e4ggen. De kan ocks\u00e5 ha olika justerbara funktioner f\u00f6r att optimera energif\u00f6rbrukningen f\u00f6r LED-ljusk\u00e4llorna p\u00e5 skylten. Belysta plexiglasskyltar kan designas i olika former och storlekar, anpassas och personifieras med \u00f6nskad grafik, text eller logotyper. Denna typ av skylt \u00e4r k\u00e4nd f\u00f6r sin l\u00e4mplighet f\u00f6r b\u00e5de dag- och nattbruk. Den belysta skylten lockar uppm\u00e4rksamheten hos m\u00e4nniskor i n\u00e4rheten p\u00e5 natten, medan den under dagen erbjuder en tydlig sikt tack vare plexiglaspanelen. Tillverkad av belyst plexiglas kan denna vertikalt monterade v\u00e4ggskylt anv\u00e4ndas b\u00e5de inomhus och utomhus. Med sin eleganta och moderna design f\u00f6rst\u00e4rker den bilden av ditt f\u00f6retag eller din institution samtidigt som den f\u00f6rmedlar ditt budskap p\u00e5 ett visuellt imponerande s\u00e4tt.<\/p>\n<p>Denna typ av skylt kombinerar visuell attraktionskraft och funktionalitet och bidrar starkt till marknadsf\u00f6ringsstrategierna f\u00f6r f\u00f6retag inom olika sektorer. Anv\u00e4nds f\u00f6r reklam, varum\u00e4rkesk\u00e4nnedom eller informations\u00e4ndam\u00e5l, \u00e4r den belysta plexiglasskylten ett idealiskt alternativ f\u00f6r att dra till sig uppm\u00e4rksamhet p\u00e5 ett sl\u00e5ende s\u00e4tt och tydligt f\u00f6rmedla ditt budskap till din m\u00e5lgrupp.<\/p>\n","protected":false},"excerpt":{"rendered":"<p>G\u00f6r ditt f\u00f6retag mer attraktivt och framtr\u00e4dande nu! V\u00e5ra upplysta plexiglasskyltar \u00e4r den perfekta l\u00f6sningen f\u00f6r kaf\u00e9er, restauranger och liknande verksamheter. Med v\u00e5ra unika designer och h\u00f6gkvalitativa material kan du \u00f6ka ditt f\u00f6retags synlighet och imponera p\u00e5 dina kunder. Dag och natt kommer din skylt att lysa starkt och attraktivt, vilket ger ditt f\u00f6retag ett sl\u00e5ende f\u00f6rsta intryck p\u00e5 din m\u00e5lgrupp. Framh\u00e4v ditt f\u00f6retags varum\u00e4rkesidentitet med anpassningsbara designalternativ och l\u00e5ngvarig belysning. V\u00e5ra upplysta plexiglasskyltar kommer att g\u00f6ra ditt f\u00f6retagsnamn k\u00e4nt p\u00e5 gatorna. Kontakta oss idag och f\u00e5 en skylt som f\u00e5r ditt f\u00f6retag att sticka ut!<\/p>\n","protected":false},"featured_media":16794,"comment_status":"closed","ping_status":"closed","template":"","meta":{"_crdt_document":"","_uag_custom_page_level_css":"","site-sidebar-layout":"default","site-content-layout":"","ast-site-content-layout":"default","site-content-style":"default","site-sidebar-style":"default","ast-global-header-display":"","ast-banner-title-visibility":"","ast-main-header-display":"","ast-hfb-above-header-display":"","ast-hfb-below-header-display":"","ast-hfb-mobile-header-display":"","site-post-title":"","ast-breadcrumbs-content":"","ast-featured-img":"","footer-sml-layout":"","ast-disable-related-posts":"","theme-transparent-header-meta":"","adv-header-id-meta":"","stick-header-meta":"","header-above-stick-meta":"","header-main-stick-meta":"","header-below-stick-meta":"","astra-migrate-meta-layouts":"default","ast-page-background-enabled":"default","ast-page-background-meta":{"desktop":{"background-color":"var(--ast-global-color-5)","background-image":"","background-repeat":"repeat","background-position":"center center","background-size":"auto","background-attachment":"scroll","background-type":"","background-media":"","overlay-type":"","overlay-color":"","overlay-opacity":"","overlay-gradient":""},"tablet":{"background-color":"","background-image":"","background-repeat":"repeat","background-position":"center center","background-size":"auto","background-attachment":"scroll","background-type":"","background-media":"","overlay-type":"","overlay-color":"","overlay-opacity":"","overlay-gradient":""},"mobile":{"background-color":"","background-image":"","background-repeat":"repeat","background-position":"center center","background-size":"auto","background-attachment":"scroll","background-type":"","background-media":"","overlay-type":"","overlay-color":"","overlay-opacity":"","overlay-gradient":""}},"ast-content-background-meta":{"desktop":{"background-color":"var(--ast-global-color-4)","background-image":"","background-repeat":"repeat","background-position":"center center","background-size":"auto","background-attachment":"scroll","background-type":"","background-media":"","overlay-type":"","overlay-color":"","overlay-opacity":"","overlay-gradient":""},"tablet":{"background-color":"var(--ast-global-color-4)","background-image":"","background-repeat":"repeat","background-position":"center center","background-size":"auto","background-attachment":"scroll","background-type":"","background-media":"","overlay-type":"","overlay-color":"","overlay-opacity":"","overlay-gradient":""},"mobile":{"background-color":"var(--ast-global-color-4)","background-image":"","background-repeat":"repeat","background-position":"center center","background-size":"auto","background-attachment":"scroll","background-type":"","background-media":"","overlay-type":"","overlay-color":"","overlay-opacity":"","overlay-gradient":""}}},"product_brand":[230],"product_cat":[1124,1127,1161,1580,1558],"product_tag":[1583,1209,1581,1582],"class_list":{"0":"post-18098","1":"product","2":"type-product","3":"status-publish","4":"has-post-thumbnail","6":"product_brand-tabelamatik","7":"product_cat-alla-produkter","8":"product_cat-upplysta-och-oupplysta-skyltar","9":"product_cat-kontor-och-foretag","10":"product_cat-reklamskyltar-for-hotell","11":"product_cat-skyltar-i-butik-utanfor-butik","12":"product_tag-arkitektonisk-skylt","13":"product_tag-cafeskylt","14":"product_tag-snygg-ljusskylt","15":"product_tag-vertikal-skylt-i-lador","16":"product_shipping_class-ucretsiz-gonderimler","17":"desktop-align-left","18":"tablet-align-left","19":"mobile-align-left","21":"first","22":"instock","23":"taxable","24":"shipping-taxable","25":"purchasable","26":"product-type-simple"},"uagb_featured_image_src":{"full":["https:\/\/www.tabelamatik.com\/se\/wp-content\/uploads\/sites\/48\/2025\/11\/1000092264.jpg",960,960,false],"thumbnail":["https:\/\/www.tabelamatik.com\/se\/wp-content\/uploads\/sites\/48\/2025\/11\/1000092264-150x150.jpg",150,150,true],"medium":["https:\/\/www.tabelamatik.com\/se\/wp-content\/uploads\/sites\/48\/2025\/11\/1000092264-300x300.jpg",300,300,true],"medium_large":["https:\/\/www.tabelamatik.com\/se\/wp-content\/uploads\/sites\/48\/2025\/11\/1000092264-768x768.jpg",768,768,true],"large":["https:\/\/www.tabelamatik.com\/se\/wp-content\/uploads\/sites\/48\/2025\/11\/1000092264.jpg",960,960,false],"1536x1536":["https:\/\/www.tabelamatik.com\/se\/wp-content\/uploads\/sites\/48\/2025\/11\/1000092264.jpg",960,960,false],"2048x2048":["https:\/\/www.tabelamatik.com\/se\/wp-content\/uploads\/sites\/48\/2025\/11\/1000092264.jpg",960,960,false],"woocommerce_thumbnail":["https:\/\/www.tabelamatik.com\/se\/wp-content\/uploads\/sites\/48\/2025\/11\/1000092264-300x300.jpg",300,300,true],"woocommerce_single":["https:\/\/www.tabelamatik.com\/se\/wp-content\/uploads\/sites\/48\/2025\/11\/1000092264-600x600.jpg",400,400,true],"woocommerce_gallery_thumbnail":["https:\/\/www.tabelamatik.com\/se\/wp-content\/uploads\/sites\/48\/2025\/11\/1000092264-100x100.jpg",100,100,true]},"uagb_author_info":{"display_name":"Murat \u015eeimen","author_link":"https:\/\/www.tabelamatik.com\/se\/author\/"},"uagb_comment_info":0,"uagb_excerpt":"G\u00f6r ditt f\u00f6retag mer attraktivt och framtr\u00e4dande nu! V\u00e5ra upplysta plexiglasskyltar \u00e4r den perfekta l\u00f6sningen f\u00f6r kaf\u00e9er, restauranger och liknande verksamheter. Med v\u00e5ra unika designer och h\u00f6gkvalitativa material kan du \u00f6ka ditt f\u00f6retags synlighet och imponera p\u00e5 dina kunder. Dag och natt kommer din skylt att lysa starkt och attraktivt, vilket ger ditt f\u00f6retag ett&hellip;","_links":{"self":[{"href":"https:\/\/www.tabelamatik.com\/se\/wp-json\/wp\/v2\/product\/18098","targetHints":{"allow":["GET"]}}],"collection":[{"href":"https:\/\/www.tabelamatik.com\/se\/wp-json\/wp\/v2\/product"}],"about":[{"href":"https:\/\/www.tabelamatik.com\/se\/wp-json\/wp\/v2\/types\/product"}],"replies":[{"embeddable":true,"href":"https:\/\/www.tabelamatik.com\/se\/wp-json\/wp\/v2\/comments?post=18098"}],"wp:featuredmedia":[{"embeddable":true,"href":"https:\/\/www.tabelamatik.com\/se\/wp-json\/wp\/v2\/media\/16794"}],"wp:attachment":[{"href":"https:\/\/www.tabelamatik.com\/se\/wp-json\/wp\/v2\/media?parent=18098"}],"wp:term":[{"taxonomy":"product_brand","embeddable":true,"href":"https:\/\/www.tabelamatik.com\/se\/wp-json\/wp\/v2\/product_brand?post=18098"},{"taxonomy":"product_cat","embeddable":true,"href":"https:\/\/www.tabelamatik.com\/se\/wp-json\/wp\/v2\/product_cat?post=18098"},{"taxonomy":"product_tag","embeddable":true,"href":"https:\/\/www.tabelamatik.com\/se\/wp-json\/wp\/v2\/product_tag?post=18098"}],"curies":[{"name":"wp","href":"https:\/\/api.w.org\/{rel}","templated":true}]}}