{"id":18188,"date":"2026-01-27T05:12:48","date_gmt":"2026-01-27T02:12:48","guid":{"rendered":"https:\/\/www.tabelamatik.com\/se\/?post_type=product&#038;p=18188"},"modified":"2026-01-27T05:13:38","modified_gmt":"2026-01-27T02:13:38","slug":"pantografbelyst-plexiglasskylt-snygga-och-hallbara-skyltlosningar","status":"publish","type":"product","link":"https:\/\/www.tabelamatik.com\/se\/produkt\/pantografbelyst-plexiglasskylt-snygga-och-hallbara-skyltlosningar\/","title":{"rendered":"Pantografbelyst plexiglasskylt \u2013 Snygga och h\u00e5llbara skyltl\u00f6sningar"},"content":{"rendered":"<h3><strong>Belyst pantografskylt i plexiglas<\/strong><\/h3>\n<p>Den belysta pantografskylten i plexiglas s\u00e4kerst\u00e4ller att ditt f\u00f6retag, din butik eller ditt varum\u00e4rke drar till sig uppm\u00e4rksamhet med sin h\u00e5llbarhet och moderna design. Skylten \u00e4r tillverkad av h\u00f6gkvalitativt plexiglasmaterial och \u00e4r l\u00e4mplig f\u00f6r inomhus- eller utomhusbruk. <\/p>\n<h4><strong>Funktioner:<\/strong><\/h4>\n<ul>\n<li><strong>Material:<\/strong> Pantograf utskuren p\u00e5 5 mm slitstarkt plexiglas.<\/li>\n<li><strong>Belysning:<\/strong> Energibesparande LED-belysning.<\/li>\n<li><strong>Design:<\/strong> Anpassningsbara f\u00e4rg- och storleksalternativ p\u00e5 beg\u00e4ran.<\/li>\n<li><strong>Anv\u00e4ndningsomr\u00e5den:<\/strong> Butiker, kontor, restauranger och m\u00e4ssmontrar.<\/li>\n<li><strong>H\u00e5llbarhet:<\/strong> Resistent mot UV-str\u00e5lar, temperaturf\u00f6r\u00e4ndringar och externa faktorer.<\/li>\n<\/ul>\n<h4><strong>Varf\u00f6r Pantograph Illuminated Plexiglas Sign?<\/strong><\/h4>\n<ul>\n<li>\u00d6kar varum\u00e4rkets synlighet.<\/li>\n<li>Ett snyggt och professionellt utseende.<\/li>\n<p> Det ger.<\/li>\n<li>L\u00e5ng livsl\u00e4ngd med l\u00e5g energif\u00f6rbrukning.<\/li>\n<\/ul>\n<p><strong>Best\u00e4ll nu och f\u00e5 ditt f\u00f6retag att sticka ut!<\/strong><\/p>\n","protected":false},"excerpt":{"rendered":"<p><strong>Pantografbelyst plexiglasskylt<\/strong><\/p>\n<p>Denna pantografbelysta skylt \u00e4r tillverkad av slitstarkt plexiglasmaterial och energieffektiv LED-belysning och s\u00e4kerst\u00e4ller att ditt f\u00f6retag eller varum\u00e4rke drar till sig uppm\u00e4rksamhet med sin snygga design. L\u00e4mplig f\u00f6r inomhus- och utomhusbruk. Best\u00e4ll nu med anpassningsbara design- och storleksalternativ!<\/p>\n","protected":false},"featured_media":17060,"comment_status":"closed","ping_status":"closed","template":"","meta":{"_crdt_document":"","_uag_custom_page_level_css":"","site-sidebar-layout":"default","site-content-layout":"","ast-site-content-layout":"default","site-content-style":"default","site-sidebar-style":"default","ast-global-header-display":"","ast-banner-title-visibility":"","ast-main-header-display":"","ast-hfb-above-header-display":"","ast-hfb-below-header-display":"","ast-hfb-mobile-header-display":"","site-post-title":"","ast-breadcrumbs-content":"","ast-featured-img":"","footer-sml-layout":"","ast-disable-related-posts":"","theme-transparent-header-meta":"","adv-header-id-meta":"","stick-header-meta":"","header-above-stick-meta":"","header-main-stick-meta":"","header-below-stick-meta":"","astra-migrate-meta-layouts":"default","ast-page-background-enabled":"default","ast-page-background-meta":{"desktop":{"background-color":"var(--ast-global-color-5)","background-image":"","background-repeat":"repeat","background-position":"center center","background-size":"auto","background-attachment":"scroll","background-type":"","background-media":"","overlay-type":"","overlay-color":"","overlay-opacity":"","overlay-gradient":""},"tablet":{"background-color":"","background-image":"","background-repeat":"repeat","background-position":"center center","background-size":"auto","background-attachment":"scroll","background-type":"","background-media":"","overlay-type":"","overlay-color":"","overlay-opacity":"","overlay-gradient":""},"mobile":{"background-color":"","background-image":"","background-repeat":"repeat","background-position":"center center","background-size":"auto","background-attachment":"scroll","background-type":"","background-media":"","overlay-type":"","overlay-color":"","overlay-opacity":"","overlay-gradient":""}},"ast-content-background-meta":{"desktop":{"background-color":"var(--ast-global-color-4)","background-image":"","background-repeat":"repeat","background-position":"center center","background-size":"auto","background-attachment":"scroll","background-type":"","background-media":"","overlay-type":"","overlay-color":"","overlay-opacity":"","overlay-gradient":""},"tablet":{"background-color":"var(--ast-global-color-4)","background-image":"","background-repeat":"repeat","background-position":"center center","background-size":"auto","background-attachment":"scroll","background-type":"","background-media":"","overlay-type":"","overlay-color":"","overlay-opacity":"","overlay-gradient":""},"mobile":{"background-color":"var(--ast-global-color-4)","background-image":"","background-repeat":"repeat","background-position":"center center","background-size":"auto","background-attachment":"scroll","background-type":"","background-media":"","overlay-type":"","overlay-color":"","overlay-opacity":"","overlay-gradient":""}}},"product_brand":[230],"product_cat":[1124,1127,1696],"product_tag":[],"class_list":{"0":"post-18188","1":"product","2":"type-product","3":"status-publish","4":"has-post-thumbnail","6":"product_brand-tabelamatik","7":"product_cat-alla-produkter","8":"product_cat-upplysta-och-oupplysta-skyltar","9":"product_cat-vagskyltar-for-klassrum-och-laboratorier","10":"desktop-align-left","11":"tablet-align-left","12":"mobile-align-left","14":"first","15":"instock","16":"taxable","17":"shipping-taxable","18":"purchasable","19":"product-type-variable"},"uagb_featured_image_src":{"full":["https:\/\/www.tabelamatik.com\/se\/wp-content\/uploads\/sites\/48\/2025\/11\/pleksi-tabela-pantograf-isikli.webp",1080,1080,false],"thumbnail":["https:\/\/www.tabelamatik.com\/se\/wp-content\/uploads\/sites\/48\/2025\/11\/pleksi-tabela-pantograf-isikli-150x150.webp",150,150,true],"medium":["https:\/\/www.tabelamatik.com\/se\/wp-content\/uploads\/sites\/48\/2025\/11\/pleksi-tabela-pantograf-isikli-300x300.webp",300,300,true],"medium_large":["https:\/\/www.tabelamatik.com\/se\/wp-content\/uploads\/sites\/48\/2025\/11\/pleksi-tabela-pantograf-isikli-768x768.webp",768,768,true],"large":["https:\/\/www.tabelamatik.com\/se\/wp-content\/uploads\/sites\/48\/2025\/11\/pleksi-tabela-pantograf-isikli-1024x1024.webp",1024,1024,true],"1536x1536":["https:\/\/www.tabelamatik.com\/se\/wp-content\/uploads\/sites\/48\/2025\/11\/pleksi-tabela-pantograf-isikli.webp",1080,1080,false],"2048x2048":["https:\/\/www.tabelamatik.com\/se\/wp-content\/uploads\/sites\/48\/2025\/11\/pleksi-tabela-pantograf-isikli.webp",1080,1080,false],"woocommerce_thumbnail":["https:\/\/www.tabelamatik.com\/se\/wp-content\/uploads\/sites\/48\/2025\/11\/pleksi-tabela-pantograf-isikli-300x300.webp",300,300,true],"woocommerce_single":["https:\/\/www.tabelamatik.com\/se\/wp-content\/uploads\/sites\/48\/2025\/11\/pleksi-tabela-pantograf-isikli-600x600.webp",400,400,true],"woocommerce_gallery_thumbnail":["https:\/\/www.tabelamatik.com\/se\/wp-content\/uploads\/sites\/48\/2025\/11\/pleksi-tabela-pantograf-isikli-100x100.webp",100,100,true]},"uagb_author_info":{"display_name":"Murat \u015eeimen","author_link":"https:\/\/www.tabelamatik.com\/se\/author\/"},"uagb_comment_info":0,"uagb_excerpt":"Pantografbelyst plexiglasskylt Denna pantografbelysta skylt \u00e4r tillverkad av slitstarkt plexiglasmaterial och energieffektiv LED-belysning och s\u00e4kerst\u00e4ller att ditt f\u00f6retag eller varum\u00e4rke drar till sig uppm\u00e4rksamhet med sin snygga design. L\u00e4mplig f\u00f6r inomhus- och utomhusbruk. Best\u00e4ll nu med anpassningsbara design- och storleksalternativ!","_links":{"self":[{"href":"https:\/\/www.tabelamatik.com\/se\/wp-json\/wp\/v2\/product\/18188","targetHints":{"allow":["GET"]}}],"collection":[{"href":"https:\/\/www.tabelamatik.com\/se\/wp-json\/wp\/v2\/product"}],"about":[{"href":"https:\/\/www.tabelamatik.com\/se\/wp-json\/wp\/v2\/types\/product"}],"replies":[{"embeddable":true,"href":"https:\/\/www.tabelamatik.com\/se\/wp-json\/wp\/v2\/comments?post=18188"}],"wp:featuredmedia":[{"embeddable":true,"href":"https:\/\/www.tabelamatik.com\/se\/wp-json\/wp\/v2\/media\/17060"}],"wp:attachment":[{"href":"https:\/\/www.tabelamatik.com\/se\/wp-json\/wp\/v2\/media?parent=18188"}],"wp:term":[{"taxonomy":"product_brand","embeddable":true,"href":"https:\/\/www.tabelamatik.com\/se\/wp-json\/wp\/v2\/product_brand?post=18188"},{"taxonomy":"product_cat","embeddable":true,"href":"https:\/\/www.tabelamatik.com\/se\/wp-json\/wp\/v2\/product_cat?post=18188"},{"taxonomy":"product_tag","embeddable":true,"href":"https:\/\/www.tabelamatik.com\/se\/wp-json\/wp\/v2\/product_tag?post=18188"}],"curies":[{"name":"wp","href":"https:\/\/api.w.org\/{rel}","templated":true}]}}