{"id":18189,"date":"2026-01-27T05:12:48","date_gmt":"2026-01-27T02:12:48","guid":{"rendered":"https:\/\/www.tabelamatik.com\/se\/?post_type=product&#038;p=18189"},"modified":"2026-01-27T05:13:00","modified_gmt":"2026-01-27T02:13:00","slug":"namnskylt-for-dorr-i-guld-och-tra-anpassad-design","status":"publish","type":"product","link":"https:\/\/www.tabelamatik.com\/se\/produkt\/namnskylt-for-dorr-i-guld-och-tra-anpassad-design\/","title":{"rendered":"Namnskylt f\u00f6r d\u00f6rr i guld och tr\u00e4 | Anpassad design"},"content":{"rendered":"<p>**Kombinerad d\u00f6rrskylt i guld och tr\u00e4 \u2013 D\u00e4r elegans och grace m\u00f6ts** \u2728<\/p>\n<p>Ge ditt hem eller kontor en estetisk touch! **Den kombinerade d\u00f6rrskylten i guld och tr\u00e4** anpassar sig till alla milj\u00f6er med sin moderna och klassiska design.<\/p>\n<h3><strong>Produktegenskaper:<\/strong><\/h3>\n<p>\u2714 **Anpassad design** \u2013 Valfritt namn- eller logotyptill\u00e4gg.<\/p>\n<p>\u2714 **H\u00f6gkvalitativt material** \u2013 Slitstarkt tr\u00e4 och glansiga gulddetaljer f\u00f6r l\u00e5ngvarig anv\u00e4ndning.<br \/>\n\u2714 **Elegant och elegant** \u2013 Minimalistisk design anpassar sig till alla d\u00f6rrar.<br \/>\n\u2714 **Enkel installation** \u2013 Enkel installation med dubbelh\u00e4ftande tejp eller skruvar.** <\/p>\n<p>Var kan den anv\u00e4ndas?<\/strong><\/p>\n<p>Husd\u00f6rrar, l\u00e4genhetsentr\u00e9er<\/p>\n<p>Kontor, arbetsplats, hotellrum<\/p>\n<p>En speciell och meningsfull present till dina n\u00e4ra och k\u00e4ra<\/p>\n<p>Ge ditt utrymme prestige med den perfekta harmonin av guld och tr\u00e4! <strong>Best\u00e4ll nu och \u00e5terspegla din stil.<\/strong> \u2728<\/p>\n","protected":false},"excerpt":{"rendered":"<p>Storlek: 9&#215;25 cm<\/p>\n<p>Material: Plexiglas, sandbl\u00e4string, tr\u00e4<\/p>\n<p>Kompositutseende<\/p>\n<p>Denna d\u00f6rrskylt \u00e4r designad med den eleganta harmonin av guld och tr\u00e4 och ger en speciell touch f\u00f6r arbetsplatser och kontor. \u00c5terspegla din stil med det personliga designalternativet!<\/p>\n","protected":false},"featured_media":17065,"comment_status":"closed","ping_status":"closed","template":"","meta":{"_crdt_document":"","_uag_custom_page_level_css":"","site-sidebar-layout":"default","site-content-layout":"","ast-site-content-layout":"default","site-content-style":"default","site-sidebar-style":"default","ast-global-header-display":"","ast-banner-title-visibility":"","ast-main-header-display":"","ast-hfb-above-header-display":"","ast-hfb-below-header-display":"","ast-hfb-mobile-header-display":"","site-post-title":"","ast-breadcrumbs-content":"","ast-featured-img":"","footer-sml-layout":"","ast-disable-related-posts":"","theme-transparent-header-meta":"","adv-header-id-meta":"","stick-header-meta":"","header-above-stick-meta":"","header-main-stick-meta":"","header-below-stick-meta":"","astra-migrate-meta-layouts":"default","ast-page-background-enabled":"default","ast-page-background-meta":{"desktop":{"background-color":"var(--ast-global-color-5)","background-image":"","background-repeat":"repeat","background-position":"center center","background-size":"auto","background-attachment":"scroll","background-type":"","background-media":"","overlay-type":"","overlay-color":"","overlay-opacity":"","overlay-gradient":""},"tablet":{"background-color":"","background-image":"","background-repeat":"repeat","background-position":"center center","background-size":"auto","background-attachment":"scroll","background-type":"","background-media":"","overlay-type":"","overlay-color":"","overlay-opacity":"","overlay-gradient":""},"mobile":{"background-color":"","background-image":"","background-repeat":"repeat","background-position":"center center","background-size":"auto","background-attachment":"scroll","background-type":"","background-media":"","overlay-type":"","overlay-color":"","overlay-opacity":"","overlay-gradient":""}},"ast-content-background-meta":{"desktop":{"background-color":"var(--ast-global-color-4)","background-image":"","background-repeat":"repeat","background-position":"center center","background-size":"auto","background-attachment":"scroll","background-type":"","background-media":"","overlay-type":"","overlay-color":"","overlay-opacity":"","overlay-gradient":""},"tablet":{"background-color":"var(--ast-global-color-4)","background-image":"","background-repeat":"repeat","background-position":"center center","background-size":"auto","background-attachment":"scroll","background-type":"","background-media":"","overlay-type":"","overlay-color":"","overlay-opacity":"","overlay-gradient":""},"mobile":{"background-color":"var(--ast-global-color-4)","background-image":"","background-repeat":"repeat","background-position":"center center","background-size":"auto","background-attachment":"scroll","background-type":"","background-media":"","overlay-type":"","overlay-color":"","overlay-opacity":"","overlay-gradient":""}}},"product_brand":[230],"product_cat":[1124,1126,1696],"product_tag":[1697,1651,1703,1699,1698,1700,1702,1701,1704],"class_list":{"0":"post-18189","1":"product","2":"type-product","3":"status-publish","4":"has-post-thumbnail","6":"product_brand-tabelamatik","7":"product_cat-alla-produkter","8":"product_cat-kontorskopieringsbord","9":"product_cat-vagskyltar-for-klassrum-och-laboratorier","10":"product_tag-9x25-cm-dorrnamnskylt","11":"product_tag-dorrnamnskylt","12":"product_tag-dorrnamnskylt-i-plexiglas","13":"product_tag-dorrnamnskylt-i-tra","14":"product_tag-dorrnamnskylt-med-traliknande-utseende","15":"product_tag-guldfargad-dorrnamnskylt","16":"product_tag-modern-dorrnamnskylt","17":"product_tag-sandblastrad-dorrnamnskylt","18":"product_tag-snygg-dorrnamnskylt","19":"desktop-align-left","20":"tablet-align-left","21":"mobile-align-left","23":"first","24":"instock","25":"taxable","26":"shipping-taxable","27":"purchasable","28":"product-type-simple"},"uagb_featured_image_src":{"full":["https:\/\/www.tabelamatik.com\/se\/wp-content\/uploads\/sites\/48\/2025\/11\/Gold_isimlik_kapi_tabelasi.webp",1080,1080,false],"thumbnail":["https:\/\/www.tabelamatik.com\/se\/wp-content\/uploads\/sites\/48\/2025\/11\/Gold_isimlik_kapi_tabelasi-150x150.webp",150,150,true],"medium":["https:\/\/www.tabelamatik.com\/se\/wp-content\/uploads\/sites\/48\/2025\/11\/Gold_isimlik_kapi_tabelasi-300x300.webp",300,300,true],"medium_large":["https:\/\/www.tabelamatik.com\/se\/wp-content\/uploads\/sites\/48\/2025\/11\/Gold_isimlik_kapi_tabelasi-768x768.webp",768,768,true],"large":["https:\/\/www.tabelamatik.com\/se\/wp-content\/uploads\/sites\/48\/2025\/11\/Gold_isimlik_kapi_tabelasi-1024x1024.webp",1024,1024,true],"1536x1536":["https:\/\/www.tabelamatik.com\/se\/wp-content\/uploads\/sites\/48\/2025\/11\/Gold_isimlik_kapi_tabelasi.webp",1080,1080,false],"2048x2048":["https:\/\/www.tabelamatik.com\/se\/wp-content\/uploads\/sites\/48\/2025\/11\/Gold_isimlik_kapi_tabelasi.webp",1080,1080,false],"woocommerce_thumbnail":["https:\/\/www.tabelamatik.com\/se\/wp-content\/uploads\/sites\/48\/2025\/11\/Gold_isimlik_kapi_tabelasi-300x300.webp",300,300,true],"woocommerce_single":["https:\/\/www.tabelamatik.com\/se\/wp-content\/uploads\/sites\/48\/2025\/11\/Gold_isimlik_kapi_tabelasi-600x600.webp",400,400,true],"woocommerce_gallery_thumbnail":["https:\/\/www.tabelamatik.com\/se\/wp-content\/uploads\/sites\/48\/2025\/11\/Gold_isimlik_kapi_tabelasi-100x100.webp",100,100,true]},"uagb_author_info":{"display_name":"Murat \u015eeimen","author_link":"https:\/\/www.tabelamatik.com\/se\/author\/"},"uagb_comment_info":0,"uagb_excerpt":"Storlek: 9x25 cm Material: Plexiglas, sandbl\u00e4string, tr\u00e4 Kompositutseende Denna d\u00f6rrskylt \u00e4r designad med den eleganta harmonin av guld och tr\u00e4 och ger en speciell touch f\u00f6r arbetsplatser och kontor. \u00c5terspegla din stil med det personliga designalternativet!","_links":{"self":[{"href":"https:\/\/www.tabelamatik.com\/se\/wp-json\/wp\/v2\/product\/18189","targetHints":{"allow":["GET"]}}],"collection":[{"href":"https:\/\/www.tabelamatik.com\/se\/wp-json\/wp\/v2\/product"}],"about":[{"href":"https:\/\/www.tabelamatik.com\/se\/wp-json\/wp\/v2\/types\/product"}],"replies":[{"embeddable":true,"href":"https:\/\/www.tabelamatik.com\/se\/wp-json\/wp\/v2\/comments?post=18189"}],"wp:featuredmedia":[{"embeddable":true,"href":"https:\/\/www.tabelamatik.com\/se\/wp-json\/wp\/v2\/media\/17065"}],"wp:attachment":[{"href":"https:\/\/www.tabelamatik.com\/se\/wp-json\/wp\/v2\/media?parent=18189"}],"wp:term":[{"taxonomy":"product_brand","embeddable":true,"href":"https:\/\/www.tabelamatik.com\/se\/wp-json\/wp\/v2\/product_brand?post=18189"},{"taxonomy":"product_cat","embeddable":true,"href":"https:\/\/www.tabelamatik.com\/se\/wp-json\/wp\/v2\/product_cat?post=18189"},{"taxonomy":"product_tag","embeddable":true,"href":"https:\/\/www.tabelamatik.com\/se\/wp-json\/wp\/v2\/product_tag?post=18189"}],"curies":[{"name":"wp","href":"https:\/\/api.w.org\/{rel}","templated":true}]}}