{"id":18049,"date":"2026-01-26T16:06:59","date_gmt":"2026-01-26T13:06:59","guid":{"rendered":"https:\/\/www.tabelamatik.com\/si\/?post_type=product&#038;p=18049"},"modified":"2026-01-26T16:07:08","modified_gmt":"2026-01-26T13:07:08","slug":"osvetljena-veterinarska-oznaka-v-skladu-s-predpisi-rdeca-crka-v-svetla-neonska-led-lucka","status":"publish","type":"product","link":"https:\/\/www.tabelamatik.com\/si\/izdelek\/osvetljena-veterinarska-oznaka-v-skladu-s-predpisi-rdeca-crka-v-svetla-neonska-led-lucka\/","title":{"rendered":"Osvetljena veterinarska oznaka \u2013 v skladu s predpisi, rde\u010da \u010drka V, svetla neonska LED lu\u010dka."},"content":{"rendered":"<div style=\"font-family: 'Helvetica Neue', Arial, sans-serif; color: #333; line-height: 1.6; max-width: 650px;\">\n<h3 style=\"color: #c00;\">Veterinarski znak \u2013 neonski model iz osvetljenega pleksi stekla, skladen s predpisi<\/h3>\n<p>Ta <strong>Veterinarski znak<\/strong> je bil izdelan v skladu s predpisi, dolo\u010denimi v Zakonu \u0161t. 5996 o veterinarskih storitvah, zdravju rastlin, hrani in krmi.<\/p>\n<p>Osrednji rde\u010di \u00bbV\u00ab simbolizira veterinarske storitve in zagotavlja maksimalno vidljivost na prostem. Pripravljen je z <strong>rde\u010do LED osvetlitvijo<\/strong> na belem pleksi steklu. <\/p>\n<ul>\n<li> <strong>Material:<\/strong> 3 mm pleksi steklo + neonska LED osvetlitev<\/li>\n<li> <strong>Dimenzije:<\/strong> 60&#215;60 cm<\/li>\n<li> <strong>Barva:<\/strong> Rde\u010da \u010drka \u00bbV\u00ab, belo ozadje<\/li>\n<li> <strong>Podro\u010dje uporabe:<\/strong> Veterinarske klinike, ordinacije, veterinarske bolnice<\/li>\n<li> <strong>Monta\u017ea:<\/strong> Stenska monta\u017ea ali sistem za obe\u0161anje<\/li>\n<li> <strong>Osvetlitev:<\/strong> LED z nizko porabo energije<\/li>\n<\/ul>\n<p>Ta znak, zasnovan v skladu s predpisi, zagotavlja profesionalen videz in pove\u010duje verodostojnost va\u0161e ustanove. Hitra izdelava in dostava po vsej dr\u017eavi z garancijo Tabela Matik. <\/p>\n<\/div>\n","protected":false},"excerpt":{"rendered":"<p>Rde\u010d osvetljen veterinarski znak v obliki \u010drke &#8222;V&#8220;, izdelan v skladu s predpisi. Izstopa po vremensko odpornem, nizkoenergijskem LED sistemu osvetlitve.<\/p>\n","protected":false},"featured_media":17414,"comment_status":"closed","ping_status":"closed","template":"","meta":{"_crdt_document":"","_uag_custom_page_level_css":"","site-sidebar-layout":"default","site-content-layout":"","ast-site-content-layout":"default","site-content-style":"default","site-sidebar-style":"default","ast-global-header-display":"","ast-banner-title-visibility":"","ast-main-header-display":"","ast-hfb-above-header-display":"","ast-hfb-below-header-display":"","ast-hfb-mobile-header-display":"","site-post-title":"","ast-breadcrumbs-content":"","ast-featured-img":"","footer-sml-layout":"","ast-disable-related-posts":"","theme-transparent-header-meta":"","adv-header-id-meta":"","stick-header-meta":"","header-above-stick-meta":"","header-main-stick-meta":"","header-below-stick-meta":"","astra-migrate-meta-layouts":"default","ast-page-background-enabled":"default","ast-page-background-meta":{"desktop":{"background-color":"var(--ast-global-color-5)","background-image":"","background-repeat":"repeat","background-position":"center center","background-size":"auto","background-attachment":"scroll","background-type":"","background-media":"","overlay-type":"","overlay-color":"","overlay-opacity":"","overlay-gradient":""},"tablet":{"background-color":"","background-image":"","background-repeat":"repeat","background-position":"center center","background-size":"auto","background-attachment":"scroll","background-type":"","background-media":"","overlay-type":"","overlay-color":"","overlay-opacity":"","overlay-gradient":""},"mobile":{"background-color":"","background-image":"","background-repeat":"repeat","background-position":"center center","background-size":"auto","background-attachment":"scroll","background-type":"","background-media":"","overlay-type":"","overlay-color":"","overlay-opacity":"","overlay-gradient":""}},"ast-content-background-meta":{"desktop":{"background-color":"var(--ast-global-color-4)","background-image":"","background-repeat":"repeat","background-position":"center center","background-size":"auto","background-attachment":"scroll","background-type":"","background-media":"","overlay-type":"","overlay-color":"","overlay-opacity":"","overlay-gradient":""},"tablet":{"background-color":"var(--ast-global-color-4)","background-image":"","background-repeat":"repeat","background-position":"center center","background-size":"auto","background-attachment":"scroll","background-type":"","background-media":"","overlay-type":"","overlay-color":"","overlay-opacity":"","overlay-gradient":""},"mobile":{"background-color":"var(--ast-global-color-4)","background-image":"","background-repeat":"repeat","background-position":"center center","background-size":"auto","background-attachment":"scroll","background-type":"","background-media":"","overlay-type":"","overlay-color":"","overlay-opacity":"","overlay-gradient":""}}},"product_brand":[343],"product_cat":[1127,1124,1147],"product_tag":[1287,1282,1288,1283,1285,1289,1284,1290,1286,1213],"class_list":{"0":"post-18049","1":"product","2":"type-product","3":"status-publish","4":"has-post-thumbnail","6":"product_brand-tabelamatik","7":"product_cat-osvetljeni-in-neosvetljeni-znaki","8":"product_cat-vsi-izdelki","9":"product_cat-zdravstveno-medicinsko","10":"product_tag-cena-veterinarskega-znaka","11":"product_tag-osvetljen-veterinarski-znak","12":"product_tag-predpisi-za-veterinarske-znake","13":"product_tag-rdec-znak-v","14":"product_tag-veterinarski-osvetljen-znak","15":"product_tag-veterinarski-znak","16":"product_tag-veterinarski-znak-iz-pleksi-stekla","17":"product_tag-veterinarski-znak-v-skladu-s-predpisi","18":"product_tag-znak-za-veterinarsko-kliniko","19":"product_tag-zunanja-signalizacija","20":"desktop-align-left","21":"tablet-align-left","22":"mobile-align-left","24":"first","25":"instock","26":"taxable","27":"shipping-taxable","28":"purchasable","29":"product-type-simple"},"uagb_featured_image_src":{"full":["https:\/\/www.tabelamatik.com\/si\/wp-content\/uploads\/sites\/45\/2025\/11\/Veteriner-v-tabelasi-.jpg",884,955,false],"thumbnail":["https:\/\/www.tabelamatik.com\/si\/wp-content\/uploads\/sites\/45\/2025\/11\/Veteriner-v-tabelasi--150x150.jpg",150,150,true],"medium":["https:\/\/www.tabelamatik.com\/si\/wp-content\/uploads\/sites\/45\/2025\/11\/Veteriner-v-tabelasi--278x300.jpg",278,300,true],"medium_large":["https:\/\/www.tabelamatik.com\/si\/wp-content\/uploads\/sites\/45\/2025\/11\/Veteriner-v-tabelasi--768x830.jpg",768,830,true],"large":["https:\/\/www.tabelamatik.com\/si\/wp-content\/uploads\/sites\/45\/2025\/11\/Veteriner-v-tabelasi-.jpg",884,955,false],"1536x1536":["https:\/\/www.tabelamatik.com\/si\/wp-content\/uploads\/sites\/45\/2025\/11\/Veteriner-v-tabelasi-.jpg",884,955,false],"2048x2048":["https:\/\/www.tabelamatik.com\/si\/wp-content\/uploads\/sites\/45\/2025\/11\/Veteriner-v-tabelasi-.jpg",884,955,false],"woocommerce_thumbnail":["https:\/\/www.tabelamatik.com\/si\/wp-content\/uploads\/sites\/45\/2025\/11\/Veteriner-v-tabelasi--300x300.jpg",300,300,true],"woocommerce_single":["https:\/\/www.tabelamatik.com\/si\/wp-content\/uploads\/sites\/45\/2025\/11\/Veteriner-v-tabelasi--600x648.jpg",400,432,true],"woocommerce_gallery_thumbnail":["https:\/\/www.tabelamatik.com\/si\/wp-content\/uploads\/sites\/45\/2025\/11\/Veteriner-v-tabelasi--100x100.jpg",100,100,true]},"uagb_author_info":{"display_name":"Murat \u015eeimen","author_link":"https:\/\/www.tabelamatik.com\/si\/author\/"},"uagb_comment_info":0,"uagb_excerpt":"Rde\u010d osvetljen veterinarski znak v obliki \u010drke \"V\", izdelan v skladu s predpisi. Izstopa po vremensko odpornem, nizkoenergijskem LED sistemu osvetlitve.","_links":{"self":[{"href":"https:\/\/www.tabelamatik.com\/si\/wp-json\/wp\/v2\/product\/18049","targetHints":{"allow":["GET"]}}],"collection":[{"href":"https:\/\/www.tabelamatik.com\/si\/wp-json\/wp\/v2\/product"}],"about":[{"href":"https:\/\/www.tabelamatik.com\/si\/wp-json\/wp\/v2\/types\/product"}],"replies":[{"embeddable":true,"href":"https:\/\/www.tabelamatik.com\/si\/wp-json\/wp\/v2\/comments?post=18049"}],"wp:featuredmedia":[{"embeddable":true,"href":"https:\/\/www.tabelamatik.com\/si\/wp-json\/wp\/v2\/media\/17414"}],"wp:attachment":[{"href":"https:\/\/www.tabelamatik.com\/si\/wp-json\/wp\/v2\/media?parent=18049"}],"wp:term":[{"taxonomy":"product_brand","embeddable":true,"href":"https:\/\/www.tabelamatik.com\/si\/wp-json\/wp\/v2\/product_brand?post=18049"},{"taxonomy":"product_cat","embeddable":true,"href":"https:\/\/www.tabelamatik.com\/si\/wp-json\/wp\/v2\/product_cat?post=18049"},{"taxonomy":"product_tag","embeddable":true,"href":"https:\/\/www.tabelamatik.com\/si\/wp-json\/wp\/v2\/product_tag?post=18049"}],"curies":[{"name":"wp","href":"https:\/\/api.w.org\/{rel}","templated":true}]}}